{"id":9012,"date":"2020-10-30T10:31:07","date_gmt":"2020-10-30T08:31:07","guid":{"rendered":"https:\/\/www.johannagullichsen.com\/?post_type=product&#038;p=9012"},"modified":"2022-10-15T11:25:57","modified_gmt":"2022-10-15T08:25:57","slug":"tissu-savoy","status":"publish","type":"product","link":"https:\/\/www.johannagullichsen.com\/fr\/produit\/tissu-savoy\/","title":{"rendered":"Tissu Lin Savoy"},"content":{"rendered":"<h4>Tout simplement sophistiqu\u00e9<\/h4>\n<p>Tissue lin Savoy instille un brin d&rsquo;\u00e9l\u00e9gance au quotidien. En linge de table il rend un diner raffin\u00e9, dans la cuisine il apporte de la ga\u00eet\u00e9 et en d\u00e9coration int\u00e8rieure la distinction. De plus il ne fait que se bonifier avec le temps, un vrai compagnon fid\u00e8le dans la vie. Les tissus et les produits finis se d\u00e9clinent dans une palette de couleurs \u00e9tendue. Le lin a une multitude d&rsquo;avantages: excellente capacit\u00e9 d&rsquo;absorption d&rsquo;eau, facult\u00e9 de d\u00e9fense aux bact\u00e9ries et une tr\u00e8s bonne r\u00e9sistance \u00e0 l&rsquo;usure entre autres.<\/p>\n","protected":false},"excerpt":{"rendered":"<p>Tout simplement sophistiqu\u00e9 Tissue lin Savoy instille un brin d&rsquo;\u00e9l\u00e9gance au quotidien. En linge de table il rend un diner raffin\u00e9, dans la cuisine il apporte de la ga\u00eet\u00e9 et&hellip;<\/p>\n","protected":false},"featured_media":5435,"template":"","meta":{"_acf_changed":false},"product_brand":[],"product_cat":[1977,260],"product_tag":[],"class_list":{"0":"post-9012","1":"product","2":"type-product","3":"status-publish","4":"has-post-thumbnail","6":"product_cat-interieurs-residentiels","7":"product_cat-tissus","8":"pa_pattern-colour-savoy-noir","9":"pa_pattern-colour-savoy-lin-blanc","10":"pa_pattern-colour-savoy-rouge","11":"pa_pattern-colour-savoy-blanc","12":"collection-savoy-fr","14":"first","15":"instock","16":"taxable","17":"shipping-taxable","18":"purchasable","19":"product-type-variable"},"acf":[],"yoast_head":"<!-- This site is optimized with the Yoast SEO Premium plugin v27.2 (Yoast SEO v27.5) - https:\/\/yoast.com\/product\/yoast-seo-premium-wordpress\/ -->\n<title>Tissu Lin Savoy - Johanna Gullichsen<\/title>\n<meta name=\"description\" content=\"Tissu lin Savoy instille un brin d&#039;\u00e9l\u00e9gance au quotidien. Palette de couleurs \u00e9tendue. Linge de table et de cuisine chic.\" \/>\n<meta name=\"robots\" content=\"index, follow, max-snippet:-1, max-image-preview:large, max-video-preview:-1\" \/>\n<link rel=\"canonical\" href=\"https:\/\/www.johannagullichsen.com\/fr\/produit\/tissu-savoy\/\" \/>\n<meta property=\"og:locale\" content=\"fr_FR\" \/>\n<meta property=\"og:type\" content=\"article\" \/>\n<meta property=\"og:title\" content=\"Tissu Lin Savoy\" \/>\n<meta property=\"og:description\" content=\"Tissu lin Savoy instille un brin d&#039;\u00e9l\u00e9gance au quotidien. Palette de couleurs \u00e9tendue. Linge de table et de cuisine chic.\" \/>\n<meta property=\"og:url\" content=\"https:\/\/www.johannagullichsen.com\/fr\/produit\/tissu-savoy\/\" \/>\n<meta property=\"og:site_name\" content=\"Johanna Gullichsen\" \/>\n<meta property=\"article:modified_time\" content=\"2022-10-15T08:25:57+00:00\" \/>\n<meta property=\"og:image\" content=\"https:\/\/www.johannagullichsen.com\/wp-content\/uploads\/2020\/10\/Johanna-Gullichsen-Savoy-Black-and-medium-flkax-w.jpg\" \/>\n\t<meta property=\"og:image:width\" content=\"1600\" \/>\n\t<meta property=\"og:image:height\" content=\"1200\" \/>\n\t<meta property=\"og:image:type\" content=\"image\/jpeg\" \/>\n<meta name=\"twitter:card\" content=\"summary_large_image\" \/>\n<meta name=\"twitter:label1\" content=\"Dur\u00e9e de lecture estim\u00e9e\" \/>\n\t<meta name=\"twitter:data1\" content=\"1 minute\" \/>\n<script type=\"application\/ld+json\" class=\"yoast-schema-graph\">{\"@context\":\"https:\\\/\\\/schema.org\",\"@graph\":[{\"@type\":\"WebPage\",\"@id\":\"https:\\\/\\\/www.johannagullichsen.com\\\/fr\\\/produit\\\/tissu-savoy\\\/\",\"url\":\"https:\\\/\\\/www.johannagullichsen.com\\\/fr\\\/produit\\\/tissu-savoy\\\/\",\"name\":\"Tissu Lin Savoy - Johanna Gullichsen\",\"isPartOf\":{\"@id\":\"https:\\\/\\\/www.johannagullichsen.com\\\/fr\\\/#website\"},\"primaryImageOfPage\":{\"@id\":\"https:\\\/\\\/www.johannagullichsen.com\\\/fr\\\/produit\\\/tissu-savoy\\\/#primaryimage\"},\"image\":{\"@id\":\"https:\\\/\\\/www.johannagullichsen.com\\\/fr\\\/produit\\\/tissu-savoy\\\/#primaryimage\"},\"thumbnailUrl\":\"https:\\\/\\\/www.johannagullichsen.com\\\/wp-content\\\/uploads\\\/2020\\\/05\\\/Savoy_Mediumflax_0164.jpg\",\"datePublished\":\"2020-10-30T08:31:07+00:00\",\"dateModified\":\"2022-10-15T08:25:57+00:00\",\"description\":\"Tissu lin Savoy instille un brin d'\u00e9l\u00e9gance au quotidien. Palette de couleurs \u00e9tendue. Linge de table et de cuisine chic.\",\"breadcrumb\":{\"@id\":\"https:\\\/\\\/www.johannagullichsen.com\\\/fr\\\/produit\\\/tissu-savoy\\\/#breadcrumb\"},\"inLanguage\":\"fr-FR\",\"potentialAction\":[{\"@type\":\"ReadAction\",\"target\":[\"https:\\\/\\\/www.johannagullichsen.com\\\/fr\\\/produit\\\/tissu-savoy\\\/\"]}]},{\"@type\":\"ImageObject\",\"inLanguage\":\"fr-FR\",\"@id\":\"https:\\\/\\\/www.johannagullichsen.com\\\/fr\\\/produit\\\/tissu-savoy\\\/#primaryimage\",\"url\":\"https:\\\/\\\/www.johannagullichsen.com\\\/wp-content\\\/uploads\\\/2020\\\/05\\\/Savoy_Mediumflax_0164.jpg\",\"contentUrl\":\"https:\\\/\\\/www.johannagullichsen.com\\\/wp-content\\\/uploads\\\/2020\\\/05\\\/Savoy_Mediumflax_0164.jpg\",\"width\":1600,\"height\":1176},{\"@type\":\"BreadcrumbList\",\"@id\":\"https:\\\/\\\/www.johannagullichsen.com\\\/fr\\\/produit\\\/tissu-savoy\\\/#breadcrumb\",\"itemListElement\":[{\"@type\":\"ListItem\",\"position\":1,\"name\":\"Home\",\"item\":\"https:\\\/\\\/www.johannagullichsen.com\\\/fr\\\/\"},{\"@type\":\"ListItem\",\"position\":2,\"name\":\"Produits et Boutique en ligne\",\"item\":\"https:\\\/\\\/www.johannagullichsen.com\\\/fr\\\/produits\\\/\"},{\"@type\":\"ListItem\",\"position\":3,\"name\":\"Tissu Lin Savoy\"}]},{\"@type\":\"WebSite\",\"@id\":\"https:\\\/\\\/www.johannagullichsen.com\\\/fr\\\/#website\",\"url\":\"https:\\\/\\\/www.johannagullichsen.com\\\/fr\\\/\",\"name\":\"Johanna Gullichsen\",\"description\":\"\",\"potentialAction\":[{\"@type\":\"SearchAction\",\"target\":{\"@type\":\"EntryPoint\",\"urlTemplate\":\"https:\\\/\\\/www.johannagullichsen.com\\\/fr\\\/?s={search_term_string}\"},\"query-input\":{\"@type\":\"PropertyValueSpecification\",\"valueRequired\":true,\"valueName\":\"search_term_string\"}}],\"inLanguage\":\"fr-FR\"}]}<\/script>\n<!-- \/ Yoast SEO Premium plugin. -->","yoast_head_json":{"title":"Tissu Lin Savoy - Johanna Gullichsen","description":"Tissu lin Savoy instille un brin d'\u00e9l\u00e9gance au quotidien. Palette de couleurs \u00e9tendue. Linge de table et de cuisine chic.","robots":{"index":"index","follow":"follow","max-snippet":"max-snippet:-1","max-image-preview":"max-image-preview:large","max-video-preview":"max-video-preview:-1"},"canonical":"https:\/\/www.johannagullichsen.com\/fr\/produit\/tissu-savoy\/","og_locale":"fr_FR","og_type":"article","og_title":"Tissu Lin Savoy","og_description":"Tissu lin Savoy instille un brin d'\u00e9l\u00e9gance au quotidien. Palette de couleurs \u00e9tendue. Linge de table et de cuisine chic.","og_url":"https:\/\/www.johannagullichsen.com\/fr\/produit\/tissu-savoy\/","og_site_name":"Johanna Gullichsen","article_modified_time":"2022-10-15T08:25:57+00:00","og_image":[{"width":1600,"height":1200,"url":"https:\/\/www.johannagullichsen.com\/wp-content\/uploads\/2020\/10\/Johanna-Gullichsen-Savoy-Black-and-medium-flkax-w.jpg","type":"image\/jpeg"}],"twitter_card":"summary_large_image","twitter_misc":{"Dur\u00e9e de lecture estim\u00e9e":"1 minute"},"schema":{"@context":"https:\/\/schema.org","@graph":[{"@type":"WebPage","@id":"https:\/\/www.johannagullichsen.com\/fr\/produit\/tissu-savoy\/","url":"https:\/\/www.johannagullichsen.com\/fr\/produit\/tissu-savoy\/","name":"Tissu Lin Savoy - Johanna Gullichsen","isPartOf":{"@id":"https:\/\/www.johannagullichsen.com\/fr\/#website"},"primaryImageOfPage":{"@id":"https:\/\/www.johannagullichsen.com\/fr\/produit\/tissu-savoy\/#primaryimage"},"image":{"@id":"https:\/\/www.johannagullichsen.com\/fr\/produit\/tissu-savoy\/#primaryimage"},"thumbnailUrl":"https:\/\/www.johannagullichsen.com\/wp-content\/uploads\/2020\/05\/Savoy_Mediumflax_0164.jpg","datePublished":"2020-10-30T08:31:07+00:00","dateModified":"2022-10-15T08:25:57+00:00","description":"Tissu lin Savoy instille un brin d'\u00e9l\u00e9gance au quotidien. Palette de couleurs \u00e9tendue. Linge de table et de cuisine chic.","breadcrumb":{"@id":"https:\/\/www.johannagullichsen.com\/fr\/produit\/tissu-savoy\/#breadcrumb"},"inLanguage":"fr-FR","potentialAction":[{"@type":"ReadAction","target":["https:\/\/www.johannagullichsen.com\/fr\/produit\/tissu-savoy\/"]}]},{"@type":"ImageObject","inLanguage":"fr-FR","@id":"https:\/\/www.johannagullichsen.com\/fr\/produit\/tissu-savoy\/#primaryimage","url":"https:\/\/www.johannagullichsen.com\/wp-content\/uploads\/2020\/05\/Savoy_Mediumflax_0164.jpg","contentUrl":"https:\/\/www.johannagullichsen.com\/wp-content\/uploads\/2020\/05\/Savoy_Mediumflax_0164.jpg","width":1600,"height":1176},{"@type":"BreadcrumbList","@id":"https:\/\/www.johannagullichsen.com\/fr\/produit\/tissu-savoy\/#breadcrumb","itemListElement":[{"@type":"ListItem","position":1,"name":"Home","item":"https:\/\/www.johannagullichsen.com\/fr\/"},{"@type":"ListItem","position":2,"name":"Produits et Boutique en ligne","item":"https:\/\/www.johannagullichsen.com\/fr\/produits\/"},{"@type":"ListItem","position":3,"name":"Tissu Lin Savoy"}]},{"@type":"WebSite","@id":"https:\/\/www.johannagullichsen.com\/fr\/#website","url":"https:\/\/www.johannagullichsen.com\/fr\/","name":"Johanna Gullichsen","description":"","potentialAction":[{"@type":"SearchAction","target":{"@type":"EntryPoint","urlTemplate":"https:\/\/www.johannagullichsen.com\/fr\/?s={search_term_string}"},"query-input":{"@type":"PropertyValueSpecification","valueRequired":true,"valueName":"search_term_string"}}],"inLanguage":"fr-FR"}]}},"_links":{"self":[{"href":"https:\/\/www.johannagullichsen.com\/fr\/wp-json\/wp\/v2\/product\/9012","targetHints":{"allow":["GET"]}}],"collection":[{"href":"https:\/\/www.johannagullichsen.com\/fr\/wp-json\/wp\/v2\/product"}],"about":[{"href":"https:\/\/www.johannagullichsen.com\/fr\/wp-json\/wp\/v2\/types\/product"}],"wp:featuredmedia":[{"embeddable":true,"href":"https:\/\/www.johannagullichsen.com\/fr\/wp-json\/wp\/v2\/media\/5435"}],"wp:attachment":[{"href":"https:\/\/www.johannagullichsen.com\/fr\/wp-json\/wp\/v2\/media?parent=9012"}],"wp:term":[{"taxonomy":"product_brand","embeddable":true,"href":"https:\/\/www.johannagullichsen.com\/fr\/wp-json\/wp\/v2\/product_brand?post=9012"},{"taxonomy":"product_cat","embeddable":true,"href":"https:\/\/www.johannagullichsen.com\/fr\/wp-json\/wp\/v2\/product_cat?post=9012"},{"taxonomy":"product_tag","embeddable":true,"href":"https:\/\/www.johannagullichsen.com\/fr\/wp-json\/wp\/v2\/product_tag?post=9012"}],"curies":[{"name":"wp","href":"https:\/\/api.w.org\/{rel}","templated":true}]}}