{"id":12544,"date":"2021-08-25T15:08:04","date_gmt":"2021-08-25T12:08:04","guid":{"rendered":"https:\/\/www.johannagullichsen.com\/?page_id=12544"},"modified":"2022-03-01T10:57:29","modified_gmt":"2022-03-01T08:57:29","slug":"ny-affar-i-glaspalatset","status":"publish","type":"page","link":"https:\/\/www.johannagullichsen.com\/sv\/ny-affar-i-glaspalatset\/","title":{"rendered":"Ny aff\u00e4r i Glaspalatset"},"content":{"rendered":"<figure id=\"attachment_12539\" aria-describedby=\"caption-attachment-12539\" style=\"width: 1920px\" class=\"wp-caption alignnone\"><a href=\"https:\/\/www.johannagullichsen.com\/wp-content\/uploads\/2021\/08\/Lasipalatsi.-Photo-Tuomas-Uusheimo-Amos-Rex-1.jpg\"><img loading=\"lazy\" decoding=\"async\" class=\"wp-image-12539 size-full\" src=\"https:\/\/www.johannagullichsen.com\/wp-content\/uploads\/2021\/08\/Lasipalatsi.-Photo-Tuomas-Uusheimo-Amos-Rex-1.jpg\" alt=\"\" width=\"1920\" height=\"1000\" srcset=\"https:\/\/www.johannagullichsen.com\/wp-content\/uploads\/2021\/08\/Lasipalatsi.-Photo-Tuomas-Uusheimo-Amos-Rex-1.jpg 1920w, https:\/\/www.johannagullichsen.com\/wp-content\/uploads\/2021\/08\/Lasipalatsi.-Photo-Tuomas-Uusheimo-Amos-Rex-1-1260x656.jpg 1260w, https:\/\/www.johannagullichsen.com\/wp-content\/uploads\/2021\/08\/Lasipalatsi.-Photo-Tuomas-Uusheimo-Amos-Rex-1-300x156.jpg 300w, https:\/\/www.johannagullichsen.com\/wp-content\/uploads\/2021\/08\/Lasipalatsi.-Photo-Tuomas-Uusheimo-Amos-Rex-1-1024x533.jpg 1024w, https:\/\/www.johannagullichsen.com\/wp-content\/uploads\/2021\/08\/Lasipalatsi.-Photo-Tuomas-Uusheimo-Amos-Rex-1-768x400.jpg 768w, https:\/\/www.johannagullichsen.com\/wp-content\/uploads\/2021\/08\/Lasipalatsi.-Photo-Tuomas-Uusheimo-Amos-Rex-1-1536x800.jpg 1536w\" sizes=\"auto, (max-width: 1920px) 100vw, 1920px\" \/><\/a><figcaption id=\"caption-attachment-12539\" class=\"wp-caption-text\">Photo: Tuomas uusheimo<\/figcaption><\/figure>\n<h4>Aff\u00e4r i Glaspalatset i hj\u00e4rtat av Helsingfors.<\/h4>\n<p class=\"p1\">Sp\u00e5rvagnarnas rasslande, busstationen, museerna, shoppingcentren, h\u00e4r kan man k\u00e4nna stadens puls. Det blir en del av atmosf\u00e4ren i Johanna Gullichsens nya aff\u00e4r i <a href=\"http:\/\/www.glaspalatset.fi\">Glaspalatset<\/a>. Vi \u00f6ppnar butiken f\u00f6r att b\u00e4ttre kunna betj\u00e4na alla de Helsingforsbor som dagligen passerar genom stadsk\u00e4rnan och givetvis alla som bes\u00f6ker staden.<span class=\"Apple-converted-space\">\u00a0<\/span><\/p>\n<p class=\"p1\">V\u00e5r v\u00e4lk\u00e4nda flaggskeppsbutik p\u00e5 Skillnadsgatan 1 forts\u00e4tter sin verksamhet vid sidan av den nya butiken i Glaspalatset. Medan vi p\u00e5 Skillnadsgatan \u00e4ven i forts\u00e4ttningen erbjuder helhetsbetj\u00e4ning, skr\u00e4ddarsydda l\u00f6ningar och tyger per meter, kan du direkt f\u00f6ra med dig inredningsprodukter och accessoarer fr\u00e5n aff\u00e4ren i Glaspalatset. D\u00e4r kan vi erbjuda ett brett sortiment av g\u00e5voartiklar och s\u00e5dant som du \u00f6nskar dig sj\u00e4lv. Aff\u00e4ren i Glaspalatset har ocks\u00e5 en egen kollektion kallad Twin. Den omfattar v\u00e4skor, b\u00f6rsar och kuddar. Allt i Twin-kollektionen bygger p\u00e5 Normandie-m\u00f6nstrets dubbelsidighet, d\u00e4r en sida av produkten \u00e4r ljus och den andra m\u00f6rk.<\/p>\n<p class=\"p1\">Att vi \u00f6ppnar en butik i Glaspalatset \u00e4r ingen tillf\u00e4llighet. Byggnadens fascinerande historia och kompromissl\u00f6sa stil g\u00e5r hand i hand med Johanna Gullichsens v\u00e4rderingar.<span class=\"Apple-converted-space\">\u00a0<\/span><\/p>\n<p class=\"p1\">Glaspalatset f\u00e4rdigst\u00e4lldes \u00e5r 1936. Som unga arkitektstuderande ritade Viljo Revell, Heimo Riihim\u00e4ki och Niilo Kokko byggnaden f\u00f6r bes\u00f6karna till de planerade olympiska spelen. \u00c4ven om byggnaden var t\u00e4nkt som tillf\u00e4llig st\u00e5r den sig \u00e4n idag som en av den finska funktionalismens mest praktfulla p\u00e4rlor. Den moderna och rymliga byggnadens vintertr\u00e4dg\u00e5rd, aff\u00e4rutrymmenas \u00f6ppenhet, de ljusa glasytorna, de blanka och metallgl\u00e4nsande pelarna och de f\u00e4rgglada v\u00e4ggytorna var en attraktion redan p\u00e5 sin tid. P\u00e5 grund av den os\u00e4kra framtiden fick Glaspalatset f\u00f6rfalla under \u00e5rens lopp.<span class=\"Apple-converted-space\">\u00a0 <\/span>Men lyckligtvis renoverades byggnaden \u00e5r 1998 och kunde d\u00e4rmed bevaras. Tjugo \u00e5r senare genomgick byggnaden \u00e4nnu en stor renovering och <a href=\"https:\/\/amosrex.fi\/\">Konstmuseet Amos Rex<\/a>, ritat av <a href=\"https:\/\/jkmm.fi\/\">JKMM Arkitekter<\/a> \u00f6ppnades. Museet \u00e4r ett nytt f\u00f6rtrollande landm\u00e4rke av v\u00e5r tid och best\u00e5r av underjordiska utst\u00e4llningshallar och ett b\u00f6ljande tak som kan besk\u00e5das p\u00e5 Glaspalatstorget.<\/p>\n<p class=\"p1\">\u201dGlaspalatset reflekterar just de v\u00e4rden jag vill f\u00f6ra fram i min formgivning. En design som st\u00e5r emot tidens tand, samtidigt som den \u00e4r intressant och fr\u00e4sch, f\u00f6rnyar sig och k\u00e4nns relevant i v\u00e5r samtid. Det \u00e4r d\u00e4rf\u00f6r jag finner s\u00e5 mycket inspiration i denna byggnad. Den nya butiken i Glaspalatset kommer s\u00e4kert att inspirera mig i framtiden, b\u00e5de till att skapa n\u00e5got nytt och f\u00f6r att f\u00f6rdjupa mina egna r\u00f6tter och min identitet som designer\u201d, s\u00e4ger Gullichsen.<\/p>\n<p class=\"p1\">Hj\u00e4rtligt v\u00e4lkomna!<\/p>\n","protected":false},"excerpt":{"rendered":"<p>Aff\u00e4r i Glaspalatset i hj\u00e4rtat av Helsingfors. Sp\u00e5rvagnarnas rasslande, busstationen, museerna, shoppingcentren, h\u00e4r kan man k\u00e4nna stadens puls. Det blir en del av atmosf\u00e4ren i Johanna Gullichsens nya aff\u00e4r i&hellip;<\/p>\n","protected":false},"author":4,"featured_media":0,"parent":0,"menu_order":0,"comment_status":"closed","ping_status":"closed","template":"","meta":{"_acf_changed":false,"footnotes":""},"class_list":["post-12544","page","type-page","status-publish","hentry"],"acf":[],"yoast_head":"<!-- This site is optimized with the Yoast SEO Premium plugin v27.2 (Yoast SEO v27.5) - https:\/\/yoast.com\/product\/yoast-seo-premium-wordpress\/ -->\n<title>Ny aff\u00e4r i Glaspalatset - Johanna Gullichsen<\/title>\n<meta name=\"description\" content=\"Sp\u00e5rvagnsrassel, bussar, k\u00f6pcentren, museerna, den pulserande stadens hj\u00e4rtslag, utg\u00f6r atmosf\u00e4ren i Johanna Gullichsens butik i Glaspalatset.\" \/>\n<meta name=\"robots\" content=\"index, follow, max-snippet:-1, max-image-preview:large, max-video-preview:-1\" \/>\n<link rel=\"canonical\" href=\"https:\/\/www.johannagullichsen.com\/sv\/ny-affar-i-glaspalatset\/\" \/>\n<meta property=\"og:locale\" content=\"sv_SE\" \/>\n<meta property=\"og:type\" content=\"article\" \/>\n<meta property=\"og:title\" content=\"Ny aff\u00e4r i Glaspalatset\" \/>\n<meta property=\"og:description\" content=\"Sp\u00e5rvagnsrassel, bussar, k\u00f6pcentren, museerna, den pulserande stadens hj\u00e4rtslag, utg\u00f6r atmosf\u00e4ren i Johanna Gullichsens butik i Glaspalatset.\" \/>\n<meta property=\"og:url\" content=\"https:\/\/www.johannagullichsen.com\/sv\/ny-affar-i-glaspalatset\/\" \/>\n<meta property=\"og:site_name\" content=\"Johanna Gullichsen\" \/>\n<meta property=\"article:modified_time\" content=\"2022-03-01T08:57:29+00:00\" \/>\n<meta property=\"og:image\" content=\"https:\/\/www.johannagullichsen.com\/wp-content\/uploads\/2021\/08\/Lasipalatsi.-Photo-Tuomas-Uusheimo-Amos-Rex-1.jpg\" \/>\n<meta name=\"twitter:card\" content=\"summary_large_image\" \/>\n<meta name=\"twitter:label1\" content=\"Ber\u00e4knad l\u00e4stid\" \/>\n\t<meta name=\"twitter:data1\" content=\"2 minuter\" \/>\n<script type=\"application\/ld+json\" class=\"yoast-schema-graph\">{\"@context\":\"https:\\\/\\\/schema.org\",\"@graph\":[{\"@type\":\"WebPage\",\"@id\":\"https:\\\/\\\/www.johannagullichsen.com\\\/sv\\\/ny-affar-i-glaspalatset\\\/\",\"url\":\"https:\\\/\\\/www.johannagullichsen.com\\\/sv\\\/ny-affar-i-glaspalatset\\\/\",\"name\":\"Ny aff\u00e4r i Glaspalatset - Johanna Gullichsen\",\"isPartOf\":{\"@id\":\"https:\\\/\\\/www.johannagullichsen.com\\\/sv\\\/#website\"},\"primaryImageOfPage\":{\"@id\":\"https:\\\/\\\/www.johannagullichsen.com\\\/sv\\\/ny-affar-i-glaspalatset\\\/#primaryimage\"},\"image\":{\"@id\":\"https:\\\/\\\/www.johannagullichsen.com\\\/sv\\\/ny-affar-i-glaspalatset\\\/#primaryimage\"},\"thumbnailUrl\":\"https:\\\/\\\/www.johannagullichsen.com\\\/wp-content\\\/uploads\\\/2021\\\/08\\\/Lasipalatsi.-Photo-Tuomas-Uusheimo-Amos-Rex-1.jpg\",\"datePublished\":\"2021-08-25T12:08:04+00:00\",\"dateModified\":\"2022-03-01T08:57:29+00:00\",\"description\":\"Sp\u00e5rvagnsrassel, bussar, k\u00f6pcentren, museerna, den pulserande stadens hj\u00e4rtslag, utg\u00f6r atmosf\u00e4ren i Johanna Gullichsens butik i Glaspalatset.\",\"breadcrumb\":{\"@id\":\"https:\\\/\\\/www.johannagullichsen.com\\\/sv\\\/ny-affar-i-glaspalatset\\\/#breadcrumb\"},\"inLanguage\":\"sv-SE\",\"potentialAction\":[{\"@type\":\"ReadAction\",\"target\":[\"https:\\\/\\\/www.johannagullichsen.com\\\/sv\\\/ny-affar-i-glaspalatset\\\/\"]}]},{\"@type\":\"ImageObject\",\"inLanguage\":\"sv-SE\",\"@id\":\"https:\\\/\\\/www.johannagullichsen.com\\\/sv\\\/ny-affar-i-glaspalatset\\\/#primaryimage\",\"url\":\"https:\\\/\\\/www.johannagullichsen.com\\\/wp-content\\\/uploads\\\/2021\\\/08\\\/Lasipalatsi.-Photo-Tuomas-Uusheimo-Amos-Rex-1.jpg\",\"contentUrl\":\"https:\\\/\\\/www.johannagullichsen.com\\\/wp-content\\\/uploads\\\/2021\\\/08\\\/Lasipalatsi.-Photo-Tuomas-Uusheimo-Amos-Rex-1.jpg\"},{\"@type\":\"BreadcrumbList\",\"@id\":\"https:\\\/\\\/www.johannagullichsen.com\\\/sv\\\/ny-affar-i-glaspalatset\\\/#breadcrumb\",\"itemListElement\":[{\"@type\":\"ListItem\",\"position\":1,\"name\":\"Home\",\"item\":\"https:\\\/\\\/www.johannagullichsen.com\\\/sv\\\/\"},{\"@type\":\"ListItem\",\"position\":2,\"name\":\"Ny aff\u00e4r i Glaspalatset\"}]},{\"@type\":\"WebSite\",\"@id\":\"https:\\\/\\\/www.johannagullichsen.com\\\/sv\\\/#website\",\"url\":\"https:\\\/\\\/www.johannagullichsen.com\\\/sv\\\/\",\"name\":\"Johanna Gullichsen\",\"description\":\"\",\"potentialAction\":[{\"@type\":\"SearchAction\",\"target\":{\"@type\":\"EntryPoint\",\"urlTemplate\":\"https:\\\/\\\/www.johannagullichsen.com\\\/sv\\\/?s={search_term_string}\"},\"query-input\":{\"@type\":\"PropertyValueSpecification\",\"valueRequired\":true,\"valueName\":\"search_term_string\"}}],\"inLanguage\":\"sv-SE\"}]}<\/script>\n<!-- \/ Yoast SEO Premium plugin. -->","yoast_head_json":{"title":"Ny aff\u00e4r i Glaspalatset - Johanna Gullichsen","description":"Sp\u00e5rvagnsrassel, bussar, k\u00f6pcentren, museerna, den pulserande stadens hj\u00e4rtslag, utg\u00f6r atmosf\u00e4ren i Johanna Gullichsens butik i Glaspalatset.","robots":{"index":"index","follow":"follow","max-snippet":"max-snippet:-1","max-image-preview":"max-image-preview:large","max-video-preview":"max-video-preview:-1"},"canonical":"https:\/\/www.johannagullichsen.com\/sv\/ny-affar-i-glaspalatset\/","og_locale":"sv_SE","og_type":"article","og_title":"Ny aff\u00e4r i Glaspalatset","og_description":"Sp\u00e5rvagnsrassel, bussar, k\u00f6pcentren, museerna, den pulserande stadens hj\u00e4rtslag, utg\u00f6r atmosf\u00e4ren i Johanna Gullichsens butik i Glaspalatset.","og_url":"https:\/\/www.johannagullichsen.com\/sv\/ny-affar-i-glaspalatset\/","og_site_name":"Johanna Gullichsen","article_modified_time":"2022-03-01T08:57:29+00:00","og_image":[{"url":"https:\/\/www.johannagullichsen.com\/wp-content\/uploads\/2021\/08\/Lasipalatsi.-Photo-Tuomas-Uusheimo-Amos-Rex-1.jpg","type":"","width":"","height":""}],"twitter_card":"summary_large_image","twitter_misc":{"Ber\u00e4knad l\u00e4stid":"2 minuter"},"schema":{"@context":"https:\/\/schema.org","@graph":[{"@type":"WebPage","@id":"https:\/\/www.johannagullichsen.com\/sv\/ny-affar-i-glaspalatset\/","url":"https:\/\/www.johannagullichsen.com\/sv\/ny-affar-i-glaspalatset\/","name":"Ny aff\u00e4r i Glaspalatset - Johanna Gullichsen","isPartOf":{"@id":"https:\/\/www.johannagullichsen.com\/sv\/#website"},"primaryImageOfPage":{"@id":"https:\/\/www.johannagullichsen.com\/sv\/ny-affar-i-glaspalatset\/#primaryimage"},"image":{"@id":"https:\/\/www.johannagullichsen.com\/sv\/ny-affar-i-glaspalatset\/#primaryimage"},"thumbnailUrl":"https:\/\/www.johannagullichsen.com\/wp-content\/uploads\/2021\/08\/Lasipalatsi.-Photo-Tuomas-Uusheimo-Amos-Rex-1.jpg","datePublished":"2021-08-25T12:08:04+00:00","dateModified":"2022-03-01T08:57:29+00:00","description":"Sp\u00e5rvagnsrassel, bussar, k\u00f6pcentren, museerna, den pulserande stadens hj\u00e4rtslag, utg\u00f6r atmosf\u00e4ren i Johanna Gullichsens butik i Glaspalatset.","breadcrumb":{"@id":"https:\/\/www.johannagullichsen.com\/sv\/ny-affar-i-glaspalatset\/#breadcrumb"},"inLanguage":"sv-SE","potentialAction":[{"@type":"ReadAction","target":["https:\/\/www.johannagullichsen.com\/sv\/ny-affar-i-glaspalatset\/"]}]},{"@type":"ImageObject","inLanguage":"sv-SE","@id":"https:\/\/www.johannagullichsen.com\/sv\/ny-affar-i-glaspalatset\/#primaryimage","url":"https:\/\/www.johannagullichsen.com\/wp-content\/uploads\/2021\/08\/Lasipalatsi.-Photo-Tuomas-Uusheimo-Amos-Rex-1.jpg","contentUrl":"https:\/\/www.johannagullichsen.com\/wp-content\/uploads\/2021\/08\/Lasipalatsi.-Photo-Tuomas-Uusheimo-Amos-Rex-1.jpg"},{"@type":"BreadcrumbList","@id":"https:\/\/www.johannagullichsen.com\/sv\/ny-affar-i-glaspalatset\/#breadcrumb","itemListElement":[{"@type":"ListItem","position":1,"name":"Home","item":"https:\/\/www.johannagullichsen.com\/sv\/"},{"@type":"ListItem","position":2,"name":"Ny aff\u00e4r i Glaspalatset"}]},{"@type":"WebSite","@id":"https:\/\/www.johannagullichsen.com\/sv\/#website","url":"https:\/\/www.johannagullichsen.com\/sv\/","name":"Johanna Gullichsen","description":"","potentialAction":[{"@type":"SearchAction","target":{"@type":"EntryPoint","urlTemplate":"https:\/\/www.johannagullichsen.com\/sv\/?s={search_term_string}"},"query-input":{"@type":"PropertyValueSpecification","valueRequired":true,"valueName":"search_term_string"}}],"inLanguage":"sv-SE"}]}},"_links":{"self":[{"href":"https:\/\/www.johannagullichsen.com\/sv\/wp-json\/wp\/v2\/pages\/12544","targetHints":{"allow":["GET"]}}],"collection":[{"href":"https:\/\/www.johannagullichsen.com\/sv\/wp-json\/wp\/v2\/pages"}],"about":[{"href":"https:\/\/www.johannagullichsen.com\/sv\/wp-json\/wp\/v2\/types\/page"}],"author":[{"embeddable":true,"href":"https:\/\/www.johannagullichsen.com\/sv\/wp-json\/wp\/v2\/users\/4"}],"replies":[{"embeddable":true,"href":"https:\/\/www.johannagullichsen.com\/sv\/wp-json\/wp\/v2\/comments?post=12544"}],"version-history":[{"count":10,"href":"https:\/\/www.johannagullichsen.com\/sv\/wp-json\/wp\/v2\/pages\/12544\/revisions"}],"predecessor-version":[{"id":14268,"href":"https:\/\/www.johannagullichsen.com\/sv\/wp-json\/wp\/v2\/pages\/12544\/revisions\/14268"}],"wp:attachment":[{"href":"https:\/\/www.johannagullichsen.com\/sv\/wp-json\/wp\/v2\/media?parent=12544"}],"curies":[{"name":"wp","href":"https:\/\/api.w.org\/{rel}","templated":true}]}}