{"id":13854,"date":"2025-09-23T11:46:51","date_gmt":"2025-09-23T08:46:51","guid":{"rendered":"https:\/\/www.johannagullichsen.com\/?page_id=13854"},"modified":"2025-09-23T12:30:50","modified_gmt":"2025-09-23T09:30:50","slug":"provbiten-ar-ett-viktigt-designverktyg","status":"publish","type":"page","link":"https:\/\/www.johannagullichsen.com\/sv\/provbiten-ar-ett-viktigt-designverktyg\/","title":{"rendered":"Provbiten \u00e4r ett viktigt designverktyg"},"content":{"rendered":"<p>Provbiten \u00e4r ett viktigt designverktyg.\u00a0 Provbitar av Normandie- och Contract\u00a0 kollektionerna kan nu best\u00e4llas p\u00e5 v\u00e5r webbplats.<\/p>\n<p><a href=\"https:\/\/www.johannagullichsen.com\/wp-content\/uploads\/2021\/11\/Johanna-Gullichseen-Fabriic-sample-picture.jpg\"><img loading=\"lazy\" decoding=\"async\" class=\"alignnone size-full wp-image-13717\" src=\"https:\/\/www.johannagullichsen.com\/wp-content\/uploads\/2021\/11\/Johanna-Gullichseen-Fabriic-sample-picture.jpg\" alt=\"\" width=\"1920\" height=\"1883\" srcset=\"https:\/\/www.johannagullichsen.com\/wp-content\/uploads\/2021\/11\/Johanna-Gullichseen-Fabriic-sample-picture.jpg 1920w, https:\/\/www.johannagullichsen.com\/wp-content\/uploads\/2021\/11\/Johanna-Gullichseen-Fabriic-sample-picture-1260x1236.jpg 1260w, https:\/\/www.johannagullichsen.com\/wp-content\/uploads\/2021\/11\/Johanna-Gullichseen-Fabriic-sample-picture-300x294.jpg 300w, https:\/\/www.johannagullichsen.com\/wp-content\/uploads\/2021\/11\/Johanna-Gullichseen-Fabriic-sample-picture-1024x1004.jpg 1024w, https:\/\/www.johannagullichsen.com\/wp-content\/uploads\/2021\/11\/Johanna-Gullichseen-Fabriic-sample-picture-768x753.jpg 768w, https:\/\/www.johannagullichsen.com\/wp-content\/uploads\/2021\/11\/Johanna-Gullichseen-Fabriic-sample-picture-1536x1506.jpg 1536w\" sizes=\"auto, (max-width: 1920px) 100vw, 1920px\" \/><\/a><\/p>\n<p>Att v\u00e4lja inredning \u00e4r en underbart sp\u00e4nnande upplevelse: hur kommer mitt nya s\u00e4ng\u00f6verkast eller soff\u00f6verdrag att se ut? Men ibland kan det vara sv\u00e5rt att g\u00f6ra ett val. \u00c4r jag s\u00e4ker p\u00e5 nyansen och kvaliteten? Kommer den h\u00e4r f\u00e4rgen att framh\u00e4va st\u00e4mningen i min \u00e4lskade m\u00e5lning?\u00a0 Eller ska soffan med sin kl\u00e4dsel bli rummets mittpunkt och best\u00e4mma tonen p\u00e5 v\u00e4ggarna?<\/p>\n<p>Valet av f\u00e4rger och m\u00f6nster p\u00e5verkas av rummets atmosf\u00e4r, ljuset och skuggorna, m\u00f6blerna och ytmaterialen. D\u00e4rf\u00f6r \u00e4r det ibland om\u00f6jligt att g\u00f6ra ett val p\u00e5 n\u00e4tet eller i en butik. Om det d\u00e4remot r\u00f6r sig om en ny fastighet eller en totalrenovering av ett utrymme kan material och f\u00e4rger matchas med hj\u00e4lp av prover och inspirationstavlor.<\/p>\n<p>Med dragkedjorna kan du ocks\u00e5 g\u00f6ra dj\u00e4rvare val. N\u00e4r du kan vara s\u00e4ker p\u00e5 tygets kvalitet och f\u00e4rg beh\u00f6ver du inte begr\u00e4nsa dig till f\u00f6ruts\u00e4gbara, v\u00e4lbekanta och s\u00e4kra alternativ.<\/p>\n<p>Tyger ger v\u00e4rme och mjukhet till en inredning och \u00e4r av alla inredningsmaterial de som st\u00e5r oss n\u00e4rmast. Det \u00e4r sk\u00f6nt att svepa in sig i en pl\u00e4d och vila huvudet p\u00e5 en kudde. Du kan l\u00e4tt sitta i timmar i en f\u00e5t\u00f6lj, i soffan eller i s\u00e4ngen och l\u00e4sa. K\u00e4nslan och kvaliteten p\u00e5 ett tyg \u00e4r s\u00e4rskilt viktig f\u00f6r oss och lyckligtvis kan du vara s\u00e4ker p\u00e5 ditt val med hj\u00e4lp av dragkedjorna.<\/p>\n<p>Oavsett om det \u00e4r en ny m\u00f6bel eller en vintage-m\u00f6bel \u00e4r blixtl\u00e5set ett utm\u00e4rkt designverktyg. Normandie- och Contract-l\u00e5ddrag finns nu att best\u00e4lla p\u00e5 v\u00e5r webbplats. Du hittar en l\u00e4nk f\u00f6r att best\u00e4lla en dragkedja h\u00e4r f\u00f6r varje tyg.<\/p>\n<p><a href=\"https:\/\/www.johannagullichsen.com\/wp-content\/uploads\/2021\/11\/Johanna-Gullichsen-fabric-samples-warm-reds-and-browns-www.jpg\"><img loading=\"lazy\" decoding=\"async\" class=\"alignnone size-full wp-image-13694\" src=\"https:\/\/www.johannagullichsen.com\/wp-content\/uploads\/2021\/11\/Johanna-Gullichsen-fabric-samples-warm-reds-and-browns-www.jpg\" alt=\"\" width=\"1920\" height=\"1000\" srcset=\"https:\/\/www.johannagullichsen.com\/wp-content\/uploads\/2021\/11\/Johanna-Gullichsen-fabric-samples-warm-reds-and-browns-www.jpg 1920w, https:\/\/www.johannagullichsen.com\/wp-content\/uploads\/2021\/11\/Johanna-Gullichsen-fabric-samples-warm-reds-and-browns-www-1260x656.jpg 1260w, https:\/\/www.johannagullichsen.com\/wp-content\/uploads\/2021\/11\/Johanna-Gullichsen-fabric-samples-warm-reds-and-browns-www-300x156.jpg 300w, https:\/\/www.johannagullichsen.com\/wp-content\/uploads\/2021\/11\/Johanna-Gullichsen-fabric-samples-warm-reds-and-browns-www-1024x533.jpg 1024w, https:\/\/www.johannagullichsen.com\/wp-content\/uploads\/2021\/11\/Johanna-Gullichsen-fabric-samples-warm-reds-and-browns-www-768x400.jpg 768w, https:\/\/www.johannagullichsen.com\/wp-content\/uploads\/2021\/11\/Johanna-Gullichsen-fabric-samples-warm-reds-and-browns-www-1536x800.jpg 1536w\" sizes=\"auto, (max-width: 1920px) 100vw, 1920px\" \/><\/a><\/p>\n","protected":false},"excerpt":{"rendered":"<p>Provbiten \u00e4r ett viktigt designverktyg.\u00a0 Provbitar av Normandie- och Contract\u00a0 kollektionerna kan nu best\u00e4llas p\u00e5 v\u00e5r webbplats. Att v\u00e4lja inredning \u00e4r en underbart sp\u00e4nnande upplevelse: hur kommer mitt nya s\u00e4ng\u00f6verkast&hellip;<\/p>\n","protected":false},"author":5,"featured_media":0,"parent":0,"menu_order":0,"comment_status":"closed","ping_status":"closed","template":"","meta":{"_acf_changed":false,"footnotes":""},"class_list":["post-13854","page","type-page","status-publish","hentry"],"acf":[],"yoast_head":"<!-- This site is optimized with the Yoast SEO Premium plugin v27.2 (Yoast SEO v27.5) - https:\/\/yoast.com\/product\/yoast-seo-premium-wordpress\/ -->\n<title>Provbiten \u00e4r ett viktigt designverktyg - Johanna Gullichsen<\/title>\n<meta name=\"robots\" content=\"index, follow, max-snippet:-1, max-image-preview:large, max-video-preview:-1\" \/>\n<link rel=\"canonical\" href=\"https:\/\/www.johannagullichsen.com\/sv\/provbiten-ar-ett-viktigt-designverktyg\/\" \/>\n<meta property=\"og:locale\" content=\"sv_SE\" \/>\n<meta property=\"og:type\" content=\"article\" \/>\n<meta property=\"og:title\" content=\"Provbiten \u00e4r ett viktigt designverktyg\" \/>\n<meta property=\"og:description\" content=\"Provbiten \u00e4r ett viktigt designverktyg.\u00a0 Provbitar av Normandie- och Contract\u00a0 kollektionerna kan nu best\u00e4llas p\u00e5 v\u00e5r webbplats. Att v\u00e4lja inredning \u00e4r en underbart sp\u00e4nnande upplevelse: hur kommer mitt nya s\u00e4ng\u00f6verkast&hellip;\" \/>\n<meta property=\"og:url\" content=\"https:\/\/www.johannagullichsen.com\/sv\/provbiten-ar-ett-viktigt-designverktyg\/\" \/>\n<meta property=\"og:site_name\" content=\"Johanna Gullichsen\" \/>\n<meta property=\"article:modified_time\" content=\"2025-09-23T09:30:50+00:00\" \/>\n<meta property=\"og:image\" content=\"https:\/\/www.johannagullichsen.com\/wp-content\/uploads\/2021\/11\/Johanna-Gullichseen-Fabriic-sample-picture-1024x1004.jpg\" \/>\n\t<meta property=\"og:image:width\" content=\"1024\" \/>\n\t<meta property=\"og:image:height\" content=\"1004\" \/>\n\t<meta property=\"og:image:type\" content=\"image\/jpeg\" \/>\n<meta name=\"twitter:card\" content=\"summary_large_image\" \/>\n<meta name=\"twitter:label1\" content=\"Ber\u00e4knad l\u00e4stid\" \/>\n\t<meta name=\"twitter:data1\" content=\"2 minuter\" \/>\n<script type=\"application\/ld+json\" class=\"yoast-schema-graph\">{\"@context\":\"https:\\\/\\\/schema.org\",\"@graph\":[{\"@type\":\"WebPage\",\"@id\":\"https:\\\/\\\/www.johannagullichsen.com\\\/sv\\\/provbiten-ar-ett-viktigt-designverktyg\\\/\",\"url\":\"https:\\\/\\\/www.johannagullichsen.com\\\/sv\\\/provbiten-ar-ett-viktigt-designverktyg\\\/\",\"name\":\"Provbiten \u00e4r ett viktigt designverktyg - Johanna Gullichsen\",\"isPartOf\":{\"@id\":\"https:\\\/\\\/www.johannagullichsen.com\\\/sv\\\/#website\"},\"primaryImageOfPage\":{\"@id\":\"https:\\\/\\\/www.johannagullichsen.com\\\/sv\\\/provbiten-ar-ett-viktigt-designverktyg\\\/#primaryimage\"},\"image\":{\"@id\":\"https:\\\/\\\/www.johannagullichsen.com\\\/sv\\\/provbiten-ar-ett-viktigt-designverktyg\\\/#primaryimage\"},\"thumbnailUrl\":\"https:\\\/\\\/www.johannagullichsen.com\\\/wp-content\\\/uploads\\\/2021\\\/11\\\/Johanna-Gullichseen-Fabriic-sample-picture.jpg\",\"datePublished\":\"2025-09-23T08:46:51+00:00\",\"dateModified\":\"2025-09-23T09:30:50+00:00\",\"breadcrumb\":{\"@id\":\"https:\\\/\\\/www.johannagullichsen.com\\\/sv\\\/provbiten-ar-ett-viktigt-designverktyg\\\/#breadcrumb\"},\"inLanguage\":\"sv-SE\",\"potentialAction\":[{\"@type\":\"ReadAction\",\"target\":[\"https:\\\/\\\/www.johannagullichsen.com\\\/sv\\\/provbiten-ar-ett-viktigt-designverktyg\\\/\"]}]},{\"@type\":\"ImageObject\",\"inLanguage\":\"sv-SE\",\"@id\":\"https:\\\/\\\/www.johannagullichsen.com\\\/sv\\\/provbiten-ar-ett-viktigt-designverktyg\\\/#primaryimage\",\"url\":\"https:\\\/\\\/www.johannagullichsen.com\\\/wp-content\\\/uploads\\\/2021\\\/11\\\/Johanna-Gullichseen-Fabriic-sample-picture.jpg\",\"contentUrl\":\"https:\\\/\\\/www.johannagullichsen.com\\\/wp-content\\\/uploads\\\/2021\\\/11\\\/Johanna-Gullichseen-Fabriic-sample-picture.jpg\"},{\"@type\":\"BreadcrumbList\",\"@id\":\"https:\\\/\\\/www.johannagullichsen.com\\\/sv\\\/provbiten-ar-ett-viktigt-designverktyg\\\/#breadcrumb\",\"itemListElement\":[{\"@type\":\"ListItem\",\"position\":1,\"name\":\"Home\",\"item\":\"https:\\\/\\\/www.johannagullichsen.com\\\/sv\\\/\"},{\"@type\":\"ListItem\",\"position\":2,\"name\":\"Provbiten \u00e4r ett viktigt designverktyg\"}]},{\"@type\":\"WebSite\",\"@id\":\"https:\\\/\\\/www.johannagullichsen.com\\\/sv\\\/#website\",\"url\":\"https:\\\/\\\/www.johannagullichsen.com\\\/sv\\\/\",\"name\":\"Johanna Gullichsen\",\"description\":\"\",\"potentialAction\":[{\"@type\":\"SearchAction\",\"target\":{\"@type\":\"EntryPoint\",\"urlTemplate\":\"https:\\\/\\\/www.johannagullichsen.com\\\/sv\\\/?s={search_term_string}\"},\"query-input\":{\"@type\":\"PropertyValueSpecification\",\"valueRequired\":true,\"valueName\":\"search_term_string\"}}],\"inLanguage\":\"sv-SE\"}]}<\/script>\n<!-- \/ Yoast SEO Premium plugin. -->","yoast_head_json":{"title":"Provbiten \u00e4r ett viktigt designverktyg - Johanna Gullichsen","robots":{"index":"index","follow":"follow","max-snippet":"max-snippet:-1","max-image-preview":"max-image-preview:large","max-video-preview":"max-video-preview:-1"},"canonical":"https:\/\/www.johannagullichsen.com\/sv\/provbiten-ar-ett-viktigt-designverktyg\/","og_locale":"sv_SE","og_type":"article","og_title":"Provbiten \u00e4r ett viktigt designverktyg","og_description":"Provbiten \u00e4r ett viktigt designverktyg.\u00a0 Provbitar av Normandie- och Contract\u00a0 kollektionerna kan nu best\u00e4llas p\u00e5 v\u00e5r webbplats. Att v\u00e4lja inredning \u00e4r en underbart sp\u00e4nnande upplevelse: hur kommer mitt nya s\u00e4ng\u00f6verkast&hellip;","og_url":"https:\/\/www.johannagullichsen.com\/sv\/provbiten-ar-ett-viktigt-designverktyg\/","og_site_name":"Johanna Gullichsen","article_modified_time":"2025-09-23T09:30:50+00:00","og_image":[{"width":1024,"height":1004,"url":"https:\/\/www.johannagullichsen.com\/wp-content\/uploads\/2021\/11\/Johanna-Gullichseen-Fabriic-sample-picture-1024x1004.jpg","type":"image\/jpeg"}],"twitter_card":"summary_large_image","twitter_misc":{"Ber\u00e4knad l\u00e4stid":"2 minuter"},"schema":{"@context":"https:\/\/schema.org","@graph":[{"@type":"WebPage","@id":"https:\/\/www.johannagullichsen.com\/sv\/provbiten-ar-ett-viktigt-designverktyg\/","url":"https:\/\/www.johannagullichsen.com\/sv\/provbiten-ar-ett-viktigt-designverktyg\/","name":"Provbiten \u00e4r ett viktigt designverktyg - Johanna Gullichsen","isPartOf":{"@id":"https:\/\/www.johannagullichsen.com\/sv\/#website"},"primaryImageOfPage":{"@id":"https:\/\/www.johannagullichsen.com\/sv\/provbiten-ar-ett-viktigt-designverktyg\/#primaryimage"},"image":{"@id":"https:\/\/www.johannagullichsen.com\/sv\/provbiten-ar-ett-viktigt-designverktyg\/#primaryimage"},"thumbnailUrl":"https:\/\/www.johannagullichsen.com\/wp-content\/uploads\/2021\/11\/Johanna-Gullichseen-Fabriic-sample-picture.jpg","datePublished":"2025-09-23T08:46:51+00:00","dateModified":"2025-09-23T09:30:50+00:00","breadcrumb":{"@id":"https:\/\/www.johannagullichsen.com\/sv\/provbiten-ar-ett-viktigt-designverktyg\/#breadcrumb"},"inLanguage":"sv-SE","potentialAction":[{"@type":"ReadAction","target":["https:\/\/www.johannagullichsen.com\/sv\/provbiten-ar-ett-viktigt-designverktyg\/"]}]},{"@type":"ImageObject","inLanguage":"sv-SE","@id":"https:\/\/www.johannagullichsen.com\/sv\/provbiten-ar-ett-viktigt-designverktyg\/#primaryimage","url":"https:\/\/www.johannagullichsen.com\/wp-content\/uploads\/2021\/11\/Johanna-Gullichseen-Fabriic-sample-picture.jpg","contentUrl":"https:\/\/www.johannagullichsen.com\/wp-content\/uploads\/2021\/11\/Johanna-Gullichseen-Fabriic-sample-picture.jpg"},{"@type":"BreadcrumbList","@id":"https:\/\/www.johannagullichsen.com\/sv\/provbiten-ar-ett-viktigt-designverktyg\/#breadcrumb","itemListElement":[{"@type":"ListItem","position":1,"name":"Home","item":"https:\/\/www.johannagullichsen.com\/sv\/"},{"@type":"ListItem","position":2,"name":"Provbiten \u00e4r ett viktigt designverktyg"}]},{"@type":"WebSite","@id":"https:\/\/www.johannagullichsen.com\/sv\/#website","url":"https:\/\/www.johannagullichsen.com\/sv\/","name":"Johanna Gullichsen","description":"","potentialAction":[{"@type":"SearchAction","target":{"@type":"EntryPoint","urlTemplate":"https:\/\/www.johannagullichsen.com\/sv\/?s={search_term_string}"},"query-input":{"@type":"PropertyValueSpecification","valueRequired":true,"valueName":"search_term_string"}}],"inLanguage":"sv-SE"}]}},"_links":{"self":[{"href":"https:\/\/www.johannagullichsen.com\/sv\/wp-json\/wp\/v2\/pages\/13854","targetHints":{"allow":["GET"]}}],"collection":[{"href":"https:\/\/www.johannagullichsen.com\/sv\/wp-json\/wp\/v2\/pages"}],"about":[{"href":"https:\/\/www.johannagullichsen.com\/sv\/wp-json\/wp\/v2\/types\/page"}],"author":[{"embeddable":true,"href":"https:\/\/www.johannagullichsen.com\/sv\/wp-json\/wp\/v2\/users\/5"}],"replies":[{"embeddable":true,"href":"https:\/\/www.johannagullichsen.com\/sv\/wp-json\/wp\/v2\/comments?post=13854"}],"version-history":[{"count":2,"href":"https:\/\/www.johannagullichsen.com\/sv\/wp-json\/wp\/v2\/pages\/13854\/revisions"}],"predecessor-version":[{"id":28803,"href":"https:\/\/www.johannagullichsen.com\/sv\/wp-json\/wp\/v2\/pages\/13854\/revisions\/28803"}],"wp:attachment":[{"href":"https:\/\/www.johannagullichsen.com\/sv\/wp-json\/wp\/v2\/media?parent=13854"}],"curies":[{"name":"wp","href":"https:\/\/api.w.org\/{rel}","templated":true}]}}