{"id":24762,"date":"2024-11-01T14:34:59","date_gmt":"2024-11-01T12:34:59","guid":{"rendered":"https:\/\/www.johannagullichsen.com\/?page_id=24762"},"modified":"2024-11-01T14:28:09","modified_gmt":"2024-11-01T12:28:09","slug":"sari-bremer","status":"publish","type":"page","link":"https:\/\/www.johannagullichsen.com\/sv\/sari-bremer\/","title":{"rendered":"Sari Bremer"},"content":{"rendered":"<p>Atmosf\u00e4ren i Sari Bremers grafikstudio \u00e4r varm. Penslar, of\u00e4rdiga tryckpl\u00e5tar, pennor, b\u00f6cker och f\u00f6rkl\u00e4den ligger utspridda, \u00e4nd\u00e5 i exakt ordning. Tryckpressen p\u00e5minner om \u00e5ngmaskinernas tid, och gr\u00f6nska har tagit \u00f6ver det stora f\u00f6nstret. Slumpm\u00e4ssiga f\u00e4rgfl\u00e4ckar p\u00e5 pappersarken som skyddar bordet \u00e4r bara vackra.<\/p>\n<p><a href=\"https:\/\/www.johannagullichsen.com\/wp-content\/uploads\/2024\/10\/Johanna-Gullichsen-Laptop-sleeve-Doris-black.jpg\"><img loading=\"lazy\" decoding=\"async\" class=\"aligncenter wp-image-24702 size-full\" src=\"https:\/\/www.johannagullichsen.com\/wp-content\/uploads\/2024\/10\/Johanna-Gullichsen-Laptop-sleeve-Doris-black.jpg\" alt=\"\" width=\"1020\" height=\"1020\" srcset=\"https:\/\/www.johannagullichsen.com\/wp-content\/uploads\/2024\/10\/Johanna-Gullichsen-Laptop-sleeve-Doris-black.jpg 1020w, https:\/\/www.johannagullichsen.com\/wp-content\/uploads\/2024\/10\/Johanna-Gullichsen-Laptop-sleeve-Doris-black-300x300.jpg 300w, https:\/\/www.johannagullichsen.com\/wp-content\/uploads\/2024\/10\/Johanna-Gullichsen-Laptop-sleeve-Doris-black-230x230.jpg 230w, https:\/\/www.johannagullichsen.com\/wp-content\/uploads\/2024\/10\/Johanna-Gullichsen-Laptop-sleeve-Doris-black-768x768.jpg 768w\" sizes=\"auto, (max-width: 1020px) 100vw, 1020px\" \/><\/a> <a href=\"https:\/\/www.johannagullichsen.com\/wp-content\/uploads\/2024\/10\/Johanna-Gullichsen-Shopping-bag-Tilkku-black.jpg\"><img loading=\"lazy\" decoding=\"async\" class=\"alignnone wp-image-24698 size-full\" src=\"https:\/\/www.johannagullichsen.com\/wp-content\/uploads\/2024\/10\/Johanna-Gullichsen-Shopping-bag-Tilkku-black.jpg\" alt=\"\" width=\"1080\" height=\"1080\" srcset=\"https:\/\/www.johannagullichsen.com\/wp-content\/uploads\/2024\/10\/Johanna-Gullichsen-Shopping-bag-Tilkku-black.jpg 1080w, https:\/\/www.johannagullichsen.com\/wp-content\/uploads\/2024\/10\/Johanna-Gullichsen-Shopping-bag-Tilkku-black-300x300.jpg 300w, https:\/\/www.johannagullichsen.com\/wp-content\/uploads\/2024\/10\/Johanna-Gullichsen-Shopping-bag-Tilkku-black-1024x1024.jpg 1024w, https:\/\/www.johannagullichsen.com\/wp-content\/uploads\/2024\/10\/Johanna-Gullichsen-Shopping-bag-Tilkku-black-230x230.jpg 230w, https:\/\/www.johannagullichsen.com\/wp-content\/uploads\/2024\/10\/Johanna-Gullichsen-Shopping-bag-Tilkku-black-768x768.jpg 768w\" sizes=\"auto, (max-width: 1080px) 100vw, 1080px\" \/><\/a><\/p>\n<p>En regnig oktoberdag fick vi uppleva atmosf\u00e4ren i Bremers studio medan vi fotograferade produktbilder och l\u00e4rde k\u00e4nna hennes arbete.<\/p>\n<p>&#8221;I mina bilder r\u00f6r jag mig i gr\u00e4nslandet mellan det bekanta och det ok\u00e4nda, p\u00e5 kanten av magisk realism. I mina bildteman v\u00e4ver jag ihop naturens sk\u00f6nhet med de faror som lurar d\u00e4r,\u201d beskriver Bremer sitt arbete.<\/p>\n<p><a href=\"https:\/\/www.johannagullichsen.com\/wp-content\/uploads\/2024\/10\/Johanna-Gullichsen-baskets-and-Sari-Bremer-artwork-1.jpg\"><img loading=\"lazy\" decoding=\"async\" class=\"aligncenter wp-image-24694 size-large\" src=\"https:\/\/www.johannagullichsen.com\/wp-content\/uploads\/2024\/10\/Johanna-Gullichsen-baskets-and-Sari-Bremer-artwork-1-1024x768.jpg\" alt=\"\" width=\"1024\" height=\"768\" srcset=\"https:\/\/www.johannagullichsen.com\/wp-content\/uploads\/2024\/10\/Johanna-Gullichsen-baskets-and-Sari-Bremer-artwork-1-1024x768.jpg 1024w, https:\/\/www.johannagullichsen.com\/wp-content\/uploads\/2024\/10\/Johanna-Gullichsen-baskets-and-Sari-Bremer-artwork-1-866x650.jpg 866w, https:\/\/www.johannagullichsen.com\/wp-content\/uploads\/2024\/10\/Johanna-Gullichsen-baskets-and-Sari-Bremer-artwork-1-336x252.jpg 336w, https:\/\/www.johannagullichsen.com\/wp-content\/uploads\/2024\/10\/Johanna-Gullichsen-baskets-and-Sari-Bremer-artwork-1-1260x945.jpg 1260w, https:\/\/www.johannagullichsen.com\/wp-content\/uploads\/2024\/10\/Johanna-Gullichsen-baskets-and-Sari-Bremer-artwork-1-300x225.jpg 300w, https:\/\/www.johannagullichsen.com\/wp-content\/uploads\/2024\/10\/Johanna-Gullichsen-baskets-and-Sari-Bremer-artwork-1-768x576.jpg 768w, https:\/\/www.johannagullichsen.com\/wp-content\/uploads\/2024\/10\/Johanna-Gullichsen-baskets-and-Sari-Bremer-artwork-1-1536x1152.jpg 1536w, https:\/\/www.johannagullichsen.com\/wp-content\/uploads\/2024\/10\/Johanna-Gullichsen-baskets-and-Sari-Bremer-artwork-1.jpg 1600w\" sizes=\"auto, (max-width: 1024px) 100vw, 1024px\" \/><\/a><\/p>\n<p>Grafik \u00e4r en tidskr\u00e4vande, l\u00e5ngsiktig process. M\u00e5nga steg ing\u00e5r i skapandet av en bild, och Bremer arbetar p\u00e5 en enda bild i m\u00e5nader. Processen innefattar b\u00e5de monotont, l\u00e5ngvarigt arbete och fysiskt tryckande.<\/p>\n<p>&#8221;Arbetet \u00e4r en kontinuerlig process d\u00e4r ett tema leder till ett annat och sedan hj\u00e4lper dig att \u00e5terv\u00e4nda till ett tema som du b\u00f6rjade med \u00e5rtionden tidigare. S\u00e5 det \u00e4r ett utvidgande f\u00e4lt av id\u00e9er,&#8221; s\u00e4ger Bremer.<\/p>\n<p>Bremer j\u00e4mf\u00f6r f\u00e4rgl\u00e4ggning med att komponera och laga mat: &#8221;Det tar tid att hitta r\u00e4tt balans och f\u00e4rgschema f\u00f6r att undvika disharmoni. N\u00e4r f\u00e4rgerna \u00e4r r\u00e4tt antecknar jag dem i min skissbok med exakta instruktioner s\u00e5 att jag kan trycka arbetet n\u00e4stan identiskt igen.&#8221;<\/p>\n<p>Tryckning \u00e4r en kreativ hantverksprocess, och varje tryck \u00e4r unikt. F\u00e4rgskalan \u00e4r dock densamma, med endast sm\u00e5 nyansskillnader. Precis som i matlagning beh\u00f6ver man inte strikt f\u00f6lja receptet, men man kan inte heller \u00e4ndra kryddorna f\u00f6r mycket, f\u00f6r d\u00e5 lider resultatet.&#8221;<\/p>\n<p>Bremer g\u00f6r nu tryck f\u00f6r utst\u00e4llningar p\u00e5 Gumbostrand Konst &amp; Form i Sibbo och Galleria Saskia i Tammerfors 2026. Bremers verk finns till salu i flera gallerier runt om i Finland, och du kan \u00e4ven se dem p\u00e5 hennes hemsida, <a href=\"http:\/\/www.saribremer.net\/\">www.saribremer.net<\/a>, eller p\u00e5 <a href=\"https:\/\/www.instagram.com\/saribremer_helsinki_printmaker\/\">Instagram<\/a>.<\/p>\n<p>Tack, Sari Bremer, f\u00f6r att vi fick bes\u00f6ka din studio!<\/p>\n<p><a href=\"https:\/\/www.johannagullichsen.com\/wp-content\/uploads\/2024\/10\/Sari-Bremer.jpg\"><img loading=\"lazy\" decoding=\"async\" class=\"aligncenter wp-image-24706 size-large\" src=\"https:\/\/www.johannagullichsen.com\/wp-content\/uploads\/2024\/10\/Sari-Bremer-576x1024.jpg\" alt=\"\" width=\"576\" height=\"1024\" srcset=\"https:\/\/www.johannagullichsen.com\/wp-content\/uploads\/2024\/10\/Sari-Bremer-576x1024.jpg 576w, https:\/\/www.johannagullichsen.com\/wp-content\/uploads\/2024\/10\/Sari-Bremer-169x300.jpg 169w, https:\/\/www.johannagullichsen.com\/wp-content\/uploads\/2024\/10\/Sari-Bremer-768x1365.jpg 768w, https:\/\/www.johannagullichsen.com\/wp-content\/uploads\/2024\/10\/Sari-Bremer-864x1536.jpg 864w, https:\/\/www.johannagullichsen.com\/wp-content\/uploads\/2024\/10\/Sari-Bremer.jpg 1080w\" sizes=\"auto, (max-width: 576px) 100vw, 576px\" \/><\/a><\/p>\n<p><a href=\"https:\/\/www.johannagullichsen.com\/wp-content\/uploads\/2024\/10\/Johanna-Gullichsen-Discushions-Sari-Bremer-art-work-1.jpg\"><img loading=\"lazy\" decoding=\"async\" class=\"aligncenter wp-image-24711 size-large\" src=\"https:\/\/www.johannagullichsen.com\/wp-content\/uploads\/2024\/10\/Johanna-Gullichsen-Discushions-Sari-Bremer-art-work-1-1024x768.jpg\" alt=\"\" width=\"1024\" height=\"768\" srcset=\"https:\/\/www.johannagullichsen.com\/wp-content\/uploads\/2024\/10\/Johanna-Gullichsen-Discushions-Sari-Bremer-art-work-1-1024x768.jpg 1024w, https:\/\/www.johannagullichsen.com\/wp-content\/uploads\/2024\/10\/Johanna-Gullichsen-Discushions-Sari-Bremer-art-work-1-866x650.jpg 866w, https:\/\/www.johannagullichsen.com\/wp-content\/uploads\/2024\/10\/Johanna-Gullichsen-Discushions-Sari-Bremer-art-work-1-336x252.jpg 336w, https:\/\/www.johannagullichsen.com\/wp-content\/uploads\/2024\/10\/Johanna-Gullichsen-Discushions-Sari-Bremer-art-work-1-1260x945.jpg 1260w, https:\/\/www.johannagullichsen.com\/wp-content\/uploads\/2024\/10\/Johanna-Gullichsen-Discushions-Sari-Bremer-art-work-1-300x225.jpg 300w, https:\/\/www.johannagullichsen.com\/wp-content\/uploads\/2024\/10\/Johanna-Gullichsen-Discushions-Sari-Bremer-art-work-1-768x576.jpg 768w, https:\/\/www.johannagullichsen.com\/wp-content\/uploads\/2024\/10\/Johanna-Gullichsen-Discushions-Sari-Bremer-art-work-1-1536x1152.jpg 1536w, https:\/\/www.johannagullichsen.com\/wp-content\/uploads\/2024\/10\/Johanna-Gullichsen-Discushions-Sari-Bremer-art-work-1.jpg 1600w\" sizes=\"auto, (max-width: 1024px) 100vw, 1024px\" \/><\/a><a href=\"https:\/\/www.johannagullichsen.com\/wp-content\/uploads\/2024\/10\/Johanna-Gullichsen-Chubby-Long-purse-Doris-straw-and-Nereus-dark-blue-1.jpg\"><img loading=\"lazy\" decoding=\"async\" class=\"aligncenter wp-image-24715 size-large\" src=\"https:\/\/www.johannagullichsen.com\/wp-content\/uploads\/2024\/10\/Johanna-Gullichsen-Chubby-Long-purse-Doris-straw-and-Nereus-dark-blue-1-1024x768.jpg\" alt=\"\" width=\"1024\" height=\"768\" srcset=\"https:\/\/www.johannagullichsen.com\/wp-content\/uploads\/2024\/10\/Johanna-Gullichsen-Chubby-Long-purse-Doris-straw-and-Nereus-dark-blue-1-1024x768.jpg 1024w, https:\/\/www.johannagullichsen.com\/wp-content\/uploads\/2024\/10\/Johanna-Gullichsen-Chubby-Long-purse-Doris-straw-and-Nereus-dark-blue-1-866x650.jpg 866w, https:\/\/www.johannagullichsen.com\/wp-content\/uploads\/2024\/10\/Johanna-Gullichsen-Chubby-Long-purse-Doris-straw-and-Nereus-dark-blue-1-336x252.jpg 336w, https:\/\/www.johannagullichsen.com\/wp-content\/uploads\/2024\/10\/Johanna-Gullichsen-Chubby-Long-purse-Doris-straw-and-Nereus-dark-blue-1-1260x945.jpg 1260w, https:\/\/www.johannagullichsen.com\/wp-content\/uploads\/2024\/10\/Johanna-Gullichsen-Chubby-Long-purse-Doris-straw-and-Nereus-dark-blue-1-300x225.jpg 300w, https:\/\/www.johannagullichsen.com\/wp-content\/uploads\/2024\/10\/Johanna-Gullichsen-Chubby-Long-purse-Doris-straw-and-Nereus-dark-blue-1-768x576.jpg 768w, https:\/\/www.johannagullichsen.com\/wp-content\/uploads\/2024\/10\/Johanna-Gullichsen-Chubby-Long-purse-Doris-straw-and-Nereus-dark-blue-1-1536x1152.jpg 1536w, https:\/\/www.johannagullichsen.com\/wp-content\/uploads\/2024\/10\/Johanna-Gullichsen-Chubby-Long-purse-Doris-straw-and-Nereus-dark-blue-1.jpg 1600w\" sizes=\"auto, (max-width: 1024px) 100vw, 1024px\" \/><\/a><\/p>\n","protected":false},"excerpt":{"rendered":"<p>Atmosf\u00e4ren i Sari Bremers grafikstudio \u00e4r varm. Penslar, of\u00e4rdiga tryckpl\u00e5tar, pennor, b\u00f6cker och f\u00f6rkl\u00e4den ligger utspridda, \u00e4nd\u00e5 i exakt ordning. Tryckpressen p\u00e5minner om \u00e5ngmaskinernas tid, och gr\u00f6nska har tagit \u00f6ver&hellip;<\/p>\n","protected":false},"author":4,"featured_media":0,"parent":0,"menu_order":0,"comment_status":"closed","ping_status":"closed","template":"","meta":{"_acf_changed":false,"footnotes":""},"class_list":["post-24762","page","type-page","status-publish","hentry"],"acf":[],"yoast_head":"<!-- This site is optimized with the Yoast SEO Premium plugin v27.2 (Yoast SEO v27.5) - https:\/\/yoast.com\/product\/yoast-seo-premium-wordpress\/ -->\n<title>Sari Bremer - Johanna Gullichsen<\/title>\n<meta name=\"robots\" content=\"index, follow, max-snippet:-1, max-image-preview:large, max-video-preview:-1\" \/>\n<link rel=\"canonical\" href=\"https:\/\/www.johannagullichsen.com\/sv\/sari-bremer\/\" \/>\n<meta property=\"og:locale\" content=\"sv_SE\" \/>\n<meta property=\"og:type\" content=\"article\" \/>\n<meta property=\"og:title\" content=\"Sari Bremer\" \/>\n<meta property=\"og:description\" content=\"Atmosf\u00e4ren i Sari Bremers grafikstudio \u00e4r varm. Penslar, of\u00e4rdiga tryckpl\u00e5tar, pennor, b\u00f6cker och f\u00f6rkl\u00e4den ligger utspridda, \u00e4nd\u00e5 i exakt ordning. Tryckpressen p\u00e5minner om \u00e5ngmaskinernas tid, och gr\u00f6nska har tagit \u00f6ver&hellip;\" \/>\n<meta property=\"og:url\" content=\"https:\/\/www.johannagullichsen.com\/sv\/sari-bremer\/\" \/>\n<meta property=\"og:site_name\" content=\"Johanna Gullichsen\" \/>\n<meta property=\"og:image\" content=\"https:\/\/www.johannagullichsen.com\/wp-content\/uploads\/2024\/10\/Johanna-Gullichsen-Laptop-sleeve-Doris-black.jpg\" \/>\n\t<meta property=\"og:image:width\" content=\"1020\" \/>\n\t<meta property=\"og:image:height\" content=\"1020\" \/>\n\t<meta property=\"og:image:type\" content=\"image\/jpeg\" \/>\n<meta name=\"twitter:card\" content=\"summary_large_image\" \/>\n<meta name=\"twitter:label1\" content=\"Ber\u00e4knad l\u00e4stid\" \/>\n\t<meta name=\"twitter:data1\" content=\"3 minuter\" \/>\n<script type=\"application\/ld+json\" class=\"yoast-schema-graph\">{\"@context\":\"https:\\\/\\\/schema.org\",\"@graph\":[{\"@type\":\"WebPage\",\"@id\":\"https:\\\/\\\/www.johannagullichsen.com\\\/sv\\\/sari-bremer\\\/\",\"url\":\"https:\\\/\\\/www.johannagullichsen.com\\\/sv\\\/sari-bremer\\\/\",\"name\":\"Sari Bremer - Johanna Gullichsen\",\"isPartOf\":{\"@id\":\"https:\\\/\\\/www.johannagullichsen.com\\\/sv\\\/#website\"},\"primaryImageOfPage\":{\"@id\":\"https:\\\/\\\/www.johannagullichsen.com\\\/sv\\\/sari-bremer\\\/#primaryimage\"},\"image\":{\"@id\":\"https:\\\/\\\/www.johannagullichsen.com\\\/sv\\\/sari-bremer\\\/#primaryimage\"},\"thumbnailUrl\":\"https:\\\/\\\/www.johannagullichsen.com\\\/wp-content\\\/uploads\\\/2024\\\/10\\\/Johanna-Gullichsen-Laptop-sleeve-Doris-black.jpg\",\"datePublished\":\"2024-11-01T12:34:59+00:00\",\"breadcrumb\":{\"@id\":\"https:\\\/\\\/www.johannagullichsen.com\\\/sv\\\/sari-bremer\\\/#breadcrumb\"},\"inLanguage\":\"sv-SE\",\"potentialAction\":[{\"@type\":\"ReadAction\",\"target\":[\"https:\\\/\\\/www.johannagullichsen.com\\\/sv\\\/sari-bremer\\\/\"]}]},{\"@type\":\"ImageObject\",\"inLanguage\":\"sv-SE\",\"@id\":\"https:\\\/\\\/www.johannagullichsen.com\\\/sv\\\/sari-bremer\\\/#primaryimage\",\"url\":\"https:\\\/\\\/www.johannagullichsen.com\\\/wp-content\\\/uploads\\\/2024\\\/10\\\/Johanna-Gullichsen-Laptop-sleeve-Doris-black.jpg\",\"contentUrl\":\"https:\\\/\\\/www.johannagullichsen.com\\\/wp-content\\\/uploads\\\/2024\\\/10\\\/Johanna-Gullichsen-Laptop-sleeve-Doris-black.jpg\"},{\"@type\":\"BreadcrumbList\",\"@id\":\"https:\\\/\\\/www.johannagullichsen.com\\\/sv\\\/sari-bremer\\\/#breadcrumb\",\"itemListElement\":[{\"@type\":\"ListItem\",\"position\":1,\"name\":\"Home\",\"item\":\"https:\\\/\\\/www.johannagullichsen.com\\\/sv\\\/\"},{\"@type\":\"ListItem\",\"position\":2,\"name\":\"Sari Bremer\"}]},{\"@type\":\"WebSite\",\"@id\":\"https:\\\/\\\/www.johannagullichsen.com\\\/sv\\\/#website\",\"url\":\"https:\\\/\\\/www.johannagullichsen.com\\\/sv\\\/\",\"name\":\"Johanna Gullichsen\",\"description\":\"\",\"potentialAction\":[{\"@type\":\"SearchAction\",\"target\":{\"@type\":\"EntryPoint\",\"urlTemplate\":\"https:\\\/\\\/www.johannagullichsen.com\\\/sv\\\/?s={search_term_string}\"},\"query-input\":{\"@type\":\"PropertyValueSpecification\",\"valueRequired\":true,\"valueName\":\"search_term_string\"}}],\"inLanguage\":\"sv-SE\"}]}<\/script>\n<!-- \/ Yoast SEO Premium plugin. -->","yoast_head_json":{"title":"Sari Bremer - Johanna Gullichsen","robots":{"index":"index","follow":"follow","max-snippet":"max-snippet:-1","max-image-preview":"max-image-preview:large","max-video-preview":"max-video-preview:-1"},"canonical":"https:\/\/www.johannagullichsen.com\/sv\/sari-bremer\/","og_locale":"sv_SE","og_type":"article","og_title":"Sari Bremer","og_description":"Atmosf\u00e4ren i Sari Bremers grafikstudio \u00e4r varm. Penslar, of\u00e4rdiga tryckpl\u00e5tar, pennor, b\u00f6cker och f\u00f6rkl\u00e4den ligger utspridda, \u00e4nd\u00e5 i exakt ordning. Tryckpressen p\u00e5minner om \u00e5ngmaskinernas tid, och gr\u00f6nska har tagit \u00f6ver&hellip;","og_url":"https:\/\/www.johannagullichsen.com\/sv\/sari-bremer\/","og_site_name":"Johanna Gullichsen","og_image":[{"width":1020,"height":1020,"url":"https:\/\/www.johannagullichsen.com\/wp-content\/uploads\/2024\/10\/Johanna-Gullichsen-Laptop-sleeve-Doris-black.jpg","type":"image\/jpeg"}],"twitter_card":"summary_large_image","twitter_misc":{"Ber\u00e4knad l\u00e4stid":"3 minuter"},"schema":{"@context":"https:\/\/schema.org","@graph":[{"@type":"WebPage","@id":"https:\/\/www.johannagullichsen.com\/sv\/sari-bremer\/","url":"https:\/\/www.johannagullichsen.com\/sv\/sari-bremer\/","name":"Sari Bremer - Johanna Gullichsen","isPartOf":{"@id":"https:\/\/www.johannagullichsen.com\/sv\/#website"},"primaryImageOfPage":{"@id":"https:\/\/www.johannagullichsen.com\/sv\/sari-bremer\/#primaryimage"},"image":{"@id":"https:\/\/www.johannagullichsen.com\/sv\/sari-bremer\/#primaryimage"},"thumbnailUrl":"https:\/\/www.johannagullichsen.com\/wp-content\/uploads\/2024\/10\/Johanna-Gullichsen-Laptop-sleeve-Doris-black.jpg","datePublished":"2024-11-01T12:34:59+00:00","breadcrumb":{"@id":"https:\/\/www.johannagullichsen.com\/sv\/sari-bremer\/#breadcrumb"},"inLanguage":"sv-SE","potentialAction":[{"@type":"ReadAction","target":["https:\/\/www.johannagullichsen.com\/sv\/sari-bremer\/"]}]},{"@type":"ImageObject","inLanguage":"sv-SE","@id":"https:\/\/www.johannagullichsen.com\/sv\/sari-bremer\/#primaryimage","url":"https:\/\/www.johannagullichsen.com\/wp-content\/uploads\/2024\/10\/Johanna-Gullichsen-Laptop-sleeve-Doris-black.jpg","contentUrl":"https:\/\/www.johannagullichsen.com\/wp-content\/uploads\/2024\/10\/Johanna-Gullichsen-Laptop-sleeve-Doris-black.jpg"},{"@type":"BreadcrumbList","@id":"https:\/\/www.johannagullichsen.com\/sv\/sari-bremer\/#breadcrumb","itemListElement":[{"@type":"ListItem","position":1,"name":"Home","item":"https:\/\/www.johannagullichsen.com\/sv\/"},{"@type":"ListItem","position":2,"name":"Sari Bremer"}]},{"@type":"WebSite","@id":"https:\/\/www.johannagullichsen.com\/sv\/#website","url":"https:\/\/www.johannagullichsen.com\/sv\/","name":"Johanna Gullichsen","description":"","potentialAction":[{"@type":"SearchAction","target":{"@type":"EntryPoint","urlTemplate":"https:\/\/www.johannagullichsen.com\/sv\/?s={search_term_string}"},"query-input":{"@type":"PropertyValueSpecification","valueRequired":true,"valueName":"search_term_string"}}],"inLanguage":"sv-SE"}]}},"_links":{"self":[{"href":"https:\/\/www.johannagullichsen.com\/sv\/wp-json\/wp\/v2\/pages\/24762","targetHints":{"allow":["GET"]}}],"collection":[{"href":"https:\/\/www.johannagullichsen.com\/sv\/wp-json\/wp\/v2\/pages"}],"about":[{"href":"https:\/\/www.johannagullichsen.com\/sv\/wp-json\/wp\/v2\/types\/page"}],"author":[{"embeddable":true,"href":"https:\/\/www.johannagullichsen.com\/sv\/wp-json\/wp\/v2\/users\/4"}],"replies":[{"embeddable":true,"href":"https:\/\/www.johannagullichsen.com\/sv\/wp-json\/wp\/v2\/comments?post=24762"}],"version-history":[{"count":1,"href":"https:\/\/www.johannagullichsen.com\/sv\/wp-json\/wp\/v2\/pages\/24762\/revisions"}],"predecessor-version":[{"id":24763,"href":"https:\/\/www.johannagullichsen.com\/sv\/wp-json\/wp\/v2\/pages\/24762\/revisions\/24763"}],"wp:attachment":[{"href":"https:\/\/www.johannagullichsen.com\/sv\/wp-json\/wp\/v2\/media?parent=24762"}],"curies":[{"name":"wp","href":"https:\/\/api.w.org\/{rel}","templated":true}]}}