{"id":25366,"date":"2025-01-16T15:52:44","date_gmt":"2025-01-16T13:52:44","guid":{"rendered":"https:\/\/www.johannagullichsen.com\/?page_id=25366"},"modified":"2025-01-17T14:33:52","modified_gmt":"2025-01-17T12:33:52","slug":"arets-farg-2025-ar-gront","status":"publish","type":"page","link":"https:\/\/www.johannagullichsen.com\/sv\/arets-farg-2025-ar-gront\/","title":{"rendered":"\u00c5rets f\u00e4rg 2025 \u00e4r gr\u00f6n"},"content":{"rendered":"<p class=\"p1\"><a href=\"https:\/\/www.johannagullichsen.com\/wp-content\/uploads\/2025\/01\/Johanna-Gullichsen-Doris-green.jpg\"><img loading=\"lazy\" decoding=\"async\" class=\"aligncenter wp-image-25339 size-full\" src=\"https:\/\/www.johannagullichsen.com\/wp-content\/uploads\/2025\/01\/Johanna-Gullichsen-Doris-green.jpg\" alt=\"\" width=\"1920\" height=\"1072\" srcset=\"https:\/\/www.johannagullichsen.com\/wp-content\/uploads\/2025\/01\/Johanna-Gullichsen-Doris-green.jpg 1920w, https:\/\/www.johannagullichsen.com\/wp-content\/uploads\/2025\/01\/Johanna-Gullichsen-Doris-green-1260x704.jpg 1260w, https:\/\/www.johannagullichsen.com\/wp-content\/uploads\/2025\/01\/Johanna-Gullichsen-Doris-green-300x168.jpg 300w, https:\/\/www.johannagullichsen.com\/wp-content\/uploads\/2025\/01\/Johanna-Gullichsen-Doris-green-1024x572.jpg 1024w, https:\/\/www.johannagullichsen.com\/wp-content\/uploads\/2025\/01\/Johanna-Gullichsen-Doris-green-768x429.jpg 768w, https:\/\/www.johannagullichsen.com\/wp-content\/uploads\/2025\/01\/Johanna-Gullichsen-Doris-green-1536x858.jpg 1536w\" sizes=\"auto, (max-width: 1920px) 100vw, 1920px\" \/><\/a><\/p>\n<p class=\"p1\">\u00c5rets f\u00e4rg 2025 \u00e4r gr\u00f6n. Gr\u00f6n f\u00e4rg symboliserar harmoni, balans, tillv\u00e4xt och f\u00f6rnyelse. De st\u00e4ndigt gr\u00f6na nyanserna av barrtr\u00e4d, skogar och oceanernas v\u00e5gor inbjuder oss att uppleva naturens frid.<\/p>\n<p class=\"p1\">Gr\u00f6na nyanser, allt fr\u00e5n gnistrande smaragdgr\u00f6nt till granskogens djupa skuggor, p\u00e5minner oss\u00a0om tillv\u00e4xt och v\u00e4lbefinnande. Oavsett om vi befinner oss i tystnaden i en urskog eller vid havets glittrande vatten, leder gr\u00f6nt oss till att s\u00f6ka inre frid och kontakt med b\u00e5de naturen och oss sj\u00e4lva.<\/p>\n<p class=\"p1\">Den turkosgr\u00f6na f\u00e4rgen i Johanna Gullichsens Normandie-kollektion ger en fr\u00e4sch k\u00e4nsla till rummet. Precis som mint-gr\u00f6n \u00e4r f\u00e4rgen uppfriskande, samtidigt som den bibeh\u00e5ller en k\u00e4nsla av lugn. De gr\u00f6na f\u00e4rgerna i yllekollektionen Contract och turkost i linnekollektionen Pure kan anv\u00e4ndas f\u00f6r att komplettera helhetsintrycket.<\/p>\n<h4 class=\"p1\">\u00c5r 2025 fokuserar vi p\u00e5 v\u00e4lbefinnande, att ta hand om varandra, oss sj\u00e4lva, och v\u00e5r milj\u00f6. Det \u00e4r dags att fokusera p\u00e5 det som g\u00f6r gott.<\/h4>\n<p>&nbsp;<\/p>\n<p><a href=\"https:\/\/www.johannagullichsen.com\/wp-content\/uploads\/2025\/01\/Johanna-Gullichsen-SEES-candle-and-soap-with-towels-and-basket-2.jpg\"><img loading=\"lazy\" decoding=\"async\" class=\"aligncenter wp-image-25344 size-full\" src=\"https:\/\/www.johannagullichsen.com\/wp-content\/uploads\/2025\/01\/Johanna-Gullichsen-SEES-candle-and-soap-with-towels-and-basket-2.jpg\" alt=\"\" width=\"1600\" height=\"1200\" srcset=\"https:\/\/www.johannagullichsen.com\/wp-content\/uploads\/2025\/01\/Johanna-Gullichsen-SEES-candle-and-soap-with-towels-and-basket-2.jpg 1600w, https:\/\/www.johannagullichsen.com\/wp-content\/uploads\/2025\/01\/Johanna-Gullichsen-SEES-candle-and-soap-with-towels-and-basket-2-866x650.jpg 866w, https:\/\/www.johannagullichsen.com\/wp-content\/uploads\/2025\/01\/Johanna-Gullichsen-SEES-candle-and-soap-with-towels-and-basket-2-336x252.jpg 336w, https:\/\/www.johannagullichsen.com\/wp-content\/uploads\/2025\/01\/Johanna-Gullichsen-SEES-candle-and-soap-with-towels-and-basket-2-1260x945.jpg 1260w, https:\/\/www.johannagullichsen.com\/wp-content\/uploads\/2025\/01\/Johanna-Gullichsen-SEES-candle-and-soap-with-towels-and-basket-2-300x225.jpg 300w, https:\/\/www.johannagullichsen.com\/wp-content\/uploads\/2025\/01\/Johanna-Gullichsen-SEES-candle-and-soap-with-towels-and-basket-2-1024x768.jpg 1024w, https:\/\/www.johannagullichsen.com\/wp-content\/uploads\/2025\/01\/Johanna-Gullichsen-SEES-candle-and-soap-with-towels-and-basket-2-768x576.jpg 768w, https:\/\/www.johannagullichsen.com\/wp-content\/uploads\/2025\/01\/Johanna-Gullichsen-SEES-candle-and-soap-with-towels-and-basket-2-1536x1152.jpg 1536w\" sizes=\"auto, (max-width: 1600px) 100vw, 1600px\" \/><\/a><\/p>\n<p class=\"p1\">Johanna Gullichsens och SEES samarbets kollektion av doftljus erbjuder aromaterapi med lugnande dofter av rena eteriska oljor. Doftljus nr 3 kombinerar de renande och lugnande egenskaperna hos eukalyptus och tall. SEES x Johanna Gullichsen tv\u00e5len f\u00f6rtrollar med sin doft av lavendel.<\/p>\n<p class=\"p1\">Haven har inspirerat till n\u00e5gra av namnen p\u00e5 m\u00f6nstren i kollektionen Normandie. I den grekiska mytologin representerade havsgudinnan Doris havets rikedomar och frikostighet. I det optiska Doris-m\u00f6nstret kan man f\u00f6rest\u00e4lla sig en vattenyta i st\u00e4ndig r\u00f6relse. Doris gifte sig med havets kloke \u00e4ldste Nereus och de fick femtio d\u00f6ttrar.<\/p>\n<p><a href=\"https:\/\/www.johannagullichsen.com\/wp-content\/uploads\/2025\/01\/Johanna-Gullichsen-Butterfly-chair-Doris-green.jpg\"><img loading=\"lazy\" decoding=\"async\" class=\"aligncenter wp-image-25352 size-large\" src=\"https:\/\/www.johannagullichsen.com\/wp-content\/uploads\/2025\/01\/Johanna-Gullichsen-Butterfly-chair-Doris-green-813x1024.jpg\" alt=\"\" width=\"813\" height=\"1024\" srcset=\"https:\/\/www.johannagullichsen.com\/wp-content\/uploads\/2025\/01\/Johanna-Gullichsen-Butterfly-chair-Doris-green-813x1024.jpg 813w, https:\/\/www.johannagullichsen.com\/wp-content\/uploads\/2025\/01\/Johanna-Gullichsen-Butterfly-chair-Doris-green-1260x1587.jpg 1260w, https:\/\/www.johannagullichsen.com\/wp-content\/uploads\/2025\/01\/Johanna-Gullichsen-Butterfly-chair-Doris-green-238x300.jpg 238w, https:\/\/www.johannagullichsen.com\/wp-content\/uploads\/2025\/01\/Johanna-Gullichsen-Butterfly-chair-Doris-green-768x967.jpg 768w, https:\/\/www.johannagullichsen.com\/wp-content\/uploads\/2025\/01\/Johanna-Gullichsen-Butterfly-chair-Doris-green-1220x1536.jpg 1220w, https:\/\/www.johannagullichsen.com\/wp-content\/uploads\/2025\/01\/Johanna-Gullichsen-Butterfly-chair-Doris-green-1626x2048.jpg 1626w, https:\/\/www.johannagullichsen.com\/wp-content\/uploads\/2025\/01\/Johanna-Gullichsen-Butterfly-chair-Doris-green.jpg 1920w\" sizes=\"auto, (max-width: 813px) 100vw, 813px\" \/><\/a><\/p>\n<p>&nbsp;<\/p>\n<p><a href=\"https:\/\/www.johannagullichsen.com\/wp-content\/uploads\/2021\/10\/Johanna-Gullichsen-Tube-cushion-Doris-Dark-green-Eos-Green-and-Helios-Dark-Green.jpg\"><img loading=\"lazy\" decoding=\"async\" class=\"aligncenter wp-image-13492 size-large\" src=\"https:\/\/www.johannagullichsen.com\/wp-content\/uploads\/2021\/10\/Johanna-Gullichsen-Tube-cushion-Doris-Dark-green-Eos-Green-and-Helios-Dark-Green-1024x768.jpg\" alt=\"\" width=\"1024\" height=\"768\" srcset=\"https:\/\/www.johannagullichsen.com\/wp-content\/uploads\/2021\/10\/Johanna-Gullichsen-Tube-cushion-Doris-Dark-green-Eos-Green-and-Helios-Dark-Green-1024x768.jpg 1024w, https:\/\/www.johannagullichsen.com\/wp-content\/uploads\/2021\/10\/Johanna-Gullichsen-Tube-cushion-Doris-Dark-green-Eos-Green-and-Helios-Dark-Green-866x650.jpg 866w, https:\/\/www.johannagullichsen.com\/wp-content\/uploads\/2021\/10\/Johanna-Gullichsen-Tube-cushion-Doris-Dark-green-Eos-Green-and-Helios-Dark-Green-336x252.jpg 336w, https:\/\/www.johannagullichsen.com\/wp-content\/uploads\/2021\/10\/Johanna-Gullichsen-Tube-cushion-Doris-Dark-green-Eos-Green-and-Helios-Dark-Green-1260x945.jpg 1260w, https:\/\/www.johannagullichsen.com\/wp-content\/uploads\/2021\/10\/Johanna-Gullichsen-Tube-cushion-Doris-Dark-green-Eos-Green-and-Helios-Dark-Green-300x225.jpg 300w, https:\/\/www.johannagullichsen.com\/wp-content\/uploads\/2021\/10\/Johanna-Gullichsen-Tube-cushion-Doris-Dark-green-Eos-Green-and-Helios-Dark-Green-768x576.jpg 768w, https:\/\/www.johannagullichsen.com\/wp-content\/uploads\/2021\/10\/Johanna-Gullichsen-Tube-cushion-Doris-Dark-green-Eos-Green-and-Helios-Dark-Green-1536x1152.jpg 1536w, https:\/\/www.johannagullichsen.com\/wp-content\/uploads\/2021\/10\/Johanna-Gullichsen-Tube-cushion-Doris-Dark-green-Eos-Green-and-Helios-Dark-Green.jpg 1600w\" sizes=\"auto, (max-width: 1024px) 100vw, 1024px\" \/><\/a><a href=\"https:\/\/www.johannagullichsen.com\/wp-content\/uploads\/2025\/01\/Johanna-Gullichsen-Green-fabric-baskets.jpg\"><img loading=\"lazy\" decoding=\"async\" class=\"aligncenter wp-image-25361 size-full\" src=\"https:\/\/www.johannagullichsen.com\/wp-content\/uploads\/2025\/01\/Johanna-Gullichsen-Green-fabric-baskets.jpg\" alt=\"\" width=\"1600\" height=\"1200\" srcset=\"https:\/\/www.johannagullichsen.com\/wp-content\/uploads\/2025\/01\/Johanna-Gullichsen-Green-fabric-baskets.jpg 1600w, https:\/\/www.johannagullichsen.com\/wp-content\/uploads\/2025\/01\/Johanna-Gullichsen-Green-fabric-baskets-866x650.jpg 866w, https:\/\/www.johannagullichsen.com\/wp-content\/uploads\/2025\/01\/Johanna-Gullichsen-Green-fabric-baskets-336x252.jpg 336w, https:\/\/www.johannagullichsen.com\/wp-content\/uploads\/2025\/01\/Johanna-Gullichsen-Green-fabric-baskets-1260x945.jpg 1260w, https:\/\/www.johannagullichsen.com\/wp-content\/uploads\/2025\/01\/Johanna-Gullichsen-Green-fabric-baskets-300x225.jpg 300w, https:\/\/www.johannagullichsen.com\/wp-content\/uploads\/2025\/01\/Johanna-Gullichsen-Green-fabric-baskets-1024x768.jpg 1024w, https:\/\/www.johannagullichsen.com\/wp-content\/uploads\/2025\/01\/Johanna-Gullichsen-Green-fabric-baskets-768x576.jpg 768w, https:\/\/www.johannagullichsen.com\/wp-content\/uploads\/2025\/01\/Johanna-Gullichsen-Green-fabric-baskets-1536x1152.jpg 1536w\" sizes=\"auto, (max-width: 1600px) 100vw, 1600px\" \/><\/a><\/p>\n<p class=\"p1\">\n","protected":false},"excerpt":{"rendered":"<p>\u00c5rets f\u00e4rg 2025 \u00e4r gr\u00f6n. Gr\u00f6n f\u00e4rg symboliserar harmoni, balans, tillv\u00e4xt och f\u00f6rnyelse. De st\u00e4ndigt gr\u00f6na nyanserna av barrtr\u00e4d, skogar och oceanernas v\u00e5gor inbjuder oss att uppleva naturens frid. Gr\u00f6na&hellip;<\/p>\n","protected":false},"author":4,"featured_media":0,"parent":0,"menu_order":0,"comment_status":"closed","ping_status":"closed","template":"","meta":{"_acf_changed":false,"footnotes":""},"class_list":["post-25366","page","type-page","status-publish","hentry"],"acf":[],"yoast_head":"<!-- This site is optimized with the Yoast SEO Premium plugin v27.2 (Yoast SEO v27.5) - https:\/\/yoast.com\/product\/yoast-seo-premium-wordpress\/ -->\n<title>\u00c5rets f\u00e4rg 2025 \u00e4r gr\u00f6n - Johanna Gullichsen<\/title>\n<meta name=\"description\" content=\"\u00c5rets f\u00e4rg gr\u00f6nt symboliserar harmoni, balans, tillv\u00e4xt och f\u00f6rnyelse. De gr\u00f6na nyanserna i skogen inbjuder oss till naturens frid.\" \/>\n<meta name=\"robots\" content=\"index, follow, max-snippet:-1, max-image-preview:large, max-video-preview:-1\" \/>\n<link rel=\"canonical\" href=\"https:\/\/www.johannagullichsen.com\/sv\/arets-farg-2025-ar-gront\/\" \/>\n<meta property=\"og:locale\" content=\"sv_SE\" \/>\n<meta property=\"og:type\" content=\"article\" \/>\n<meta property=\"og:title\" content=\"\u00c5rets f\u00e4rg 2025 \u00e4r gr\u00f6n\" \/>\n<meta property=\"og:description\" content=\"\u00c5rets f\u00e4rg gr\u00f6nt symboliserar harmoni, balans, tillv\u00e4xt och f\u00f6rnyelse. De gr\u00f6na nyanserna i skogen inbjuder oss till naturens frid.\" \/>\n<meta property=\"og:url\" content=\"https:\/\/www.johannagullichsen.com\/sv\/arets-farg-2025-ar-gront\/\" \/>\n<meta property=\"og:site_name\" content=\"Johanna Gullichsen\" \/>\n<meta property=\"article:modified_time\" content=\"2025-01-17T12:33:52+00:00\" \/>\n<meta property=\"og:image\" content=\"https:\/\/www.johannagullichsen.com\/wp-content\/uploads\/2025\/01\/Johanna-Gullichsen-Doris-green-1024x572.jpg\" \/>\n\t<meta property=\"og:image:width\" content=\"1024\" \/>\n\t<meta property=\"og:image:height\" content=\"572\" \/>\n\t<meta property=\"og:image:type\" content=\"image\/jpeg\" \/>\n<meta name=\"twitter:card\" content=\"summary_large_image\" \/>\n<meta name=\"twitter:label1\" content=\"Ber\u00e4knad l\u00e4stid\" \/>\n\t<meta name=\"twitter:data1\" content=\"3 minuter\" \/>\n<script type=\"application\/ld+json\" class=\"yoast-schema-graph\">{\"@context\":\"https:\\\/\\\/schema.org\",\"@graph\":[{\"@type\":\"WebPage\",\"@id\":\"https:\\\/\\\/www.johannagullichsen.com\\\/sv\\\/arets-farg-2025-ar-gront\\\/\",\"url\":\"https:\\\/\\\/www.johannagullichsen.com\\\/sv\\\/arets-farg-2025-ar-gront\\\/\",\"name\":\"\u00c5rets f\u00e4rg 2025 \u00e4r gr\u00f6n - Johanna Gullichsen\",\"isPartOf\":{\"@id\":\"https:\\\/\\\/www.johannagullichsen.com\\\/sv\\\/#website\"},\"primaryImageOfPage\":{\"@id\":\"https:\\\/\\\/www.johannagullichsen.com\\\/sv\\\/arets-farg-2025-ar-gront\\\/#primaryimage\"},\"image\":{\"@id\":\"https:\\\/\\\/www.johannagullichsen.com\\\/sv\\\/arets-farg-2025-ar-gront\\\/#primaryimage\"},\"thumbnailUrl\":\"https:\\\/\\\/www.johannagullichsen.com\\\/wp-content\\\/uploads\\\/2025\\\/01\\\/Johanna-Gullichsen-Doris-green.jpg\",\"datePublished\":\"2025-01-16T13:52:44+00:00\",\"dateModified\":\"2025-01-17T12:33:52+00:00\",\"description\":\"\u00c5rets f\u00e4rg gr\u00f6nt symboliserar harmoni, balans, tillv\u00e4xt och f\u00f6rnyelse. De gr\u00f6na nyanserna i skogen inbjuder oss till naturens frid.\",\"breadcrumb\":{\"@id\":\"https:\\\/\\\/www.johannagullichsen.com\\\/sv\\\/arets-farg-2025-ar-gront\\\/#breadcrumb\"},\"inLanguage\":\"sv-SE\",\"potentialAction\":[{\"@type\":\"ReadAction\",\"target\":[\"https:\\\/\\\/www.johannagullichsen.com\\\/sv\\\/arets-farg-2025-ar-gront\\\/\"]}]},{\"@type\":\"ImageObject\",\"inLanguage\":\"sv-SE\",\"@id\":\"https:\\\/\\\/www.johannagullichsen.com\\\/sv\\\/arets-farg-2025-ar-gront\\\/#primaryimage\",\"url\":\"https:\\\/\\\/www.johannagullichsen.com\\\/wp-content\\\/uploads\\\/2025\\\/01\\\/Johanna-Gullichsen-Doris-green.jpg\",\"contentUrl\":\"https:\\\/\\\/www.johannagullichsen.com\\\/wp-content\\\/uploads\\\/2025\\\/01\\\/Johanna-Gullichsen-Doris-green.jpg\"},{\"@type\":\"BreadcrumbList\",\"@id\":\"https:\\\/\\\/www.johannagullichsen.com\\\/sv\\\/arets-farg-2025-ar-gront\\\/#breadcrumb\",\"itemListElement\":[{\"@type\":\"ListItem\",\"position\":1,\"name\":\"Home\",\"item\":\"https:\\\/\\\/www.johannagullichsen.com\\\/sv\\\/\"},{\"@type\":\"ListItem\",\"position\":2,\"name\":\"\u00c5rets f\u00e4rg 2025 \u00e4r gr\u00f6n\"}]},{\"@type\":\"WebSite\",\"@id\":\"https:\\\/\\\/www.johannagullichsen.com\\\/sv\\\/#website\",\"url\":\"https:\\\/\\\/www.johannagullichsen.com\\\/sv\\\/\",\"name\":\"Johanna Gullichsen\",\"description\":\"\",\"potentialAction\":[{\"@type\":\"SearchAction\",\"target\":{\"@type\":\"EntryPoint\",\"urlTemplate\":\"https:\\\/\\\/www.johannagullichsen.com\\\/sv\\\/?s={search_term_string}\"},\"query-input\":{\"@type\":\"PropertyValueSpecification\",\"valueRequired\":true,\"valueName\":\"search_term_string\"}}],\"inLanguage\":\"sv-SE\"}]}<\/script>\n<!-- \/ Yoast SEO Premium plugin. -->","yoast_head_json":{"title":"\u00c5rets f\u00e4rg 2025 \u00e4r gr\u00f6n - Johanna Gullichsen","description":"\u00c5rets f\u00e4rg gr\u00f6nt symboliserar harmoni, balans, tillv\u00e4xt och f\u00f6rnyelse. De gr\u00f6na nyanserna i skogen inbjuder oss till naturens frid.","robots":{"index":"index","follow":"follow","max-snippet":"max-snippet:-1","max-image-preview":"max-image-preview:large","max-video-preview":"max-video-preview:-1"},"canonical":"https:\/\/www.johannagullichsen.com\/sv\/arets-farg-2025-ar-gront\/","og_locale":"sv_SE","og_type":"article","og_title":"\u00c5rets f\u00e4rg 2025 \u00e4r gr\u00f6n","og_description":"\u00c5rets f\u00e4rg gr\u00f6nt symboliserar harmoni, balans, tillv\u00e4xt och f\u00f6rnyelse. De gr\u00f6na nyanserna i skogen inbjuder oss till naturens frid.","og_url":"https:\/\/www.johannagullichsen.com\/sv\/arets-farg-2025-ar-gront\/","og_site_name":"Johanna Gullichsen","article_modified_time":"2025-01-17T12:33:52+00:00","og_image":[{"width":1024,"height":572,"url":"https:\/\/www.johannagullichsen.com\/wp-content\/uploads\/2025\/01\/Johanna-Gullichsen-Doris-green-1024x572.jpg","type":"image\/jpeg"}],"twitter_card":"summary_large_image","twitter_misc":{"Ber\u00e4knad l\u00e4stid":"3 minuter"},"schema":{"@context":"https:\/\/schema.org","@graph":[{"@type":"WebPage","@id":"https:\/\/www.johannagullichsen.com\/sv\/arets-farg-2025-ar-gront\/","url":"https:\/\/www.johannagullichsen.com\/sv\/arets-farg-2025-ar-gront\/","name":"\u00c5rets f\u00e4rg 2025 \u00e4r gr\u00f6n - Johanna Gullichsen","isPartOf":{"@id":"https:\/\/www.johannagullichsen.com\/sv\/#website"},"primaryImageOfPage":{"@id":"https:\/\/www.johannagullichsen.com\/sv\/arets-farg-2025-ar-gront\/#primaryimage"},"image":{"@id":"https:\/\/www.johannagullichsen.com\/sv\/arets-farg-2025-ar-gront\/#primaryimage"},"thumbnailUrl":"https:\/\/www.johannagullichsen.com\/wp-content\/uploads\/2025\/01\/Johanna-Gullichsen-Doris-green.jpg","datePublished":"2025-01-16T13:52:44+00:00","dateModified":"2025-01-17T12:33:52+00:00","description":"\u00c5rets f\u00e4rg gr\u00f6nt symboliserar harmoni, balans, tillv\u00e4xt och f\u00f6rnyelse. De gr\u00f6na nyanserna i skogen inbjuder oss till naturens frid.","breadcrumb":{"@id":"https:\/\/www.johannagullichsen.com\/sv\/arets-farg-2025-ar-gront\/#breadcrumb"},"inLanguage":"sv-SE","potentialAction":[{"@type":"ReadAction","target":["https:\/\/www.johannagullichsen.com\/sv\/arets-farg-2025-ar-gront\/"]}]},{"@type":"ImageObject","inLanguage":"sv-SE","@id":"https:\/\/www.johannagullichsen.com\/sv\/arets-farg-2025-ar-gront\/#primaryimage","url":"https:\/\/www.johannagullichsen.com\/wp-content\/uploads\/2025\/01\/Johanna-Gullichsen-Doris-green.jpg","contentUrl":"https:\/\/www.johannagullichsen.com\/wp-content\/uploads\/2025\/01\/Johanna-Gullichsen-Doris-green.jpg"},{"@type":"BreadcrumbList","@id":"https:\/\/www.johannagullichsen.com\/sv\/arets-farg-2025-ar-gront\/#breadcrumb","itemListElement":[{"@type":"ListItem","position":1,"name":"Home","item":"https:\/\/www.johannagullichsen.com\/sv\/"},{"@type":"ListItem","position":2,"name":"\u00c5rets f\u00e4rg 2025 \u00e4r gr\u00f6n"}]},{"@type":"WebSite","@id":"https:\/\/www.johannagullichsen.com\/sv\/#website","url":"https:\/\/www.johannagullichsen.com\/sv\/","name":"Johanna Gullichsen","description":"","potentialAction":[{"@type":"SearchAction","target":{"@type":"EntryPoint","urlTemplate":"https:\/\/www.johannagullichsen.com\/sv\/?s={search_term_string}"},"query-input":{"@type":"PropertyValueSpecification","valueRequired":true,"valueName":"search_term_string"}}],"inLanguage":"sv-SE"}]}},"_links":{"self":[{"href":"https:\/\/www.johannagullichsen.com\/sv\/wp-json\/wp\/v2\/pages\/25366","targetHints":{"allow":["GET"]}}],"collection":[{"href":"https:\/\/www.johannagullichsen.com\/sv\/wp-json\/wp\/v2\/pages"}],"about":[{"href":"https:\/\/www.johannagullichsen.com\/sv\/wp-json\/wp\/v2\/types\/page"}],"author":[{"embeddable":true,"href":"https:\/\/www.johannagullichsen.com\/sv\/wp-json\/wp\/v2\/users\/4"}],"replies":[{"embeddable":true,"href":"https:\/\/www.johannagullichsen.com\/sv\/wp-json\/wp\/v2\/comments?post=25366"}],"version-history":[{"count":3,"href":"https:\/\/www.johannagullichsen.com\/sv\/wp-json\/wp\/v2\/pages\/25366\/revisions"}],"predecessor-version":[{"id":25564,"href":"https:\/\/www.johannagullichsen.com\/sv\/wp-json\/wp\/v2\/pages\/25366\/revisions\/25564"}],"wp:attachment":[{"href":"https:\/\/www.johannagullichsen.com\/sv\/wp-json\/wp\/v2\/media?parent=25366"}],"curies":[{"name":"wp","href":"https:\/\/api.w.org\/{rel}","templated":true}]}}