{"id":26629,"date":"2025-04-03T12:50:16","date_gmt":"2025-04-03T09:50:16","guid":{"rendered":"https:\/\/www.johannagullichsen.com\/?page_id=26629"},"modified":"2026-01-30T13:47:54","modified_gmt":"2026-01-30T11:47:54","slug":"butiker","status":"publish","type":"page","link":"https:\/\/www.johannagullichsen.com\/sv\/butiker\/","title":{"rendered":"Butik"},"content":{"rendered":"<h4 class=\"p1\"><a href=\"https:\/\/www.johannagullichsen.com\/wp-content\/uploads\/2026\/01\/Johanna-Gullichsen-at-Lasipalatsi-Store.jpg\"><img loading=\"lazy\" decoding=\"async\" class=\"aligncenter wp-image-30088 size-full\" src=\"https:\/\/www.johannagullichsen.com\/wp-content\/uploads\/2026\/01\/Johanna-Gullichsen-at-Lasipalatsi-Store.jpg\" alt=\"\" width=\"1200\" height=\"900\" srcset=\"https:\/\/www.johannagullichsen.com\/wp-content\/uploads\/2026\/01\/Johanna-Gullichsen-at-Lasipalatsi-Store.jpg 1200w, https:\/\/www.johannagullichsen.com\/wp-content\/uploads\/2026\/01\/Johanna-Gullichsen-at-Lasipalatsi-Store-300x225.jpg 300w, https:\/\/www.johannagullichsen.com\/wp-content\/uploads\/2026\/01\/Johanna-Gullichsen-at-Lasipalatsi-Store-1024x768.jpg 1024w, https:\/\/www.johannagullichsen.com\/wp-content\/uploads\/2026\/01\/Johanna-Gullichsen-at-Lasipalatsi-Store-768x576.jpg 768w, https:\/\/www.johannagullichsen.com\/wp-content\/uploads\/2026\/01\/Johanna-Gullichsen-at-Lasipalatsi-Store-866x650.jpg 866w, https:\/\/www.johannagullichsen.com\/wp-content\/uploads\/2026\/01\/Johanna-Gullichsen-at-Lasipalatsi-Store-336x252.jpg 336w\" sizes=\"auto, (max-width: 1200px) 100vw, 1200px\" \/><\/a><\/h4>\n<h3 class=\"p1\">V\u00e4lkommen till den f\u00e4rggranna v\u00e4rlden av v\u00e4vda textilier!<\/h3>\n<p class=\"p1\">Uppt\u00e4ck den tidl\u00f6sa sk\u00f6nheten i v\u00e4vda textilier av naturmaterial i Johanna Gullichsens butiker.<\/p>\n<p class=\"p1\">I v\u00e5r butik i Helsingfors kan du utforska hela kollektionen, k\u00e4nna p\u00e5 materialen och uppleva tygens h\u00f6ga kvalitet.Butiken erbjuder ett bredare sortiment \u00e4n n\u00e4tbutiken. H\u00e4r finns n\u00e4stan hundra olika kuddfodral att v\u00e4lja mellan. Hittar du \u00e4nd\u00e5 inte exakt det du s\u00f6ker, tillverkar vi g\u00e4rna produkten som best\u00e4llningsarbete. H\u00e4r kan du \u00e4ven best\u00e4lla m\u00e5ttsydda produkter som s\u00e4ng\u00f6verkast, sittdynor och s\u00e4nggavlar. V\u00e5r kunniga och v\u00e4nliga personal hj\u00e4lper dig g\u00e4rna med allt fr\u00e5n m\u00f6nsterval till sk\u00f6tselr\u00e5d f\u00f6r textilier.<\/p>\n<p class=\"p1\">Kom g\u00e4rna in \u2013 s\u00e5 ser vi tillsammans hur vi kan hj\u00e4lpa dig.<\/p>\n<p class=\"p1\">Butiken i Glaspalatset, bel\u00e4gen i hj\u00e4rtat av Helsingfors, erbjuder en urban shoppingupplevelse. Det centrala l\u00e4get, omgivet av museer, sp\u00e5rvagnar och shoppingcenter, \u00e4r l\u00e4tt att n\u00e5 \u2013 perfekt f\u00f6r ett spontant bes\u00f6k. Den funktionalistiska byggnadens fascinerande historia g\u00e5r hand i hand med Johanna Gullichsens v\u00e4rderingar. D\u00f6rren bredvid butiken leder till konstmuseet Amos Rex och den ikoniska restaurangen Ravintola Lasipalatsi. V\u00e4lkommen till en helhetsupplevelse p\u00e5 Glaspalatset!<\/p>\n<p class=\"p1\">Mannerheimv\u00e4gen 22\u201324<br \/>\n00100 Helsingfors, Finland<br \/>\n\u00d6ppet: M\u00e5n\u2013Fre 11\u201318, L\u00f6r 11\u201317<\/p>\n<h4 class=\"p1\">Handla online<\/h4>\n<p class=\"p1\">Vi hj\u00e4lper dig g\u00e4rna \u00e4ven p\u00e5 n\u00e4tet! Via v\u00e5r n\u00e4tbutik kan du best\u00e4lla tygprover hem, s\u00e5 att du kan f\u00f6rs\u00e4kra dig om f\u00e4rg och kvalitet innan du best\u00e4mmer dig. Har du fr\u00e5gor om v\u00e5ra produkter? Tveka inte att kontakta oss p\u00e5 info@johannagullichsen.com eller ring direkt till butiken.<\/p>\n<p><a href=\"https:\/\/www.johannagullichsen.com\/wp-content\/uploads\/2021\/09\/Johanna-Gullichsen-Lasipalatsi-store-2.jpg\"><img loading=\"lazy\" decoding=\"async\" class=\"aligncenter wp-image-12716 size-full\" src=\"https:\/\/www.johannagullichsen.com\/wp-content\/uploads\/2021\/09\/Johanna-Gullichsen-Lasipalatsi-store-2.jpg\" alt=\"\" width=\"1920\" height=\"1000\" srcset=\"https:\/\/www.johannagullichsen.com\/wp-content\/uploads\/2021\/09\/Johanna-Gullichsen-Lasipalatsi-store-2.jpg 1920w, https:\/\/www.johannagullichsen.com\/wp-content\/uploads\/2021\/09\/Johanna-Gullichsen-Lasipalatsi-store-2-1260x656.jpg 1260w, https:\/\/www.johannagullichsen.com\/wp-content\/uploads\/2021\/09\/Johanna-Gullichsen-Lasipalatsi-store-2-300x156.jpg 300w, https:\/\/www.johannagullichsen.com\/wp-content\/uploads\/2021\/09\/Johanna-Gullichsen-Lasipalatsi-store-2-1024x533.jpg 1024w, https:\/\/www.johannagullichsen.com\/wp-content\/uploads\/2021\/09\/Johanna-Gullichsen-Lasipalatsi-store-2-768x400.jpg 768w, https:\/\/www.johannagullichsen.com\/wp-content\/uploads\/2021\/09\/Johanna-Gullichsen-Lasipalatsi-store-2-1536x800.jpg 1536w\" sizes=\"auto, (max-width: 1920px) 100vw, 1920px\" \/><\/a> <a href=\"https:\/\/www.johannagullichsen.com\/wp-content\/uploads\/2026\/01\/Johanna-Gullichsen-Lasipalatsi-Store-1.jpg\"><img loading=\"lazy\" decoding=\"async\" class=\"aligncenter wp-image-30092 size-full\" src=\"https:\/\/www.johannagullichsen.com\/wp-content\/uploads\/2026\/01\/Johanna-Gullichsen-Lasipalatsi-Store-1.jpg\" alt=\"\" width=\"1200\" height=\"800\" srcset=\"https:\/\/www.johannagullichsen.com\/wp-content\/uploads\/2026\/01\/Johanna-Gullichsen-Lasipalatsi-Store-1.jpg 1200w, https:\/\/www.johannagullichsen.com\/wp-content\/uploads\/2026\/01\/Johanna-Gullichsen-Lasipalatsi-Store-1-300x200.jpg 300w, https:\/\/www.johannagullichsen.com\/wp-content\/uploads\/2026\/01\/Johanna-Gullichsen-Lasipalatsi-Store-1-1024x683.jpg 1024w, https:\/\/www.johannagullichsen.com\/wp-content\/uploads\/2026\/01\/Johanna-Gullichsen-Lasipalatsi-Store-1-768x512.jpg 768w\" sizes=\"auto, (max-width: 1200px) 100vw, 1200px\" \/><\/a> <a href=\"https:\/\/www.johannagullichsen.com\/wp-content\/uploads\/2026\/01\/Johanna-Gullichsen-Lasipalatsi-store-2.jpg\"><img loading=\"lazy\" decoding=\"async\" class=\"aligncenter wp-image-30097 size-full\" src=\"https:\/\/www.johannagullichsen.com\/wp-content\/uploads\/2026\/01\/Johanna-Gullichsen-Lasipalatsi-store-2.jpg\" alt=\"\" width=\"1200\" height=\"800\" srcset=\"https:\/\/www.johannagullichsen.com\/wp-content\/uploads\/2026\/01\/Johanna-Gullichsen-Lasipalatsi-store-2.jpg 1200w, https:\/\/www.johannagullichsen.com\/wp-content\/uploads\/2026\/01\/Johanna-Gullichsen-Lasipalatsi-store-2-300x200.jpg 300w, https:\/\/www.johannagullichsen.com\/wp-content\/uploads\/2026\/01\/Johanna-Gullichsen-Lasipalatsi-store-2-1024x683.jpg 1024w, https:\/\/www.johannagullichsen.com\/wp-content\/uploads\/2026\/01\/Johanna-Gullichsen-Lasipalatsi-store-2-768x512.jpg 768w\" sizes=\"auto, (max-width: 1200px) 100vw, 1200px\" \/><\/a><\/p>\n<p><img loading=\"lazy\" decoding=\"async\" class=\"aligncenter wp-image-12717 size-full\" src=\"https:\/\/www.johannagullichsen.com\/wp-content\/uploads\/2021\/09\/Johanna-Gullichsen-Lasipalatsi-store-3.jpg\" alt=\"\" width=\"1920\" height=\"1000\" srcset=\"https:\/\/www.johannagullichsen.com\/wp-content\/uploads\/2021\/09\/Johanna-Gullichsen-Lasipalatsi-store-3.jpg 1920w, https:\/\/www.johannagullichsen.com\/wp-content\/uploads\/2021\/09\/Johanna-Gullichsen-Lasipalatsi-store-3-1260x656.jpg 1260w, https:\/\/www.johannagullichsen.com\/wp-content\/uploads\/2021\/09\/Johanna-Gullichsen-Lasipalatsi-store-3-300x156.jpg 300w, https:\/\/www.johannagullichsen.com\/wp-content\/uploads\/2021\/09\/Johanna-Gullichsen-Lasipalatsi-store-3-1024x533.jpg 1024w, https:\/\/www.johannagullichsen.com\/wp-content\/uploads\/2021\/09\/Johanna-Gullichsen-Lasipalatsi-store-3-768x400.jpg 768w, https:\/\/www.johannagullichsen.com\/wp-content\/uploads\/2021\/09\/Johanna-Gullichsen-Lasipalatsi-store-3-1536x800.jpg 1536w\" sizes=\"auto, (max-width: 1920px) 100vw, 1920px\" \/><\/p>\n<p class=\"p1\">\n","protected":false},"excerpt":{"rendered":"<p>V\u00e4lkommen till den f\u00e4rggranna v\u00e4rlden av v\u00e4vda textilier! Uppt\u00e4ck den tidl\u00f6sa sk\u00f6nheten i v\u00e4vda textilier av naturmaterial i Johanna Gullichsens butiker. I v\u00e5r butik i Helsingfors kan du utforska hela&hellip;<\/p>\n","protected":false},"author":4,"featured_media":0,"parent":0,"menu_order":0,"comment_status":"closed","ping_status":"closed","template":"","meta":{"_acf_changed":false,"footnotes":""},"class_list":["post-26629","page","type-page","status-publish","hentry"],"acf":[],"yoast_head":"<!-- This site is optimized with the Yoast SEO Premium plugin v27.2 (Yoast SEO v27.5) - https:\/\/yoast.com\/product\/yoast-seo-premium-wordpress\/ -->\n<title>Butik - Johanna Gullichsen<\/title>\n<meta name=\"robots\" content=\"index, follow, max-snippet:-1, max-image-preview:large, max-video-preview:-1\" \/>\n<link rel=\"canonical\" href=\"https:\/\/www.johannagullichsen.com\/sv\/butiker\/\" \/>\n<meta property=\"og:locale\" content=\"sv_SE\" \/>\n<meta property=\"og:type\" content=\"article\" \/>\n<meta property=\"og:title\" content=\"Butik\" \/>\n<meta property=\"og:description\" content=\"V\u00e4lkommen till den f\u00e4rggranna v\u00e4rlden av v\u00e4vda textilier! Uppt\u00e4ck den tidl\u00f6sa sk\u00f6nheten i v\u00e4vda textilier av naturmaterial i Johanna Gullichsens butiker. I v\u00e5r butik i Helsingfors kan du utforska hela&hellip;\" \/>\n<meta property=\"og:url\" content=\"https:\/\/www.johannagullichsen.com\/sv\/butiker\/\" \/>\n<meta property=\"og:site_name\" content=\"Johanna Gullichsen\" \/>\n<meta property=\"article:modified_time\" content=\"2026-01-30T11:47:54+00:00\" \/>\n<meta property=\"og:image\" content=\"https:\/\/www.johannagullichsen.com\/wp-content\/uploads\/2026\/01\/Johanna-Gullichsen-at-Lasipalatsi-Store.jpg\" \/>\n\t<meta property=\"og:image:width\" content=\"1200\" \/>\n\t<meta property=\"og:image:height\" content=\"900\" \/>\n\t<meta property=\"og:image:type\" content=\"image\/jpeg\" \/>\n<meta name=\"twitter:card\" content=\"summary_large_image\" \/>\n<meta name=\"twitter:label1\" content=\"Ber\u00e4knad l\u00e4stid\" \/>\n\t<meta name=\"twitter:data1\" content=\"3 minuter\" \/>\n<script type=\"application\/ld+json\" class=\"yoast-schema-graph\">{\"@context\":\"https:\\\/\\\/schema.org\",\"@graph\":[{\"@type\":\"WebPage\",\"@id\":\"https:\\\/\\\/www.johannagullichsen.com\\\/sv\\\/butiker\\\/\",\"url\":\"https:\\\/\\\/www.johannagullichsen.com\\\/sv\\\/butiker\\\/\",\"name\":\"Butik - Johanna Gullichsen\",\"isPartOf\":{\"@id\":\"https:\\\/\\\/www.johannagullichsen.com\\\/sv\\\/#website\"},\"primaryImageOfPage\":{\"@id\":\"https:\\\/\\\/www.johannagullichsen.com\\\/sv\\\/butiker\\\/#primaryimage\"},\"image\":{\"@id\":\"https:\\\/\\\/www.johannagullichsen.com\\\/sv\\\/butiker\\\/#primaryimage\"},\"thumbnailUrl\":\"https:\\\/\\\/www.johannagullichsen.com\\\/wp-content\\\/uploads\\\/2026\\\/01\\\/Johanna-Gullichsen-at-Lasipalatsi-Store.jpg\",\"datePublished\":\"2025-04-03T09:50:16+00:00\",\"dateModified\":\"2026-01-30T11:47:54+00:00\",\"breadcrumb\":{\"@id\":\"https:\\\/\\\/www.johannagullichsen.com\\\/sv\\\/butiker\\\/#breadcrumb\"},\"inLanguage\":\"sv-SE\",\"potentialAction\":[{\"@type\":\"ReadAction\",\"target\":[\"https:\\\/\\\/www.johannagullichsen.com\\\/sv\\\/butiker\\\/\"]}]},{\"@type\":\"ImageObject\",\"inLanguage\":\"sv-SE\",\"@id\":\"https:\\\/\\\/www.johannagullichsen.com\\\/sv\\\/butiker\\\/#primaryimage\",\"url\":\"https:\\\/\\\/www.johannagullichsen.com\\\/wp-content\\\/uploads\\\/2026\\\/01\\\/Johanna-Gullichsen-at-Lasipalatsi-Store.jpg\",\"contentUrl\":\"https:\\\/\\\/www.johannagullichsen.com\\\/wp-content\\\/uploads\\\/2026\\\/01\\\/Johanna-Gullichsen-at-Lasipalatsi-Store.jpg\"},{\"@type\":\"BreadcrumbList\",\"@id\":\"https:\\\/\\\/www.johannagullichsen.com\\\/sv\\\/butiker\\\/#breadcrumb\",\"itemListElement\":[{\"@type\":\"ListItem\",\"position\":1,\"name\":\"Home\",\"item\":\"https:\\\/\\\/www.johannagullichsen.com\\\/sv\\\/\"},{\"@type\":\"ListItem\",\"position\":2,\"name\":\"Butik\"}]},{\"@type\":\"WebSite\",\"@id\":\"https:\\\/\\\/www.johannagullichsen.com\\\/sv\\\/#website\",\"url\":\"https:\\\/\\\/www.johannagullichsen.com\\\/sv\\\/\",\"name\":\"Johanna Gullichsen\",\"description\":\"\",\"potentialAction\":[{\"@type\":\"SearchAction\",\"target\":{\"@type\":\"EntryPoint\",\"urlTemplate\":\"https:\\\/\\\/www.johannagullichsen.com\\\/sv\\\/?s={search_term_string}\"},\"query-input\":{\"@type\":\"PropertyValueSpecification\",\"valueRequired\":true,\"valueName\":\"search_term_string\"}}],\"inLanguage\":\"sv-SE\"}]}<\/script>\n<!-- \/ Yoast SEO Premium plugin. -->","yoast_head_json":{"title":"Butik - Johanna Gullichsen","robots":{"index":"index","follow":"follow","max-snippet":"max-snippet:-1","max-image-preview":"max-image-preview:large","max-video-preview":"max-video-preview:-1"},"canonical":"https:\/\/www.johannagullichsen.com\/sv\/butiker\/","og_locale":"sv_SE","og_type":"article","og_title":"Butik","og_description":"V\u00e4lkommen till den f\u00e4rggranna v\u00e4rlden av v\u00e4vda textilier! Uppt\u00e4ck den tidl\u00f6sa sk\u00f6nheten i v\u00e4vda textilier av naturmaterial i Johanna Gullichsens butiker. I v\u00e5r butik i Helsingfors kan du utforska hela&hellip;","og_url":"https:\/\/www.johannagullichsen.com\/sv\/butiker\/","og_site_name":"Johanna Gullichsen","article_modified_time":"2026-01-30T11:47:54+00:00","og_image":[{"width":1200,"height":900,"url":"https:\/\/www.johannagullichsen.com\/wp-content\/uploads\/2026\/01\/Johanna-Gullichsen-at-Lasipalatsi-Store.jpg","type":"image\/jpeg"}],"twitter_card":"summary_large_image","twitter_misc":{"Ber\u00e4knad l\u00e4stid":"3 minuter"},"schema":{"@context":"https:\/\/schema.org","@graph":[{"@type":"WebPage","@id":"https:\/\/www.johannagullichsen.com\/sv\/butiker\/","url":"https:\/\/www.johannagullichsen.com\/sv\/butiker\/","name":"Butik - Johanna Gullichsen","isPartOf":{"@id":"https:\/\/www.johannagullichsen.com\/sv\/#website"},"primaryImageOfPage":{"@id":"https:\/\/www.johannagullichsen.com\/sv\/butiker\/#primaryimage"},"image":{"@id":"https:\/\/www.johannagullichsen.com\/sv\/butiker\/#primaryimage"},"thumbnailUrl":"https:\/\/www.johannagullichsen.com\/wp-content\/uploads\/2026\/01\/Johanna-Gullichsen-at-Lasipalatsi-Store.jpg","datePublished":"2025-04-03T09:50:16+00:00","dateModified":"2026-01-30T11:47:54+00:00","breadcrumb":{"@id":"https:\/\/www.johannagullichsen.com\/sv\/butiker\/#breadcrumb"},"inLanguage":"sv-SE","potentialAction":[{"@type":"ReadAction","target":["https:\/\/www.johannagullichsen.com\/sv\/butiker\/"]}]},{"@type":"ImageObject","inLanguage":"sv-SE","@id":"https:\/\/www.johannagullichsen.com\/sv\/butiker\/#primaryimage","url":"https:\/\/www.johannagullichsen.com\/wp-content\/uploads\/2026\/01\/Johanna-Gullichsen-at-Lasipalatsi-Store.jpg","contentUrl":"https:\/\/www.johannagullichsen.com\/wp-content\/uploads\/2026\/01\/Johanna-Gullichsen-at-Lasipalatsi-Store.jpg"},{"@type":"BreadcrumbList","@id":"https:\/\/www.johannagullichsen.com\/sv\/butiker\/#breadcrumb","itemListElement":[{"@type":"ListItem","position":1,"name":"Home","item":"https:\/\/www.johannagullichsen.com\/sv\/"},{"@type":"ListItem","position":2,"name":"Butik"}]},{"@type":"WebSite","@id":"https:\/\/www.johannagullichsen.com\/sv\/#website","url":"https:\/\/www.johannagullichsen.com\/sv\/","name":"Johanna Gullichsen","description":"","potentialAction":[{"@type":"SearchAction","target":{"@type":"EntryPoint","urlTemplate":"https:\/\/www.johannagullichsen.com\/sv\/?s={search_term_string}"},"query-input":{"@type":"PropertyValueSpecification","valueRequired":true,"valueName":"search_term_string"}}],"inLanguage":"sv-SE"}]}},"_links":{"self":[{"href":"https:\/\/www.johannagullichsen.com\/sv\/wp-json\/wp\/v2\/pages\/26629","targetHints":{"allow":["GET"]}}],"collection":[{"href":"https:\/\/www.johannagullichsen.com\/sv\/wp-json\/wp\/v2\/pages"}],"about":[{"href":"https:\/\/www.johannagullichsen.com\/sv\/wp-json\/wp\/v2\/types\/page"}],"author":[{"embeddable":true,"href":"https:\/\/www.johannagullichsen.com\/sv\/wp-json\/wp\/v2\/users\/4"}],"replies":[{"embeddable":true,"href":"https:\/\/www.johannagullichsen.com\/sv\/wp-json\/wp\/v2\/comments?post=26629"}],"version-history":[{"count":8,"href":"https:\/\/www.johannagullichsen.com\/sv\/wp-json\/wp\/v2\/pages\/26629\/revisions"}],"predecessor-version":[{"id":30103,"href":"https:\/\/www.johannagullichsen.com\/sv\/wp-json\/wp\/v2\/pages\/26629\/revisions\/30103"}],"wp:attachment":[{"href":"https:\/\/www.johannagullichsen.com\/sv\/wp-json\/wp\/v2\/media?parent=26629"}],"curies":[{"name":"wp","href":"https:\/\/api.w.org\/{rel}","templated":true}]}}