{"id":27622,"date":"2025-05-23T13:12:41","date_gmt":"2025-05-23T10:12:41","guid":{"rendered":"https:\/\/www.johannagullichsen.com\/?page_id=27622"},"modified":"2025-05-23T13:45:27","modified_gmt":"2025-05-23T10:45:27","slug":"denim-workear","status":"publish","type":"page","link":"https:\/\/www.johannagullichsen.com\/sv\/denim-workear\/","title":{"rendered":"Denim Workear"},"content":{"rendered":"<h3>P\u00e5 Palikais g\u00e5rd<\/h3>\n<p class=\"gmail-p1\">Vi tillbringade n\u00e5gra produktiva och livliga dagar p\u00e5 Palikais g\u00e5rd, Johannas familjeg\u00e5rd. G\u00e5rdsf\u00f6rvaltaren Verner visade oss runt och introducerade oss till v\u00e5rbrukets rytm, fr\u00e5n traktorer till s\u00e5dd p\u00e5 f\u00e4lten. Som ett litet tack fick Verner en ny denimjacka &#8211; perfekt f\u00f6r svala v\u00e5rkv\u00e4llar n\u00e4r arbetet dr\u00f6jer sig kvar in i skymningen.<span class=\"gmail-Apple-converted-space\">\u00a0<\/span><\/p>\n<p class=\"gmail-p1\">I v\u00e4xthuset var plantorna redo att s\u00e4ttas ut, medan andra redan ropade efter st\u00f6rre krukor. Den vackra vinrankan hade, \u00e5terigen, \u00f6vervintrat fint. Denimv\u00e4sten visar sin styrka i tr\u00e4dg\u00e5rden: redskap, tr\u00e4dg\u00e5rdssax och planteringsspadar ryms smidigt i de rymliga fickorna. Oavsett om du arbetar med hammare eller penslar \u00e4r v\u00e4sten designad f\u00f6r uppgiften &#8211; skyddar dina kl\u00e4der och \u00e4r i sig sj\u00e4lv praktisk och bekv\u00e4m.<\/p>\n<p><a href=\"https:\/\/www.johannagullichsen.com\/wp-content\/uploads\/2025\/05\/Johanna-Gullichsen-Denim-jacket-4-copy.jpg\"><img loading=\"lazy\" decoding=\"async\" class=\"aligncenter wp-image-27592 size-large\" src=\"https:\/\/www.johannagullichsen.com\/wp-content\/uploads\/2025\/05\/Johanna-Gullichsen-Denim-jacket-4-copy-691x1024.jpg\" alt=\"\" width=\"691\" height=\"1024\" srcset=\"https:\/\/www.johannagullichsen.com\/wp-content\/uploads\/2025\/05\/Johanna-Gullichsen-Denim-jacket-4-copy-691x1024.jpg 691w, https:\/\/www.johannagullichsen.com\/wp-content\/uploads\/2025\/05\/Johanna-Gullichsen-Denim-jacket-4-copy-203x300.jpg 203w, https:\/\/www.johannagullichsen.com\/wp-content\/uploads\/2025\/05\/Johanna-Gullichsen-Denim-jacket-4-copy-768x1138.jpg 768w, https:\/\/www.johannagullichsen.com\/wp-content\/uploads\/2025\/05\/Johanna-Gullichsen-Denim-jacket-4-copy-1037x1536.jpg 1037w, https:\/\/www.johannagullichsen.com\/wp-content\/uploads\/2025\/05\/Johanna-Gullichsen-Denim-jacket-4-copy.jpg 1080w\" sizes=\"auto, (max-width: 691px) 100vw, 691px\" \/><\/a><\/p>\n<h3>Begr\u00e4nsad upplaga<\/h3>\n<p class=\"gmail-p1\">Arbetskl\u00e4der i denim finns nu tillg\u00e4ngliga i v\u00e5ra butiker i Helsingfors. Kollektionen Workwear inneh\u00e5ller en jacka och en v\u00e4st i tv\u00e5 d\u00e4mpade nyanser: m\u00f6rkr\u00f6d och bl\u00e5gr\u00f6n. B\u00e5da plaggen \u00e4r tillverkade i en fr\u00e4sch linne-bommullsblandning, som mjuknar vackert vid anv\u00e4ndning och tv\u00e4tt. Jackan har en gener\u00f6s passform som passar de flesta, med m\u00e5tten 70 cm \u00f6ver br\u00f6stet och 82 cm fr\u00e5n axel till f\u00e5ll. R\u00e4kna med en naturlig krympning p\u00e5 ca 5-8% efter tv\u00e4tt. V\u00e4sten \u00e4r \u00f6ppen i sidorna och fullt justerbar, vilket g\u00f6r den flexibel och l\u00e4tt att anpassa till olika kroppstyper. M\u00e5tten \u00e4r 64 cm i bredd (fram och bak) och 68 cm i l\u00e4ngd.<\/p>\n<p>&nbsp;<\/p>\n<p data-wp-editing=\"1\"><a href=\"https:\/\/www.johannagullichsen.com\/wp-content\/uploads\/2025\/05\/Johanna-Gullichsen-Denim-vest-1-copy.jpg\"><img loading=\"lazy\" decoding=\"async\" class=\"aligncenter wp-image-27561 size-large\" src=\"https:\/\/www.johannagullichsen.com\/wp-content\/uploads\/2025\/05\/Johanna-Gullichsen-Denim-vest-1-copy-819x1024.jpg\" alt=\"\" width=\"819\" height=\"1024\" srcset=\"https:\/\/www.johannagullichsen.com\/wp-content\/uploads\/2025\/05\/Johanna-Gullichsen-Denim-vest-1-copy-819x1024.jpg 819w, https:\/\/www.johannagullichsen.com\/wp-content\/uploads\/2025\/05\/Johanna-Gullichsen-Denim-vest-1-copy-240x300.jpg 240w, https:\/\/www.johannagullichsen.com\/wp-content\/uploads\/2025\/05\/Johanna-Gullichsen-Denim-vest-1-copy-768x960.jpg 768w, https:\/\/www.johannagullichsen.com\/wp-content\/uploads\/2025\/05\/Johanna-Gullichsen-Denim-vest-1-copy.jpg 1080w\" sizes=\"auto, (max-width: 819px) 100vw, 819px\" \/><\/a><\/p>\n<p><a href=\"https:\/\/www.johannagullichsen.com\/wp-content\/uploads\/2025\/05\/Johanna-Gullichsen-Denim-vest-artist-2.jpg\"><img loading=\"lazy\" decoding=\"async\" class=\"aligncenter wp-image-27574 size-large\" src=\"https:\/\/www.johannagullichsen.com\/wp-content\/uploads\/2025\/05\/Johanna-Gullichsen-Denim-vest-artist-2-1024x768.jpg\" alt=\"\" width=\"1024\" height=\"768\" srcset=\"https:\/\/www.johannagullichsen.com\/wp-content\/uploads\/2025\/05\/Johanna-Gullichsen-Denim-vest-artist-2-1024x768.jpg 1024w, https:\/\/www.johannagullichsen.com\/wp-content\/uploads\/2025\/05\/Johanna-Gullichsen-Denim-vest-artist-2-300x225.jpg 300w, https:\/\/www.johannagullichsen.com\/wp-content\/uploads\/2025\/05\/Johanna-Gullichsen-Denim-vest-artist-2-768x576.jpg 768w, https:\/\/www.johannagullichsen.com\/wp-content\/uploads\/2025\/05\/Johanna-Gullichsen-Denim-vest-artist-2-1536x1152.jpg 1536w, https:\/\/www.johannagullichsen.com\/wp-content\/uploads\/2025\/05\/Johanna-Gullichsen-Denim-vest-artist-2-866x650.jpg 866w, https:\/\/www.johannagullichsen.com\/wp-content\/uploads\/2025\/05\/Johanna-Gullichsen-Denim-vest-artist-2-1260x945.jpg 1260w, https:\/\/www.johannagullichsen.com\/wp-content\/uploads\/2025\/05\/Johanna-Gullichsen-Denim-vest-artist-2-336x252.jpg 336w, https:\/\/www.johannagullichsen.com\/wp-content\/uploads\/2025\/05\/Johanna-Gullichsen-Denim-vest-artist-2.jpg 1600w\" sizes=\"auto, (max-width: 1024px) 100vw, 1024px\" \/><\/a><\/p>\n<p><a href=\"https:\/\/www.johannagullichsen.com\/wp-content\/uploads\/2025\/05\/Johanna-Gullichsen-Denim-vest-artist-4.jpg\"><img loading=\"lazy\" decoding=\"async\" class=\"aligncenter wp-image-27578 size-large\" src=\"https:\/\/www.johannagullichsen.com\/wp-content\/uploads\/2025\/05\/Johanna-Gullichsen-Denim-vest-artist-4-1024x768.jpg\" alt=\"\" width=\"1024\" height=\"768\" srcset=\"https:\/\/www.johannagullichsen.com\/wp-content\/uploads\/2025\/05\/Johanna-Gullichsen-Denim-vest-artist-4-1024x768.jpg 1024w, https:\/\/www.johannagullichsen.com\/wp-content\/uploads\/2025\/05\/Johanna-Gullichsen-Denim-vest-artist-4-300x225.jpg 300w, https:\/\/www.johannagullichsen.com\/wp-content\/uploads\/2025\/05\/Johanna-Gullichsen-Denim-vest-artist-4-768x576.jpg 768w, https:\/\/www.johannagullichsen.com\/wp-content\/uploads\/2025\/05\/Johanna-Gullichsen-Denim-vest-artist-4-1536x1152.jpg 1536w, https:\/\/www.johannagullichsen.com\/wp-content\/uploads\/2025\/05\/Johanna-Gullichsen-Denim-vest-artist-4-866x650.jpg 866w, https:\/\/www.johannagullichsen.com\/wp-content\/uploads\/2025\/05\/Johanna-Gullichsen-Denim-vest-artist-4-1260x945.jpg 1260w, https:\/\/www.johannagullichsen.com\/wp-content\/uploads\/2025\/05\/Johanna-Gullichsen-Denim-vest-artist-4-336x252.jpg 336w, https:\/\/www.johannagullichsen.com\/wp-content\/uploads\/2025\/05\/Johanna-Gullichsen-Denim-vest-artist-4.jpg 1600w\" sizes=\"auto, (max-width: 1024px) 100vw, 1024px\" \/><\/a> <a href=\"https:\/\/www.johannagullichsen.com\/wp-content\/uploads\/2025\/05\/Johanna-Gullichsen-Denim-jacket-gardening-5-IG.jpg\"><img loading=\"lazy\" decoding=\"async\" class=\"aligncenter wp-image-27557 size-large\" src=\"https:\/\/www.johannagullichsen.com\/wp-content\/uploads\/2025\/05\/Johanna-Gullichsen-Denim-jacket-gardening-5-IG-819x1024.jpg\" alt=\"\" width=\"819\" height=\"1024\" srcset=\"https:\/\/www.johannagullichsen.com\/wp-content\/uploads\/2025\/05\/Johanna-Gullichsen-Denim-jacket-gardening-5-IG-819x1024.jpg 819w, https:\/\/www.johannagullichsen.com\/wp-content\/uploads\/2025\/05\/Johanna-Gullichsen-Denim-jacket-gardening-5-IG-240x300.jpg 240w, https:\/\/www.johannagullichsen.com\/wp-content\/uploads\/2025\/05\/Johanna-Gullichsen-Denim-jacket-gardening-5-IG-768x960.jpg 768w, https:\/\/www.johannagullichsen.com\/wp-content\/uploads\/2025\/05\/Johanna-Gullichsen-Denim-jacket-gardening-5-IG.jpg 1080w\" sizes=\"auto, (max-width: 819px) 100vw, 819px\" \/><\/a><a href=\"https:\/\/www.johannagullichsen.com\/wp-content\/uploads\/2025\/05\/Johanna-Gullichsen-Denim-vest-7-IG.jpg\"><img loading=\"lazy\" decoding=\"async\" class=\"aligncenter wp-image-27569 size-large\" src=\"https:\/\/www.johannagullichsen.com\/wp-content\/uploads\/2025\/05\/Johanna-Gullichsen-Denim-vest-7-IG-819x1024.jpg\" alt=\"\" width=\"819\" height=\"1024\" srcset=\"https:\/\/www.johannagullichsen.com\/wp-content\/uploads\/2025\/05\/Johanna-Gullichsen-Denim-vest-7-IG-819x1024.jpg 819w, https:\/\/www.johannagullichsen.com\/wp-content\/uploads\/2025\/05\/Johanna-Gullichsen-Denim-vest-7-IG-240x300.jpg 240w, https:\/\/www.johannagullichsen.com\/wp-content\/uploads\/2025\/05\/Johanna-Gullichsen-Denim-vest-7-IG-768x960.jpg 768w, https:\/\/www.johannagullichsen.com\/wp-content\/uploads\/2025\/05\/Johanna-Gullichsen-Denim-vest-7-IG.jpg 1080w\" sizes=\"auto, (max-width: 819px) 100vw, 819px\" \/><\/a><\/p>\n<p><a href=\"https:\/\/www.johannagullichsen.com\/wp-content\/uploads\/2025\/05\/Johanna-Gullichsen-Denim-vest-6-IG.jpg\"><img loading=\"lazy\" decoding=\"async\" class=\"aligncenter wp-image-27565 size-large\" src=\"https:\/\/www.johannagullichsen.com\/wp-content\/uploads\/2025\/05\/Johanna-Gullichsen-Denim-vest-6-IG-819x1024.jpg\" alt=\"\" width=\"819\" height=\"1024\" srcset=\"https:\/\/www.johannagullichsen.com\/wp-content\/uploads\/2025\/05\/Johanna-Gullichsen-Denim-vest-6-IG-819x1024.jpg 819w, https:\/\/www.johannagullichsen.com\/wp-content\/uploads\/2025\/05\/Johanna-Gullichsen-Denim-vest-6-IG-240x300.jpg 240w, https:\/\/www.johannagullichsen.com\/wp-content\/uploads\/2025\/05\/Johanna-Gullichsen-Denim-vest-6-IG-768x960.jpg 768w, https:\/\/www.johannagullichsen.com\/wp-content\/uploads\/2025\/05\/Johanna-Gullichsen-Denim-vest-6-IG.jpg 1080w\" sizes=\"auto, (max-width: 819px) 100vw, 819px\" \/><\/a><\/p>\n<p><a href=\"https:\/\/www.johannagullichsen.com\/wp-content\/uploads\/2025\/05\/Johanna-Gullichsen-Denim-jacket-12-copy-1.jpg\"><img loading=\"lazy\" decoding=\"async\" class=\"aligncenter wp-image-27608 size-large\" src=\"https:\/\/www.johannagullichsen.com\/wp-content\/uploads\/2025\/05\/Johanna-Gullichsen-Denim-jacket-12-copy-1-819x1024.jpg\" alt=\"\" width=\"819\" height=\"1024\" srcset=\"https:\/\/www.johannagullichsen.com\/wp-content\/uploads\/2025\/05\/Johanna-Gullichsen-Denim-jacket-12-copy-1-819x1024.jpg 819w, https:\/\/www.johannagullichsen.com\/wp-content\/uploads\/2025\/05\/Johanna-Gullichsen-Denim-jacket-12-copy-1-240x300.jpg 240w, https:\/\/www.johannagullichsen.com\/wp-content\/uploads\/2025\/05\/Johanna-Gullichsen-Denim-jacket-12-copy-1-768x960.jpg 768w, https:\/\/www.johannagullichsen.com\/wp-content\/uploads\/2025\/05\/Johanna-Gullichsen-Denim-jacket-12-copy-1.jpg 1080w\" sizes=\"auto, (max-width: 819px) 100vw, 819px\" \/><\/a><\/p>\n","protected":false},"excerpt":{"rendered":"<p>P\u00e5 Palikais g\u00e5rd Vi tillbringade n\u00e5gra produktiva och livliga dagar p\u00e5 Palikais g\u00e5rd, Johannas familjeg\u00e5rd. G\u00e5rdsf\u00f6rvaltaren Verner visade oss runt och introducerade oss till v\u00e5rbrukets rytm, fr\u00e5n traktorer till s\u00e5dd&hellip;<\/p>\n","protected":false},"author":4,"featured_media":0,"parent":0,"menu_order":0,"comment_status":"closed","ping_status":"closed","template":"","meta":{"_acf_changed":false,"footnotes":""},"class_list":["post-27622","page","type-page","status-publish","hentry"],"acf":[],"yoast_head":"<!-- This site is optimized with the Yoast SEO Premium plugin v27.2 (Yoast SEO v27.2) - https:\/\/yoast.com\/product\/yoast-seo-premium-wordpress\/ -->\n<title>Denim Workear - Johanna Gullichsen<\/title>\n<meta name=\"robots\" content=\"index, follow, max-snippet:-1, max-image-preview:large, max-video-preview:-1\" \/>\n<link rel=\"canonical\" href=\"https:\/\/www.johannagullichsen.com\/sv\/denim-workear\/\" \/>\n<meta property=\"og:locale\" content=\"sv_SE\" \/>\n<meta property=\"og:type\" content=\"article\" \/>\n<meta property=\"og:title\" content=\"Denim Workear\" \/>\n<meta property=\"og:description\" content=\"P\u00e5 Palikais g\u00e5rd Vi tillbringade n\u00e5gra produktiva och livliga dagar p\u00e5 Palikais g\u00e5rd, Johannas familjeg\u00e5rd. G\u00e5rdsf\u00f6rvaltaren Verner visade oss runt och introducerade oss till v\u00e5rbrukets rytm, fr\u00e5n traktorer till s\u00e5dd&hellip;\" \/>\n<meta property=\"og:url\" content=\"https:\/\/www.johannagullichsen.com\/sv\/denim-workear\/\" \/>\n<meta property=\"og:site_name\" content=\"Johanna Gullichsen\" \/>\n<meta property=\"article:modified_time\" content=\"2025-05-23T10:45:27+00:00\" \/>\n<meta property=\"og:image\" content=\"https:\/\/www.johannagullichsen.com\/wp-content\/uploads\/2025\/05\/Johanna-Gullichsen-Denim-jacket-4-copy.jpg\" \/>\n\t<meta property=\"og:image:width\" content=\"1080\" \/>\n\t<meta property=\"og:image:height\" content=\"1600\" \/>\n\t<meta property=\"og:image:type\" content=\"image\/jpeg\" \/>\n<meta name=\"twitter:card\" content=\"summary_large_image\" \/>\n<meta name=\"twitter:label1\" content=\"Ber\u00e4knad l\u00e4stid\" \/>\n\t<meta name=\"twitter:data1\" content=\"3 minuter\" \/>\n<script type=\"application\/ld+json\" class=\"yoast-schema-graph\">{\"@context\":\"https:\/\/schema.org\",\"@graph\":[{\"@type\":\"WebPage\",\"@id\":\"https:\/\/www.johannagullichsen.com\/sv\/denim-workear\/\",\"url\":\"https:\/\/www.johannagullichsen.com\/sv\/denim-workear\/\",\"name\":\"Denim Workear - Johanna Gullichsen\",\"isPartOf\":{\"@id\":\"https:\/\/www.johannagullichsen.com\/sv\/#website\"},\"primaryImageOfPage\":{\"@id\":\"https:\/\/www.johannagullichsen.com\/sv\/denim-workear\/#primaryimage\"},\"image\":{\"@id\":\"https:\/\/www.johannagullichsen.com\/sv\/denim-workear\/#primaryimage\"},\"thumbnailUrl\":\"https:\/\/www.johannagullichsen.com\/wp-content\/uploads\/2025\/05\/Johanna-Gullichsen-Denim-jacket-4-copy-691x1024.jpg\",\"datePublished\":\"2025-05-23T10:12:41+00:00\",\"dateModified\":\"2025-05-23T10:45:27+00:00\",\"breadcrumb\":{\"@id\":\"https:\/\/www.johannagullichsen.com\/sv\/denim-workear\/#breadcrumb\"},\"inLanguage\":\"sv-SE\",\"potentialAction\":[{\"@type\":\"ReadAction\",\"target\":[\"https:\/\/www.johannagullichsen.com\/sv\/denim-workear\/\"]}]},{\"@type\":\"ImageObject\",\"inLanguage\":\"sv-SE\",\"@id\":\"https:\/\/www.johannagullichsen.com\/sv\/denim-workear\/#primaryimage\",\"url\":\"https:\/\/www.johannagullichsen.com\/wp-content\/uploads\/2025\/05\/Johanna-Gullichsen-Denim-jacket-4-copy-691x1024.jpg\",\"contentUrl\":\"https:\/\/www.johannagullichsen.com\/wp-content\/uploads\/2025\/05\/Johanna-Gullichsen-Denim-jacket-4-copy-691x1024.jpg\"},{\"@type\":\"BreadcrumbList\",\"@id\":\"https:\/\/www.johannagullichsen.com\/sv\/denim-workear\/#breadcrumb\",\"itemListElement\":[{\"@type\":\"ListItem\",\"position\":1,\"name\":\"Home\",\"item\":\"https:\/\/www.johannagullichsen.com\/sv\/\"},{\"@type\":\"ListItem\",\"position\":2,\"name\":\"Denim Workear\"}]},{\"@type\":\"WebSite\",\"@id\":\"https:\/\/www.johannagullichsen.com\/sv\/#website\",\"url\":\"https:\/\/www.johannagullichsen.com\/sv\/\",\"name\":\"Johanna Gullichsen\",\"description\":\"\",\"potentialAction\":[{\"@type\":\"SearchAction\",\"target\":{\"@type\":\"EntryPoint\",\"urlTemplate\":\"https:\/\/www.johannagullichsen.com\/sv\/?s={search_term_string}\"},\"query-input\":{\"@type\":\"PropertyValueSpecification\",\"valueRequired\":true,\"valueName\":\"search_term_string\"}}],\"inLanguage\":\"sv-SE\"}]}<\/script>\n<!-- \/ Yoast SEO Premium plugin. -->","yoast_head_json":{"title":"Denim Workear - Johanna Gullichsen","robots":{"index":"index","follow":"follow","max-snippet":"max-snippet:-1","max-image-preview":"max-image-preview:large","max-video-preview":"max-video-preview:-1"},"canonical":"https:\/\/www.johannagullichsen.com\/sv\/denim-workear\/","og_locale":"sv_SE","og_type":"article","og_title":"Denim Workear","og_description":"P\u00e5 Palikais g\u00e5rd Vi tillbringade n\u00e5gra produktiva och livliga dagar p\u00e5 Palikais g\u00e5rd, Johannas familjeg\u00e5rd. G\u00e5rdsf\u00f6rvaltaren Verner visade oss runt och introducerade oss till v\u00e5rbrukets rytm, fr\u00e5n traktorer till s\u00e5dd&hellip;","og_url":"https:\/\/www.johannagullichsen.com\/sv\/denim-workear\/","og_site_name":"Johanna Gullichsen","article_modified_time":"2025-05-23T10:45:27+00:00","og_image":[{"width":1080,"height":1600,"url":"https:\/\/www.johannagullichsen.com\/wp-content\/uploads\/2025\/05\/Johanna-Gullichsen-Denim-jacket-4-copy.jpg","type":"image\/jpeg"}],"twitter_card":"summary_large_image","twitter_misc":{"Ber\u00e4knad l\u00e4stid":"3 minuter"},"schema":{"@context":"https:\/\/schema.org","@graph":[{"@type":"WebPage","@id":"https:\/\/www.johannagullichsen.com\/sv\/denim-workear\/","url":"https:\/\/www.johannagullichsen.com\/sv\/denim-workear\/","name":"Denim Workear - Johanna Gullichsen","isPartOf":{"@id":"https:\/\/www.johannagullichsen.com\/sv\/#website"},"primaryImageOfPage":{"@id":"https:\/\/www.johannagullichsen.com\/sv\/denim-workear\/#primaryimage"},"image":{"@id":"https:\/\/www.johannagullichsen.com\/sv\/denim-workear\/#primaryimage"},"thumbnailUrl":"https:\/\/www.johannagullichsen.com\/wp-content\/uploads\/2025\/05\/Johanna-Gullichsen-Denim-jacket-4-copy-691x1024.jpg","datePublished":"2025-05-23T10:12:41+00:00","dateModified":"2025-05-23T10:45:27+00:00","breadcrumb":{"@id":"https:\/\/www.johannagullichsen.com\/sv\/denim-workear\/#breadcrumb"},"inLanguage":"sv-SE","potentialAction":[{"@type":"ReadAction","target":["https:\/\/www.johannagullichsen.com\/sv\/denim-workear\/"]}]},{"@type":"ImageObject","inLanguage":"sv-SE","@id":"https:\/\/www.johannagullichsen.com\/sv\/denim-workear\/#primaryimage","url":"https:\/\/www.johannagullichsen.com\/wp-content\/uploads\/2025\/05\/Johanna-Gullichsen-Denim-jacket-4-copy-691x1024.jpg","contentUrl":"https:\/\/www.johannagullichsen.com\/wp-content\/uploads\/2025\/05\/Johanna-Gullichsen-Denim-jacket-4-copy-691x1024.jpg"},{"@type":"BreadcrumbList","@id":"https:\/\/www.johannagullichsen.com\/sv\/denim-workear\/#breadcrumb","itemListElement":[{"@type":"ListItem","position":1,"name":"Home","item":"https:\/\/www.johannagullichsen.com\/sv\/"},{"@type":"ListItem","position":2,"name":"Denim Workear"}]},{"@type":"WebSite","@id":"https:\/\/www.johannagullichsen.com\/sv\/#website","url":"https:\/\/www.johannagullichsen.com\/sv\/","name":"Johanna Gullichsen","description":"","potentialAction":[{"@type":"SearchAction","target":{"@type":"EntryPoint","urlTemplate":"https:\/\/www.johannagullichsen.com\/sv\/?s={search_term_string}"},"query-input":{"@type":"PropertyValueSpecification","valueRequired":true,"valueName":"search_term_string"}}],"inLanguage":"sv-SE"}]}},"_links":{"self":[{"href":"https:\/\/www.johannagullichsen.com\/sv\/wp-json\/wp\/v2\/pages\/27622","targetHints":{"allow":["GET"]}}],"collection":[{"href":"https:\/\/www.johannagullichsen.com\/sv\/wp-json\/wp\/v2\/pages"}],"about":[{"href":"https:\/\/www.johannagullichsen.com\/sv\/wp-json\/wp\/v2\/types\/page"}],"author":[{"embeddable":true,"href":"https:\/\/www.johannagullichsen.com\/sv\/wp-json\/wp\/v2\/users\/4"}],"replies":[{"embeddable":true,"href":"https:\/\/www.johannagullichsen.com\/sv\/wp-json\/wp\/v2\/comments?post=27622"}],"version-history":[{"count":3,"href":"https:\/\/www.johannagullichsen.com\/sv\/wp-json\/wp\/v2\/pages\/27622\/revisions"}],"predecessor-version":[{"id":27649,"href":"https:\/\/www.johannagullichsen.com\/sv\/wp-json\/wp\/v2\/pages\/27622\/revisions\/27649"}],"wp:attachment":[{"href":"https:\/\/www.johannagullichsen.com\/sv\/wp-json\/wp\/v2\/media?parent=27622"}],"curies":[{"name":"wp","href":"https:\/\/api.w.org\/{rel}","templated":true}]}}