{"id":28503,"date":"2025-08-08T14:06:15","date_gmt":"2025-08-08T11:06:15","guid":{"rendered":"https:\/\/www.johannagullichsen.com\/?page_id=28503"},"modified":"2025-08-27T14:42:42","modified_gmt":"2025-08-27T11:42:42","slug":"tapio-anttila-johanna-gullichsen","status":"publish","type":"page","link":"https:\/\/www.johannagullichsen.com\/sv\/tapio-anttila-johanna-gullichsen\/","title":{"rendered":"Tapio Anttila + Johanna Gullichsen"},"content":{"rendered":"<h3>Tapio Anttilas b\u00e4ddsoffa ON2Wood i Nereus mandelgr\u00f6n.<\/h3>\n<p><a href=\"https:\/\/www.johannagullichsen.com\/wp-content\/uploads\/2025\/08\/04-ON2-Wood-sofa-bed-cusion-cover-Johanna-Gullichsen-Nereus-2.jpg\"><img loading=\"lazy\" decoding=\"async\" class=\"aligncenter wp-image-28287 size-full\" src=\"https:\/\/www.johannagullichsen.com\/wp-content\/uploads\/2025\/08\/04-ON2-Wood-sofa-bed-cusion-cover-Johanna-Gullichsen-Nereus-2.jpg\" alt=\"\" width=\"1000\" height=\"625\" srcset=\"https:\/\/www.johannagullichsen.com\/wp-content\/uploads\/2025\/08\/04-ON2-Wood-sofa-bed-cusion-cover-Johanna-Gullichsen-Nereus-2.jpg 1000w, https:\/\/www.johannagullichsen.com\/wp-content\/uploads\/2025\/08\/04-ON2-Wood-sofa-bed-cusion-cover-Johanna-Gullichsen-Nereus-2-300x188.jpg 300w, https:\/\/www.johannagullichsen.com\/wp-content\/uploads\/2025\/08\/04-ON2-Wood-sofa-bed-cusion-cover-Johanna-Gullichsen-Nereus-2-768x480.jpg 768w\" sizes=\"auto, (max-width: 1000px) 100vw, 1000px\" \/><\/a><\/p>\n<h4>En specialserie f\u00f6r individualister<\/h4>\n<p>Johanna Gullichsens m\u00f6nster Nereus i mandelgr\u00f6nt valdes till favorit i en omr\u00f6stning ordnad av Tapio Anttila. B\u00e4ddsoffan ON2Wood kan nu kl\u00e4s i Nereus m\u00f6nster. Kuddfodralen och soffan kan best\u00e4llas fr\u00e5n Tapio Anttilas n\u00e4tbutik, och soffan kommer att visas hos Johanna Gullichsen i Glaspalatset fr\u00e5n slutet av augusti till slutet av september 2025.<\/p>\n<p>Samarbetet kom till naturligt. \u201dJohanna och jag har k\u00e4nt varandra l\u00e4nge. Vi har ofta diskuterat m\u00f6jligheten till samarbete, och nu har det blivit verklighet!\u00a0 \u00a0 ON2-b\u00e4ddsoffan och tyget Nereus har b\u00e5da en tidl\u00f6s design, s\u00e5 det var ingen \u00f6verraskning att de kompletterar varandra s\u00e5 v\u00e4l\u201d, s\u00e4ger Tapio Anttila om projektet.<\/p>\n<p>Soffan har tv\u00e5 ryggkuddar och tv\u00e5 armst\u00f6dskuddar med fodral av Nereustyg. Inne i kuddarna finns b\u00e4ddmadrass, t\u00e4cken och dynor f\u00f6r att b\u00e4dda f\u00f6r 2 personer.<\/p>\n<p>\u201dDu kan byta kudd\u00f6verdrag efter s\u00e4song, tillf\u00e4lle eller hum\u00f6r \u2013 en liten f\u00f6r\u00e4ndring kan g\u00f6ra en \u00f6verraskande skillnad\u201d, f\u00f6resl\u00e5r inredningsarkitekten Arja Anttila.<\/p>\n<h4>Tidl\u00f6s design<\/h4>\n<p>B\u00e4ddsoffan ON2 \u00e4r b\u00e5de l\u00e4tt och praktisk, en perfekt l\u00f6sning f\u00f6r hush\u00e5ll i behov av g\u00e4sts\u00e4ngar. Soffan har tillverkats sedan 2007, dess l\u00e5nga livsl\u00e4ngd vittnar om tidl\u00f6s design som t\u00e5l slitage. ON2Wood \u00e4r gjord f\u00f6r vardagslivet och \u00e4r l\u00e4tt att anpassa till olika boendesituationer. P\u00e5 dagen en bekv\u00e4m, stilig soffa som till\u00a0 natten snabbt kan f\u00f6rvandlas till en rymlig dubbels\u00e4ng (160 x 200 cm) eller, till tv\u00e5 separata s\u00e4ngar (2 x 80 x 200 cm).<\/p>\n<p>\u201dI mitten av 2000-talet fann jag en lucka i marknaden. Alla d\u00e5 befintliga b\u00e4ddsoffor hade tunga mekanismer, vilket gjorde dem obekv\u00e4ma att sitta eller sova i. Vanligtvis var de dubbels\u00e4ngar. Men g\u00e4ster \u00e4r inte alltid par, n\u00e4r tillf\u00e4lliga sovplatser beh\u00f6vdes kunde besv\u00e4rande\u00a0 situationer uppst\u00e5. Jag ville l\u00f6sa problemet genom design&#8221; s\u00e5 beskriver Tapio Anttila hur ON2 soffan kom till.<\/p>\n<p>Hj\u00e4rtligt v\u00e4lkomna att bes\u00f6ka oss i Glaspalatset och bekanta er med samarbetet mellan Tapio Anttila och Johanna Gullichsen!<\/p>\n<p><a href=\"https:\/\/www.johannagullichsen.com\/wp-content\/uploads\/2025\/08\/TAC_MG_7250-scaled.jpg\"><img loading=\"lazy\" decoding=\"async\" class=\"aligncenter wp-image-28282 size-full\" src=\"https:\/\/www.johannagullichsen.com\/wp-content\/uploads\/2025\/08\/TAC_MG_7250-scaled.jpg\" alt=\"\" width=\"2560\" height=\"2186\" srcset=\"https:\/\/www.johannagullichsen.com\/wp-content\/uploads\/2025\/08\/TAC_MG_7250-scaled.jpg 2560w, https:\/\/www.johannagullichsen.com\/wp-content\/uploads\/2025\/08\/TAC_MG_7250-300x256.jpg 300w, https:\/\/www.johannagullichsen.com\/wp-content\/uploads\/2025\/08\/TAC_MG_7250-1024x874.jpg 1024w, https:\/\/www.johannagullichsen.com\/wp-content\/uploads\/2025\/08\/TAC_MG_7250-768x656.jpg 768w, https:\/\/www.johannagullichsen.com\/wp-content\/uploads\/2025\/08\/TAC_MG_7250-1536x1312.jpg 1536w, https:\/\/www.johannagullichsen.com\/wp-content\/uploads\/2025\/08\/TAC_MG_7250-2048x1749.jpg 2048w, https:\/\/www.johannagullichsen.com\/wp-content\/uploads\/2025\/08\/TAC_MG_7250-1920x1639.jpg 1920w, https:\/\/www.johannagullichsen.com\/wp-content\/uploads\/2025\/08\/TAC_MG_7250-1260x1076.jpg 1260w\" sizes=\"auto, (max-width: 2560px) 100vw, 2560px\" \/><\/a> <a href=\"https:\/\/www.johannagullichsen.com\/wp-content\/uploads\/2025\/08\/08-ON2-Wood-sofa-bed-cusion-cover-Johanna-Gullichsen-Nereus.jpg\"><img loading=\"lazy\" decoding=\"async\" class=\"aligncenter wp-image-28278 size-full\" src=\"https:\/\/www.johannagullichsen.com\/wp-content\/uploads\/2025\/08\/08-ON2-Wood-sofa-bed-cusion-cover-Johanna-Gullichsen-Nereus.jpg\" alt=\"\" width=\"1600\" height=\"1204\" srcset=\"https:\/\/www.johannagullichsen.com\/wp-content\/uploads\/2025\/08\/08-ON2-Wood-sofa-bed-cusion-cover-Johanna-Gullichsen-Nereus.jpg 1600w, https:\/\/www.johannagullichsen.com\/wp-content\/uploads\/2025\/08\/08-ON2-Wood-sofa-bed-cusion-cover-Johanna-Gullichsen-Nereus-300x226.jpg 300w, https:\/\/www.johannagullichsen.com\/wp-content\/uploads\/2025\/08\/08-ON2-Wood-sofa-bed-cusion-cover-Johanna-Gullichsen-Nereus-1024x771.jpg 1024w, https:\/\/www.johannagullichsen.com\/wp-content\/uploads\/2025\/08\/08-ON2-Wood-sofa-bed-cusion-cover-Johanna-Gullichsen-Nereus-768x578.jpg 768w, https:\/\/www.johannagullichsen.com\/wp-content\/uploads\/2025\/08\/08-ON2-Wood-sofa-bed-cusion-cover-Johanna-Gullichsen-Nereus-1536x1156.jpg 1536w, https:\/\/www.johannagullichsen.com\/wp-content\/uploads\/2025\/08\/08-ON2-Wood-sofa-bed-cusion-cover-Johanna-Gullichsen-Nereus-1260x948.jpg 1260w, https:\/\/www.johannagullichsen.com\/wp-content\/uploads\/2025\/08\/08-ON2-Wood-sofa-bed-cusion-cover-Johanna-Gullichsen-Nereus-336x252.jpg 336w\" sizes=\"auto, (max-width: 1600px) 100vw, 1600px\" \/><\/a> <a href=\"https:\/\/www.johannagullichsen.com\/wp-content\/uploads\/2025\/08\/02-ON2-Wood-sofa-bed-cusion-cover-Johanna-Gullichsen-Nereus-2.jpg\"><img loading=\"lazy\" decoding=\"async\" class=\"aligncenter wp-image-28296 size-full\" src=\"https:\/\/www.johannagullichsen.com\/wp-content\/uploads\/2025\/08\/02-ON2-Wood-sofa-bed-cusion-cover-Johanna-Gullichsen-Nereus-2.jpg\" alt=\"\" width=\"1600\" height=\"1000\" srcset=\"https:\/\/www.johannagullichsen.com\/wp-content\/uploads\/2025\/08\/02-ON2-Wood-sofa-bed-cusion-cover-Johanna-Gullichsen-Nereus-2.jpg 1600w, https:\/\/www.johannagullichsen.com\/wp-content\/uploads\/2025\/08\/02-ON2-Wood-sofa-bed-cusion-cover-Johanna-Gullichsen-Nereus-2-300x188.jpg 300w, https:\/\/www.johannagullichsen.com\/wp-content\/uploads\/2025\/08\/02-ON2-Wood-sofa-bed-cusion-cover-Johanna-Gullichsen-Nereus-2-1024x640.jpg 1024w, https:\/\/www.johannagullichsen.com\/wp-content\/uploads\/2025\/08\/02-ON2-Wood-sofa-bed-cusion-cover-Johanna-Gullichsen-Nereus-2-768x480.jpg 768w, https:\/\/www.johannagullichsen.com\/wp-content\/uploads\/2025\/08\/02-ON2-Wood-sofa-bed-cusion-cover-Johanna-Gullichsen-Nereus-2-1536x960.jpg 1536w, https:\/\/www.johannagullichsen.com\/wp-content\/uploads\/2025\/08\/02-ON2-Wood-sofa-bed-cusion-cover-Johanna-Gullichsen-Nereus-2-1260x788.jpg 1260w\" sizes=\"auto, (max-width: 1600px) 100vw, 1600px\" \/><\/a><\/p>\n","protected":false},"excerpt":{"rendered":"<p>Tapio Anttilas b\u00e4ddsoffa ON2Wood i Nereus mandelgr\u00f6n. En specialserie f\u00f6r individualister Johanna Gullichsens m\u00f6nster Nereus i mandelgr\u00f6nt valdes till favorit i en omr\u00f6stning ordnad av Tapio Anttila. B\u00e4ddsoffan ON2Wood kan&hellip;<\/p>\n","protected":false},"author":5,"featured_media":0,"parent":0,"menu_order":0,"comment_status":"closed","ping_status":"closed","template":"","meta":{"_acf_changed":false,"footnotes":""},"class_list":["post-28503","page","type-page","status-publish","hentry"],"acf":[],"yoast_head":"<!-- This site is optimized with the Yoast SEO Premium plugin v27.2 (Yoast SEO v27.5) - https:\/\/yoast.com\/product\/yoast-seo-premium-wordpress\/ -->\n<title>Tapio Anttila + Johanna Gullichsen - Johanna Gullichsen<\/title>\n<meta name=\"description\" content=\"Johanna Gullichsens m\u00f6nster Nereus i mandelgr\u00f6nt valdes till favorit f\u00f6r b\u00e4ddsoffan ON2Wood av Tapio Anttila\" \/>\n<meta name=\"robots\" content=\"index, follow, max-snippet:-1, max-image-preview:large, max-video-preview:-1\" \/>\n<link rel=\"canonical\" href=\"https:\/\/www.johannagullichsen.com\/sv\/tapio-anttila-johanna-gullichsen\/\" \/>\n<meta property=\"og:locale\" content=\"sv_SE\" \/>\n<meta property=\"og:type\" content=\"article\" \/>\n<meta property=\"og:title\" content=\"Tapio Anttila + Johanna Gullichsen\" \/>\n<meta property=\"og:description\" content=\"Johanna Gullichsens m\u00f6nster Nereus i mandelgr\u00f6nt valdes till favorit f\u00f6r b\u00e4ddsoffan ON2Wood av Tapio Anttila\" \/>\n<meta property=\"og:url\" content=\"https:\/\/www.johannagullichsen.com\/sv\/tapio-anttila-johanna-gullichsen\/\" \/>\n<meta property=\"og:site_name\" content=\"Johanna Gullichsen\" \/>\n<meta property=\"article:modified_time\" content=\"2025-08-27T11:42:42+00:00\" \/>\n<meta property=\"og:image\" content=\"https:\/\/www.johannagullichsen.com\/wp-content\/uploads\/2025\/08\/04-ON2-Wood-sofa-bed-cusion-cover-Johanna-Gullichsen-Nereus-2.jpg\" \/>\n\t<meta property=\"og:image:width\" content=\"1000\" \/>\n\t<meta property=\"og:image:height\" content=\"625\" \/>\n\t<meta property=\"og:image:type\" content=\"image\/jpeg\" \/>\n<meta name=\"twitter:card\" content=\"summary_large_image\" \/>\n<meta name=\"twitter:label1\" content=\"Ber\u00e4knad l\u00e4stid\" \/>\n\t<meta name=\"twitter:data1\" content=\"3 minuter\" \/>\n<script type=\"application\/ld+json\" class=\"yoast-schema-graph\">{\"@context\":\"https:\\\/\\\/schema.org\",\"@graph\":[{\"@type\":\"WebPage\",\"@id\":\"https:\\\/\\\/www.johannagullichsen.com\\\/sv\\\/tapio-anttila-johanna-gullichsen\\\/\",\"url\":\"https:\\\/\\\/www.johannagullichsen.com\\\/sv\\\/tapio-anttila-johanna-gullichsen\\\/\",\"name\":\"Tapio Anttila + Johanna Gullichsen - Johanna Gullichsen\",\"isPartOf\":{\"@id\":\"https:\\\/\\\/www.johannagullichsen.com\\\/sv\\\/#website\"},\"primaryImageOfPage\":{\"@id\":\"https:\\\/\\\/www.johannagullichsen.com\\\/sv\\\/tapio-anttila-johanna-gullichsen\\\/#primaryimage\"},\"image\":{\"@id\":\"https:\\\/\\\/www.johannagullichsen.com\\\/sv\\\/tapio-anttila-johanna-gullichsen\\\/#primaryimage\"},\"thumbnailUrl\":\"https:\\\/\\\/www.johannagullichsen.com\\\/wp-content\\\/uploads\\\/2025\\\/08\\\/04-ON2-Wood-sofa-bed-cusion-cover-Johanna-Gullichsen-Nereus-2.jpg\",\"datePublished\":\"2025-08-08T11:06:15+00:00\",\"dateModified\":\"2025-08-27T11:42:42+00:00\",\"description\":\"Johanna Gullichsens m\u00f6nster Nereus i mandelgr\u00f6nt valdes till favorit f\u00f6r b\u00e4ddsoffan ON2Wood av Tapio Anttila\",\"breadcrumb\":{\"@id\":\"https:\\\/\\\/www.johannagullichsen.com\\\/sv\\\/tapio-anttila-johanna-gullichsen\\\/#breadcrumb\"},\"inLanguage\":\"sv-SE\",\"potentialAction\":[{\"@type\":\"ReadAction\",\"target\":[\"https:\\\/\\\/www.johannagullichsen.com\\\/sv\\\/tapio-anttila-johanna-gullichsen\\\/\"]}]},{\"@type\":\"ImageObject\",\"inLanguage\":\"sv-SE\",\"@id\":\"https:\\\/\\\/www.johannagullichsen.com\\\/sv\\\/tapio-anttila-johanna-gullichsen\\\/#primaryimage\",\"url\":\"https:\\\/\\\/www.johannagullichsen.com\\\/wp-content\\\/uploads\\\/2025\\\/08\\\/04-ON2-Wood-sofa-bed-cusion-cover-Johanna-Gullichsen-Nereus-2.jpg\",\"contentUrl\":\"https:\\\/\\\/www.johannagullichsen.com\\\/wp-content\\\/uploads\\\/2025\\\/08\\\/04-ON2-Wood-sofa-bed-cusion-cover-Johanna-Gullichsen-Nereus-2.jpg\"},{\"@type\":\"BreadcrumbList\",\"@id\":\"https:\\\/\\\/www.johannagullichsen.com\\\/sv\\\/tapio-anttila-johanna-gullichsen\\\/#breadcrumb\",\"itemListElement\":[{\"@type\":\"ListItem\",\"position\":1,\"name\":\"Home\",\"item\":\"https:\\\/\\\/www.johannagullichsen.com\\\/sv\\\/\"},{\"@type\":\"ListItem\",\"position\":2,\"name\":\"Tapio Anttila + Johanna Gullichsen\"}]},{\"@type\":\"WebSite\",\"@id\":\"https:\\\/\\\/www.johannagullichsen.com\\\/sv\\\/#website\",\"url\":\"https:\\\/\\\/www.johannagullichsen.com\\\/sv\\\/\",\"name\":\"Johanna Gullichsen\",\"description\":\"\",\"potentialAction\":[{\"@type\":\"SearchAction\",\"target\":{\"@type\":\"EntryPoint\",\"urlTemplate\":\"https:\\\/\\\/www.johannagullichsen.com\\\/sv\\\/?s={search_term_string}\"},\"query-input\":{\"@type\":\"PropertyValueSpecification\",\"valueRequired\":true,\"valueName\":\"search_term_string\"}}],\"inLanguage\":\"sv-SE\"}]}<\/script>\n<!-- \/ Yoast SEO Premium plugin. -->","yoast_head_json":{"title":"Tapio Anttila + Johanna Gullichsen - Johanna Gullichsen","description":"Johanna Gullichsens m\u00f6nster Nereus i mandelgr\u00f6nt valdes till favorit f\u00f6r b\u00e4ddsoffan ON2Wood av Tapio Anttila","robots":{"index":"index","follow":"follow","max-snippet":"max-snippet:-1","max-image-preview":"max-image-preview:large","max-video-preview":"max-video-preview:-1"},"canonical":"https:\/\/www.johannagullichsen.com\/sv\/tapio-anttila-johanna-gullichsen\/","og_locale":"sv_SE","og_type":"article","og_title":"Tapio Anttila + Johanna Gullichsen","og_description":"Johanna Gullichsens m\u00f6nster Nereus i mandelgr\u00f6nt valdes till favorit f\u00f6r b\u00e4ddsoffan ON2Wood av Tapio Anttila","og_url":"https:\/\/www.johannagullichsen.com\/sv\/tapio-anttila-johanna-gullichsen\/","og_site_name":"Johanna Gullichsen","article_modified_time":"2025-08-27T11:42:42+00:00","og_image":[{"width":1000,"height":625,"url":"https:\/\/www.johannagullichsen.com\/wp-content\/uploads\/2025\/08\/04-ON2-Wood-sofa-bed-cusion-cover-Johanna-Gullichsen-Nereus-2.jpg","type":"image\/jpeg"}],"twitter_card":"summary_large_image","twitter_misc":{"Ber\u00e4knad l\u00e4stid":"3 minuter"},"schema":{"@context":"https:\/\/schema.org","@graph":[{"@type":"WebPage","@id":"https:\/\/www.johannagullichsen.com\/sv\/tapio-anttila-johanna-gullichsen\/","url":"https:\/\/www.johannagullichsen.com\/sv\/tapio-anttila-johanna-gullichsen\/","name":"Tapio Anttila + Johanna Gullichsen - Johanna Gullichsen","isPartOf":{"@id":"https:\/\/www.johannagullichsen.com\/sv\/#website"},"primaryImageOfPage":{"@id":"https:\/\/www.johannagullichsen.com\/sv\/tapio-anttila-johanna-gullichsen\/#primaryimage"},"image":{"@id":"https:\/\/www.johannagullichsen.com\/sv\/tapio-anttila-johanna-gullichsen\/#primaryimage"},"thumbnailUrl":"https:\/\/www.johannagullichsen.com\/wp-content\/uploads\/2025\/08\/04-ON2-Wood-sofa-bed-cusion-cover-Johanna-Gullichsen-Nereus-2.jpg","datePublished":"2025-08-08T11:06:15+00:00","dateModified":"2025-08-27T11:42:42+00:00","description":"Johanna Gullichsens m\u00f6nster Nereus i mandelgr\u00f6nt valdes till favorit f\u00f6r b\u00e4ddsoffan ON2Wood av Tapio Anttila","breadcrumb":{"@id":"https:\/\/www.johannagullichsen.com\/sv\/tapio-anttila-johanna-gullichsen\/#breadcrumb"},"inLanguage":"sv-SE","potentialAction":[{"@type":"ReadAction","target":["https:\/\/www.johannagullichsen.com\/sv\/tapio-anttila-johanna-gullichsen\/"]}]},{"@type":"ImageObject","inLanguage":"sv-SE","@id":"https:\/\/www.johannagullichsen.com\/sv\/tapio-anttila-johanna-gullichsen\/#primaryimage","url":"https:\/\/www.johannagullichsen.com\/wp-content\/uploads\/2025\/08\/04-ON2-Wood-sofa-bed-cusion-cover-Johanna-Gullichsen-Nereus-2.jpg","contentUrl":"https:\/\/www.johannagullichsen.com\/wp-content\/uploads\/2025\/08\/04-ON2-Wood-sofa-bed-cusion-cover-Johanna-Gullichsen-Nereus-2.jpg"},{"@type":"BreadcrumbList","@id":"https:\/\/www.johannagullichsen.com\/sv\/tapio-anttila-johanna-gullichsen\/#breadcrumb","itemListElement":[{"@type":"ListItem","position":1,"name":"Home","item":"https:\/\/www.johannagullichsen.com\/sv\/"},{"@type":"ListItem","position":2,"name":"Tapio Anttila + Johanna Gullichsen"}]},{"@type":"WebSite","@id":"https:\/\/www.johannagullichsen.com\/sv\/#website","url":"https:\/\/www.johannagullichsen.com\/sv\/","name":"Johanna Gullichsen","description":"","potentialAction":[{"@type":"SearchAction","target":{"@type":"EntryPoint","urlTemplate":"https:\/\/www.johannagullichsen.com\/sv\/?s={search_term_string}"},"query-input":{"@type":"PropertyValueSpecification","valueRequired":true,"valueName":"search_term_string"}}],"inLanguage":"sv-SE"}]}},"_links":{"self":[{"href":"https:\/\/www.johannagullichsen.com\/sv\/wp-json\/wp\/v2\/pages\/28503","targetHints":{"allow":["GET"]}}],"collection":[{"href":"https:\/\/www.johannagullichsen.com\/sv\/wp-json\/wp\/v2\/pages"}],"about":[{"href":"https:\/\/www.johannagullichsen.com\/sv\/wp-json\/wp\/v2\/types\/page"}],"author":[{"embeddable":true,"href":"https:\/\/www.johannagullichsen.com\/sv\/wp-json\/wp\/v2\/users\/5"}],"replies":[{"embeddable":true,"href":"https:\/\/www.johannagullichsen.com\/sv\/wp-json\/wp\/v2\/comments?post=28503"}],"version-history":[{"count":6,"href":"https:\/\/www.johannagullichsen.com\/sv\/wp-json\/wp\/v2\/pages\/28503\/revisions"}],"predecessor-version":[{"id":28514,"href":"https:\/\/www.johannagullichsen.com\/sv\/wp-json\/wp\/v2\/pages\/28503\/revisions\/28514"}],"wp:attachment":[{"href":"https:\/\/www.johannagullichsen.com\/sv\/wp-json\/wp\/v2\/media?parent=28503"}],"curies":[{"name":"wp","href":"https:\/\/api.w.org\/{rel}","templated":true}]}}