{"id":8451,"date":"2020-06-08T08:51:07","date_gmt":"2020-06-08T05:51:07","guid":{"rendered":"https:\/\/www.johannagullichsen.com\/delivery-conditions\/"},"modified":"2023-12-08T09:12:21","modified_gmt":"2023-12-08T07:12:21","slug":"leveransvillkor","status":"publish","type":"page","link":"https:\/\/www.johannagullichsen.com\/sv\/leveransvillkor\/","title":{"rendered":"Leveransvillkor"},"content":{"rendered":"<h3>Leveransvillkor och pris<\/h3>\n<p>P\u00e5 denna webbplats \u00e4r priserna angivna i euro. F\u00f6r leveranser inom EU inkluderar priserna mottagarlandets moms. F\u00f6r f\u00f6rs\u00e4ndelser utanf\u00f6r EU tillkommer ingen moms. Observera att best\u00e4llningar fr\u00e5n l\u00e4nder utanf\u00f6r EU kan vara f\u00f6rem\u00e5l f\u00f6r tullar och skatter. Tullar och skatter \u00e4r kundens ansvar och ska betalas vid leverans.<\/p>\n<p>Vi levererar inrikes med finsk posttj\u00e4nst (Posti), antingen direkt till din d\u00f6rr eller till en paketmaskin. Internationella best\u00e4llningar levereras direkt till din d\u00f6rr av UPS. Fraktkostnaderna beror p\u00e5 destinationslandet. I Finland kostar frakten 8 &#8211; 12 euro, beroende p\u00e5 leveransmetod. Inom EU \u00e4r leveranskostnaden 20 euro. Till europeiska l\u00e4nder utanf\u00f6r EU samt till USA, Kanada, Japan och Sydkorea \u00e4r fraktkostnaden 28 euro. Fraktkostnaderna till alla andra l\u00e4nder \u00e4r 40 euro. Avgiften ber\u00e4knas vid kassan n\u00e4r du anger Land f\u00f6r din leveransadress.<\/p>\n<h3>Leveranstid<\/h3>\n<p>Best\u00e4llda varor expedieras f\u00f6ljande arbetsdag efter att best\u00e4llningen emottagits. Om det verkar bli f\u00f6rdr\u00f6jning\u00a0 i expedieringen eller i tillverkningen, ber vi dig om 21 dagars t\u00e5lamod. I detta fall meddelar vi dig s\u00e5 fort som m\u00f6jligt per e-post.<br \/>\nLeveranstid efter expedition \u00e4r 3-7 dagar inom Europa och 4-10 dagar utanf\u00f6r Europa<\/p>\n<h3>Restorder<\/h3>\n<p>Om en artikel i best\u00e4llningen \u00e4r tillf\u00e4lligt slut h\u00e5lls hela best\u00e4llningen inne tills alla produkter kan levereras.<\/p>\n","protected":false},"excerpt":{"rendered":"<p>Leveransvillkor och pris P\u00e5 denna webbplats \u00e4r priserna angivna i euro. F\u00f6r leveranser inom EU inkluderar priserna mottagarlandets moms. F\u00f6r f\u00f6rs\u00e4ndelser utanf\u00f6r EU tillkommer ingen moms. Observera att best\u00e4llningar fr\u00e5n&hellip;<\/p>\n","protected":false},"author":1,"featured_media":0,"parent":0,"menu_order":0,"comment_status":"closed","ping_status":"closed","template":"","meta":{"_acf_changed":false,"footnotes":""},"class_list":["post-8451","page","type-page","status-publish","hentry"],"acf":[],"yoast_head":"<!-- This site is optimized with the Yoast SEO Premium plugin v27.2 (Yoast SEO v27.2) - https:\/\/yoast.com\/product\/yoast-seo-premium-wordpress\/ -->\n<title>Leveransvillkor - Johanna Gullichsen<\/title>\n<meta name=\"description\" content=\"Leveransvillkor och pris\" \/>\n<meta name=\"robots\" content=\"index, follow, max-snippet:-1, max-image-preview:large, max-video-preview:-1\" \/>\n<link rel=\"canonical\" href=\"https:\/\/www.johannagullichsen.com\/sv\/leveransvillkor\/\" \/>\n<meta property=\"og:locale\" content=\"sv_SE\" \/>\n<meta property=\"og:type\" content=\"article\" \/>\n<meta property=\"og:title\" content=\"Leveransvillkor\" \/>\n<meta property=\"og:description\" content=\"Leveransvillkor och pris\" \/>\n<meta property=\"og:url\" content=\"https:\/\/www.johannagullichsen.com\/sv\/leveransvillkor\/\" \/>\n<meta property=\"og:site_name\" content=\"Johanna Gullichsen\" \/>\n<meta property=\"article:modified_time\" content=\"2023-12-08T07:12:21+00:00\" \/>\n<meta name=\"twitter:card\" content=\"summary_large_image\" \/>\n<meta name=\"twitter:label1\" content=\"Ber\u00e4knad l\u00e4stid\" \/>\n\t<meta name=\"twitter:data1\" content=\"1 minut\" \/>\n<script type=\"application\/ld+json\" class=\"yoast-schema-graph\">{\"@context\":\"https:\/\/schema.org\",\"@graph\":[{\"@type\":\"WebPage\",\"@id\":\"https:\/\/www.johannagullichsen.com\/sv\/leveransvillkor\/\",\"url\":\"https:\/\/www.johannagullichsen.com\/sv\/leveransvillkor\/\",\"name\":\"Leveransvillkor - Johanna Gullichsen\",\"isPartOf\":{\"@id\":\"https:\/\/www.johannagullichsen.com\/sv\/#website\"},\"datePublished\":\"2020-06-08T05:51:07+00:00\",\"dateModified\":\"2023-12-08T07:12:21+00:00\",\"description\":\"Leveransvillkor och pris\",\"breadcrumb\":{\"@id\":\"https:\/\/www.johannagullichsen.com\/sv\/leveransvillkor\/#breadcrumb\"},\"inLanguage\":\"sv-SE\",\"potentialAction\":[{\"@type\":\"ReadAction\",\"target\":[\"https:\/\/www.johannagullichsen.com\/sv\/leveransvillkor\/\"]}]},{\"@type\":\"BreadcrumbList\",\"@id\":\"https:\/\/www.johannagullichsen.com\/sv\/leveransvillkor\/#breadcrumb\",\"itemListElement\":[{\"@type\":\"ListItem\",\"position\":1,\"name\":\"Home\",\"item\":\"https:\/\/www.johannagullichsen.com\/sv\/\"},{\"@type\":\"ListItem\",\"position\":2,\"name\":\"Leveransvillkor\"}]},{\"@type\":\"WebSite\",\"@id\":\"https:\/\/www.johannagullichsen.com\/sv\/#website\",\"url\":\"https:\/\/www.johannagullichsen.com\/sv\/\",\"name\":\"Johanna Gullichsen\",\"description\":\"\",\"potentialAction\":[{\"@type\":\"SearchAction\",\"target\":{\"@type\":\"EntryPoint\",\"urlTemplate\":\"https:\/\/www.johannagullichsen.com\/sv\/?s={search_term_string}\"},\"query-input\":{\"@type\":\"PropertyValueSpecification\",\"valueRequired\":true,\"valueName\":\"search_term_string\"}}],\"inLanguage\":\"sv-SE\"}]}<\/script>\n<!-- \/ Yoast SEO Premium plugin. -->","yoast_head_json":{"title":"Leveransvillkor - Johanna Gullichsen","description":"Leveransvillkor och pris","robots":{"index":"index","follow":"follow","max-snippet":"max-snippet:-1","max-image-preview":"max-image-preview:large","max-video-preview":"max-video-preview:-1"},"canonical":"https:\/\/www.johannagullichsen.com\/sv\/leveransvillkor\/","og_locale":"sv_SE","og_type":"article","og_title":"Leveransvillkor","og_description":"Leveransvillkor och pris","og_url":"https:\/\/www.johannagullichsen.com\/sv\/leveransvillkor\/","og_site_name":"Johanna Gullichsen","article_modified_time":"2023-12-08T07:12:21+00:00","twitter_card":"summary_large_image","twitter_misc":{"Ber\u00e4knad l\u00e4stid":"1 minut"},"schema":{"@context":"https:\/\/schema.org","@graph":[{"@type":"WebPage","@id":"https:\/\/www.johannagullichsen.com\/sv\/leveransvillkor\/","url":"https:\/\/www.johannagullichsen.com\/sv\/leveransvillkor\/","name":"Leveransvillkor - Johanna Gullichsen","isPartOf":{"@id":"https:\/\/www.johannagullichsen.com\/sv\/#website"},"datePublished":"2020-06-08T05:51:07+00:00","dateModified":"2023-12-08T07:12:21+00:00","description":"Leveransvillkor och pris","breadcrumb":{"@id":"https:\/\/www.johannagullichsen.com\/sv\/leveransvillkor\/#breadcrumb"},"inLanguage":"sv-SE","potentialAction":[{"@type":"ReadAction","target":["https:\/\/www.johannagullichsen.com\/sv\/leveransvillkor\/"]}]},{"@type":"BreadcrumbList","@id":"https:\/\/www.johannagullichsen.com\/sv\/leveransvillkor\/#breadcrumb","itemListElement":[{"@type":"ListItem","position":1,"name":"Home","item":"https:\/\/www.johannagullichsen.com\/sv\/"},{"@type":"ListItem","position":2,"name":"Leveransvillkor"}]},{"@type":"WebSite","@id":"https:\/\/www.johannagullichsen.com\/sv\/#website","url":"https:\/\/www.johannagullichsen.com\/sv\/","name":"Johanna Gullichsen","description":"","potentialAction":[{"@type":"SearchAction","target":{"@type":"EntryPoint","urlTemplate":"https:\/\/www.johannagullichsen.com\/sv\/?s={search_term_string}"},"query-input":{"@type":"PropertyValueSpecification","valueRequired":true,"valueName":"search_term_string"}}],"inLanguage":"sv-SE"}]}},"_links":{"self":[{"href":"https:\/\/www.johannagullichsen.com\/sv\/wp-json\/wp\/v2\/pages\/8451","targetHints":{"allow":["GET"]}}],"collection":[{"href":"https:\/\/www.johannagullichsen.com\/sv\/wp-json\/wp\/v2\/pages"}],"about":[{"href":"https:\/\/www.johannagullichsen.com\/sv\/wp-json\/wp\/v2\/types\/page"}],"author":[{"embeddable":true,"href":"https:\/\/www.johannagullichsen.com\/sv\/wp-json\/wp\/v2\/users\/1"}],"replies":[{"embeddable":true,"href":"https:\/\/www.johannagullichsen.com\/sv\/wp-json\/wp\/v2\/comments?post=8451"}],"version-history":[{"count":7,"href":"https:\/\/www.johannagullichsen.com\/sv\/wp-json\/wp\/v2\/pages\/8451\/revisions"}],"predecessor-version":[{"id":21826,"href":"https:\/\/www.johannagullichsen.com\/sv\/wp-json\/wp\/v2\/pages\/8451\/revisions\/21826"}],"wp:attachment":[{"href":"https:\/\/www.johannagullichsen.com\/sv\/wp-json\/wp\/v2\/media?parent=8451"}],"curies":[{"name":"wp","href":"https:\/\/api.w.org\/{rel}","templated":true}]}}