{"id":8462,"date":"2020-06-08T09:42:27","date_gmt":"2020-06-08T06:42:27","guid":{"rendered":"https:\/\/www.johannagullichsen.com\/returns-and-exchanges\/"},"modified":"2021-05-14T12:10:48","modified_gmt":"2021-05-14T09:10:48","slug":"angerratt","status":"publish","type":"page","link":"https:\/\/www.johannagullichsen.com\/sv\/angerratt\/","title":{"rendered":"\u00c5ngerr\u00e4tt"},"content":{"rendered":"<p>Om du \u00e5ngrar ett k\u00f6p, kan du s\u00e4nda tillbaka varan inom 30 dagars tid. Meddela oss via mail och ange ID nummer. Vi svarar med hur returen skall ske. F\u00f6r att kunna f\u00f6rb\u00e4ttra oss, \u00e4r vi tacksamma f\u00f6r att du anger anledningen till returen.<\/p>\n<p>Vi returnerar din betalning genast d\u00e5 varorna returnerats till oss. Vi \u00e5terbetalar v\u00e4rdet p\u00e5 de varor du returnerat men inte f\u00f6r leverans. T.ex. om slutsumman p\u00e5 din best\u00e4llning var 120\u20ac, varav produktens pris var 100\u20ac och dess leverans 20\u20ac, d\u00e5 \u00e5terbetalar vi 100\u20ac. Returleveransen \u00e4r helt gratis.<\/p>\n<p>Kom ih\u00e5g att behandla varan f\u00f6rsiktigt, skadade eller anv\u00e4nda varor kan inte returneras<\/p>\n<p>Du kan \u00e4ven byta eller returnera en vara i v\u00e5r butik. Adressen hittar du under rubriken &#8221;Butik&#8221;. Ta med fakturan, den kommer att beh\u00f6vas vid bytet. T\u00e4nk p\u00e5 att sortimentet i v\u00e5r aff\u00e4r kan skilja sig n\u00e5got fr\u00e5n det p\u00e5 v\u00e5r hemsida, ring g\u00e4rna och h\u00f6r dig f\u00f6r innan om du letar efter en specifik produkt.<\/p>\n","protected":false},"excerpt":{"rendered":"<p>Om du \u00e5ngrar ett k\u00f6p, kan du s\u00e4nda tillbaka varan inom 30 dagars tid. Meddela oss via mail och ange ID nummer. Vi svarar med hur returen skall ske. F\u00f6r&hellip;<\/p>\n","protected":false},"author":1,"featured_media":0,"parent":0,"menu_order":0,"comment_status":"closed","ping_status":"closed","template":"","meta":{"_acf_changed":false,"footnotes":""},"class_list":["post-8462","page","type-page","status-publish","hentry"],"acf":[],"yoast_head":"<!-- This site is optimized with the Yoast SEO Premium plugin v27.2 (Yoast SEO v27.5) - https:\/\/yoast.com\/product\/yoast-seo-premium-wordpress\/ -->\n<title>\u00c5ngerr\u00e4tt - Johanna Gullichsen<\/title>\n<meta name=\"description\" content=\"\u00c5ngerr\u00e4tt\" \/>\n<meta name=\"robots\" content=\"index, follow, max-snippet:-1, max-image-preview:large, max-video-preview:-1\" \/>\n<link rel=\"canonical\" href=\"https:\/\/www.johannagullichsen.com\/sv\/angerratt\/\" \/>\n<meta property=\"og:locale\" content=\"sv_SE\" \/>\n<meta property=\"og:type\" content=\"article\" \/>\n<meta property=\"og:title\" content=\"\u00c5ngerr\u00e4tt\" \/>\n<meta property=\"og:description\" content=\"\u00c5ngerr\u00e4tt\" \/>\n<meta property=\"og:url\" content=\"https:\/\/www.johannagullichsen.com\/sv\/angerratt\/\" \/>\n<meta property=\"og:site_name\" content=\"Johanna Gullichsen\" \/>\n<meta property=\"article:modified_time\" content=\"2021-05-14T09:10:48+00:00\" \/>\n<meta name=\"twitter:card\" content=\"summary_large_image\" \/>\n<meta name=\"twitter:label1\" content=\"Ber\u00e4knad l\u00e4stid\" \/>\n\t<meta name=\"twitter:data1\" content=\"1 minut\" \/>\n<script type=\"application\/ld+json\" class=\"yoast-schema-graph\">{\"@context\":\"https:\\\/\\\/schema.org\",\"@graph\":[{\"@type\":\"WebPage\",\"@id\":\"https:\\\/\\\/www.johannagullichsen.com\\\/sv\\\/angerratt\\\/\",\"url\":\"https:\\\/\\\/www.johannagullichsen.com\\\/sv\\\/angerratt\\\/\",\"name\":\"\u00c5ngerr\u00e4tt - Johanna Gullichsen\",\"isPartOf\":{\"@id\":\"https:\\\/\\\/www.johannagullichsen.com\\\/sv\\\/#website\"},\"datePublished\":\"2020-06-08T06:42:27+00:00\",\"dateModified\":\"2021-05-14T09:10:48+00:00\",\"description\":\"\u00c5ngerr\u00e4tt\",\"breadcrumb\":{\"@id\":\"https:\\\/\\\/www.johannagullichsen.com\\\/sv\\\/angerratt\\\/#breadcrumb\"},\"inLanguage\":\"sv-SE\",\"potentialAction\":[{\"@type\":\"ReadAction\",\"target\":[\"https:\\\/\\\/www.johannagullichsen.com\\\/sv\\\/angerratt\\\/\"]}]},{\"@type\":\"BreadcrumbList\",\"@id\":\"https:\\\/\\\/www.johannagullichsen.com\\\/sv\\\/angerratt\\\/#breadcrumb\",\"itemListElement\":[{\"@type\":\"ListItem\",\"position\":1,\"name\":\"Home\",\"item\":\"https:\\\/\\\/www.johannagullichsen.com\\\/sv\\\/\"},{\"@type\":\"ListItem\",\"position\":2,\"name\":\"\u00c5ngerr\u00e4tt\"}]},{\"@type\":\"WebSite\",\"@id\":\"https:\\\/\\\/www.johannagullichsen.com\\\/sv\\\/#website\",\"url\":\"https:\\\/\\\/www.johannagullichsen.com\\\/sv\\\/\",\"name\":\"Johanna Gullichsen\",\"description\":\"\",\"potentialAction\":[{\"@type\":\"SearchAction\",\"target\":{\"@type\":\"EntryPoint\",\"urlTemplate\":\"https:\\\/\\\/www.johannagullichsen.com\\\/sv\\\/?s={search_term_string}\"},\"query-input\":{\"@type\":\"PropertyValueSpecification\",\"valueRequired\":true,\"valueName\":\"search_term_string\"}}],\"inLanguage\":\"sv-SE\"}]}<\/script>\n<!-- \/ Yoast SEO Premium plugin. -->","yoast_head_json":{"title":"\u00c5ngerr\u00e4tt - Johanna Gullichsen","description":"\u00c5ngerr\u00e4tt","robots":{"index":"index","follow":"follow","max-snippet":"max-snippet:-1","max-image-preview":"max-image-preview:large","max-video-preview":"max-video-preview:-1"},"canonical":"https:\/\/www.johannagullichsen.com\/sv\/angerratt\/","og_locale":"sv_SE","og_type":"article","og_title":"\u00c5ngerr\u00e4tt","og_description":"\u00c5ngerr\u00e4tt","og_url":"https:\/\/www.johannagullichsen.com\/sv\/angerratt\/","og_site_name":"Johanna Gullichsen","article_modified_time":"2021-05-14T09:10:48+00:00","twitter_card":"summary_large_image","twitter_misc":{"Ber\u00e4knad l\u00e4stid":"1 minut"},"schema":{"@context":"https:\/\/schema.org","@graph":[{"@type":"WebPage","@id":"https:\/\/www.johannagullichsen.com\/sv\/angerratt\/","url":"https:\/\/www.johannagullichsen.com\/sv\/angerratt\/","name":"\u00c5ngerr\u00e4tt - Johanna Gullichsen","isPartOf":{"@id":"https:\/\/www.johannagullichsen.com\/sv\/#website"},"datePublished":"2020-06-08T06:42:27+00:00","dateModified":"2021-05-14T09:10:48+00:00","description":"\u00c5ngerr\u00e4tt","breadcrumb":{"@id":"https:\/\/www.johannagullichsen.com\/sv\/angerratt\/#breadcrumb"},"inLanguage":"sv-SE","potentialAction":[{"@type":"ReadAction","target":["https:\/\/www.johannagullichsen.com\/sv\/angerratt\/"]}]},{"@type":"BreadcrumbList","@id":"https:\/\/www.johannagullichsen.com\/sv\/angerratt\/#breadcrumb","itemListElement":[{"@type":"ListItem","position":1,"name":"Home","item":"https:\/\/www.johannagullichsen.com\/sv\/"},{"@type":"ListItem","position":2,"name":"\u00c5ngerr\u00e4tt"}]},{"@type":"WebSite","@id":"https:\/\/www.johannagullichsen.com\/sv\/#website","url":"https:\/\/www.johannagullichsen.com\/sv\/","name":"Johanna Gullichsen","description":"","potentialAction":[{"@type":"SearchAction","target":{"@type":"EntryPoint","urlTemplate":"https:\/\/www.johannagullichsen.com\/sv\/?s={search_term_string}"},"query-input":{"@type":"PropertyValueSpecification","valueRequired":true,"valueName":"search_term_string"}}],"inLanguage":"sv-SE"}]}},"_links":{"self":[{"href":"https:\/\/www.johannagullichsen.com\/sv\/wp-json\/wp\/v2\/pages\/8462","targetHints":{"allow":["GET"]}}],"collection":[{"href":"https:\/\/www.johannagullichsen.com\/sv\/wp-json\/wp\/v2\/pages"}],"about":[{"href":"https:\/\/www.johannagullichsen.com\/sv\/wp-json\/wp\/v2\/types\/page"}],"author":[{"embeddable":true,"href":"https:\/\/www.johannagullichsen.com\/sv\/wp-json\/wp\/v2\/users\/1"}],"replies":[{"embeddable":true,"href":"https:\/\/www.johannagullichsen.com\/sv\/wp-json\/wp\/v2\/comments?post=8462"}],"version-history":[{"count":1,"href":"https:\/\/www.johannagullichsen.com\/sv\/wp-json\/wp\/v2\/pages\/8462\/revisions"}],"predecessor-version":[{"id":8464,"href":"https:\/\/www.johannagullichsen.com\/sv\/wp-json\/wp\/v2\/pages\/8462\/revisions\/8464"}],"wp:attachment":[{"href":"https:\/\/www.johannagullichsen.com\/sv\/wp-json\/wp\/v2\/media?parent=8462"}],"curies":[{"name":"wp","href":"https:\/\/api.w.org\/{rel}","templated":true}]}}