{"id":8629,"date":"2020-04-01T13:28:41","date_gmt":"2020-04-01T10:28:41","guid":{"rendered":"https:\/\/www.johannagullichsen.com\/social-responsibility\/"},"modified":"2024-10-08T12:06:23","modified_gmt":"2024-10-08T09:06:23","slug":"hallbarhet-och-socialt-ansvar","status":"publish","type":"page","link":"https:\/\/www.johannagullichsen.com\/sv\/hallbarhet-och-socialt-ansvar\/","title":{"rendered":"H\u00e5llbarhet och socialt ansvar"},"content":{"rendered":"<p><img loading=\"lazy\" decoding=\"async\" class=\"alignnone wp-image-8516 size-large\" src=\"https:\/\/www.johannagullichsen.com\/wp-content\/uploads\/2020\/08\/johanna-gullichsen-responsibility-1024x533.jpeg\" alt=\"\" width=\"1024\" height=\"533\" srcset=\"https:\/\/www.johannagullichsen.com\/wp-content\/uploads\/2020\/08\/johanna-gullichsen-responsibility-1024x533.jpeg 1024w, https:\/\/www.johannagullichsen.com\/wp-content\/uploads\/2020\/08\/johanna-gullichsen-responsibility-1260x656.jpeg 1260w, https:\/\/www.johannagullichsen.com\/wp-content\/uploads\/2020\/08\/johanna-gullichsen-responsibility-300x156.jpeg 300w, https:\/\/www.johannagullichsen.com\/wp-content\/uploads\/2020\/08\/johanna-gullichsen-responsibility-768x400.jpeg 768w, https:\/\/www.johannagullichsen.com\/wp-content\/uploads\/2020\/08\/johanna-gullichsen-responsibility-1536x800.jpeg 1536w, https:\/\/www.johannagullichsen.com\/wp-content\/uploads\/2020\/08\/johanna-gullichsen-responsibility.jpeg 1920w\" sizes=\"auto, (max-width: 1024px) 100vw, 1024px\" \/><\/p>\n<p>En av grundprinciperna i Johanna Gullichsens designfilosofi \u00e4r att skapa produkter som t\u00e5l tidens tand. Att g\u00f6ra tidl\u00f6sa, h\u00e5llbara textilier \u00e4r ett ekologiskt val. Mottot \u201cwoven to last\u201d (v\u00e4vt f\u00f6r att h\u00e5lla) g\u00e4ller s\u00e5v\u00e4l m\u00f6nster som material &#8211; designen skall st\u00e5 \u00f6ver trender och varierande moden.<\/p>\n<p>Kollektionen produceras med omsorg om milj\u00f6n. F\u00f6retaget v\u00e4ljer h\u00e5llbara produktionsmetoder och samarbetar mestadels med lokala tillverkare i Finland. F\u00f6retaget st\u00e5r f\u00f6r transparens och f\u00f6ljer de ekologiska branschreglerna. Ett p\u00e5litligt n\u00e4tverk av partners som delar samma v\u00e4rden och lokala tillverkare m\u00f6jligg\u00f6r en smidig kvalitetskontroll.<\/p>\n<p>Internationellt samarbetar Johanna Gullichsen med milj\u00f6certifierade partners som uppfyller och respekterar EU: s anst\u00e4llningsstandarder. De v\u00e4vda textilierna behandlas aldrig med kemisk appretur och en stor del av textilierna \u00e4r tillverkade av organiska fibrer.<\/p>\n<p>V\u00e5r mest s\u00e5lda kollektion, Normandie, tillverkas av biologiskt odlad, GOTS- eller OCS-certifierad bomull. Garnen f\u00e4rgas i Finland av Lappaj\u00e4rven V\u00e4rj\u00e4\u00e4m\u00f6, en p\u00e5litlig partner k\u00e4nd f\u00f6r sin milj\u00f6v\u00e4nliga f\u00e4rgningsprocess. Lappaj\u00e4rven V\u00e4rj\u00e4\u00e4m\u00f6 anv\u00e4nder sedan 2005 en f\u00e4rgningsmetod som sparar b\u00e5de energi och vatten.<br \/>\nContract-kollektionen \u00e4r utvecklad f\u00f6r offentliga utrymmen. Tygen v\u00e4vs i Finland, medan ullgarnet kommer fr\u00e5n en certifierad schweizisk leverant\u00f6r.<br \/>\nLoom-kollektionen v\u00e4vs i en modern fabrik i Italien, i en trakt d\u00e4r sidenv\u00e4veriet har sekell\u00e5nga traditioner.<\/p>\n<p>Inredningsprodukter, accessoarer och v\u00e4skor tillverkas i s\u00f6mnadsatelj\u00e9er i Helsingfors, \u00c5bo och Somero. Det n\u00e4ra samarbetet mellan produktutveckling och verkst\u00e4der \u00e4r viktigt, ocks\u00e5 ur ett milj\u00f6perspektiv.<\/p>\n<p>Enkelhet, h\u00e5llbarhet och elegans \u00e4r ledstj\u00e4rnorna f\u00f6r f\u00f6retagets milj\u00f6policy.<\/p>\n","protected":false},"excerpt":{"rendered":"<p>En av grundprinciperna i Johanna Gullichsens designfilosofi \u00e4r att skapa produkter som t\u00e5l tidens tand. Att g\u00f6ra tidl\u00f6sa, h\u00e5llbara textilier \u00e4r ett ekologiskt val. Mottot \u201cwoven to last\u201d (v\u00e4vt f\u00f6r&hellip;<\/p>\n","protected":false},"author":1,"featured_media":0,"parent":0,"menu_order":0,"comment_status":"closed","ping_status":"closed","template":"","meta":{"_acf_changed":false,"footnotes":""},"class_list":["post-8629","page","type-page","status-publish","hentry"],"acf":[],"yoast_head":"<!-- This site is optimized with the Yoast SEO Premium plugin v27.2 (Yoast SEO v27.5) - https:\/\/yoast.com\/product\/yoast-seo-premium-wordpress\/ -->\n<title>H\u00e5llbarhet och socialt ansvar - Johanna Gullichsen<\/title>\n<meta name=\"description\" content=\"Produkter som t\u00e5l tidens tand, h\u00e5llbarhet och socialt ansvar.\" \/>\n<meta name=\"robots\" content=\"index, follow, max-snippet:-1, max-image-preview:large, max-video-preview:-1\" \/>\n<link rel=\"canonical\" href=\"https:\/\/www.johannagullichsen.com\/sv\/hallbarhet-och-socialt-ansvar\/\" \/>\n<meta property=\"og:locale\" content=\"sv_SE\" \/>\n<meta property=\"og:type\" content=\"article\" \/>\n<meta property=\"og:title\" content=\"H\u00e5llbarhet och socialt ansvar\" \/>\n<meta property=\"og:description\" content=\"Produkter som t\u00e5l tidens tand, h\u00e5llbarhet och socialt ansvar.\" \/>\n<meta property=\"og:url\" content=\"https:\/\/www.johannagullichsen.com\/sv\/hallbarhet-och-socialt-ansvar\/\" \/>\n<meta property=\"og:site_name\" content=\"Johanna Gullichsen\" \/>\n<meta property=\"article:modified_time\" content=\"2024-10-08T09:06:23+00:00\" \/>\n<meta property=\"og:image\" content=\"https:\/\/www.johannagullichsen.com\/wp-content\/uploads\/2020\/08\/johanna-gullichsen-responsibility-1024x533.jpeg\" \/>\n<meta name=\"twitter:card\" content=\"summary_large_image\" \/>\n<meta name=\"twitter:label1\" content=\"Ber\u00e4knad l\u00e4stid\" \/>\n\t<meta name=\"twitter:data1\" content=\"2 minuter\" \/>\n<script type=\"application\/ld+json\" class=\"yoast-schema-graph\">{\"@context\":\"https:\\\/\\\/schema.org\",\"@graph\":[{\"@type\":\"WebPage\",\"@id\":\"https:\\\/\\\/www.johannagullichsen.com\\\/sv\\\/hallbarhet-och-socialt-ansvar\\\/\",\"url\":\"https:\\\/\\\/www.johannagullichsen.com\\\/sv\\\/hallbarhet-och-socialt-ansvar\\\/\",\"name\":\"H\u00e5llbarhet och socialt ansvar - Johanna Gullichsen\",\"isPartOf\":{\"@id\":\"https:\\\/\\\/www.johannagullichsen.com\\\/sv\\\/#website\"},\"primaryImageOfPage\":{\"@id\":\"https:\\\/\\\/www.johannagullichsen.com\\\/sv\\\/hallbarhet-och-socialt-ansvar\\\/#primaryimage\"},\"image\":{\"@id\":\"https:\\\/\\\/www.johannagullichsen.com\\\/sv\\\/hallbarhet-och-socialt-ansvar\\\/#primaryimage\"},\"thumbnailUrl\":\"https:\\\/\\\/www.johannagullichsen.com\\\/wp-content\\\/uploads\\\/2020\\\/08\\\/johanna-gullichsen-responsibility-1024x533.jpeg\",\"datePublished\":\"2020-04-01T10:28:41+00:00\",\"dateModified\":\"2024-10-08T09:06:23+00:00\",\"description\":\"Produkter som t\u00e5l tidens tand, h\u00e5llbarhet och socialt ansvar.\",\"breadcrumb\":{\"@id\":\"https:\\\/\\\/www.johannagullichsen.com\\\/sv\\\/hallbarhet-och-socialt-ansvar\\\/#breadcrumb\"},\"inLanguage\":\"sv-SE\",\"potentialAction\":[{\"@type\":\"ReadAction\",\"target\":[\"https:\\\/\\\/www.johannagullichsen.com\\\/sv\\\/hallbarhet-och-socialt-ansvar\\\/\"]}]},{\"@type\":\"ImageObject\",\"inLanguage\":\"sv-SE\",\"@id\":\"https:\\\/\\\/www.johannagullichsen.com\\\/sv\\\/hallbarhet-och-socialt-ansvar\\\/#primaryimage\",\"url\":\"https:\\\/\\\/www.johannagullichsen.com\\\/wp-content\\\/uploads\\\/2020\\\/08\\\/johanna-gullichsen-responsibility-1024x533.jpeg\",\"contentUrl\":\"https:\\\/\\\/www.johannagullichsen.com\\\/wp-content\\\/uploads\\\/2020\\\/08\\\/johanna-gullichsen-responsibility-1024x533.jpeg\"},{\"@type\":\"BreadcrumbList\",\"@id\":\"https:\\\/\\\/www.johannagullichsen.com\\\/sv\\\/hallbarhet-och-socialt-ansvar\\\/#breadcrumb\",\"itemListElement\":[{\"@type\":\"ListItem\",\"position\":1,\"name\":\"Home\",\"item\":\"https:\\\/\\\/www.johannagullichsen.com\\\/sv\\\/\"},{\"@type\":\"ListItem\",\"position\":2,\"name\":\"H\u00e5llbarhet och socialt ansvar\"}]},{\"@type\":\"WebSite\",\"@id\":\"https:\\\/\\\/www.johannagullichsen.com\\\/sv\\\/#website\",\"url\":\"https:\\\/\\\/www.johannagullichsen.com\\\/sv\\\/\",\"name\":\"Johanna Gullichsen\",\"description\":\"\",\"potentialAction\":[{\"@type\":\"SearchAction\",\"target\":{\"@type\":\"EntryPoint\",\"urlTemplate\":\"https:\\\/\\\/www.johannagullichsen.com\\\/sv\\\/?s={search_term_string}\"},\"query-input\":{\"@type\":\"PropertyValueSpecification\",\"valueRequired\":true,\"valueName\":\"search_term_string\"}}],\"inLanguage\":\"sv-SE\"}]}<\/script>\n<!-- \/ Yoast SEO Premium plugin. -->","yoast_head_json":{"title":"H\u00e5llbarhet och socialt ansvar - Johanna Gullichsen","description":"Produkter som t\u00e5l tidens tand, h\u00e5llbarhet och socialt ansvar.","robots":{"index":"index","follow":"follow","max-snippet":"max-snippet:-1","max-image-preview":"max-image-preview:large","max-video-preview":"max-video-preview:-1"},"canonical":"https:\/\/www.johannagullichsen.com\/sv\/hallbarhet-och-socialt-ansvar\/","og_locale":"sv_SE","og_type":"article","og_title":"H\u00e5llbarhet och socialt ansvar","og_description":"Produkter som t\u00e5l tidens tand, h\u00e5llbarhet och socialt ansvar.","og_url":"https:\/\/www.johannagullichsen.com\/sv\/hallbarhet-och-socialt-ansvar\/","og_site_name":"Johanna Gullichsen","article_modified_time":"2024-10-08T09:06:23+00:00","og_image":[{"url":"https:\/\/www.johannagullichsen.com\/wp-content\/uploads\/2020\/08\/johanna-gullichsen-responsibility-1024x533.jpeg","type":"","width":"","height":""}],"twitter_card":"summary_large_image","twitter_misc":{"Ber\u00e4knad l\u00e4stid":"2 minuter"},"schema":{"@context":"https:\/\/schema.org","@graph":[{"@type":"WebPage","@id":"https:\/\/www.johannagullichsen.com\/sv\/hallbarhet-och-socialt-ansvar\/","url":"https:\/\/www.johannagullichsen.com\/sv\/hallbarhet-och-socialt-ansvar\/","name":"H\u00e5llbarhet och socialt ansvar - Johanna Gullichsen","isPartOf":{"@id":"https:\/\/www.johannagullichsen.com\/sv\/#website"},"primaryImageOfPage":{"@id":"https:\/\/www.johannagullichsen.com\/sv\/hallbarhet-och-socialt-ansvar\/#primaryimage"},"image":{"@id":"https:\/\/www.johannagullichsen.com\/sv\/hallbarhet-och-socialt-ansvar\/#primaryimage"},"thumbnailUrl":"https:\/\/www.johannagullichsen.com\/wp-content\/uploads\/2020\/08\/johanna-gullichsen-responsibility-1024x533.jpeg","datePublished":"2020-04-01T10:28:41+00:00","dateModified":"2024-10-08T09:06:23+00:00","description":"Produkter som t\u00e5l tidens tand, h\u00e5llbarhet och socialt ansvar.","breadcrumb":{"@id":"https:\/\/www.johannagullichsen.com\/sv\/hallbarhet-och-socialt-ansvar\/#breadcrumb"},"inLanguage":"sv-SE","potentialAction":[{"@type":"ReadAction","target":["https:\/\/www.johannagullichsen.com\/sv\/hallbarhet-och-socialt-ansvar\/"]}]},{"@type":"ImageObject","inLanguage":"sv-SE","@id":"https:\/\/www.johannagullichsen.com\/sv\/hallbarhet-och-socialt-ansvar\/#primaryimage","url":"https:\/\/www.johannagullichsen.com\/wp-content\/uploads\/2020\/08\/johanna-gullichsen-responsibility-1024x533.jpeg","contentUrl":"https:\/\/www.johannagullichsen.com\/wp-content\/uploads\/2020\/08\/johanna-gullichsen-responsibility-1024x533.jpeg"},{"@type":"BreadcrumbList","@id":"https:\/\/www.johannagullichsen.com\/sv\/hallbarhet-och-socialt-ansvar\/#breadcrumb","itemListElement":[{"@type":"ListItem","position":1,"name":"Home","item":"https:\/\/www.johannagullichsen.com\/sv\/"},{"@type":"ListItem","position":2,"name":"H\u00e5llbarhet och socialt ansvar"}]},{"@type":"WebSite","@id":"https:\/\/www.johannagullichsen.com\/sv\/#website","url":"https:\/\/www.johannagullichsen.com\/sv\/","name":"Johanna Gullichsen","description":"","potentialAction":[{"@type":"SearchAction","target":{"@type":"EntryPoint","urlTemplate":"https:\/\/www.johannagullichsen.com\/sv\/?s={search_term_string}"},"query-input":{"@type":"PropertyValueSpecification","valueRequired":true,"valueName":"search_term_string"}}],"inLanguage":"sv-SE"}]}},"_links":{"self":[{"href":"https:\/\/www.johannagullichsen.com\/sv\/wp-json\/wp\/v2\/pages\/8629","targetHints":{"allow":["GET"]}}],"collection":[{"href":"https:\/\/www.johannagullichsen.com\/sv\/wp-json\/wp\/v2\/pages"}],"about":[{"href":"https:\/\/www.johannagullichsen.com\/sv\/wp-json\/wp\/v2\/types\/page"}],"author":[{"embeddable":true,"href":"https:\/\/www.johannagullichsen.com\/sv\/wp-json\/wp\/v2\/users\/1"}],"replies":[{"embeddable":true,"href":"https:\/\/www.johannagullichsen.com\/sv\/wp-json\/wp\/v2\/comments?post=8629"}],"version-history":[{"count":7,"href":"https:\/\/www.johannagullichsen.com\/sv\/wp-json\/wp\/v2\/pages\/8629\/revisions"}],"predecessor-version":[{"id":24308,"href":"https:\/\/www.johannagullichsen.com\/sv\/wp-json\/wp\/v2\/pages\/8629\/revisions\/24308"}],"wp:attachment":[{"href":"https:\/\/www.johannagullichsen.com\/sv\/wp-json\/wp\/v2\/media?parent=8629"}],"curies":[{"name":"wp","href":"https:\/\/api.w.org\/{rel}","templated":true}]}}