{"id":8637,"date":"2020-04-01T13:50:24","date_gmt":"2020-04-01T10:50:24","guid":{"rendered":"https:\/\/www.johannagullichsen.com\/maintenance-and-care\/"},"modified":"2026-03-11T15:45:56","modified_gmt":"2026-03-11T13:45:56","slug":"skotsel","status":"publish","type":"page","link":"https:\/\/www.johannagullichsen.com\/sv\/skotsel\/","title":{"rendered":"Sk\u00f6tsel"},"content":{"rendered":"<p>Johanna Gullichsens textilier \u00e4r designade f\u00f6r att h\u00e5lla. God sk\u00f6tsel h\u00e5ller dem snygga l\u00e4ngre och g\u00f6r att materialens egenskaper kommer till sin fulla r\u00e4tt. Enbart utvalda h\u00f6g-kvalitativa material anv\u00e4nds och tillverkningen av s\u00e5v\u00e4l tyger som f\u00e4rdiga produkter sker i Finland.<\/p>\n<p>Vissa tyger tex linne blir mjukare och f\u00e5r \u00e4nnu vackrare lyster med tiden.<br \/>\nF\u00f6r att \u00f6ka textiliernas livsl\u00e4ngd och minska deras milj\u00f6p\u00e5verkan rekommenderas att anv\u00e4nda ett neutralt tv\u00e4ttmedel och tv\u00e4tta i den temperatur som anges f\u00f6r ifr\u00e5gavarande fiber.<\/p>\n<p>V\u00e5rt team svarar g\u00e4rna p\u00e5 fr\u00e5gor om underh\u00e5ll och reparationer. F\u00f6r en liten ers\u00e4ttning kan v\u00e4skor h\u00e4mtas till oss f\u00f6r reparation eller utbyte av utslitna delar (Obs! enbart rentv\u00e4ttade v\u00e4skor emottages).<\/p>\n<h4>BOMULL<\/h4>\n<p>Kollektionerna: Normandie, Ribbon<br \/>\nBomull krymper ca 5-8%.<br \/>\nMaskintv\u00e4tt 60\u00b0C.<br \/>\nBlek ej med kemiska medel.<br \/>\nAnv\u00e4nd ej torktumlare.<br \/>\n\u00c5ngstryk fuktig tv\u00e4tt, max 200\u00b0C.<\/p>\n<h4>LIN<\/h4>\n<p>Kollektionerna: Savoy, Pure, Raita<br \/>\nOblekt lin bleknar naturligt gradvis i varje tv\u00e4tt och blir allt vackrare med tiden.<br \/>\nTv\u00e4tta i maximum 60\u00b0C, sk\u00f6lj v\u00e4l.<br \/>\nAnv\u00e4nd inga blekningsmedel.<br \/>\nCentrifugera med l\u00e5gt varvtal.<br \/>\nF\u00f6r b\u00e4sta resultat l\u00e5t linneprodukter dropptorka, anv\u00e4nd inte torktumlare, den kan framkalla o\u00f6nskade veck och f\u00f6rsv\u00e5ra strykning.<br \/>\nStryk s\u00e5 l\u00e4nge linnet \u00e4r fuktigt med \u00e5nga i h\u00f6gst 200\u00b0C. Kallmangling h\u00e4mtar b\u00e4st fram linets naturliga glans.<\/p>\n<h4>YLLE<\/h4>\n<p>Kollektionerna: Contract och Papillon<br \/>\nUll krymper ca 5-8%.<br \/>\nMaskintv\u00e4tt 30\u00b0C, ullprogram eller handtv\u00e4tt. Sk\u00f6lj i rikligt med vatten.<br \/>\nCentrifugera ej.<br \/>\nBlek ej med kemiska medel.<br \/>\nTorka h\u00e4ngande, anv\u00e4nd ej torktumlare.<br \/>\n\u00c5ngstryk fuktig tv\u00e4tt, max 150\u00b0.<\/p>\n<p>&nbsp;<\/p>\n","protected":false},"excerpt":{"rendered":"<p>Johanna Gullichsens textilier \u00e4r designade f\u00f6r att h\u00e5lla. God sk\u00f6tsel h\u00e5ller dem snygga l\u00e4ngre och g\u00f6r att materialens egenskaper kommer till sin fulla r\u00e4tt. Enbart utvalda h\u00f6g-kvalitativa material anv\u00e4nds och&hellip;<\/p>\n","protected":false},"author":1,"featured_media":0,"parent":0,"menu_order":0,"comment_status":"closed","ping_status":"closed","template":"","meta":{"_acf_changed":false,"footnotes":""},"class_list":["post-8637","page","type-page","status-publish","hentry"],"acf":[],"yoast_head":"<!-- This site is optimized with the Yoast SEO Premium plugin v27.2 (Yoast SEO v27.5) - https:\/\/yoast.com\/product\/yoast-seo-premium-wordpress\/ -->\n<title>Sk\u00f6tsel - Johanna Gullichsen<\/title>\n<meta name=\"robots\" content=\"index, follow, max-snippet:-1, max-image-preview:large, max-video-preview:-1\" \/>\n<link rel=\"canonical\" href=\"https:\/\/www.johannagullichsen.com\/sv\/skotsel\/\" \/>\n<meta property=\"og:locale\" content=\"sv_SE\" \/>\n<meta property=\"og:type\" content=\"article\" \/>\n<meta property=\"og:title\" content=\"Sk\u00f6tsel\" \/>\n<meta property=\"og:description\" content=\"Johanna Gullichsens textilier \u00e4r designade f\u00f6r att h\u00e5lla. God sk\u00f6tsel h\u00e5ller dem snygga l\u00e4ngre och g\u00f6r att materialens egenskaper kommer till sin fulla r\u00e4tt. Enbart utvalda h\u00f6g-kvalitativa material anv\u00e4nds och&hellip;\" \/>\n<meta property=\"og:url\" content=\"https:\/\/www.johannagullichsen.com\/sv\/skotsel\/\" \/>\n<meta property=\"og:site_name\" content=\"Johanna Gullichsen\" \/>\n<meta property=\"article:modified_time\" content=\"2026-03-11T13:45:56+00:00\" \/>\n<meta name=\"twitter:card\" content=\"summary_large_image\" \/>\n<meta name=\"twitter:label1\" content=\"Ber\u00e4knad l\u00e4stid\" \/>\n\t<meta name=\"twitter:data1\" content=\"2 minuter\" \/>\n<script type=\"application\/ld+json\" class=\"yoast-schema-graph\">{\"@context\":\"https:\\\/\\\/schema.org\",\"@graph\":[{\"@type\":\"WebPage\",\"@id\":\"https:\\\/\\\/www.johannagullichsen.com\\\/sv\\\/skotsel\\\/\",\"url\":\"https:\\\/\\\/www.johannagullichsen.com\\\/sv\\\/skotsel\\\/\",\"name\":\"Sk\u00f6tsel - Johanna Gullichsen\",\"isPartOf\":{\"@id\":\"https:\\\/\\\/www.johannagullichsen.com\\\/sv\\\/#website\"},\"datePublished\":\"2020-04-01T10:50:24+00:00\",\"dateModified\":\"2026-03-11T13:45:56+00:00\",\"breadcrumb\":{\"@id\":\"https:\\\/\\\/www.johannagullichsen.com\\\/sv\\\/skotsel\\\/#breadcrumb\"},\"inLanguage\":\"sv-SE\",\"potentialAction\":[{\"@type\":\"ReadAction\",\"target\":[\"https:\\\/\\\/www.johannagullichsen.com\\\/sv\\\/skotsel\\\/\"]}]},{\"@type\":\"BreadcrumbList\",\"@id\":\"https:\\\/\\\/www.johannagullichsen.com\\\/sv\\\/skotsel\\\/#breadcrumb\",\"itemListElement\":[{\"@type\":\"ListItem\",\"position\":1,\"name\":\"Home\",\"item\":\"https:\\\/\\\/www.johannagullichsen.com\\\/sv\\\/\"},{\"@type\":\"ListItem\",\"position\":2,\"name\":\"Sk\u00f6tsel\"}]},{\"@type\":\"WebSite\",\"@id\":\"https:\\\/\\\/www.johannagullichsen.com\\\/sv\\\/#website\",\"url\":\"https:\\\/\\\/www.johannagullichsen.com\\\/sv\\\/\",\"name\":\"Johanna Gullichsen\",\"description\":\"\",\"potentialAction\":[{\"@type\":\"SearchAction\",\"target\":{\"@type\":\"EntryPoint\",\"urlTemplate\":\"https:\\\/\\\/www.johannagullichsen.com\\\/sv\\\/?s={search_term_string}\"},\"query-input\":{\"@type\":\"PropertyValueSpecification\",\"valueRequired\":true,\"valueName\":\"search_term_string\"}}],\"inLanguage\":\"sv-SE\"}]}<\/script>\n<!-- \/ Yoast SEO Premium plugin. -->","yoast_head_json":{"title":"Sk\u00f6tsel - Johanna Gullichsen","robots":{"index":"index","follow":"follow","max-snippet":"max-snippet:-1","max-image-preview":"max-image-preview:large","max-video-preview":"max-video-preview:-1"},"canonical":"https:\/\/www.johannagullichsen.com\/sv\/skotsel\/","og_locale":"sv_SE","og_type":"article","og_title":"Sk\u00f6tsel","og_description":"Johanna Gullichsens textilier \u00e4r designade f\u00f6r att h\u00e5lla. God sk\u00f6tsel h\u00e5ller dem snygga l\u00e4ngre och g\u00f6r att materialens egenskaper kommer till sin fulla r\u00e4tt. Enbart utvalda h\u00f6g-kvalitativa material anv\u00e4nds och&hellip;","og_url":"https:\/\/www.johannagullichsen.com\/sv\/skotsel\/","og_site_name":"Johanna Gullichsen","article_modified_time":"2026-03-11T13:45:56+00:00","twitter_card":"summary_large_image","twitter_misc":{"Ber\u00e4knad l\u00e4stid":"2 minuter"},"schema":{"@context":"https:\/\/schema.org","@graph":[{"@type":"WebPage","@id":"https:\/\/www.johannagullichsen.com\/sv\/skotsel\/","url":"https:\/\/www.johannagullichsen.com\/sv\/skotsel\/","name":"Sk\u00f6tsel - Johanna Gullichsen","isPartOf":{"@id":"https:\/\/www.johannagullichsen.com\/sv\/#website"},"datePublished":"2020-04-01T10:50:24+00:00","dateModified":"2026-03-11T13:45:56+00:00","breadcrumb":{"@id":"https:\/\/www.johannagullichsen.com\/sv\/skotsel\/#breadcrumb"},"inLanguage":"sv-SE","potentialAction":[{"@type":"ReadAction","target":["https:\/\/www.johannagullichsen.com\/sv\/skotsel\/"]}]},{"@type":"BreadcrumbList","@id":"https:\/\/www.johannagullichsen.com\/sv\/skotsel\/#breadcrumb","itemListElement":[{"@type":"ListItem","position":1,"name":"Home","item":"https:\/\/www.johannagullichsen.com\/sv\/"},{"@type":"ListItem","position":2,"name":"Sk\u00f6tsel"}]},{"@type":"WebSite","@id":"https:\/\/www.johannagullichsen.com\/sv\/#website","url":"https:\/\/www.johannagullichsen.com\/sv\/","name":"Johanna Gullichsen","description":"","potentialAction":[{"@type":"SearchAction","target":{"@type":"EntryPoint","urlTemplate":"https:\/\/www.johannagullichsen.com\/sv\/?s={search_term_string}"},"query-input":{"@type":"PropertyValueSpecification","valueRequired":true,"valueName":"search_term_string"}}],"inLanguage":"sv-SE"}]}},"_links":{"self":[{"href":"https:\/\/www.johannagullichsen.com\/sv\/wp-json\/wp\/v2\/pages\/8637","targetHints":{"allow":["GET"]}}],"collection":[{"href":"https:\/\/www.johannagullichsen.com\/sv\/wp-json\/wp\/v2\/pages"}],"about":[{"href":"https:\/\/www.johannagullichsen.com\/sv\/wp-json\/wp\/v2\/types\/page"}],"author":[{"embeddable":true,"href":"https:\/\/www.johannagullichsen.com\/sv\/wp-json\/wp\/v2\/users\/1"}],"replies":[{"embeddable":true,"href":"https:\/\/www.johannagullichsen.com\/sv\/wp-json\/wp\/v2\/comments?post=8637"}],"version-history":[{"count":5,"href":"https:\/\/www.johannagullichsen.com\/sv\/wp-json\/wp\/v2\/pages\/8637\/revisions"}],"predecessor-version":[{"id":30386,"href":"https:\/\/www.johannagullichsen.com\/sv\/wp-json\/wp\/v2\/pages\/8637\/revisions\/30386"}],"wp:attachment":[{"href":"https:\/\/www.johannagullichsen.com\/sv\/wp-json\/wp\/v2\/media?parent=8637"}],"curies":[{"name":"wp","href":"https:\/\/api.w.org\/{rel}","templated":true}]}}