{"id":11926,"date":"2021-04-23T09:52:11","date_gmt":"2021-04-23T06:52:11","guid":{"rendered":"https:\/\/www.johannagullichsen.com\/?post_type=product&#038;p=11926"},"modified":"2024-02-27T07:32:01","modified_gmt":"2024-02-27T05:32:01","slug":"doris-strumpor","status":"publish","type":"product","link":"https:\/\/www.johannagullichsen.com\/sv\/produkt\/doris-strumpor\/","title":{"rendered":"Doris Strumpor"},"content":{"rendered":"<h4>Klassiskt p\u00e5 f\u00f6tterna<\/h4>\n<p>Doris strumpor \u00e4r tillverkade av ekologisk bomull i Finland. Vi har lagt till elastan f\u00f6r komfort och flexibilitet och polyamid f\u00f6r att \u00f6ka h\u00e5llbarheten. V\u00e4lj mellan f\u00e4rgst\u00e4llningarna klassiskt svart-beige\u00a0 eller underbart fr\u00e4sch lavendel.<\/p>\n<p>Snygga strumpor ger dig gott hum\u00f6r och kompletterar kl\u00e4dseln.<\/p>\n","protected":false},"excerpt":{"rendered":"<p>Klassiskt p\u00e5 f\u00f6tterna Doris strumpor \u00e4r tillverkade av ekologisk bomull i Finland. Vi har lagt till elastan f\u00f6r komfort och flexibilitet och polyamid f\u00f6r att \u00f6ka h\u00e5llbarheten. V\u00e4lj mellan f\u00e4rgst\u00e4llningarna&hellip;<\/p>\n","protected":false},"featured_media":12022,"template":"","meta":{"_acf_changed":false},"product_brand":[],"product_cat":[269,1993],"product_tag":[],"class_list":{"0":"post-11926","1":"product","2":"type-product","3":"status-publish","4":"has-post-thumbnail","6":"product_cat-accessoarer-vaskor","7":"product_cat-strumpor-och-scarfer","8":"pa_colour-size-svart4043","9":"pa_colour-size-lavendet3740","10":"pa_colour-size-lavendel4245","11":"pa_colour-size-glas-gront3740","12":"pa_colour-size-glas-gront-42-45","13":"pa_colour-size-rosa-37-40","14":"pa_colour-size-rosa-42-45","15":"pa_colour-size-purpur-37-40-sv","16":"pa_colour-size-purpur-42-45-sv","17":"pa_colour-size-halm-36-39","18":"pa_colour-size-svart3740","19":"pa_colour-size-halm-40-43","20":"collection-normandie-sv","22":"first","23":"instock","24":"taxable","25":"shipping-taxable","26":"purchasable","27":"product-type-variable","28":"has-default-attributes"},"acf":[],"yoast_head":"<!-- This site is optimized with the Yoast SEO Premium plugin v27.2 (Yoast SEO v27.5) - https:\/\/yoast.com\/product\/yoast-seo-premium-wordpress\/ -->\n<title>Doris Strumpor - Johanna Gullichsen<\/title>\n<meta name=\"description\" content=\"Doris strumpor \u00e4r tillverkade av ekologisk bomull i Finland. Klassiskt svart-beige\u00a0och underbart fr\u00e4sch lavendel.\" \/>\n<meta name=\"robots\" content=\"index, follow, max-snippet:-1, max-image-preview:large, max-video-preview:-1\" \/>\n<link rel=\"canonical\" href=\"https:\/\/www.johannagullichsen.com\/sv\/produkt\/doris-strumpor\/\" \/>\n<meta property=\"og:locale\" content=\"sv_SE\" \/>\n<meta property=\"og:type\" content=\"article\" \/>\n<meta property=\"og:title\" content=\"Doris Strumpor\" \/>\n<meta property=\"og:description\" content=\"Doris strumpor \u00e4r tillverkade av ekologisk bomull i Finland. Klassiskt svart-beige\u00a0och underbart fr\u00e4sch lavendel.\" \/>\n<meta property=\"og:url\" content=\"https:\/\/www.johannagullichsen.com\/sv\/produkt\/doris-strumpor\/\" \/>\n<meta property=\"og:site_name\" content=\"Johanna Gullichsen\" \/>\n<meta property=\"article:modified_time\" content=\"2024-02-27T05:32:01+00:00\" \/>\n<meta property=\"og:image\" content=\"https:\/\/www.johannagullichsen.com\/wp-content\/uploads\/2021\/04\/Johanna-Gullichsen-Doris-black-socks-1.jpg\" \/>\n\t<meta property=\"og:image:width\" content=\"1600\" \/>\n\t<meta property=\"og:image:height\" content=\"1200\" \/>\n\t<meta property=\"og:image:type\" content=\"image\/jpeg\" \/>\n<meta name=\"twitter:card\" content=\"summary_large_image\" \/>\n<meta name=\"twitter:label1\" content=\"Ber\u00e4knad l\u00e4stid\" \/>\n\t<meta name=\"twitter:data1\" content=\"1 minut\" \/>\n<script type=\"application\/ld+json\" class=\"yoast-schema-graph\">{\"@context\":\"https:\\\/\\\/schema.org\",\"@graph\":[{\"@type\":\"WebPage\",\"@id\":\"https:\\\/\\\/www.johannagullichsen.com\\\/sv\\\/produkt\\\/doris-strumpor\\\/\",\"url\":\"https:\\\/\\\/www.johannagullichsen.com\\\/sv\\\/produkt\\\/doris-strumpor\\\/\",\"name\":\"Doris Strumpor - Johanna Gullichsen\",\"isPartOf\":{\"@id\":\"https:\\\/\\\/www.johannagullichsen.com\\\/sv\\\/#website\"},\"primaryImageOfPage\":{\"@id\":\"https:\\\/\\\/www.johannagullichsen.com\\\/sv\\\/produkt\\\/doris-strumpor\\\/#primaryimage\"},\"image\":{\"@id\":\"https:\\\/\\\/www.johannagullichsen.com\\\/sv\\\/produkt\\\/doris-strumpor\\\/#primaryimage\"},\"thumbnailUrl\":\"https:\\\/\\\/www.johannagullichsen.com\\\/wp-content\\\/uploads\\\/2021\\\/04\\\/Johanna-Gullichsen-Doris-black-socks-1.jpg\",\"datePublished\":\"2021-04-23T06:52:11+00:00\",\"dateModified\":\"2024-02-27T05:32:01+00:00\",\"description\":\"Doris strumpor \u00e4r tillverkade av ekologisk bomull i Finland. Klassiskt svart-beige\u00a0och underbart fr\u00e4sch lavendel.\",\"breadcrumb\":{\"@id\":\"https:\\\/\\\/www.johannagullichsen.com\\\/sv\\\/produkt\\\/doris-strumpor\\\/#breadcrumb\"},\"inLanguage\":\"sv-SE\",\"potentialAction\":[{\"@type\":\"ReadAction\",\"target\":[\"https:\\\/\\\/www.johannagullichsen.com\\\/sv\\\/produkt\\\/doris-strumpor\\\/\"]}]},{\"@type\":\"ImageObject\",\"inLanguage\":\"sv-SE\",\"@id\":\"https:\\\/\\\/www.johannagullichsen.com\\\/sv\\\/produkt\\\/doris-strumpor\\\/#primaryimage\",\"url\":\"https:\\\/\\\/www.johannagullichsen.com\\\/wp-content\\\/uploads\\\/2021\\\/04\\\/Johanna-Gullichsen-Doris-black-socks-1.jpg\",\"contentUrl\":\"https:\\\/\\\/www.johannagullichsen.com\\\/wp-content\\\/uploads\\\/2021\\\/04\\\/Johanna-Gullichsen-Doris-black-socks-1.jpg\",\"width\":1600,\"height\":1200},{\"@type\":\"BreadcrumbList\",\"@id\":\"https:\\\/\\\/www.johannagullichsen.com\\\/sv\\\/produkt\\\/doris-strumpor\\\/#breadcrumb\",\"itemListElement\":[{\"@type\":\"ListItem\",\"position\":1,\"name\":\"Home\",\"item\":\"https:\\\/\\\/www.johannagullichsen.com\\\/sv\\\/\"},{\"@type\":\"ListItem\",\"position\":2,\"name\":\"Webbutik &#8211; Produkter\",\"item\":\"https:\\\/\\\/www.johannagullichsen.com\\\/sv\\\/produkter\\\/\"},{\"@type\":\"ListItem\",\"position\":3,\"name\":\"Doris Strumpor\"}]},{\"@type\":\"WebSite\",\"@id\":\"https:\\\/\\\/www.johannagullichsen.com\\\/sv\\\/#website\",\"url\":\"https:\\\/\\\/www.johannagullichsen.com\\\/sv\\\/\",\"name\":\"Johanna Gullichsen\",\"description\":\"\",\"potentialAction\":[{\"@type\":\"SearchAction\",\"target\":{\"@type\":\"EntryPoint\",\"urlTemplate\":\"https:\\\/\\\/www.johannagullichsen.com\\\/sv\\\/?s={search_term_string}\"},\"query-input\":{\"@type\":\"PropertyValueSpecification\",\"valueRequired\":true,\"valueName\":\"search_term_string\"}}],\"inLanguage\":\"sv-SE\"}]}<\/script>\n<!-- \/ Yoast SEO Premium plugin. -->","yoast_head_json":{"title":"Doris Strumpor - Johanna Gullichsen","description":"Doris strumpor \u00e4r tillverkade av ekologisk bomull i Finland. Klassiskt svart-beige\u00a0och underbart fr\u00e4sch lavendel.","robots":{"index":"index","follow":"follow","max-snippet":"max-snippet:-1","max-image-preview":"max-image-preview:large","max-video-preview":"max-video-preview:-1"},"canonical":"https:\/\/www.johannagullichsen.com\/sv\/produkt\/doris-strumpor\/","og_locale":"sv_SE","og_type":"article","og_title":"Doris Strumpor","og_description":"Doris strumpor \u00e4r tillverkade av ekologisk bomull i Finland. Klassiskt svart-beige\u00a0och underbart fr\u00e4sch lavendel.","og_url":"https:\/\/www.johannagullichsen.com\/sv\/produkt\/doris-strumpor\/","og_site_name":"Johanna Gullichsen","article_modified_time":"2024-02-27T05:32:01+00:00","og_image":[{"width":1600,"height":1200,"url":"https:\/\/www.johannagullichsen.com\/wp-content\/uploads\/2021\/04\/Johanna-Gullichsen-Doris-black-socks-1.jpg","type":"image\/jpeg"}],"twitter_card":"summary_large_image","twitter_misc":{"Ber\u00e4knad l\u00e4stid":"1 minut"},"schema":{"@context":"https:\/\/schema.org","@graph":[{"@type":"WebPage","@id":"https:\/\/www.johannagullichsen.com\/sv\/produkt\/doris-strumpor\/","url":"https:\/\/www.johannagullichsen.com\/sv\/produkt\/doris-strumpor\/","name":"Doris Strumpor - Johanna Gullichsen","isPartOf":{"@id":"https:\/\/www.johannagullichsen.com\/sv\/#website"},"primaryImageOfPage":{"@id":"https:\/\/www.johannagullichsen.com\/sv\/produkt\/doris-strumpor\/#primaryimage"},"image":{"@id":"https:\/\/www.johannagullichsen.com\/sv\/produkt\/doris-strumpor\/#primaryimage"},"thumbnailUrl":"https:\/\/www.johannagullichsen.com\/wp-content\/uploads\/2021\/04\/Johanna-Gullichsen-Doris-black-socks-1.jpg","datePublished":"2021-04-23T06:52:11+00:00","dateModified":"2024-02-27T05:32:01+00:00","description":"Doris strumpor \u00e4r tillverkade av ekologisk bomull i Finland. Klassiskt svart-beige\u00a0och underbart fr\u00e4sch lavendel.","breadcrumb":{"@id":"https:\/\/www.johannagullichsen.com\/sv\/produkt\/doris-strumpor\/#breadcrumb"},"inLanguage":"sv-SE","potentialAction":[{"@type":"ReadAction","target":["https:\/\/www.johannagullichsen.com\/sv\/produkt\/doris-strumpor\/"]}]},{"@type":"ImageObject","inLanguage":"sv-SE","@id":"https:\/\/www.johannagullichsen.com\/sv\/produkt\/doris-strumpor\/#primaryimage","url":"https:\/\/www.johannagullichsen.com\/wp-content\/uploads\/2021\/04\/Johanna-Gullichsen-Doris-black-socks-1.jpg","contentUrl":"https:\/\/www.johannagullichsen.com\/wp-content\/uploads\/2021\/04\/Johanna-Gullichsen-Doris-black-socks-1.jpg","width":1600,"height":1200},{"@type":"BreadcrumbList","@id":"https:\/\/www.johannagullichsen.com\/sv\/produkt\/doris-strumpor\/#breadcrumb","itemListElement":[{"@type":"ListItem","position":1,"name":"Home","item":"https:\/\/www.johannagullichsen.com\/sv\/"},{"@type":"ListItem","position":2,"name":"Webbutik &#8211; Produkter","item":"https:\/\/www.johannagullichsen.com\/sv\/produkter\/"},{"@type":"ListItem","position":3,"name":"Doris Strumpor"}]},{"@type":"WebSite","@id":"https:\/\/www.johannagullichsen.com\/sv\/#website","url":"https:\/\/www.johannagullichsen.com\/sv\/","name":"Johanna Gullichsen","description":"","potentialAction":[{"@type":"SearchAction","target":{"@type":"EntryPoint","urlTemplate":"https:\/\/www.johannagullichsen.com\/sv\/?s={search_term_string}"},"query-input":{"@type":"PropertyValueSpecification","valueRequired":true,"valueName":"search_term_string"}}],"inLanguage":"sv-SE"}]}},"_links":{"self":[{"href":"https:\/\/www.johannagullichsen.com\/sv\/wp-json\/wp\/v2\/product\/11926","targetHints":{"allow":["GET"]}}],"collection":[{"href":"https:\/\/www.johannagullichsen.com\/sv\/wp-json\/wp\/v2\/product"}],"about":[{"href":"https:\/\/www.johannagullichsen.com\/sv\/wp-json\/wp\/v2\/types\/product"}],"wp:featuredmedia":[{"embeddable":true,"href":"https:\/\/www.johannagullichsen.com\/sv\/wp-json\/wp\/v2\/media\/12022"}],"wp:attachment":[{"href":"https:\/\/www.johannagullichsen.com\/sv\/wp-json\/wp\/v2\/media?parent=11926"}],"wp:term":[{"taxonomy":"product_brand","embeddable":true,"href":"https:\/\/www.johannagullichsen.com\/sv\/wp-json\/wp\/v2\/product_brand?post=11926"},{"taxonomy":"product_cat","embeddable":true,"href":"https:\/\/www.johannagullichsen.com\/sv\/wp-json\/wp\/v2\/product_cat?post=11926"},{"taxonomy":"product_tag","embeddable":true,"href":"https:\/\/www.johannagullichsen.com\/sv\/wp-json\/wp\/v2\/product_tag?post=11926"}],"curies":[{"name":"wp","href":"https:\/\/api.w.org\/{rel}","templated":true}]}}