{"id":12942,"date":"2021-09-29T12:25:20","date_gmt":"2021-09-29T09:25:20","guid":{"rendered":"https:\/\/www.johannagullichsen.com\/?post_type=product&#038;p=12942"},"modified":"2021-10-06T08:10:44","modified_gmt":"2021-10-06T05:10:44","slug":"provbit-contract-kronos","status":"publish","type":"product","link":"https:\/\/www.johannagullichsen.com\/sv\/produkt\/provbit-contract-kronos\/","title":{"rendered":"Provlapp Contract Kronos"},"content":{"rendered":"<h4>Designerns b\u00e4sta verktyg<\/h4>\n<div class=\"\">Provlappen \u00e4r ett utm\u00e4rkt verktyg f\u00f6r att kontrollera tygets f\u00e4rgton och kvalitet. Du kan best\u00e4lla en eller flera lappar f\u00f6r att f\u00e5 hj\u00e4lp med att v\u00e4lja t.ex. ett m\u00f6beltyg eller ett s\u00e4ng\u00f6verkast.<\/div>\n","protected":false},"excerpt":{"rendered":"<p>Designerns b\u00e4sta verktyg Provlappen \u00e4r ett utm\u00e4rkt verktyg f\u00f6r att kontrollera tygets f\u00e4rgton och kvalitet. Du kan best\u00e4lla en eller flera lappar f\u00f6r att f\u00e5 hj\u00e4lp med att v\u00e4lja t.ex.&hellip;<\/p>\n","protected":false},"featured_media":16586,"template":"","meta":{"_acf_changed":false},"product_brand":[],"product_cat":[17],"product_tag":[],"class_list":{"0":"post-12942","1":"product","2":"type-product","3":"status-publish","4":"has-post-thumbnail","6":"product_cat-uncategorized","7":"pa_pattern-colour-kronos-gra","8":"pa_pattern-colour-kronos-ljusgra","9":"pa_pattern-colour-kronos-mossa","10":"pa_pattern-colour-kronos-rod","11":"pa_pattern-colour-kronos-stal","12":"pa_pattern-colour-kronos-halm","13":"pa_pattern-colour-kronos-morkbla","14":"pa_pattern-colour-contract-kronos-svart","15":"pa_pattern-colour-contract-kronos-gron","16":"pa_pattern-colour-kronos-bla","17":"pa_pattern-colour-contract-kronos-brun","18":"pa_pattern-colour-kronos-korall","19":"collection-contract-sv","21":"first","22":"instock","23":"taxable","24":"shipping-taxable","25":"purchasable","26":"product-type-variable"},"acf":[],"yoast_head":"<!-- This site is optimized with the Yoast SEO Premium plugin v27.2 (Yoast SEO v27.5) - https:\/\/yoast.com\/product\/yoast-seo-premium-wordpress\/ -->\n<title>Provlapp Contract Kronos - Johanna Gullichsen<\/title>\n<meta name=\"description\" content=\"Johanna Gullichsens provlapp \u00e4r ett utm\u00e4rkt verktyg f\u00f6r att kontrollera tygets riktiga f\u00e4rgton och kvalitet.\" \/>\n<meta name=\"robots\" content=\"index, follow, max-snippet:-1, max-image-preview:large, max-video-preview:-1\" \/>\n<link rel=\"canonical\" href=\"https:\/\/www.johannagullichsen.com\/sv\/produkt\/provbit-contract-kronos\/\" \/>\n<meta property=\"og:locale\" content=\"sv_SE\" \/>\n<meta property=\"og:type\" content=\"article\" \/>\n<meta property=\"og:title\" content=\"Provlapp Contract Kronos\" \/>\n<meta property=\"og:description\" content=\"Johanna Gullichsens provlapp \u00e4r ett utm\u00e4rkt verktyg f\u00f6r att kontrollera tygets riktiga f\u00e4rgton och kvalitet.\" \/>\n<meta property=\"og:url\" content=\"https:\/\/www.johannagullichsen.com\/sv\/produkt\/provbit-contract-kronos\/\" \/>\n<meta property=\"og:site_name\" content=\"Johanna Gullichsen\" \/>\n<meta property=\"article:modified_time\" content=\"2021-10-06T05:10:44+00:00\" \/>\n<meta name=\"twitter:card\" content=\"summary_large_image\" \/>\n<meta name=\"twitter:label1\" content=\"Ber\u00e4knad l\u00e4stid\" \/>\n\t<meta name=\"twitter:data1\" content=\"1 minut\" \/>\n<script type=\"application\/ld+json\" class=\"yoast-schema-graph\">{\"@context\":\"https:\\\/\\\/schema.org\",\"@graph\":[{\"@type\":\"WebPage\",\"@id\":\"https:\\\/\\\/www.johannagullichsen.com\\\/sv\\\/produkt\\\/provbit-contract-kronos\\\/\",\"url\":\"https:\\\/\\\/www.johannagullichsen.com\\\/sv\\\/produkt\\\/provbit-contract-kronos\\\/\",\"name\":\"Provlapp Contract Kronos - Johanna Gullichsen\",\"isPartOf\":{\"@id\":\"https:\\\/\\\/www.johannagullichsen.com\\\/sv\\\/#website\"},\"primaryImageOfPage\":{\"@id\":\"https:\\\/\\\/www.johannagullichsen.com\\\/sv\\\/produkt\\\/provbit-contract-kronos\\\/#primaryimage\"},\"image\":{\"@id\":\"https:\\\/\\\/www.johannagullichsen.com\\\/sv\\\/produkt\\\/provbit-contract-kronos\\\/#primaryimage\"},\"thumbnailUrl\":\"https:\\\/\\\/www.johannagullichsen.com\\\/wp-content\\\/uploads\\\/2021\\\/03\\\/Johanna-Gullichsen-Kronos-light-grey-straw-web.jpg\",\"datePublished\":\"2021-09-29T09:25:20+00:00\",\"dateModified\":\"2021-10-06T05:10:44+00:00\",\"description\":\"Johanna Gullichsens provlapp \u00e4r ett utm\u00e4rkt verktyg f\u00f6r att kontrollera tygets riktiga f\u00e4rgton och kvalitet.\",\"breadcrumb\":{\"@id\":\"https:\\\/\\\/www.johannagullichsen.com\\\/sv\\\/produkt\\\/provbit-contract-kronos\\\/#breadcrumb\"},\"inLanguage\":\"sv-SE\",\"potentialAction\":[{\"@type\":\"ReadAction\",\"target\":[\"https:\\\/\\\/www.johannagullichsen.com\\\/sv\\\/produkt\\\/provbit-contract-kronos\\\/\"]}]},{\"@type\":\"ImageObject\",\"inLanguage\":\"sv-SE\",\"@id\":\"https:\\\/\\\/www.johannagullichsen.com\\\/sv\\\/produkt\\\/provbit-contract-kronos\\\/#primaryimage\",\"url\":\"https:\\\/\\\/www.johannagullichsen.com\\\/wp-content\\\/uploads\\\/2021\\\/03\\\/Johanna-Gullichsen-Kronos-light-grey-straw-web.jpg\",\"contentUrl\":\"https:\\\/\\\/www.johannagullichsen.com\\\/wp-content\\\/uploads\\\/2021\\\/03\\\/Johanna-Gullichsen-Kronos-light-grey-straw-web.jpg\",\"width\":1600,\"height\":1200},{\"@type\":\"BreadcrumbList\",\"@id\":\"https:\\\/\\\/www.johannagullichsen.com\\\/sv\\\/produkt\\\/provbit-contract-kronos\\\/#breadcrumb\",\"itemListElement\":[{\"@type\":\"ListItem\",\"position\":1,\"name\":\"Home\",\"item\":\"https:\\\/\\\/www.johannagullichsen.com\\\/sv\\\/\"},{\"@type\":\"ListItem\",\"position\":2,\"name\":\"Webbutik &#8211; Produkter\",\"item\":\"https:\\\/\\\/www.johannagullichsen.com\\\/sv\\\/produkter\\\/\"},{\"@type\":\"ListItem\",\"position\":3,\"name\":\"Provlapp Contract Kronos\"}]},{\"@type\":\"WebSite\",\"@id\":\"https:\\\/\\\/www.johannagullichsen.com\\\/sv\\\/#website\",\"url\":\"https:\\\/\\\/www.johannagullichsen.com\\\/sv\\\/\",\"name\":\"Johanna Gullichsen\",\"description\":\"\",\"potentialAction\":[{\"@type\":\"SearchAction\",\"target\":{\"@type\":\"EntryPoint\",\"urlTemplate\":\"https:\\\/\\\/www.johannagullichsen.com\\\/sv\\\/?s={search_term_string}\"},\"query-input\":{\"@type\":\"PropertyValueSpecification\",\"valueRequired\":true,\"valueName\":\"search_term_string\"}}],\"inLanguage\":\"sv-SE\"}]}<\/script>\n<!-- \/ Yoast SEO Premium plugin. -->","yoast_head_json":{"title":"Provlapp Contract Kronos - Johanna Gullichsen","description":"Johanna Gullichsens provlapp \u00e4r ett utm\u00e4rkt verktyg f\u00f6r att kontrollera tygets riktiga f\u00e4rgton och kvalitet.","robots":{"index":"index","follow":"follow","max-snippet":"max-snippet:-1","max-image-preview":"max-image-preview:large","max-video-preview":"max-video-preview:-1"},"canonical":"https:\/\/www.johannagullichsen.com\/sv\/produkt\/provbit-contract-kronos\/","og_locale":"sv_SE","og_type":"article","og_title":"Provlapp Contract Kronos","og_description":"Johanna Gullichsens provlapp \u00e4r ett utm\u00e4rkt verktyg f\u00f6r att kontrollera tygets riktiga f\u00e4rgton och kvalitet.","og_url":"https:\/\/www.johannagullichsen.com\/sv\/produkt\/provbit-contract-kronos\/","og_site_name":"Johanna Gullichsen","article_modified_time":"2021-10-06T05:10:44+00:00","twitter_card":"summary_large_image","twitter_misc":{"Ber\u00e4knad l\u00e4stid":"1 minut"},"schema":{"@context":"https:\/\/schema.org","@graph":[{"@type":"WebPage","@id":"https:\/\/www.johannagullichsen.com\/sv\/produkt\/provbit-contract-kronos\/","url":"https:\/\/www.johannagullichsen.com\/sv\/produkt\/provbit-contract-kronos\/","name":"Provlapp Contract Kronos - Johanna Gullichsen","isPartOf":{"@id":"https:\/\/www.johannagullichsen.com\/sv\/#website"},"primaryImageOfPage":{"@id":"https:\/\/www.johannagullichsen.com\/sv\/produkt\/provbit-contract-kronos\/#primaryimage"},"image":{"@id":"https:\/\/www.johannagullichsen.com\/sv\/produkt\/provbit-contract-kronos\/#primaryimage"},"thumbnailUrl":"https:\/\/www.johannagullichsen.com\/wp-content\/uploads\/2021\/03\/Johanna-Gullichsen-Kronos-light-grey-straw-web.jpg","datePublished":"2021-09-29T09:25:20+00:00","dateModified":"2021-10-06T05:10:44+00:00","description":"Johanna Gullichsens provlapp \u00e4r ett utm\u00e4rkt verktyg f\u00f6r att kontrollera tygets riktiga f\u00e4rgton och kvalitet.","breadcrumb":{"@id":"https:\/\/www.johannagullichsen.com\/sv\/produkt\/provbit-contract-kronos\/#breadcrumb"},"inLanguage":"sv-SE","potentialAction":[{"@type":"ReadAction","target":["https:\/\/www.johannagullichsen.com\/sv\/produkt\/provbit-contract-kronos\/"]}]},{"@type":"ImageObject","inLanguage":"sv-SE","@id":"https:\/\/www.johannagullichsen.com\/sv\/produkt\/provbit-contract-kronos\/#primaryimage","url":"https:\/\/www.johannagullichsen.com\/wp-content\/uploads\/2021\/03\/Johanna-Gullichsen-Kronos-light-grey-straw-web.jpg","contentUrl":"https:\/\/www.johannagullichsen.com\/wp-content\/uploads\/2021\/03\/Johanna-Gullichsen-Kronos-light-grey-straw-web.jpg","width":1600,"height":1200},{"@type":"BreadcrumbList","@id":"https:\/\/www.johannagullichsen.com\/sv\/produkt\/provbit-contract-kronos\/#breadcrumb","itemListElement":[{"@type":"ListItem","position":1,"name":"Home","item":"https:\/\/www.johannagullichsen.com\/sv\/"},{"@type":"ListItem","position":2,"name":"Webbutik &#8211; Produkter","item":"https:\/\/www.johannagullichsen.com\/sv\/produkter\/"},{"@type":"ListItem","position":3,"name":"Provlapp Contract Kronos"}]},{"@type":"WebSite","@id":"https:\/\/www.johannagullichsen.com\/sv\/#website","url":"https:\/\/www.johannagullichsen.com\/sv\/","name":"Johanna Gullichsen","description":"","potentialAction":[{"@type":"SearchAction","target":{"@type":"EntryPoint","urlTemplate":"https:\/\/www.johannagullichsen.com\/sv\/?s={search_term_string}"},"query-input":{"@type":"PropertyValueSpecification","valueRequired":true,"valueName":"search_term_string"}}],"inLanguage":"sv-SE"}]}},"_links":{"self":[{"href":"https:\/\/www.johannagullichsen.com\/sv\/wp-json\/wp\/v2\/product\/12942","targetHints":{"allow":["GET"]}}],"collection":[{"href":"https:\/\/www.johannagullichsen.com\/sv\/wp-json\/wp\/v2\/product"}],"about":[{"href":"https:\/\/www.johannagullichsen.com\/sv\/wp-json\/wp\/v2\/types\/product"}],"wp:featuredmedia":[{"embeddable":true,"href":"https:\/\/www.johannagullichsen.com\/sv\/wp-json\/wp\/v2\/media\/16586"}],"wp:attachment":[{"href":"https:\/\/www.johannagullichsen.com\/sv\/wp-json\/wp\/v2\/media?parent=12942"}],"wp:term":[{"taxonomy":"product_brand","embeddable":true,"href":"https:\/\/www.johannagullichsen.com\/sv\/wp-json\/wp\/v2\/product_brand?post=12942"},{"taxonomy":"product_cat","embeddable":true,"href":"https:\/\/www.johannagullichsen.com\/sv\/wp-json\/wp\/v2\/product_cat?post=12942"},{"taxonomy":"product_tag","embeddable":true,"href":"https:\/\/www.johannagullichsen.com\/sv\/wp-json\/wp\/v2\/product_tag?post=12942"}],"curies":[{"name":"wp","href":"https:\/\/api.w.org\/{rel}","templated":true}]}}