{"id":12963,"date":"2021-02-02T10:48:18","date_gmt":"2021-02-02T08:48:18","guid":{"rendered":"https:\/\/www.johannagullichsen.com\/?post_type=product&#038;p=12963"},"modified":"2025-05-05T16:30:02","modified_gmt":"2025-05-05T13:30:02","slug":"provbit-tithonus","status":"publish","type":"product","link":"https:\/\/www.johannagullichsen.com\/sv\/produkt\/provbit-tithonus\/","title":{"rendered":"Provlapp Tithonus"},"content":{"rendered":"<h4 class=\"p1\"><b>Designerns b\u00e4sta verktyg<\/b><\/h4>\n<p class=\"p1\">Provlappen \u00e4r ett utm\u00e4rkt verktyg f\u00f6r att kontrollera tygets f\u00e4rgton och kvalitet. Du kan best\u00e4lla en eller flera lappar f\u00f6r att f\u00e5 hj\u00e4lp med att v\u00e4lja t.ex. ett m\u00f6beltyg eller ett s\u00e4ng\u00f6verkast.<\/p>\n","protected":false},"excerpt":{"rendered":"<p>Designerns b\u00e4sta verktyg Provlappen \u00e4r ett utm\u00e4rkt verktyg f\u00f6r att kontrollera tygets f\u00e4rgton och kvalitet. Du kan best\u00e4lla en eller flera lappar f\u00f6r att f\u00e5 hj\u00e4lp med att v\u00e4lja t.ex.&hellip;<\/p>\n","protected":false},"featured_media":13248,"template":"","meta":{"_acf_changed":false},"product_brand":[],"product_cat":[17],"product_tag":[],"class_list":{"0":"post-12963","1":"product","2":"type-product","3":"status-publish","4":"has-post-thumbnail","6":"product_cat-uncategorized","7":"pa_pattern-colour-tithonus-vinrod","8":"pa_pattern-colour-tithonus-tegel","9":"pa_pattern-colour-tithonus-gron","10":"pa_pattern-colour-tithonus-blygra","11":"pa_pattern-colour-tithonus-ockra","12":"pa_pattern-colour-tithonus-gul","13":"pa_pattern-colour-tithonus-svart","14":"pa_pattern-colour-tithonus-bla","16":"first","17":"instock","18":"taxable","19":"shipping-taxable","20":"purchasable","21":"product-type-variable"},"acf":[],"yoast_head":"<!-- This site is optimized with the Yoast SEO Premium plugin v27.2 (Yoast SEO v27.5) - https:\/\/yoast.com\/product\/yoast-seo-premium-wordpress\/ -->\n<title>Provlapp Tithonus - Johanna Gullichsen<\/title>\n<meta name=\"description\" content=\"Johanna Gullichsens provlapp \u00e4r ett utm\u00e4rkt verktyg f\u00f6r att kontrollera tygets riktiga f\u00e4rgton och kvalitet.\" \/>\n<meta name=\"robots\" content=\"index, follow, max-snippet:-1, max-image-preview:large, max-video-preview:-1\" \/>\n<link rel=\"canonical\" href=\"https:\/\/www.johannagullichsen.com\/sv\/produkt\/provbit-tithonus\/\" \/>\n<meta property=\"og:locale\" content=\"sv_SE\" \/>\n<meta property=\"og:type\" content=\"article\" \/>\n<meta property=\"og:title\" content=\"Provlapp Tithonus\" \/>\n<meta property=\"og:description\" content=\"Johanna Gullichsens provlapp \u00e4r ett utm\u00e4rkt verktyg f\u00f6r att kontrollera tygets riktiga f\u00e4rgton och kvalitet.\" \/>\n<meta property=\"og:url\" content=\"https:\/\/www.johannagullichsen.com\/sv\/produkt\/provbit-tithonus\/\" \/>\n<meta property=\"og:site_name\" content=\"Johanna Gullichsen\" \/>\n<meta property=\"article:modified_time\" content=\"2025-05-05T13:30:02+00:00\" \/>\n<meta property=\"og:image\" content=\"https:\/\/www.johannagullichsen.com\/wp-content\/uploads\/2021\/02\/Johanna-Gullichsen-Normandie-samples-Tithonus.jpg\" \/>\n\t<meta property=\"og:image:width\" content=\"1600\" \/>\n\t<meta property=\"og:image:height\" content=\"1200\" \/>\n\t<meta property=\"og:image:type\" content=\"image\/jpeg\" \/>\n<meta name=\"twitter:card\" content=\"summary_large_image\" \/>\n<meta name=\"twitter:label1\" content=\"Ber\u00e4knad l\u00e4stid\" \/>\n\t<meta name=\"twitter:data1\" content=\"1 minut\" \/>\n<script type=\"application\/ld+json\" class=\"yoast-schema-graph\">{\"@context\":\"https:\\\/\\\/schema.org\",\"@graph\":[{\"@type\":\"WebPage\",\"@id\":\"https:\\\/\\\/www.johannagullichsen.com\\\/sv\\\/produkt\\\/provbit-tithonus\\\/\",\"url\":\"https:\\\/\\\/www.johannagullichsen.com\\\/sv\\\/produkt\\\/provbit-tithonus\\\/\",\"name\":\"Provlapp Tithonus - Johanna Gullichsen\",\"isPartOf\":{\"@id\":\"https:\\\/\\\/www.johannagullichsen.com\\\/sv\\\/#website\"},\"primaryImageOfPage\":{\"@id\":\"https:\\\/\\\/www.johannagullichsen.com\\\/sv\\\/produkt\\\/provbit-tithonus\\\/#primaryimage\"},\"image\":{\"@id\":\"https:\\\/\\\/www.johannagullichsen.com\\\/sv\\\/produkt\\\/provbit-tithonus\\\/#primaryimage\"},\"thumbnailUrl\":\"https:\\\/\\\/www.johannagullichsen.com\\\/wp-content\\\/uploads\\\/2021\\\/02\\\/Johanna-Gullichsen-Normandie-samples-Tithonus.jpg\",\"datePublished\":\"2021-02-02T08:48:18+00:00\",\"dateModified\":\"2025-05-05T13:30:02+00:00\",\"description\":\"Johanna Gullichsens provlapp \u00e4r ett utm\u00e4rkt verktyg f\u00f6r att kontrollera tygets riktiga f\u00e4rgton och kvalitet.\",\"breadcrumb\":{\"@id\":\"https:\\\/\\\/www.johannagullichsen.com\\\/sv\\\/produkt\\\/provbit-tithonus\\\/#breadcrumb\"},\"inLanguage\":\"sv-SE\",\"potentialAction\":[{\"@type\":\"ReadAction\",\"target\":[\"https:\\\/\\\/www.johannagullichsen.com\\\/sv\\\/produkt\\\/provbit-tithonus\\\/\"]}]},{\"@type\":\"ImageObject\",\"inLanguage\":\"sv-SE\",\"@id\":\"https:\\\/\\\/www.johannagullichsen.com\\\/sv\\\/produkt\\\/provbit-tithonus\\\/#primaryimage\",\"url\":\"https:\\\/\\\/www.johannagullichsen.com\\\/wp-content\\\/uploads\\\/2021\\\/02\\\/Johanna-Gullichsen-Normandie-samples-Tithonus.jpg\",\"contentUrl\":\"https:\\\/\\\/www.johannagullichsen.com\\\/wp-content\\\/uploads\\\/2021\\\/02\\\/Johanna-Gullichsen-Normandie-samples-Tithonus.jpg\",\"width\":1600,\"height\":1200},{\"@type\":\"BreadcrumbList\",\"@id\":\"https:\\\/\\\/www.johannagullichsen.com\\\/sv\\\/produkt\\\/provbit-tithonus\\\/#breadcrumb\",\"itemListElement\":[{\"@type\":\"ListItem\",\"position\":1,\"name\":\"Home\",\"item\":\"https:\\\/\\\/www.johannagullichsen.com\\\/sv\\\/\"},{\"@type\":\"ListItem\",\"position\":2,\"name\":\"Webbutik &#8211; Produkter\",\"item\":\"https:\\\/\\\/www.johannagullichsen.com\\\/sv\\\/produkter\\\/\"},{\"@type\":\"ListItem\",\"position\":3,\"name\":\"Provlapp Tithonus\"}]},{\"@type\":\"WebSite\",\"@id\":\"https:\\\/\\\/www.johannagullichsen.com\\\/sv\\\/#website\",\"url\":\"https:\\\/\\\/www.johannagullichsen.com\\\/sv\\\/\",\"name\":\"Johanna Gullichsen\",\"description\":\"\",\"potentialAction\":[{\"@type\":\"SearchAction\",\"target\":{\"@type\":\"EntryPoint\",\"urlTemplate\":\"https:\\\/\\\/www.johannagullichsen.com\\\/sv\\\/?s={search_term_string}\"},\"query-input\":{\"@type\":\"PropertyValueSpecification\",\"valueRequired\":true,\"valueName\":\"search_term_string\"}}],\"inLanguage\":\"sv-SE\"}]}<\/script>\n<!-- \/ Yoast SEO Premium plugin. -->","yoast_head_json":{"title":"Provlapp Tithonus - Johanna Gullichsen","description":"Johanna Gullichsens provlapp \u00e4r ett utm\u00e4rkt verktyg f\u00f6r att kontrollera tygets riktiga f\u00e4rgton och kvalitet.","robots":{"index":"index","follow":"follow","max-snippet":"max-snippet:-1","max-image-preview":"max-image-preview:large","max-video-preview":"max-video-preview:-1"},"canonical":"https:\/\/www.johannagullichsen.com\/sv\/produkt\/provbit-tithonus\/","og_locale":"sv_SE","og_type":"article","og_title":"Provlapp Tithonus","og_description":"Johanna Gullichsens provlapp \u00e4r ett utm\u00e4rkt verktyg f\u00f6r att kontrollera tygets riktiga f\u00e4rgton och kvalitet.","og_url":"https:\/\/www.johannagullichsen.com\/sv\/produkt\/provbit-tithonus\/","og_site_name":"Johanna Gullichsen","article_modified_time":"2025-05-05T13:30:02+00:00","og_image":[{"width":1600,"height":1200,"url":"https:\/\/www.johannagullichsen.com\/wp-content\/uploads\/2021\/02\/Johanna-Gullichsen-Normandie-samples-Tithonus.jpg","type":"image\/jpeg"}],"twitter_card":"summary_large_image","twitter_misc":{"Ber\u00e4knad l\u00e4stid":"1 minut"},"schema":{"@context":"https:\/\/schema.org","@graph":[{"@type":"WebPage","@id":"https:\/\/www.johannagullichsen.com\/sv\/produkt\/provbit-tithonus\/","url":"https:\/\/www.johannagullichsen.com\/sv\/produkt\/provbit-tithonus\/","name":"Provlapp Tithonus - Johanna Gullichsen","isPartOf":{"@id":"https:\/\/www.johannagullichsen.com\/sv\/#website"},"primaryImageOfPage":{"@id":"https:\/\/www.johannagullichsen.com\/sv\/produkt\/provbit-tithonus\/#primaryimage"},"image":{"@id":"https:\/\/www.johannagullichsen.com\/sv\/produkt\/provbit-tithonus\/#primaryimage"},"thumbnailUrl":"https:\/\/www.johannagullichsen.com\/wp-content\/uploads\/2021\/02\/Johanna-Gullichsen-Normandie-samples-Tithonus.jpg","datePublished":"2021-02-02T08:48:18+00:00","dateModified":"2025-05-05T13:30:02+00:00","description":"Johanna Gullichsens provlapp \u00e4r ett utm\u00e4rkt verktyg f\u00f6r att kontrollera tygets riktiga f\u00e4rgton och kvalitet.","breadcrumb":{"@id":"https:\/\/www.johannagullichsen.com\/sv\/produkt\/provbit-tithonus\/#breadcrumb"},"inLanguage":"sv-SE","potentialAction":[{"@type":"ReadAction","target":["https:\/\/www.johannagullichsen.com\/sv\/produkt\/provbit-tithonus\/"]}]},{"@type":"ImageObject","inLanguage":"sv-SE","@id":"https:\/\/www.johannagullichsen.com\/sv\/produkt\/provbit-tithonus\/#primaryimage","url":"https:\/\/www.johannagullichsen.com\/wp-content\/uploads\/2021\/02\/Johanna-Gullichsen-Normandie-samples-Tithonus.jpg","contentUrl":"https:\/\/www.johannagullichsen.com\/wp-content\/uploads\/2021\/02\/Johanna-Gullichsen-Normandie-samples-Tithonus.jpg","width":1600,"height":1200},{"@type":"BreadcrumbList","@id":"https:\/\/www.johannagullichsen.com\/sv\/produkt\/provbit-tithonus\/#breadcrumb","itemListElement":[{"@type":"ListItem","position":1,"name":"Home","item":"https:\/\/www.johannagullichsen.com\/sv\/"},{"@type":"ListItem","position":2,"name":"Webbutik &#8211; Produkter","item":"https:\/\/www.johannagullichsen.com\/sv\/produkter\/"},{"@type":"ListItem","position":3,"name":"Provlapp Tithonus"}]},{"@type":"WebSite","@id":"https:\/\/www.johannagullichsen.com\/sv\/#website","url":"https:\/\/www.johannagullichsen.com\/sv\/","name":"Johanna Gullichsen","description":"","potentialAction":[{"@type":"SearchAction","target":{"@type":"EntryPoint","urlTemplate":"https:\/\/www.johannagullichsen.com\/sv\/?s={search_term_string}"},"query-input":{"@type":"PropertyValueSpecification","valueRequired":true,"valueName":"search_term_string"}}],"inLanguage":"sv-SE"}]}},"_links":{"self":[{"href":"https:\/\/www.johannagullichsen.com\/sv\/wp-json\/wp\/v2\/product\/12963","targetHints":{"allow":["GET"]}}],"collection":[{"href":"https:\/\/www.johannagullichsen.com\/sv\/wp-json\/wp\/v2\/product"}],"about":[{"href":"https:\/\/www.johannagullichsen.com\/sv\/wp-json\/wp\/v2\/types\/product"}],"wp:featuredmedia":[{"embeddable":true,"href":"https:\/\/www.johannagullichsen.com\/sv\/wp-json\/wp\/v2\/media\/13248"}],"wp:attachment":[{"href":"https:\/\/www.johannagullichsen.com\/sv\/wp-json\/wp\/v2\/media?parent=12963"}],"wp:term":[{"taxonomy":"product_brand","embeddable":true,"href":"https:\/\/www.johannagullichsen.com\/sv\/wp-json\/wp\/v2\/product_brand?post=12963"},{"taxonomy":"product_cat","embeddable":true,"href":"https:\/\/www.johannagullichsen.com\/sv\/wp-json\/wp\/v2\/product_cat?post=12963"},{"taxonomy":"product_tag","embeddable":true,"href":"https:\/\/www.johannagullichsen.com\/sv\/wp-json\/wp\/v2\/product_tag?post=12963"}],"curies":[{"name":"wp","href":"https:\/\/api.w.org\/{rel}","templated":true}]}}