{"id":12996,"date":"2021-02-02T10:47:47","date_gmt":"2021-02-02T08:47:47","guid":{"rendered":"https:\/\/www.johannagullichsen.com\/?post_type=product&#038;p=12996"},"modified":"2021-10-15T12:28:40","modified_gmt":"2021-10-15T09:28:40","slug":"provbit-triton","status":"publish","type":"product","link":"https:\/\/www.johannagullichsen.com\/sv\/produkt\/provbit-triton\/","title":{"rendered":"Provlapp Contract Triton"},"content":{"rendered":"<h4>Designerns b\u00e4sta verktyg<\/h4>\n<div class=\"\">Provlappen \u00e4r ett utm\u00e4rkt verktyg f\u00f6r att kontrollera tygets f\u00e4rgton och kvalitet. Du kan best\u00e4lla en eller flera lappar f\u00f6r att f\u00e5 hj\u00e4lp med att v\u00e4lja t.ex. ett m\u00f6beltyg eller ett s\u00e4ng\u00f6verkast.<\/div>\n","protected":false},"excerpt":{"rendered":"<p>Designerns b\u00e4sta verktyg Provlappen \u00e4r ett utm\u00e4rkt verktyg f\u00f6r att kontrollera tygets f\u00e4rgton och kvalitet. Du kan best\u00e4lla en eller flera lappar f\u00f6r att f\u00e5 hj\u00e4lp med att v\u00e4lja t.ex.&hellip;<\/p>\n","protected":false},"featured_media":13226,"template":"","meta":{"_acf_changed":false},"product_brand":[],"product_cat":[17],"product_tag":[],"class_list":{"0":"post-12996","1":"product","2":"type-product","3":"status-publish","4":"has-post-thumbnail","6":"product_cat-uncategorized","7":"pa_pattern-colour-contract-triton-mossa","8":"pa_pattern-colour-contract-triton-rod","9":"pa_pattern-colour-contract-triton-stal","10":"pa_pattern-colour-contract-triton-svart","11":"pa_pattern-colour-contract-triton-halm","12":"pa_pattern-colour-contract-triton-bla","13":"pa_pattern-colour-contract-triton-brun","14":"pa_pattern-colour-contract-triton-korall","15":"pa_pattern-colour-contract-triton-morkbla","16":"pa_pattern-colour-contract-triton-gron","17":"pa_pattern-colour-contract-triton-gra","18":"pa_pattern-colour-contract-triton-ljus-gra","20":"first","21":"instock","22":"taxable","23":"shipping-taxable","24":"purchasable","25":"product-type-variable"},"acf":[],"yoast_head":"<!-- This site is optimized with the Yoast SEO Premium plugin v27.2 (Yoast SEO v27.2) - https:\/\/yoast.com\/product\/yoast-seo-premium-wordpress\/ -->\n<title>Provlapp Contract Triton - Johanna Gullichsen<\/title>\n<meta name=\"description\" content=\"Provlappen \u00e4r ett utm\u00e4rkt verktyg f\u00f6r att kontrollera tygets f\u00e4rgton och kvalitet.\" \/>\n<meta name=\"robots\" content=\"index, follow, max-snippet:-1, max-image-preview:large, max-video-preview:-1\" \/>\n<link rel=\"canonical\" href=\"https:\/\/www.johannagullichsen.com\/sv\/produkt\/provbit-triton\/\" \/>\n<meta property=\"og:locale\" content=\"sv_SE\" \/>\n<meta property=\"og:type\" content=\"article\" \/>\n<meta property=\"og:title\" content=\"Provlapp Contract Triton\" \/>\n<meta property=\"og:description\" content=\"Provlappen \u00e4r ett utm\u00e4rkt verktyg f\u00f6r att kontrollera tygets f\u00e4rgton och kvalitet.\" \/>\n<meta property=\"og:url\" content=\"https:\/\/www.johannagullichsen.com\/sv\/produkt\/provbit-triton\/\" \/>\n<meta property=\"og:site_name\" content=\"Johanna Gullichsen\" \/>\n<meta property=\"article:modified_time\" content=\"2021-10-15T09:28:40+00:00\" \/>\n<meta property=\"og:image\" content=\"https:\/\/www.johannagullichsen.com\/wp-content\/uploads\/2021\/02\/Johanna-Gullichsen-contract-samples-Triton-light-grey.jpg\" \/>\n\t<meta property=\"og:image:width\" content=\"1600\" \/>\n\t<meta property=\"og:image:height\" content=\"1200\" \/>\n\t<meta property=\"og:image:type\" content=\"image\/jpeg\" \/>\n<meta name=\"twitter:card\" content=\"summary_large_image\" \/>\n<meta name=\"twitter:label1\" content=\"Ber\u00e4knad l\u00e4stid\" \/>\n\t<meta name=\"twitter:data1\" content=\"1 minut\" \/>\n<script type=\"application\/ld+json\" class=\"yoast-schema-graph\">{\"@context\":\"https:\/\/schema.org\",\"@graph\":[{\"@type\":\"WebPage\",\"@id\":\"https:\/\/www.johannagullichsen.com\/sv\/produkt\/provbit-triton\/\",\"url\":\"https:\/\/www.johannagullichsen.com\/sv\/produkt\/provbit-triton\/\",\"name\":\"Provlapp Contract Triton - Johanna Gullichsen\",\"isPartOf\":{\"@id\":\"https:\/\/www.johannagullichsen.com\/sv\/#website\"},\"primaryImageOfPage\":{\"@id\":\"https:\/\/www.johannagullichsen.com\/sv\/produkt\/provbit-triton\/#primaryimage\"},\"image\":{\"@id\":\"https:\/\/www.johannagullichsen.com\/sv\/produkt\/provbit-triton\/#primaryimage\"},\"thumbnailUrl\":\"https:\/\/www.johannagullichsen.com\/wp-content\/uploads\/2021\/02\/Johanna-Gullichsen-contract-samples-Triton-light-grey.jpg\",\"datePublished\":\"2021-02-02T08:47:47+00:00\",\"dateModified\":\"2021-10-15T09:28:40+00:00\",\"description\":\"Provlappen \u00e4r ett utm\u00e4rkt verktyg f\u00f6r att kontrollera tygets f\u00e4rgton och kvalitet.\",\"breadcrumb\":{\"@id\":\"https:\/\/www.johannagullichsen.com\/sv\/produkt\/provbit-triton\/#breadcrumb\"},\"inLanguage\":\"sv-SE\",\"potentialAction\":[{\"@type\":\"ReadAction\",\"target\":[\"https:\/\/www.johannagullichsen.com\/sv\/produkt\/provbit-triton\/\"]}]},{\"@type\":\"ImageObject\",\"inLanguage\":\"sv-SE\",\"@id\":\"https:\/\/www.johannagullichsen.com\/sv\/produkt\/provbit-triton\/#primaryimage\",\"url\":\"https:\/\/www.johannagullichsen.com\/wp-content\/uploads\/2021\/02\/Johanna-Gullichsen-contract-samples-Triton-light-grey.jpg\",\"contentUrl\":\"https:\/\/www.johannagullichsen.com\/wp-content\/uploads\/2021\/02\/Johanna-Gullichsen-contract-samples-Triton-light-grey.jpg\",\"width\":1600,\"height\":1200},{\"@type\":\"BreadcrumbList\",\"@id\":\"https:\/\/www.johannagullichsen.com\/sv\/produkt\/provbit-triton\/#breadcrumb\",\"itemListElement\":[{\"@type\":\"ListItem\",\"position\":1,\"name\":\"Home\",\"item\":\"https:\/\/www.johannagullichsen.com\/sv\/\"},{\"@type\":\"ListItem\",\"position\":2,\"name\":\"Webbutik &#8211; Produkter\",\"item\":\"https:\/\/www.johannagullichsen.com\/sv\/produkter\/\"},{\"@type\":\"ListItem\",\"position\":3,\"name\":\"Provlapp Contract Triton\"}]},{\"@type\":\"WebSite\",\"@id\":\"https:\/\/www.johannagullichsen.com\/sv\/#website\",\"url\":\"https:\/\/www.johannagullichsen.com\/sv\/\",\"name\":\"Johanna Gullichsen\",\"description\":\"\",\"potentialAction\":[{\"@type\":\"SearchAction\",\"target\":{\"@type\":\"EntryPoint\",\"urlTemplate\":\"https:\/\/www.johannagullichsen.com\/sv\/?s={search_term_string}\"},\"query-input\":{\"@type\":\"PropertyValueSpecification\",\"valueRequired\":true,\"valueName\":\"search_term_string\"}}],\"inLanguage\":\"sv-SE\"}]}<\/script>\n<!-- \/ Yoast SEO Premium plugin. -->","yoast_head_json":{"title":"Provlapp Contract Triton - Johanna Gullichsen","description":"Provlappen \u00e4r ett utm\u00e4rkt verktyg f\u00f6r att kontrollera tygets f\u00e4rgton och kvalitet.","robots":{"index":"index","follow":"follow","max-snippet":"max-snippet:-1","max-image-preview":"max-image-preview:large","max-video-preview":"max-video-preview:-1"},"canonical":"https:\/\/www.johannagullichsen.com\/sv\/produkt\/provbit-triton\/","og_locale":"sv_SE","og_type":"article","og_title":"Provlapp Contract Triton","og_description":"Provlappen \u00e4r ett utm\u00e4rkt verktyg f\u00f6r att kontrollera tygets f\u00e4rgton och kvalitet.","og_url":"https:\/\/www.johannagullichsen.com\/sv\/produkt\/provbit-triton\/","og_site_name":"Johanna Gullichsen","article_modified_time":"2021-10-15T09:28:40+00:00","og_image":[{"width":1600,"height":1200,"url":"https:\/\/www.johannagullichsen.com\/wp-content\/uploads\/2021\/02\/Johanna-Gullichsen-contract-samples-Triton-light-grey.jpg","type":"image\/jpeg"}],"twitter_card":"summary_large_image","twitter_misc":{"Ber\u00e4knad l\u00e4stid":"1 minut"},"schema":{"@context":"https:\/\/schema.org","@graph":[{"@type":"WebPage","@id":"https:\/\/www.johannagullichsen.com\/sv\/produkt\/provbit-triton\/","url":"https:\/\/www.johannagullichsen.com\/sv\/produkt\/provbit-triton\/","name":"Provlapp Contract Triton - Johanna Gullichsen","isPartOf":{"@id":"https:\/\/www.johannagullichsen.com\/sv\/#website"},"primaryImageOfPage":{"@id":"https:\/\/www.johannagullichsen.com\/sv\/produkt\/provbit-triton\/#primaryimage"},"image":{"@id":"https:\/\/www.johannagullichsen.com\/sv\/produkt\/provbit-triton\/#primaryimage"},"thumbnailUrl":"https:\/\/www.johannagullichsen.com\/wp-content\/uploads\/2021\/02\/Johanna-Gullichsen-contract-samples-Triton-light-grey.jpg","datePublished":"2021-02-02T08:47:47+00:00","dateModified":"2021-10-15T09:28:40+00:00","description":"Provlappen \u00e4r ett utm\u00e4rkt verktyg f\u00f6r att kontrollera tygets f\u00e4rgton och kvalitet.","breadcrumb":{"@id":"https:\/\/www.johannagullichsen.com\/sv\/produkt\/provbit-triton\/#breadcrumb"},"inLanguage":"sv-SE","potentialAction":[{"@type":"ReadAction","target":["https:\/\/www.johannagullichsen.com\/sv\/produkt\/provbit-triton\/"]}]},{"@type":"ImageObject","inLanguage":"sv-SE","@id":"https:\/\/www.johannagullichsen.com\/sv\/produkt\/provbit-triton\/#primaryimage","url":"https:\/\/www.johannagullichsen.com\/wp-content\/uploads\/2021\/02\/Johanna-Gullichsen-contract-samples-Triton-light-grey.jpg","contentUrl":"https:\/\/www.johannagullichsen.com\/wp-content\/uploads\/2021\/02\/Johanna-Gullichsen-contract-samples-Triton-light-grey.jpg","width":1600,"height":1200},{"@type":"BreadcrumbList","@id":"https:\/\/www.johannagullichsen.com\/sv\/produkt\/provbit-triton\/#breadcrumb","itemListElement":[{"@type":"ListItem","position":1,"name":"Home","item":"https:\/\/www.johannagullichsen.com\/sv\/"},{"@type":"ListItem","position":2,"name":"Webbutik &#8211; Produkter","item":"https:\/\/www.johannagullichsen.com\/sv\/produkter\/"},{"@type":"ListItem","position":3,"name":"Provlapp Contract Triton"}]},{"@type":"WebSite","@id":"https:\/\/www.johannagullichsen.com\/sv\/#website","url":"https:\/\/www.johannagullichsen.com\/sv\/","name":"Johanna Gullichsen","description":"","potentialAction":[{"@type":"SearchAction","target":{"@type":"EntryPoint","urlTemplate":"https:\/\/www.johannagullichsen.com\/sv\/?s={search_term_string}"},"query-input":{"@type":"PropertyValueSpecification","valueRequired":true,"valueName":"search_term_string"}}],"inLanguage":"sv-SE"}]}},"_links":{"self":[{"href":"https:\/\/www.johannagullichsen.com\/sv\/wp-json\/wp\/v2\/product\/12996","targetHints":{"allow":["GET"]}}],"collection":[{"href":"https:\/\/www.johannagullichsen.com\/sv\/wp-json\/wp\/v2\/product"}],"about":[{"href":"https:\/\/www.johannagullichsen.com\/sv\/wp-json\/wp\/v2\/types\/product"}],"wp:featuredmedia":[{"embeddable":true,"href":"https:\/\/www.johannagullichsen.com\/sv\/wp-json\/wp\/v2\/media\/13226"}],"wp:attachment":[{"href":"https:\/\/www.johannagullichsen.com\/sv\/wp-json\/wp\/v2\/media?parent=12996"}],"wp:term":[{"taxonomy":"product_brand","embeddable":true,"href":"https:\/\/www.johannagullichsen.com\/sv\/wp-json\/wp\/v2\/product_brand?post=12996"},{"taxonomy":"product_cat","embeddable":true,"href":"https:\/\/www.johannagullichsen.com\/sv\/wp-json\/wp\/v2\/product_cat?post=12996"},{"taxonomy":"product_tag","embeddable":true,"href":"https:\/\/www.johannagullichsen.com\/sv\/wp-json\/wp\/v2\/product_tag?post=12996"}],"curies":[{"name":"wp","href":"https:\/\/api.w.org\/{rel}","templated":true}]}}