{"id":16769,"date":"2023-01-03T09:55:09","date_gmt":"2023-01-03T07:55:09","guid":{"rendered":"https:\/\/www.johannagullichsen.com\/?post_type=product&#038;p=16769"},"modified":"2023-01-13T11:04:49","modified_gmt":"2023-01-13T09:04:49","slug":"kopp-nereus","status":"publish","type":"product","link":"https:\/\/www.johannagullichsen.com\/sv\/produkt\/kopp-nereus\/","title":{"rendered":"Kopp Nereus"},"content":{"rendered":"<h4><span data-preserver-spaces=\"true\">Dags f\u00f6r en paus!<\/span><\/h4>\n<p><span data-preserver-spaces=\"true\">Nereus Koppen \u00e4r perfekt att servera kaffe, te eller varm choklad i. F\u00e4rgerna varmt okra, eller diskret gr\u00e5 passar vackert ihop med varandra. Koppen och fatet s\u00e4ljs separat, allts\u00e5 g\u00e5r det bra att blanda eller matcha hur som helst enligt eget tycke.<\/span><\/p>\n<p><a class=\"editor-rtfLink\" href=\"https:\/\/vaja.fi\/\" target=\"_blank\" rel=\"noopener\"><span data-preserver-spaces=\"true\">Vaja Finlands<\/span><\/a><span data-preserver-spaces=\"true\"> r\u00e4tlinjiga stapelbara koppar \u00e4r tillverkade i Borg\u00e5 i Finland. Ursprungligen anpassade vi Nereus m\u00f6nstret till Vajas kopp och fat speciellt f\u00f6r kafeet i <\/span><a class=\"editor-rtfLink\" href=\"https:\/\/www.villagyllenberg.fi\/en\" target=\"_blank\" rel=\"noopener\"><span data-preserver-spaces=\"true\">Villa Gyllenbergs museum<\/span><\/a><span data-preserver-spaces=\"true\">. <\/span><\/p>\n<p><span data-preserver-spaces=\"true\">Koppen och fatet med Nereus m\u00f6nstret lanserades d\u00e5 Villa Gyllenberg \u00e5ter\u00f6ppnades efter renoveringen \u00e5r 2022.<\/span><\/p>\n","protected":false},"excerpt":{"rendered":"<p>Dags f\u00f6r en paus! Nereus Koppen \u00e4r perfekt att servera kaffe, te eller varm choklad i. F\u00e4rgerna varmt okra, eller diskret gr\u00e5 passar vackert ihop med varandra. Koppen och fatet&hellip;<\/p>\n","protected":false},"featured_media":16737,"template":"","meta":{"_acf_changed":false},"product_brand":[],"product_cat":[268],"product_tag":[],"class_list":{"0":"post-16769","1":"product","2":"type-product","3":"status-publish","4":"has-post-thumbnail","6":"product_cat-till-bords","7":"pa_pattern-colour-nereus-mossa","8":"pa_pattern-colour-nereus-ockra-1","9":"collection-normandie-sv","11":"first","12":"instock","13":"taxable","14":"shipping-taxable","15":"purchasable","16":"product-type-variable"},"acf":[],"yoast_head":"<!-- This site is optimized with the Yoast SEO Premium plugin v27.2 (Yoast SEO v27.2) - https:\/\/yoast.com\/product\/yoast-seo-premium-wordpress\/ -->\n<title>Kopp Nereus - Johanna Gullichsen<\/title>\n<meta name=\"description\" content=\"Dags f\u00f6r en Paus! Nereus Koppen \u00e4r perfekt\u00a0att servera kaffe, te eller varm choklad i.\" \/>\n<meta name=\"robots\" content=\"index, follow, max-snippet:-1, max-image-preview:large, max-video-preview:-1\" \/>\n<link rel=\"canonical\" href=\"https:\/\/www.johannagullichsen.com\/sv\/produkt\/kopp-nereus\/\" \/>\n<meta property=\"og:locale\" content=\"sv_SE\" \/>\n<meta property=\"og:type\" content=\"article\" \/>\n<meta property=\"og:title\" content=\"Kopp Nereus\" \/>\n<meta property=\"og:description\" content=\"Dags f\u00f6r en Paus! Nereus Koppen \u00e4r perfekt\u00a0att servera kaffe, te eller varm choklad i.\" \/>\n<meta property=\"og:url\" content=\"https:\/\/www.johannagullichsen.com\/sv\/produkt\/kopp-nereus\/\" \/>\n<meta property=\"og:site_name\" content=\"Johanna Gullichsen\" \/>\n<meta property=\"article:modified_time\" content=\"2023-01-13T09:04:49+00:00\" \/>\n<meta property=\"og:image\" content=\"https:\/\/www.johannagullichsen.com\/wp-content\/uploads\/2023\/01\/Johanna-Gullichsen-Nereus-Cup-Ochre.jpg\" \/>\n\t<meta property=\"og:image:width\" content=\"1600\" \/>\n\t<meta property=\"og:image:height\" content=\"1200\" \/>\n\t<meta property=\"og:image:type\" content=\"image\/jpeg\" \/>\n<meta name=\"twitter:card\" content=\"summary_large_image\" \/>\n<meta name=\"twitter:label1\" content=\"Ber\u00e4knad l\u00e4stid\" \/>\n\t<meta name=\"twitter:data1\" content=\"1 minut\" \/>\n<script type=\"application\/ld+json\" class=\"yoast-schema-graph\">{\"@context\":\"https:\/\/schema.org\",\"@graph\":[{\"@type\":\"WebPage\",\"@id\":\"https:\/\/www.johannagullichsen.com\/sv\/produkt\/kopp-nereus\/\",\"url\":\"https:\/\/www.johannagullichsen.com\/sv\/produkt\/kopp-nereus\/\",\"name\":\"Kopp Nereus - Johanna Gullichsen\",\"isPartOf\":{\"@id\":\"https:\/\/www.johannagullichsen.com\/sv\/#website\"},\"primaryImageOfPage\":{\"@id\":\"https:\/\/www.johannagullichsen.com\/sv\/produkt\/kopp-nereus\/#primaryimage\"},\"image\":{\"@id\":\"https:\/\/www.johannagullichsen.com\/sv\/produkt\/kopp-nereus\/#primaryimage\"},\"thumbnailUrl\":\"https:\/\/www.johannagullichsen.com\/wp-content\/uploads\/2023\/01\/Johanna-Gullichsen-Nereus-Cup-Ochre.jpg\",\"datePublished\":\"2023-01-03T07:55:09+00:00\",\"dateModified\":\"2023-01-13T09:04:49+00:00\",\"description\":\"Dags f\u00f6r en Paus! Nereus Koppen \u00e4r perfekt\u00a0att servera kaffe, te eller varm choklad i.\",\"breadcrumb\":{\"@id\":\"https:\/\/www.johannagullichsen.com\/sv\/produkt\/kopp-nereus\/#breadcrumb\"},\"inLanguage\":\"sv-SE\",\"potentialAction\":[{\"@type\":\"ReadAction\",\"target\":[\"https:\/\/www.johannagullichsen.com\/sv\/produkt\/kopp-nereus\/\"]}]},{\"@type\":\"ImageObject\",\"inLanguage\":\"sv-SE\",\"@id\":\"https:\/\/www.johannagullichsen.com\/sv\/produkt\/kopp-nereus\/#primaryimage\",\"url\":\"https:\/\/www.johannagullichsen.com\/wp-content\/uploads\/2023\/01\/Johanna-Gullichsen-Nereus-Cup-Ochre.jpg\",\"contentUrl\":\"https:\/\/www.johannagullichsen.com\/wp-content\/uploads\/2023\/01\/Johanna-Gullichsen-Nereus-Cup-Ochre.jpg\",\"width\":1600,\"height\":1200},{\"@type\":\"BreadcrumbList\",\"@id\":\"https:\/\/www.johannagullichsen.com\/sv\/produkt\/kopp-nereus\/#breadcrumb\",\"itemListElement\":[{\"@type\":\"ListItem\",\"position\":1,\"name\":\"Home\",\"item\":\"https:\/\/www.johannagullichsen.com\/sv\/\"},{\"@type\":\"ListItem\",\"position\":2,\"name\":\"Webbutik &#8211; Produkter\",\"item\":\"https:\/\/www.johannagullichsen.com\/sv\/produkter\/\"},{\"@type\":\"ListItem\",\"position\":3,\"name\":\"Kopp Nereus\"}]},{\"@type\":\"WebSite\",\"@id\":\"https:\/\/www.johannagullichsen.com\/sv\/#website\",\"url\":\"https:\/\/www.johannagullichsen.com\/sv\/\",\"name\":\"Johanna Gullichsen\",\"description\":\"\",\"potentialAction\":[{\"@type\":\"SearchAction\",\"target\":{\"@type\":\"EntryPoint\",\"urlTemplate\":\"https:\/\/www.johannagullichsen.com\/sv\/?s={search_term_string}\"},\"query-input\":{\"@type\":\"PropertyValueSpecification\",\"valueRequired\":true,\"valueName\":\"search_term_string\"}}],\"inLanguage\":\"sv-SE\"}]}<\/script>\n<!-- \/ Yoast SEO Premium plugin. -->","yoast_head_json":{"title":"Kopp Nereus - Johanna Gullichsen","description":"Dags f\u00f6r en Paus! Nereus Koppen \u00e4r perfekt\u00a0att servera kaffe, te eller varm choklad i.","robots":{"index":"index","follow":"follow","max-snippet":"max-snippet:-1","max-image-preview":"max-image-preview:large","max-video-preview":"max-video-preview:-1"},"canonical":"https:\/\/www.johannagullichsen.com\/sv\/produkt\/kopp-nereus\/","og_locale":"sv_SE","og_type":"article","og_title":"Kopp Nereus","og_description":"Dags f\u00f6r en Paus! Nereus Koppen \u00e4r perfekt\u00a0att servera kaffe, te eller varm choklad i.","og_url":"https:\/\/www.johannagullichsen.com\/sv\/produkt\/kopp-nereus\/","og_site_name":"Johanna Gullichsen","article_modified_time":"2023-01-13T09:04:49+00:00","og_image":[{"width":1600,"height":1200,"url":"https:\/\/www.johannagullichsen.com\/wp-content\/uploads\/2023\/01\/Johanna-Gullichsen-Nereus-Cup-Ochre.jpg","type":"image\/jpeg"}],"twitter_card":"summary_large_image","twitter_misc":{"Ber\u00e4knad l\u00e4stid":"1 minut"},"schema":{"@context":"https:\/\/schema.org","@graph":[{"@type":"WebPage","@id":"https:\/\/www.johannagullichsen.com\/sv\/produkt\/kopp-nereus\/","url":"https:\/\/www.johannagullichsen.com\/sv\/produkt\/kopp-nereus\/","name":"Kopp Nereus - Johanna Gullichsen","isPartOf":{"@id":"https:\/\/www.johannagullichsen.com\/sv\/#website"},"primaryImageOfPage":{"@id":"https:\/\/www.johannagullichsen.com\/sv\/produkt\/kopp-nereus\/#primaryimage"},"image":{"@id":"https:\/\/www.johannagullichsen.com\/sv\/produkt\/kopp-nereus\/#primaryimage"},"thumbnailUrl":"https:\/\/www.johannagullichsen.com\/wp-content\/uploads\/2023\/01\/Johanna-Gullichsen-Nereus-Cup-Ochre.jpg","datePublished":"2023-01-03T07:55:09+00:00","dateModified":"2023-01-13T09:04:49+00:00","description":"Dags f\u00f6r en Paus! Nereus Koppen \u00e4r perfekt\u00a0att servera kaffe, te eller varm choklad i.","breadcrumb":{"@id":"https:\/\/www.johannagullichsen.com\/sv\/produkt\/kopp-nereus\/#breadcrumb"},"inLanguage":"sv-SE","potentialAction":[{"@type":"ReadAction","target":["https:\/\/www.johannagullichsen.com\/sv\/produkt\/kopp-nereus\/"]}]},{"@type":"ImageObject","inLanguage":"sv-SE","@id":"https:\/\/www.johannagullichsen.com\/sv\/produkt\/kopp-nereus\/#primaryimage","url":"https:\/\/www.johannagullichsen.com\/wp-content\/uploads\/2023\/01\/Johanna-Gullichsen-Nereus-Cup-Ochre.jpg","contentUrl":"https:\/\/www.johannagullichsen.com\/wp-content\/uploads\/2023\/01\/Johanna-Gullichsen-Nereus-Cup-Ochre.jpg","width":1600,"height":1200},{"@type":"BreadcrumbList","@id":"https:\/\/www.johannagullichsen.com\/sv\/produkt\/kopp-nereus\/#breadcrumb","itemListElement":[{"@type":"ListItem","position":1,"name":"Home","item":"https:\/\/www.johannagullichsen.com\/sv\/"},{"@type":"ListItem","position":2,"name":"Webbutik &#8211; Produkter","item":"https:\/\/www.johannagullichsen.com\/sv\/produkter\/"},{"@type":"ListItem","position":3,"name":"Kopp Nereus"}]},{"@type":"WebSite","@id":"https:\/\/www.johannagullichsen.com\/sv\/#website","url":"https:\/\/www.johannagullichsen.com\/sv\/","name":"Johanna Gullichsen","description":"","potentialAction":[{"@type":"SearchAction","target":{"@type":"EntryPoint","urlTemplate":"https:\/\/www.johannagullichsen.com\/sv\/?s={search_term_string}"},"query-input":{"@type":"PropertyValueSpecification","valueRequired":true,"valueName":"search_term_string"}}],"inLanguage":"sv-SE"}]}},"_links":{"self":[{"href":"https:\/\/www.johannagullichsen.com\/sv\/wp-json\/wp\/v2\/product\/16769","targetHints":{"allow":["GET"]}}],"collection":[{"href":"https:\/\/www.johannagullichsen.com\/sv\/wp-json\/wp\/v2\/product"}],"about":[{"href":"https:\/\/www.johannagullichsen.com\/sv\/wp-json\/wp\/v2\/types\/product"}],"wp:featuredmedia":[{"embeddable":true,"href":"https:\/\/www.johannagullichsen.com\/sv\/wp-json\/wp\/v2\/media\/16737"}],"wp:attachment":[{"href":"https:\/\/www.johannagullichsen.com\/sv\/wp-json\/wp\/v2\/media?parent=16769"}],"wp:term":[{"taxonomy":"product_brand","embeddable":true,"href":"https:\/\/www.johannagullichsen.com\/sv\/wp-json\/wp\/v2\/product_brand?post=16769"},{"taxonomy":"product_cat","embeddable":true,"href":"https:\/\/www.johannagullichsen.com\/sv\/wp-json\/wp\/v2\/product_cat?post=16769"},{"taxonomy":"product_tag","embeddable":true,"href":"https:\/\/www.johannagullichsen.com\/sv\/wp-json\/wp\/v2\/product_tag?post=16769"}],"curies":[{"name":"wp","href":"https:\/\/api.w.org\/{rel}","templated":true}]}}