{"id":22852,"date":"2024-04-05T10:41:33","date_gmt":"2024-04-05T07:41:33","guid":{"rendered":"https:\/\/www.johannagullichsen.com\/?post_type=product&#038;p=22852"},"modified":"2024-04-24T17:15:27","modified_gmt":"2024-04-24T14:15:27","slug":"burk-nereus","status":"publish","type":"product","link":"https:\/\/www.johannagullichsen.com\/sv\/produkt\/burk-nereus\/","title":{"rendered":"Burk Nereus"},"content":{"rendered":"<h4><b>En liten burk f\u00f6r dina skatter<\/b><\/h4>\n<p>Den stiliga burken kan anv\u00e4ndas som en sockersk\u00e5l eller som f\u00f6rvaring f\u00f6r dina smycken eller godbitar. Burken \u00e4r framst\u00e4lld av h\u00e5llbart vitroporslin och har ett lock.<\/p>\n<p><a href=\"http:\/\/vaja.fi\">Vaja Finlands<\/a> koppar och fat tillverkas i Borg\u00e5, Finland. Nereus-m\u00f6nstret anpassades ursprungligen till Vajas fat och kopp, specifikt f\u00f6r <a href=\"https:\/\/www.villagyllenberg.fi\/sv\">Villa Gyllenbergs<\/a> museumcaf\u00e9. De lanserades 2022 f\u00f6r att sammanfalla med \u00e5ter\u00f6ppningen av Villa Gyllenberg efter dess renovering. V\u00e5ren 2024 tillsattes Nereus muggen och burken till kollektionen.<\/p>\n","protected":false},"excerpt":{"rendered":"<p>En liten burk f\u00f6r dina skatter Den stiliga burken kan anv\u00e4ndas som en sockersk\u00e5l eller som f\u00f6rvaring f\u00f6r dina smycken eller godbitar. Burken \u00e4r framst\u00e4lld av h\u00e5llbart vitroporslin och har&hellip;<\/p>\n","protected":false},"featured_media":22824,"template":"","meta":{"_acf_changed":false},"product_brand":[],"product_cat":[268],"product_tag":[],"class_list":{"0":"post-22852","1":"product","2":"type-product","3":"status-publish","4":"has-post-thumbnail","6":"product_cat-till-bords","7":"pa_pattern-colour-nereus-ockra-1","8":"pa_pattern-colour-nereus-mossa","9":"collection-normandie-sv","11":"first","12":"instock","13":"taxable","14":"shipping-taxable","15":"purchasable","16":"product-type-variable"},"acf":[],"yoast_head":"<!-- This site is optimized with the Yoast SEO Premium plugin v27.2 (Yoast SEO v27.5) - https:\/\/yoast.com\/product\/yoast-seo-premium-wordpress\/ -->\n<title>Burk Nereus - Johanna Gullichsen<\/title>\n<meta name=\"description\" content=\"Den stiliga burken kan anv\u00e4ndas som en sockersk\u00e5l eller som f\u00f6rvaring. Burken \u00e4r framst\u00e4lld av h\u00e5llbart porslin och har ett lock.\" \/>\n<meta name=\"robots\" content=\"index, follow, max-snippet:-1, max-image-preview:large, max-video-preview:-1\" \/>\n<link rel=\"canonical\" href=\"https:\/\/www.johannagullichsen.com\/sv\/produkt\/burk-nereus\/\" \/>\n<meta property=\"og:locale\" content=\"sv_SE\" \/>\n<meta property=\"og:type\" content=\"article\" \/>\n<meta property=\"og:title\" content=\"Burk Nereus\" \/>\n<meta property=\"og:description\" content=\"Den stiliga burken kan anv\u00e4ndas som en sockersk\u00e5l eller som f\u00f6rvaring. Burken \u00e4r framst\u00e4lld av h\u00e5llbart porslin och har ett lock.\" \/>\n<meta property=\"og:url\" content=\"https:\/\/www.johannagullichsen.com\/sv\/produkt\/burk-nereus\/\" \/>\n<meta property=\"og:site_name\" content=\"Johanna Gullichsen\" \/>\n<meta property=\"article:modified_time\" content=\"2024-04-24T14:15:27+00:00\" \/>\n<meta property=\"og:image\" content=\"https:\/\/www.johannagullichsen.com\/wp-content\/uploads\/2024\/04\/vajafinland_jar_nereus_moss.webp\" \/>\n\t<meta property=\"og:image:width\" content=\"1600\" \/>\n\t<meta property=\"og:image:height\" content=\"1200\" \/>\n\t<meta property=\"og:image:type\" content=\"image\/webp\" \/>\n<meta name=\"twitter:card\" content=\"summary_large_image\" \/>\n<meta name=\"twitter:label1\" content=\"Ber\u00e4knad l\u00e4stid\" \/>\n\t<meta name=\"twitter:data1\" content=\"1 minut\" \/>\n<script type=\"application\/ld+json\" class=\"yoast-schema-graph\">{\"@context\":\"https:\\\/\\\/schema.org\",\"@graph\":[{\"@type\":\"WebPage\",\"@id\":\"https:\\\/\\\/www.johannagullichsen.com\\\/sv\\\/produkt\\\/burk-nereus\\\/\",\"url\":\"https:\\\/\\\/www.johannagullichsen.com\\\/sv\\\/produkt\\\/burk-nereus\\\/\",\"name\":\"Burk Nereus - Johanna Gullichsen\",\"isPartOf\":{\"@id\":\"https:\\\/\\\/www.johannagullichsen.com\\\/sv\\\/#website\"},\"primaryImageOfPage\":{\"@id\":\"https:\\\/\\\/www.johannagullichsen.com\\\/sv\\\/produkt\\\/burk-nereus\\\/#primaryimage\"},\"image\":{\"@id\":\"https:\\\/\\\/www.johannagullichsen.com\\\/sv\\\/produkt\\\/burk-nereus\\\/#primaryimage\"},\"thumbnailUrl\":\"https:\\\/\\\/www.johannagullichsen.com\\\/wp-content\\\/uploads\\\/2024\\\/04\\\/vajafinland_jar_nereus_moss.webp\",\"datePublished\":\"2024-04-05T07:41:33+00:00\",\"dateModified\":\"2024-04-24T14:15:27+00:00\",\"description\":\"Den stiliga burken kan anv\u00e4ndas som en sockersk\u00e5l eller som f\u00f6rvaring. Burken \u00e4r framst\u00e4lld av h\u00e5llbart porslin och har ett lock.\",\"breadcrumb\":{\"@id\":\"https:\\\/\\\/www.johannagullichsen.com\\\/sv\\\/produkt\\\/burk-nereus\\\/#breadcrumb\"},\"inLanguage\":\"sv-SE\",\"potentialAction\":[{\"@type\":\"ReadAction\",\"target\":[\"https:\\\/\\\/www.johannagullichsen.com\\\/sv\\\/produkt\\\/burk-nereus\\\/\"]}]},{\"@type\":\"ImageObject\",\"inLanguage\":\"sv-SE\",\"@id\":\"https:\\\/\\\/www.johannagullichsen.com\\\/sv\\\/produkt\\\/burk-nereus\\\/#primaryimage\",\"url\":\"https:\\\/\\\/www.johannagullichsen.com\\\/wp-content\\\/uploads\\\/2024\\\/04\\\/vajafinland_jar_nereus_moss.webp\",\"contentUrl\":\"https:\\\/\\\/www.johannagullichsen.com\\\/wp-content\\\/uploads\\\/2024\\\/04\\\/vajafinland_jar_nereus_moss.webp\",\"width\":1600,\"height\":1200},{\"@type\":\"BreadcrumbList\",\"@id\":\"https:\\\/\\\/www.johannagullichsen.com\\\/sv\\\/produkt\\\/burk-nereus\\\/#breadcrumb\",\"itemListElement\":[{\"@type\":\"ListItem\",\"position\":1,\"name\":\"Home\",\"item\":\"https:\\\/\\\/www.johannagullichsen.com\\\/sv\\\/\"},{\"@type\":\"ListItem\",\"position\":2,\"name\":\"Webbutik &#8211; Produkter\",\"item\":\"https:\\\/\\\/www.johannagullichsen.com\\\/sv\\\/produkter\\\/\"},{\"@type\":\"ListItem\",\"position\":3,\"name\":\"Burk Nereus\"}]},{\"@type\":\"WebSite\",\"@id\":\"https:\\\/\\\/www.johannagullichsen.com\\\/sv\\\/#website\",\"url\":\"https:\\\/\\\/www.johannagullichsen.com\\\/sv\\\/\",\"name\":\"Johanna Gullichsen\",\"description\":\"\",\"potentialAction\":[{\"@type\":\"SearchAction\",\"target\":{\"@type\":\"EntryPoint\",\"urlTemplate\":\"https:\\\/\\\/www.johannagullichsen.com\\\/sv\\\/?s={search_term_string}\"},\"query-input\":{\"@type\":\"PropertyValueSpecification\",\"valueRequired\":true,\"valueName\":\"search_term_string\"}}],\"inLanguage\":\"sv-SE\"}]}<\/script>\n<!-- \/ Yoast SEO Premium plugin. -->","yoast_head_json":{"title":"Burk Nereus - Johanna Gullichsen","description":"Den stiliga burken kan anv\u00e4ndas som en sockersk\u00e5l eller som f\u00f6rvaring. Burken \u00e4r framst\u00e4lld av h\u00e5llbart porslin och har ett lock.","robots":{"index":"index","follow":"follow","max-snippet":"max-snippet:-1","max-image-preview":"max-image-preview:large","max-video-preview":"max-video-preview:-1"},"canonical":"https:\/\/www.johannagullichsen.com\/sv\/produkt\/burk-nereus\/","og_locale":"sv_SE","og_type":"article","og_title":"Burk Nereus","og_description":"Den stiliga burken kan anv\u00e4ndas som en sockersk\u00e5l eller som f\u00f6rvaring. Burken \u00e4r framst\u00e4lld av h\u00e5llbart porslin och har ett lock.","og_url":"https:\/\/www.johannagullichsen.com\/sv\/produkt\/burk-nereus\/","og_site_name":"Johanna Gullichsen","article_modified_time":"2024-04-24T14:15:27+00:00","og_image":[{"width":1600,"height":1200,"url":"https:\/\/www.johannagullichsen.com\/wp-content\/uploads\/2024\/04\/vajafinland_jar_nereus_moss.webp","type":"image\/webp"}],"twitter_card":"summary_large_image","twitter_misc":{"Ber\u00e4knad l\u00e4stid":"1 minut"},"schema":{"@context":"https:\/\/schema.org","@graph":[{"@type":"WebPage","@id":"https:\/\/www.johannagullichsen.com\/sv\/produkt\/burk-nereus\/","url":"https:\/\/www.johannagullichsen.com\/sv\/produkt\/burk-nereus\/","name":"Burk Nereus - Johanna Gullichsen","isPartOf":{"@id":"https:\/\/www.johannagullichsen.com\/sv\/#website"},"primaryImageOfPage":{"@id":"https:\/\/www.johannagullichsen.com\/sv\/produkt\/burk-nereus\/#primaryimage"},"image":{"@id":"https:\/\/www.johannagullichsen.com\/sv\/produkt\/burk-nereus\/#primaryimage"},"thumbnailUrl":"https:\/\/www.johannagullichsen.com\/wp-content\/uploads\/2024\/04\/vajafinland_jar_nereus_moss.webp","datePublished":"2024-04-05T07:41:33+00:00","dateModified":"2024-04-24T14:15:27+00:00","description":"Den stiliga burken kan anv\u00e4ndas som en sockersk\u00e5l eller som f\u00f6rvaring. Burken \u00e4r framst\u00e4lld av h\u00e5llbart porslin och har ett lock.","breadcrumb":{"@id":"https:\/\/www.johannagullichsen.com\/sv\/produkt\/burk-nereus\/#breadcrumb"},"inLanguage":"sv-SE","potentialAction":[{"@type":"ReadAction","target":["https:\/\/www.johannagullichsen.com\/sv\/produkt\/burk-nereus\/"]}]},{"@type":"ImageObject","inLanguage":"sv-SE","@id":"https:\/\/www.johannagullichsen.com\/sv\/produkt\/burk-nereus\/#primaryimage","url":"https:\/\/www.johannagullichsen.com\/wp-content\/uploads\/2024\/04\/vajafinland_jar_nereus_moss.webp","contentUrl":"https:\/\/www.johannagullichsen.com\/wp-content\/uploads\/2024\/04\/vajafinland_jar_nereus_moss.webp","width":1600,"height":1200},{"@type":"BreadcrumbList","@id":"https:\/\/www.johannagullichsen.com\/sv\/produkt\/burk-nereus\/#breadcrumb","itemListElement":[{"@type":"ListItem","position":1,"name":"Home","item":"https:\/\/www.johannagullichsen.com\/sv\/"},{"@type":"ListItem","position":2,"name":"Webbutik &#8211; Produkter","item":"https:\/\/www.johannagullichsen.com\/sv\/produkter\/"},{"@type":"ListItem","position":3,"name":"Burk Nereus"}]},{"@type":"WebSite","@id":"https:\/\/www.johannagullichsen.com\/sv\/#website","url":"https:\/\/www.johannagullichsen.com\/sv\/","name":"Johanna Gullichsen","description":"","potentialAction":[{"@type":"SearchAction","target":{"@type":"EntryPoint","urlTemplate":"https:\/\/www.johannagullichsen.com\/sv\/?s={search_term_string}"},"query-input":{"@type":"PropertyValueSpecification","valueRequired":true,"valueName":"search_term_string"}}],"inLanguage":"sv-SE"}]}},"_links":{"self":[{"href":"https:\/\/www.johannagullichsen.com\/sv\/wp-json\/wp\/v2\/product\/22852","targetHints":{"allow":["GET"]}}],"collection":[{"href":"https:\/\/www.johannagullichsen.com\/sv\/wp-json\/wp\/v2\/product"}],"about":[{"href":"https:\/\/www.johannagullichsen.com\/sv\/wp-json\/wp\/v2\/types\/product"}],"wp:featuredmedia":[{"embeddable":true,"href":"https:\/\/www.johannagullichsen.com\/sv\/wp-json\/wp\/v2\/media\/22824"}],"wp:attachment":[{"href":"https:\/\/www.johannagullichsen.com\/sv\/wp-json\/wp\/v2\/media?parent=22852"}],"wp:term":[{"taxonomy":"product_brand","embeddable":true,"href":"https:\/\/www.johannagullichsen.com\/sv\/wp-json\/wp\/v2\/product_brand?post=22852"},{"taxonomy":"product_cat","embeddable":true,"href":"https:\/\/www.johannagullichsen.com\/sv\/wp-json\/wp\/v2\/product_cat?post=22852"},{"taxonomy":"product_tag","embeddable":true,"href":"https:\/\/www.johannagullichsen.com\/sv\/wp-json\/wp\/v2\/product_tag?post=22852"}],"curies":[{"name":"wp","href":"https:\/\/api.w.org\/{rel}","templated":true}]}}