{"id":23421,"date":"2024-05-20T09:38:46","date_gmt":"2024-05-20T06:38:46","guid":{"rendered":"https:\/\/www.johannagullichsen.com\/?post_type=product&#038;p=23421"},"modified":"2024-05-22T12:13:44","modified_gmt":"2024-05-22T09:13:44","slug":"origami-bors-s","status":"publish","type":"product","link":"https:\/\/www.johannagullichsen.com\/sv\/produkt\/origami-bors-s\/","title":{"rendered":"Origami B\u00f6rs S"},"content":{"rendered":"<p>H\u00e5ll ordning p\u00e5 dina viktigaste saker med en Origami B\u00f6rs. Stoppa ner den i v\u00e4skan f\u00f6r att f\u00f6rvara smink, kvitton, nycklar eller andra sm\u00e5saker p\u00e5 ett s\u00e4kert s\u00e4tt. Den h\u00e4r kompakta och m\u00e5ngsidiga b\u00f6rsen g\u00f6r att du alltid har dina viktiga \u00e4godelar inom r\u00e4ckh\u00e5ll. Origami B\u00f6rs S \u00e4r den minsta av v\u00e5ra tre Origami-produkter; de andra storlekarna \u00e4r <a href=\"https:\/\/www.johannagullichsen.com\/sv\/produkter\/accessoarer-vaskor\/origami-vaska-m\/\">Origami V\u00e4ska M<\/a> och <a href=\"https:\/\/www.johannagullichsen.com\/sv\/produkter\/accessoarer-vaskor\/origami-vaska-l\/\">Origami V\u00e4ska L<\/a>.<\/p>\n","protected":false},"excerpt":{"rendered":"<p>H\u00e5ll ordning p\u00e5 dina viktigaste saker med en Origami B\u00f6rs. Stoppa ner den i v\u00e4skan f\u00f6r att f\u00f6rvara smink, kvitton, nycklar eller andra sm\u00e5saker p\u00e5 ett s\u00e4kert s\u00e4tt. Den h\u00e4r&hellip;<\/p>\n","protected":false},"featured_media":23373,"template":"","meta":{"_acf_changed":false},"product_brand":[],"product_cat":[1992,269],"product_tag":[],"class_list":{"0":"post-23421","1":"product","2":"type-product","3":"status-publish","4":"has-post-thumbnail","6":"product_cat-necessarer-och-borsar","7":"product_cat-accessoarer-vaskor","8":"pa_pattern-colour-doris-gul","9":"pa_pattern-colour-eos-svart","10":"pa_pattern-colour-helios-mandelgron","11":"pa_pattern-colour-nereus-tegel","12":"collection-normandie-sv","14":"first","15":"instock","16":"taxable","17":"shipping-taxable","18":"purchasable","19":"product-type-variable"},"acf":[],"yoast_head":"<!-- This site is optimized with the Yoast SEO Premium plugin v27.2 (Yoast SEO v27.2) - https:\/\/yoast.com\/product\/yoast-seo-premium-wordpress\/ -->\n<title>Origami B\u00f6rs S - Johanna Gullichsen<\/title>\n<meta name=\"description\" content=\"H\u00e5ll ordning p\u00e5 dina viktigaste saker med en Origami B\u00f6rs. Den h\u00e4r lilla och m\u00e5ngsidiga b\u00f6rsen g\u00f6r att du alltid har dina viktiga \u00e4godelar inom r\u00e4ckh\u00e5ll.\" \/>\n<meta name=\"robots\" content=\"index, follow, max-snippet:-1, max-image-preview:large, max-video-preview:-1\" \/>\n<link rel=\"canonical\" href=\"https:\/\/www.johannagullichsen.com\/sv\/produkt\/origami-bors-s\/\" \/>\n<meta property=\"og:locale\" content=\"sv_SE\" \/>\n<meta property=\"og:type\" content=\"article\" \/>\n<meta property=\"og:title\" content=\"Origami B\u00f6rs S\" \/>\n<meta property=\"og:description\" content=\"H\u00e5ll ordning p\u00e5 dina viktigaste saker med en Origami B\u00f6rs. Den h\u00e4r lilla och m\u00e5ngsidiga b\u00f6rsen g\u00f6r att du alltid har dina viktiga \u00e4godelar inom r\u00e4ckh\u00e5ll.\" \/>\n<meta property=\"og:url\" content=\"https:\/\/www.johannagullichsen.com\/sv\/produkt\/origami-bors-s\/\" \/>\n<meta property=\"og:site_name\" content=\"Johanna Gullichsen\" \/>\n<meta property=\"article:modified_time\" content=\"2024-05-22T09:13:44+00:00\" \/>\n<meta property=\"og:image\" content=\"https:\/\/www.johannagullichsen.com\/wp-content\/uploads\/2024\/05\/Johanna-Gullichsen-small-origami-purses.jpg\" \/>\n\t<meta property=\"og:image:width\" content=\"1600\" \/>\n\t<meta property=\"og:image:height\" content=\"1200\" \/>\n\t<meta property=\"og:image:type\" content=\"image\/jpeg\" \/>\n<meta name=\"twitter:card\" content=\"summary_large_image\" \/>\n<meta name=\"twitter:label1\" content=\"Ber\u00e4knad l\u00e4stid\" \/>\n\t<meta name=\"twitter:data1\" content=\"1 minut\" \/>\n<script type=\"application\/ld+json\" class=\"yoast-schema-graph\">{\"@context\":\"https:\/\/schema.org\",\"@graph\":[{\"@type\":\"WebPage\",\"@id\":\"https:\/\/www.johannagullichsen.com\/sv\/produkt\/origami-bors-s\/\",\"url\":\"https:\/\/www.johannagullichsen.com\/sv\/produkt\/origami-bors-s\/\",\"name\":\"Origami B\u00f6rs S - Johanna Gullichsen\",\"isPartOf\":{\"@id\":\"https:\/\/www.johannagullichsen.com\/sv\/#website\"},\"primaryImageOfPage\":{\"@id\":\"https:\/\/www.johannagullichsen.com\/sv\/produkt\/origami-bors-s\/#primaryimage\"},\"image\":{\"@id\":\"https:\/\/www.johannagullichsen.com\/sv\/produkt\/origami-bors-s\/#primaryimage\"},\"thumbnailUrl\":\"https:\/\/www.johannagullichsen.com\/wp-content\/uploads\/2024\/05\/Johanna-Gullichsen-small-origami-purses.jpg\",\"datePublished\":\"2024-05-20T06:38:46+00:00\",\"dateModified\":\"2024-05-22T09:13:44+00:00\",\"description\":\"H\u00e5ll ordning p\u00e5 dina viktigaste saker med en Origami B\u00f6rs. Den h\u00e4r lilla och m\u00e5ngsidiga b\u00f6rsen g\u00f6r att du alltid har dina viktiga \u00e4godelar inom r\u00e4ckh\u00e5ll.\",\"breadcrumb\":{\"@id\":\"https:\/\/www.johannagullichsen.com\/sv\/produkt\/origami-bors-s\/#breadcrumb\"},\"inLanguage\":\"sv-SE\",\"potentialAction\":[{\"@type\":\"ReadAction\",\"target\":[\"https:\/\/www.johannagullichsen.com\/sv\/produkt\/origami-bors-s\/\"]}]},{\"@type\":\"ImageObject\",\"inLanguage\":\"sv-SE\",\"@id\":\"https:\/\/www.johannagullichsen.com\/sv\/produkt\/origami-bors-s\/#primaryimage\",\"url\":\"https:\/\/www.johannagullichsen.com\/wp-content\/uploads\/2024\/05\/Johanna-Gullichsen-small-origami-purses.jpg\",\"contentUrl\":\"https:\/\/www.johannagullichsen.com\/wp-content\/uploads\/2024\/05\/Johanna-Gullichsen-small-origami-purses.jpg\",\"width\":1600,\"height\":1200},{\"@type\":\"BreadcrumbList\",\"@id\":\"https:\/\/www.johannagullichsen.com\/sv\/produkt\/origami-bors-s\/#breadcrumb\",\"itemListElement\":[{\"@type\":\"ListItem\",\"position\":1,\"name\":\"Home\",\"item\":\"https:\/\/www.johannagullichsen.com\/sv\/\"},{\"@type\":\"ListItem\",\"position\":2,\"name\":\"Webbutik &#8211; Produkter\",\"item\":\"https:\/\/www.johannagullichsen.com\/sv\/produkter\/\"},{\"@type\":\"ListItem\",\"position\":3,\"name\":\"Origami B\u00f6rs S\"}]},{\"@type\":\"WebSite\",\"@id\":\"https:\/\/www.johannagullichsen.com\/sv\/#website\",\"url\":\"https:\/\/www.johannagullichsen.com\/sv\/\",\"name\":\"Johanna Gullichsen\",\"description\":\"\",\"potentialAction\":[{\"@type\":\"SearchAction\",\"target\":{\"@type\":\"EntryPoint\",\"urlTemplate\":\"https:\/\/www.johannagullichsen.com\/sv\/?s={search_term_string}\"},\"query-input\":{\"@type\":\"PropertyValueSpecification\",\"valueRequired\":true,\"valueName\":\"search_term_string\"}}],\"inLanguage\":\"sv-SE\"}]}<\/script>\n<!-- \/ Yoast SEO Premium plugin. -->","yoast_head_json":{"title":"Origami B\u00f6rs S - Johanna Gullichsen","description":"H\u00e5ll ordning p\u00e5 dina viktigaste saker med en Origami B\u00f6rs. Den h\u00e4r lilla och m\u00e5ngsidiga b\u00f6rsen g\u00f6r att du alltid har dina viktiga \u00e4godelar inom r\u00e4ckh\u00e5ll.","robots":{"index":"index","follow":"follow","max-snippet":"max-snippet:-1","max-image-preview":"max-image-preview:large","max-video-preview":"max-video-preview:-1"},"canonical":"https:\/\/www.johannagullichsen.com\/sv\/produkt\/origami-bors-s\/","og_locale":"sv_SE","og_type":"article","og_title":"Origami B\u00f6rs S","og_description":"H\u00e5ll ordning p\u00e5 dina viktigaste saker med en Origami B\u00f6rs. Den h\u00e4r lilla och m\u00e5ngsidiga b\u00f6rsen g\u00f6r att du alltid har dina viktiga \u00e4godelar inom r\u00e4ckh\u00e5ll.","og_url":"https:\/\/www.johannagullichsen.com\/sv\/produkt\/origami-bors-s\/","og_site_name":"Johanna Gullichsen","article_modified_time":"2024-05-22T09:13:44+00:00","og_image":[{"width":1600,"height":1200,"url":"https:\/\/www.johannagullichsen.com\/wp-content\/uploads\/2024\/05\/Johanna-Gullichsen-small-origami-purses.jpg","type":"image\/jpeg"}],"twitter_card":"summary_large_image","twitter_misc":{"Ber\u00e4knad l\u00e4stid":"1 minut"},"schema":{"@context":"https:\/\/schema.org","@graph":[{"@type":"WebPage","@id":"https:\/\/www.johannagullichsen.com\/sv\/produkt\/origami-bors-s\/","url":"https:\/\/www.johannagullichsen.com\/sv\/produkt\/origami-bors-s\/","name":"Origami B\u00f6rs S - Johanna Gullichsen","isPartOf":{"@id":"https:\/\/www.johannagullichsen.com\/sv\/#website"},"primaryImageOfPage":{"@id":"https:\/\/www.johannagullichsen.com\/sv\/produkt\/origami-bors-s\/#primaryimage"},"image":{"@id":"https:\/\/www.johannagullichsen.com\/sv\/produkt\/origami-bors-s\/#primaryimage"},"thumbnailUrl":"https:\/\/www.johannagullichsen.com\/wp-content\/uploads\/2024\/05\/Johanna-Gullichsen-small-origami-purses.jpg","datePublished":"2024-05-20T06:38:46+00:00","dateModified":"2024-05-22T09:13:44+00:00","description":"H\u00e5ll ordning p\u00e5 dina viktigaste saker med en Origami B\u00f6rs. Den h\u00e4r lilla och m\u00e5ngsidiga b\u00f6rsen g\u00f6r att du alltid har dina viktiga \u00e4godelar inom r\u00e4ckh\u00e5ll.","breadcrumb":{"@id":"https:\/\/www.johannagullichsen.com\/sv\/produkt\/origami-bors-s\/#breadcrumb"},"inLanguage":"sv-SE","potentialAction":[{"@type":"ReadAction","target":["https:\/\/www.johannagullichsen.com\/sv\/produkt\/origami-bors-s\/"]}]},{"@type":"ImageObject","inLanguage":"sv-SE","@id":"https:\/\/www.johannagullichsen.com\/sv\/produkt\/origami-bors-s\/#primaryimage","url":"https:\/\/www.johannagullichsen.com\/wp-content\/uploads\/2024\/05\/Johanna-Gullichsen-small-origami-purses.jpg","contentUrl":"https:\/\/www.johannagullichsen.com\/wp-content\/uploads\/2024\/05\/Johanna-Gullichsen-small-origami-purses.jpg","width":1600,"height":1200},{"@type":"BreadcrumbList","@id":"https:\/\/www.johannagullichsen.com\/sv\/produkt\/origami-bors-s\/#breadcrumb","itemListElement":[{"@type":"ListItem","position":1,"name":"Home","item":"https:\/\/www.johannagullichsen.com\/sv\/"},{"@type":"ListItem","position":2,"name":"Webbutik &#8211; Produkter","item":"https:\/\/www.johannagullichsen.com\/sv\/produkter\/"},{"@type":"ListItem","position":3,"name":"Origami B\u00f6rs S"}]},{"@type":"WebSite","@id":"https:\/\/www.johannagullichsen.com\/sv\/#website","url":"https:\/\/www.johannagullichsen.com\/sv\/","name":"Johanna Gullichsen","description":"","potentialAction":[{"@type":"SearchAction","target":{"@type":"EntryPoint","urlTemplate":"https:\/\/www.johannagullichsen.com\/sv\/?s={search_term_string}"},"query-input":{"@type":"PropertyValueSpecification","valueRequired":true,"valueName":"search_term_string"}}],"inLanguage":"sv-SE"}]}},"_links":{"self":[{"href":"https:\/\/www.johannagullichsen.com\/sv\/wp-json\/wp\/v2\/product\/23421","targetHints":{"allow":["GET"]}}],"collection":[{"href":"https:\/\/www.johannagullichsen.com\/sv\/wp-json\/wp\/v2\/product"}],"about":[{"href":"https:\/\/www.johannagullichsen.com\/sv\/wp-json\/wp\/v2\/types\/product"}],"wp:featuredmedia":[{"embeddable":true,"href":"https:\/\/www.johannagullichsen.com\/sv\/wp-json\/wp\/v2\/media\/23373"}],"wp:attachment":[{"href":"https:\/\/www.johannagullichsen.com\/sv\/wp-json\/wp\/v2\/media?parent=23421"}],"wp:term":[{"taxonomy":"product_brand","embeddable":true,"href":"https:\/\/www.johannagullichsen.com\/sv\/wp-json\/wp\/v2\/product_brand?post=23421"},{"taxonomy":"product_cat","embeddable":true,"href":"https:\/\/www.johannagullichsen.com\/sv\/wp-json\/wp\/v2\/product_cat?post=23421"},{"taxonomy":"product_tag","embeddable":true,"href":"https:\/\/www.johannagullichsen.com\/sv\/wp-json\/wp\/v2\/product_tag?post=23421"}],"curies":[{"name":"wp","href":"https:\/\/api.w.org\/{rel}","templated":true}]}}