{"id":23426,"date":"2024-05-20T09:38:30","date_gmt":"2024-05-20T06:38:30","guid":{"rendered":"https:\/\/www.johannagullichsen.com\/?post_type=product&#038;p=23426"},"modified":"2024-05-22T12:05:13","modified_gmt":"2024-05-22T09:05:13","slug":"origami-vaska-m","status":"publish","type":"product","link":"https:\/\/www.johannagullichsen.com\/sv\/produkt\/origami-vaska-m\/","title":{"rendered":"Origami V\u00e4ska M"},"content":{"rendered":"<p>Denna lilla Origami axelremsv\u00e4ska kombinerar elegans och funktionalitet. Dess avslappnade form \u00e4r skapad med veck, precis som origami, vilket g\u00f6r den enkelt snygg och l\u00e4tt att b\u00e4ra. Den har en avtagbar och justerbar rem. Detta \u00e4r den mellersta storleken av v\u00e5ra tre Origami-produkter; de andra storlekarna \u00e4r <a href=\"https:\/\/www.johannagullichsen.com\/sv\/produkter\/accessoarer-vaskor\/origami-bors-s\/\">Origami B\u00f6rs S<\/a> och <a href=\"https:\/\/www.johannagullichsen.com\/sv\/produkter\/accessoarer-vaskor\/origami-vaska-l\/\">Origami V\u00e4ska L.<\/a><\/p>\n","protected":false},"excerpt":{"rendered":"<p>Denna lilla Origami axelremsv\u00e4ska kombinerar elegans och funktionalitet. Dess avslappnade form \u00e4r skapad med veck, precis som origami, vilket g\u00f6r den enkelt snygg och l\u00e4tt att b\u00e4ra. Den har en&hellip;<\/p>\n","protected":false},"featured_media":23023,"template":"","meta":{"_acf_changed":false},"product_brand":[],"product_cat":[1991,269],"product_tag":[],"class_list":{"0":"post-23426","1":"product","2":"type-product","3":"status-publish","4":"has-post-thumbnail","6":"product_cat-vaskor","7":"product_cat-accessoarer-vaskor","8":"pa_pattern-colour-eos-svart","9":"pa_pattern-colour-eos-ljus-gra","10":"pa_pattern-colour-helios-ockra","11":"pa_pattern-colour-nereus-svart-sv","12":"pa_pattern-colour-nereus-morkbla","13":"pa_pattern-colour-tithonus-blygra","14":"pa_pattern-colour-doris-mandelgron","15":"pa_pattern-colour-doris-gul","16":"collection-normandie-sv","18":"first","19":"instock","20":"taxable","21":"shipping-taxable","22":"purchasable","23":"product-type-variable"},"acf":[],"yoast_head":"<!-- This site is optimized with the Yoast SEO Premium plugin v27.2 (Yoast SEO v27.2) - https:\/\/yoast.com\/product\/yoast-seo-premium-wordpress\/ -->\n<title>Origami V\u00e4ska M - Johanna Gullichsen<\/title>\n<meta name=\"description\" content=\"Denna lilla Origami axelremsv\u00e4ska kombinerar elegans och funktionalitet. Den \u00e4r skapad med veck, precis som origami, den \u00e4r snygg och l\u00e4tt att b\u00e4ra.\" \/>\n<meta name=\"robots\" content=\"index, follow, max-snippet:-1, max-image-preview:large, max-video-preview:-1\" \/>\n<link rel=\"canonical\" href=\"https:\/\/www.johannagullichsen.com\/sv\/produkt\/origami-vaska-m\/\" \/>\n<meta property=\"og:locale\" content=\"sv_SE\" \/>\n<meta property=\"og:type\" content=\"article\" \/>\n<meta property=\"og:title\" content=\"Origami V\u00e4ska M\" \/>\n<meta property=\"og:description\" content=\"Denna lilla Origami axelremsv\u00e4ska kombinerar elegans och funktionalitet. Den \u00e4r skapad med veck, precis som origami, den \u00e4r snygg och l\u00e4tt att b\u00e4ra.\" \/>\n<meta property=\"og:url\" content=\"https:\/\/www.johannagullichsen.com\/sv\/produkt\/origami-vaska-m\/\" \/>\n<meta property=\"og:site_name\" content=\"Johanna Gullichsen\" \/>\n<meta property=\"article:modified_time\" content=\"2024-05-22T09:05:13+00:00\" \/>\n<meta property=\"og:image\" content=\"https:\/\/www.johannagullichsen.com\/wp-content\/uploads\/2024\/05\/Johanna-Gullichsen-Origami-M-Doris-yellow-1.jpg\" \/>\n\t<meta property=\"og:image:width\" content=\"1600\" \/>\n\t<meta property=\"og:image:height\" content=\"1200\" \/>\n\t<meta property=\"og:image:type\" content=\"image\/jpeg\" \/>\n<meta name=\"twitter:card\" content=\"summary_large_image\" \/>\n<meta name=\"twitter:label1\" content=\"Ber\u00e4knad l\u00e4stid\" \/>\n\t<meta name=\"twitter:data1\" content=\"1 minut\" \/>\n<script type=\"application\/ld+json\" class=\"yoast-schema-graph\">{\"@context\":\"https:\/\/schema.org\",\"@graph\":[{\"@type\":\"WebPage\",\"@id\":\"https:\/\/www.johannagullichsen.com\/sv\/produkt\/origami-vaska-m\/\",\"url\":\"https:\/\/www.johannagullichsen.com\/sv\/produkt\/origami-vaska-m\/\",\"name\":\"Origami V\u00e4ska M - Johanna Gullichsen\",\"isPartOf\":{\"@id\":\"https:\/\/www.johannagullichsen.com\/sv\/#website\"},\"primaryImageOfPage\":{\"@id\":\"https:\/\/www.johannagullichsen.com\/sv\/produkt\/origami-vaska-m\/#primaryimage\"},\"image\":{\"@id\":\"https:\/\/www.johannagullichsen.com\/sv\/produkt\/origami-vaska-m\/#primaryimage\"},\"thumbnailUrl\":\"https:\/\/www.johannagullichsen.com\/wp-content\/uploads\/2024\/05\/Johanna-Gullichsen-Origami-M-Doris-yellow-1.jpg\",\"datePublished\":\"2024-05-20T06:38:30+00:00\",\"dateModified\":\"2024-05-22T09:05:13+00:00\",\"description\":\"Denna lilla Origami axelremsv\u00e4ska kombinerar elegans och funktionalitet. Den \u00e4r skapad med veck, precis som origami, den \u00e4r snygg och l\u00e4tt att b\u00e4ra.\",\"breadcrumb\":{\"@id\":\"https:\/\/www.johannagullichsen.com\/sv\/produkt\/origami-vaska-m\/#breadcrumb\"},\"inLanguage\":\"sv-SE\",\"potentialAction\":[{\"@type\":\"ReadAction\",\"target\":[\"https:\/\/www.johannagullichsen.com\/sv\/produkt\/origami-vaska-m\/\"]}]},{\"@type\":\"ImageObject\",\"inLanguage\":\"sv-SE\",\"@id\":\"https:\/\/www.johannagullichsen.com\/sv\/produkt\/origami-vaska-m\/#primaryimage\",\"url\":\"https:\/\/www.johannagullichsen.com\/wp-content\/uploads\/2024\/05\/Johanna-Gullichsen-Origami-M-Doris-yellow-1.jpg\",\"contentUrl\":\"https:\/\/www.johannagullichsen.com\/wp-content\/uploads\/2024\/05\/Johanna-Gullichsen-Origami-M-Doris-yellow-1.jpg\",\"width\":1600,\"height\":1200},{\"@type\":\"BreadcrumbList\",\"@id\":\"https:\/\/www.johannagullichsen.com\/sv\/produkt\/origami-vaska-m\/#breadcrumb\",\"itemListElement\":[{\"@type\":\"ListItem\",\"position\":1,\"name\":\"Home\",\"item\":\"https:\/\/www.johannagullichsen.com\/sv\/\"},{\"@type\":\"ListItem\",\"position\":2,\"name\":\"Webbutik &#8211; Produkter\",\"item\":\"https:\/\/www.johannagullichsen.com\/sv\/produkter\/\"},{\"@type\":\"ListItem\",\"position\":3,\"name\":\"Origami V\u00e4ska M\"}]},{\"@type\":\"WebSite\",\"@id\":\"https:\/\/www.johannagullichsen.com\/sv\/#website\",\"url\":\"https:\/\/www.johannagullichsen.com\/sv\/\",\"name\":\"Johanna Gullichsen\",\"description\":\"\",\"potentialAction\":[{\"@type\":\"SearchAction\",\"target\":{\"@type\":\"EntryPoint\",\"urlTemplate\":\"https:\/\/www.johannagullichsen.com\/sv\/?s={search_term_string}\"},\"query-input\":{\"@type\":\"PropertyValueSpecification\",\"valueRequired\":true,\"valueName\":\"search_term_string\"}}],\"inLanguage\":\"sv-SE\"}]}<\/script>\n<!-- \/ Yoast SEO Premium plugin. -->","yoast_head_json":{"title":"Origami V\u00e4ska M - Johanna Gullichsen","description":"Denna lilla Origami axelremsv\u00e4ska kombinerar elegans och funktionalitet. Den \u00e4r skapad med veck, precis som origami, den \u00e4r snygg och l\u00e4tt att b\u00e4ra.","robots":{"index":"index","follow":"follow","max-snippet":"max-snippet:-1","max-image-preview":"max-image-preview:large","max-video-preview":"max-video-preview:-1"},"canonical":"https:\/\/www.johannagullichsen.com\/sv\/produkt\/origami-vaska-m\/","og_locale":"sv_SE","og_type":"article","og_title":"Origami V\u00e4ska M","og_description":"Denna lilla Origami axelremsv\u00e4ska kombinerar elegans och funktionalitet. Den \u00e4r skapad med veck, precis som origami, den \u00e4r snygg och l\u00e4tt att b\u00e4ra.","og_url":"https:\/\/www.johannagullichsen.com\/sv\/produkt\/origami-vaska-m\/","og_site_name":"Johanna Gullichsen","article_modified_time":"2024-05-22T09:05:13+00:00","og_image":[{"width":1600,"height":1200,"url":"https:\/\/www.johannagullichsen.com\/wp-content\/uploads\/2024\/05\/Johanna-Gullichsen-Origami-M-Doris-yellow-1.jpg","type":"image\/jpeg"}],"twitter_card":"summary_large_image","twitter_misc":{"Ber\u00e4knad l\u00e4stid":"1 minut"},"schema":{"@context":"https:\/\/schema.org","@graph":[{"@type":"WebPage","@id":"https:\/\/www.johannagullichsen.com\/sv\/produkt\/origami-vaska-m\/","url":"https:\/\/www.johannagullichsen.com\/sv\/produkt\/origami-vaska-m\/","name":"Origami V\u00e4ska M - Johanna Gullichsen","isPartOf":{"@id":"https:\/\/www.johannagullichsen.com\/sv\/#website"},"primaryImageOfPage":{"@id":"https:\/\/www.johannagullichsen.com\/sv\/produkt\/origami-vaska-m\/#primaryimage"},"image":{"@id":"https:\/\/www.johannagullichsen.com\/sv\/produkt\/origami-vaska-m\/#primaryimage"},"thumbnailUrl":"https:\/\/www.johannagullichsen.com\/wp-content\/uploads\/2024\/05\/Johanna-Gullichsen-Origami-M-Doris-yellow-1.jpg","datePublished":"2024-05-20T06:38:30+00:00","dateModified":"2024-05-22T09:05:13+00:00","description":"Denna lilla Origami axelremsv\u00e4ska kombinerar elegans och funktionalitet. Den \u00e4r skapad med veck, precis som origami, den \u00e4r snygg och l\u00e4tt att b\u00e4ra.","breadcrumb":{"@id":"https:\/\/www.johannagullichsen.com\/sv\/produkt\/origami-vaska-m\/#breadcrumb"},"inLanguage":"sv-SE","potentialAction":[{"@type":"ReadAction","target":["https:\/\/www.johannagullichsen.com\/sv\/produkt\/origami-vaska-m\/"]}]},{"@type":"ImageObject","inLanguage":"sv-SE","@id":"https:\/\/www.johannagullichsen.com\/sv\/produkt\/origami-vaska-m\/#primaryimage","url":"https:\/\/www.johannagullichsen.com\/wp-content\/uploads\/2024\/05\/Johanna-Gullichsen-Origami-M-Doris-yellow-1.jpg","contentUrl":"https:\/\/www.johannagullichsen.com\/wp-content\/uploads\/2024\/05\/Johanna-Gullichsen-Origami-M-Doris-yellow-1.jpg","width":1600,"height":1200},{"@type":"BreadcrumbList","@id":"https:\/\/www.johannagullichsen.com\/sv\/produkt\/origami-vaska-m\/#breadcrumb","itemListElement":[{"@type":"ListItem","position":1,"name":"Home","item":"https:\/\/www.johannagullichsen.com\/sv\/"},{"@type":"ListItem","position":2,"name":"Webbutik &#8211; Produkter","item":"https:\/\/www.johannagullichsen.com\/sv\/produkter\/"},{"@type":"ListItem","position":3,"name":"Origami V\u00e4ska M"}]},{"@type":"WebSite","@id":"https:\/\/www.johannagullichsen.com\/sv\/#website","url":"https:\/\/www.johannagullichsen.com\/sv\/","name":"Johanna Gullichsen","description":"","potentialAction":[{"@type":"SearchAction","target":{"@type":"EntryPoint","urlTemplate":"https:\/\/www.johannagullichsen.com\/sv\/?s={search_term_string}"},"query-input":{"@type":"PropertyValueSpecification","valueRequired":true,"valueName":"search_term_string"}}],"inLanguage":"sv-SE"}]}},"_links":{"self":[{"href":"https:\/\/www.johannagullichsen.com\/sv\/wp-json\/wp\/v2\/product\/23426","targetHints":{"allow":["GET"]}}],"collection":[{"href":"https:\/\/www.johannagullichsen.com\/sv\/wp-json\/wp\/v2\/product"}],"about":[{"href":"https:\/\/www.johannagullichsen.com\/sv\/wp-json\/wp\/v2\/types\/product"}],"wp:featuredmedia":[{"embeddable":true,"href":"https:\/\/www.johannagullichsen.com\/sv\/wp-json\/wp\/v2\/media\/23023"}],"wp:attachment":[{"href":"https:\/\/www.johannagullichsen.com\/sv\/wp-json\/wp\/v2\/media?parent=23426"}],"wp:term":[{"taxonomy":"product_brand","embeddable":true,"href":"https:\/\/www.johannagullichsen.com\/sv\/wp-json\/wp\/v2\/product_brand?post=23426"},{"taxonomy":"product_cat","embeddable":true,"href":"https:\/\/www.johannagullichsen.com\/sv\/wp-json\/wp\/v2\/product_cat?post=23426"},{"taxonomy":"product_tag","embeddable":true,"href":"https:\/\/www.johannagullichsen.com\/sv\/wp-json\/wp\/v2\/product_tag?post=23426"}],"curies":[{"name":"wp","href":"https:\/\/api.w.org\/{rel}","templated":true}]}}