{"id":23935,"date":"2024-05-24T15:23:32","date_gmt":"2024-05-24T12:23:32","guid":{"rendered":"https:\/\/www.johannagullichsen.com\/?post_type=product&#038;p=23935"},"modified":"2024-06-04T15:57:49","modified_gmt":"2024-06-04T12:57:49","slug":"23935","status":"publish","type":"product","link":"https:\/\/www.johannagullichsen.com\/sv\/produkt\/23935\/","title":{"rendered":"Viktorino-v\u00e4ska"},"content":{"rendered":"<p><b>Elegant axelv\u00e4ska<\/b><\/p>\n<p>Denna lilla axelv\u00e4ska har en klaff och blixtl\u00e5s f\u00f6r att h\u00e5lla alla dina v\u00e4rdesaker s\u00e4kra. V\u00e4skan kommer med en avtagbar och justerbar rem. Viktorino \u00e4r en mindre version av den klassiska Viktor-v\u00e4skan.<\/p>\n","protected":false},"excerpt":{"rendered":"<p>Elegant axelv\u00e4ska Denna lilla axelv\u00e4ska har en klaff och blixtl\u00e5s f\u00f6r att h\u00e5lla alla dina v\u00e4rdesaker s\u00e4kra. V\u00e4skan kommer med en avtagbar och justerbar rem. Viktorino \u00e4r en mindre version&hellip;<\/p>\n","protected":false},"featured_media":30134,"template":"","meta":{"_acf_changed":false},"product_brand":[],"product_cat":[1991,269],"product_tag":[],"class_list":{"0":"post-23935","1":"product","2":"type-product","3":"status-publish","4":"has-post-thumbnail","6":"product_cat-vaskor","7":"product_cat-accessoarer-vaskor","8":"pa_pattern-colour-helios-blygra","9":"pa_pattern-colour-nereus-morkbla","10":"pa_pattern-colour-selene-gron","11":"pa_pattern-colour-doris-halm","12":"pa_pattern-colour-doris-cirrus","13":"pa_pattern-colour-doris-svart","14":"pa_pattern-colour-doris-gul","15":"collection-normandie-sv","17":"first","18":"instock","19":"taxable","20":"shipping-taxable","21":"purchasable","22":"product-type-variable"},"acf":[],"yoast_head":"<!-- This site is optimized with the Yoast SEO Premium plugin v27.2 (Yoast SEO v27.2) - https:\/\/yoast.com\/product\/yoast-seo-premium-wordpress\/ -->\n<title>Viktorino-v\u00e4ska - Johanna Gullichsen<\/title>\n<meta name=\"robots\" content=\"index, follow, max-snippet:-1, max-image-preview:large, max-video-preview:-1\" \/>\n<link rel=\"canonical\" href=\"https:\/\/www.johannagullichsen.com\/sv\/produkt\/23935\/\" \/>\n<meta property=\"og:locale\" content=\"sv_SE\" \/>\n<meta property=\"og:type\" content=\"article\" \/>\n<meta property=\"og:title\" content=\"Viktorino-v\u00e4ska\" \/>\n<meta property=\"og:description\" content=\"Elegant axelv\u00e4ska Denna lilla axelv\u00e4ska har en klaff och blixtl\u00e5s f\u00f6r att h\u00e5lla alla dina v\u00e4rdesaker s\u00e4kra. V\u00e4skan kommer med en avtagbar och justerbar rem. Viktorino \u00e4r en mindre version&hellip;\" \/>\n<meta property=\"og:url\" content=\"https:\/\/www.johannagullichsen.com\/sv\/produkt\/23935\/\" \/>\n<meta property=\"og:site_name\" content=\"Johanna Gullichsen\" \/>\n<meta property=\"article:modified_time\" content=\"2024-06-04T12:57:49+00:00\" \/>\n<meta property=\"og:image\" content=\"https:\/\/www.johannagullichsen.com\/wp-content\/uploads\/2024\/05\/Johanna-Gullichsen-Viktorino-Selene-Green-with-blue-green-ribbon-1.jpg\" \/>\n\t<meta property=\"og:image:width\" content=\"1600\" \/>\n\t<meta property=\"og:image:height\" content=\"1200\" \/>\n\t<meta property=\"og:image:type\" content=\"image\/jpeg\" \/>\n<meta name=\"twitter:card\" content=\"summary_large_image\" \/>\n<meta name=\"twitter:label1\" content=\"Ber\u00e4knad l\u00e4stid\" \/>\n\t<meta name=\"twitter:data1\" content=\"1 minut\" \/>\n<script type=\"application\/ld+json\" class=\"yoast-schema-graph\">{\"@context\":\"https:\/\/schema.org\",\"@graph\":[{\"@type\":\"WebPage\",\"@id\":\"https:\/\/www.johannagullichsen.com\/sv\/produkt\/23935\/\",\"url\":\"https:\/\/www.johannagullichsen.com\/sv\/produkt\/23935\/\",\"name\":\"Viktorino-v\u00e4ska - Johanna Gullichsen\",\"isPartOf\":{\"@id\":\"https:\/\/www.johannagullichsen.com\/sv\/#website\"},\"primaryImageOfPage\":{\"@id\":\"https:\/\/www.johannagullichsen.com\/sv\/produkt\/23935\/#primaryimage\"},\"image\":{\"@id\":\"https:\/\/www.johannagullichsen.com\/sv\/produkt\/23935\/#primaryimage\"},\"thumbnailUrl\":\"https:\/\/www.johannagullichsen.com\/wp-content\/uploads\/2020\/04\/PR_Johanna_Gullichsen-Viktorino-Cirrus.jpg\",\"datePublished\":\"2024-05-24T12:23:32+00:00\",\"dateModified\":\"2024-06-04T12:57:49+00:00\",\"breadcrumb\":{\"@id\":\"https:\/\/www.johannagullichsen.com\/sv\/produkt\/23935\/#breadcrumb\"},\"inLanguage\":\"sv-SE\",\"potentialAction\":[{\"@type\":\"ReadAction\",\"target\":[\"https:\/\/www.johannagullichsen.com\/sv\/produkt\/23935\/\"]}]},{\"@type\":\"ImageObject\",\"inLanguage\":\"sv-SE\",\"@id\":\"https:\/\/www.johannagullichsen.com\/sv\/produkt\/23935\/#primaryimage\",\"url\":\"https:\/\/www.johannagullichsen.com\/wp-content\/uploads\/2020\/04\/PR_Johanna_Gullichsen-Viktorino-Cirrus.jpg\",\"contentUrl\":\"https:\/\/www.johannagullichsen.com\/wp-content\/uploads\/2020\/04\/PR_Johanna_Gullichsen-Viktorino-Cirrus.jpg\",\"width\":1600,\"height\":1200},{\"@type\":\"BreadcrumbList\",\"@id\":\"https:\/\/www.johannagullichsen.com\/sv\/produkt\/23935\/#breadcrumb\",\"itemListElement\":[{\"@type\":\"ListItem\",\"position\":1,\"name\":\"Home\",\"item\":\"https:\/\/www.johannagullichsen.com\/sv\/\"},{\"@type\":\"ListItem\",\"position\":2,\"name\":\"Webbutik &#8211; Produkter\",\"item\":\"https:\/\/www.johannagullichsen.com\/sv\/produkter\/\"},{\"@type\":\"ListItem\",\"position\":3,\"name\":\"Viktorino-v\u00e4ska\"}]},{\"@type\":\"WebSite\",\"@id\":\"https:\/\/www.johannagullichsen.com\/sv\/#website\",\"url\":\"https:\/\/www.johannagullichsen.com\/sv\/\",\"name\":\"Johanna Gullichsen\",\"description\":\"\",\"potentialAction\":[{\"@type\":\"SearchAction\",\"target\":{\"@type\":\"EntryPoint\",\"urlTemplate\":\"https:\/\/www.johannagullichsen.com\/sv\/?s={search_term_string}\"},\"query-input\":{\"@type\":\"PropertyValueSpecification\",\"valueRequired\":true,\"valueName\":\"search_term_string\"}}],\"inLanguage\":\"sv-SE\"}]}<\/script>\n<!-- \/ Yoast SEO Premium plugin. -->","yoast_head_json":{"title":"Viktorino-v\u00e4ska - Johanna Gullichsen","robots":{"index":"index","follow":"follow","max-snippet":"max-snippet:-1","max-image-preview":"max-image-preview:large","max-video-preview":"max-video-preview:-1"},"canonical":"https:\/\/www.johannagullichsen.com\/sv\/produkt\/23935\/","og_locale":"sv_SE","og_type":"article","og_title":"Viktorino-v\u00e4ska","og_description":"Elegant axelv\u00e4ska Denna lilla axelv\u00e4ska har en klaff och blixtl\u00e5s f\u00f6r att h\u00e5lla alla dina v\u00e4rdesaker s\u00e4kra. V\u00e4skan kommer med en avtagbar och justerbar rem. Viktorino \u00e4r en mindre version&hellip;","og_url":"https:\/\/www.johannagullichsen.com\/sv\/produkt\/23935\/","og_site_name":"Johanna Gullichsen","article_modified_time":"2024-06-04T12:57:49+00:00","og_image":[{"width":1600,"height":1200,"url":"https:\/\/www.johannagullichsen.com\/wp-content\/uploads\/2024\/05\/Johanna-Gullichsen-Viktorino-Selene-Green-with-blue-green-ribbon-1.jpg","type":"image\/jpeg"}],"twitter_card":"summary_large_image","twitter_misc":{"Ber\u00e4knad l\u00e4stid":"1 minut"},"schema":{"@context":"https:\/\/schema.org","@graph":[{"@type":"WebPage","@id":"https:\/\/www.johannagullichsen.com\/sv\/produkt\/23935\/","url":"https:\/\/www.johannagullichsen.com\/sv\/produkt\/23935\/","name":"Viktorino-v\u00e4ska - Johanna Gullichsen","isPartOf":{"@id":"https:\/\/www.johannagullichsen.com\/sv\/#website"},"primaryImageOfPage":{"@id":"https:\/\/www.johannagullichsen.com\/sv\/produkt\/23935\/#primaryimage"},"image":{"@id":"https:\/\/www.johannagullichsen.com\/sv\/produkt\/23935\/#primaryimage"},"thumbnailUrl":"https:\/\/www.johannagullichsen.com\/wp-content\/uploads\/2020\/04\/PR_Johanna_Gullichsen-Viktorino-Cirrus.jpg","datePublished":"2024-05-24T12:23:32+00:00","dateModified":"2024-06-04T12:57:49+00:00","breadcrumb":{"@id":"https:\/\/www.johannagullichsen.com\/sv\/produkt\/23935\/#breadcrumb"},"inLanguage":"sv-SE","potentialAction":[{"@type":"ReadAction","target":["https:\/\/www.johannagullichsen.com\/sv\/produkt\/23935\/"]}]},{"@type":"ImageObject","inLanguage":"sv-SE","@id":"https:\/\/www.johannagullichsen.com\/sv\/produkt\/23935\/#primaryimage","url":"https:\/\/www.johannagullichsen.com\/wp-content\/uploads\/2020\/04\/PR_Johanna_Gullichsen-Viktorino-Cirrus.jpg","contentUrl":"https:\/\/www.johannagullichsen.com\/wp-content\/uploads\/2020\/04\/PR_Johanna_Gullichsen-Viktorino-Cirrus.jpg","width":1600,"height":1200},{"@type":"BreadcrumbList","@id":"https:\/\/www.johannagullichsen.com\/sv\/produkt\/23935\/#breadcrumb","itemListElement":[{"@type":"ListItem","position":1,"name":"Home","item":"https:\/\/www.johannagullichsen.com\/sv\/"},{"@type":"ListItem","position":2,"name":"Webbutik &#8211; Produkter","item":"https:\/\/www.johannagullichsen.com\/sv\/produkter\/"},{"@type":"ListItem","position":3,"name":"Viktorino-v\u00e4ska"}]},{"@type":"WebSite","@id":"https:\/\/www.johannagullichsen.com\/sv\/#website","url":"https:\/\/www.johannagullichsen.com\/sv\/","name":"Johanna Gullichsen","description":"","potentialAction":[{"@type":"SearchAction","target":{"@type":"EntryPoint","urlTemplate":"https:\/\/www.johannagullichsen.com\/sv\/?s={search_term_string}"},"query-input":{"@type":"PropertyValueSpecification","valueRequired":true,"valueName":"search_term_string"}}],"inLanguage":"sv-SE"}]}},"_links":{"self":[{"href":"https:\/\/www.johannagullichsen.com\/sv\/wp-json\/wp\/v2\/product\/23935","targetHints":{"allow":["GET"]}}],"collection":[{"href":"https:\/\/www.johannagullichsen.com\/sv\/wp-json\/wp\/v2\/product"}],"about":[{"href":"https:\/\/www.johannagullichsen.com\/sv\/wp-json\/wp\/v2\/types\/product"}],"wp:featuredmedia":[{"embeddable":true,"href":"https:\/\/www.johannagullichsen.com\/sv\/wp-json\/wp\/v2\/media\/30134"}],"wp:attachment":[{"href":"https:\/\/www.johannagullichsen.com\/sv\/wp-json\/wp\/v2\/media?parent=23935"}],"wp:term":[{"taxonomy":"product_brand","embeddable":true,"href":"https:\/\/www.johannagullichsen.com\/sv\/wp-json\/wp\/v2\/product_brand?post=23935"},{"taxonomy":"product_cat","embeddable":true,"href":"https:\/\/www.johannagullichsen.com\/sv\/wp-json\/wp\/v2\/product_cat?post=23935"},{"taxonomy":"product_tag","embeddable":true,"href":"https:\/\/www.johannagullichsen.com\/sv\/wp-json\/wp\/v2\/product_tag?post=23935"}],"curies":[{"name":"wp","href":"https:\/\/api.w.org\/{rel}","templated":true}]}}