{"id":25553,"date":"2025-01-17T10:44:39","date_gmt":"2025-01-17T08:44:39","guid":{"rendered":"https:\/\/www.johannagullichsen.com\/?post_type=product&#038;p=25553"},"modified":"2025-01-17T11:38:28","modified_gmt":"2025-01-17T09:38:28","slug":"sees-x-johanna-gullichsen-tval","status":"publish","type":"product","link":"https:\/\/www.johannagullichsen.com\/sv\/produkt\/sees-x-johanna-gullichsen-tval\/","title":{"rendered":"SEES x Johanna Gullichsen tv\u00e5l"},"content":{"rendered":"<p>SEES x Johanna Gullichsen f\u00f6renar tv\u00e5 finska varum\u00e4rken och sammanf\u00f6r doft och tidl\u00f6s design. Tillsammans v\u00e4rderar vi sk\u00f6nhet i vardagen och h\u00e5llbara val. Biodegradable Hand Wash No. 4 anv\u00e4nder \u00e4kta eteriska oljor fr\u00e5n lavendel och en aning bergamott.<\/p>\n<p>Inneh\u00e5ller: Aqua, Cocamidopropyl Betaine, Sodium Coco-Sulfate, Capryl \/ Capryl Glucoside, Sea salt, Benzoic Acid, Lavendula Angustifolia (Lavender) Oil, Citrus Aurantium Bergamia (Bergamot) Fruit Oil. Limonene, Linalool, Citral, Geraniol. pH 5,5.<\/p>\n","protected":false},"excerpt":{"rendered":"<p>SEES x Johanna Gullichsen f\u00f6renar tv\u00e5 finska varum\u00e4rken och sammanf\u00f6r doft och tidl\u00f6s design. Tillsammans v\u00e4rderar vi sk\u00f6nhet i vardagen och h\u00e5llbara val. Biodegradable Hand Wash No. 4 anv\u00e4nder \u00e4kta&hellip;<\/p>\n","protected":false},"featured_media":25546,"template":"","meta":{"_acf_changed":false},"product_brand":[],"product_cat":[1990],"product_tag":[],"class_list":{"0":"post-25553","1":"product","2":"type-product","3":"status-publish","4":"has-post-thumbnail","6":"product_cat-badtextilier","7":"collection-normandie-sv","9":"first","10":"instock","11":"taxable","12":"shipping-taxable","13":"purchasable","14":"product-type-simple"},"acf":[],"yoast_head":"<!-- This site is optimized with the Yoast SEO Premium plugin v27.2 (Yoast SEO v27.2) - https:\/\/yoast.com\/product\/yoast-seo-premium-wordpress\/ -->\n<title>SEES x Johanna Gullichsen tv\u00e5l - Johanna Gullichsen<\/title>\n<meta name=\"robots\" content=\"index, follow, max-snippet:-1, max-image-preview:large, max-video-preview:-1\" \/>\n<link rel=\"canonical\" href=\"https:\/\/www.johannagullichsen.com\/sv\/produkt\/sees-x-johanna-gullichsen-tval\/\" \/>\n<meta property=\"og:locale\" content=\"sv_SE\" \/>\n<meta property=\"og:type\" content=\"article\" \/>\n<meta property=\"og:title\" content=\"SEES x Johanna Gullichsen tv\u00e5l\" \/>\n<meta property=\"og:description\" content=\"SEES x Johanna Gullichsen f\u00f6renar tv\u00e5 finska varum\u00e4rken och sammanf\u00f6r doft och tidl\u00f6s design. Tillsammans v\u00e4rderar vi sk\u00f6nhet i vardagen och h\u00e5llbara val. Biodegradable Hand Wash No. 4 anv\u00e4nder \u00e4kta&hellip;\" \/>\n<meta property=\"og:url\" content=\"https:\/\/www.johannagullichsen.com\/sv\/produkt\/sees-x-johanna-gullichsen-tval\/\" \/>\n<meta property=\"og:site_name\" content=\"Johanna Gullichsen\" \/>\n<meta property=\"article:modified_time\" content=\"2025-01-17T09:38:28+00:00\" \/>\n<meta property=\"og:image\" content=\"https:\/\/www.johannagullichsen.com\/wp-content\/uploads\/2025\/01\/SEES-x-Johanna-Gullichsen-Lavender-Soap.jpg\" \/>\n\t<meta property=\"og:image:width\" content=\"1600\" \/>\n\t<meta property=\"og:image:height\" content=\"1200\" \/>\n\t<meta property=\"og:image:type\" content=\"image\/jpeg\" \/>\n<meta name=\"twitter:card\" content=\"summary_large_image\" \/>\n<meta name=\"twitter:label1\" content=\"Ber\u00e4knad l\u00e4stid\" \/>\n\t<meta name=\"twitter:data1\" content=\"1 minut\" \/>\n<script type=\"application\/ld+json\" class=\"yoast-schema-graph\">{\"@context\":\"https:\/\/schema.org\",\"@graph\":[{\"@type\":\"WebPage\",\"@id\":\"https:\/\/www.johannagullichsen.com\/sv\/produkt\/sees-x-johanna-gullichsen-tval\/\",\"url\":\"https:\/\/www.johannagullichsen.com\/sv\/produkt\/sees-x-johanna-gullichsen-tval\/\",\"name\":\"SEES x Johanna Gullichsen tv\u00e5l - Johanna Gullichsen\",\"isPartOf\":{\"@id\":\"https:\/\/www.johannagullichsen.com\/sv\/#website\"},\"primaryImageOfPage\":{\"@id\":\"https:\/\/www.johannagullichsen.com\/sv\/produkt\/sees-x-johanna-gullichsen-tval\/#primaryimage\"},\"image\":{\"@id\":\"https:\/\/www.johannagullichsen.com\/sv\/produkt\/sees-x-johanna-gullichsen-tval\/#primaryimage\"},\"thumbnailUrl\":\"https:\/\/www.johannagullichsen.com\/wp-content\/uploads\/2025\/01\/SEES-x-Johanna-Gullichsen-Lavender-Soap.jpg\",\"datePublished\":\"2025-01-17T08:44:39+00:00\",\"dateModified\":\"2025-01-17T09:38:28+00:00\",\"breadcrumb\":{\"@id\":\"https:\/\/www.johannagullichsen.com\/sv\/produkt\/sees-x-johanna-gullichsen-tval\/#breadcrumb\"},\"inLanguage\":\"sv-SE\",\"potentialAction\":[{\"@type\":\"ReadAction\",\"target\":[\"https:\/\/www.johannagullichsen.com\/sv\/produkt\/sees-x-johanna-gullichsen-tval\/\"]}]},{\"@type\":\"ImageObject\",\"inLanguage\":\"sv-SE\",\"@id\":\"https:\/\/www.johannagullichsen.com\/sv\/produkt\/sees-x-johanna-gullichsen-tval\/#primaryimage\",\"url\":\"https:\/\/www.johannagullichsen.com\/wp-content\/uploads\/2025\/01\/SEES-x-Johanna-Gullichsen-Lavender-Soap.jpg\",\"contentUrl\":\"https:\/\/www.johannagullichsen.com\/wp-content\/uploads\/2025\/01\/SEES-x-Johanna-Gullichsen-Lavender-Soap.jpg\",\"width\":1600,\"height\":1200},{\"@type\":\"BreadcrumbList\",\"@id\":\"https:\/\/www.johannagullichsen.com\/sv\/produkt\/sees-x-johanna-gullichsen-tval\/#breadcrumb\",\"itemListElement\":[{\"@type\":\"ListItem\",\"position\":1,\"name\":\"Home\",\"item\":\"https:\/\/www.johannagullichsen.com\/sv\/\"},{\"@type\":\"ListItem\",\"position\":2,\"name\":\"Webbutik &#8211; Produkter\",\"item\":\"https:\/\/www.johannagullichsen.com\/sv\/produkter\/\"},{\"@type\":\"ListItem\",\"position\":3,\"name\":\"SEES x Johanna Gullichsen tv\u00e5l\"}]},{\"@type\":\"WebSite\",\"@id\":\"https:\/\/www.johannagullichsen.com\/sv\/#website\",\"url\":\"https:\/\/www.johannagullichsen.com\/sv\/\",\"name\":\"Johanna Gullichsen\",\"description\":\"\",\"potentialAction\":[{\"@type\":\"SearchAction\",\"target\":{\"@type\":\"EntryPoint\",\"urlTemplate\":\"https:\/\/www.johannagullichsen.com\/sv\/?s={search_term_string}\"},\"query-input\":{\"@type\":\"PropertyValueSpecification\",\"valueRequired\":true,\"valueName\":\"search_term_string\"}}],\"inLanguage\":\"sv-SE\"}]}<\/script>\n<!-- \/ Yoast SEO Premium plugin. -->","yoast_head_json":{"title":"SEES x Johanna Gullichsen tv\u00e5l - Johanna Gullichsen","robots":{"index":"index","follow":"follow","max-snippet":"max-snippet:-1","max-image-preview":"max-image-preview:large","max-video-preview":"max-video-preview:-1"},"canonical":"https:\/\/www.johannagullichsen.com\/sv\/produkt\/sees-x-johanna-gullichsen-tval\/","og_locale":"sv_SE","og_type":"article","og_title":"SEES x Johanna Gullichsen tv\u00e5l","og_description":"SEES x Johanna Gullichsen f\u00f6renar tv\u00e5 finska varum\u00e4rken och sammanf\u00f6r doft och tidl\u00f6s design. Tillsammans v\u00e4rderar vi sk\u00f6nhet i vardagen och h\u00e5llbara val. Biodegradable Hand Wash No. 4 anv\u00e4nder \u00e4kta&hellip;","og_url":"https:\/\/www.johannagullichsen.com\/sv\/produkt\/sees-x-johanna-gullichsen-tval\/","og_site_name":"Johanna Gullichsen","article_modified_time":"2025-01-17T09:38:28+00:00","og_image":[{"width":1600,"height":1200,"url":"https:\/\/www.johannagullichsen.com\/wp-content\/uploads\/2025\/01\/SEES-x-Johanna-Gullichsen-Lavender-Soap.jpg","type":"image\/jpeg"}],"twitter_card":"summary_large_image","twitter_misc":{"Ber\u00e4knad l\u00e4stid":"1 minut"},"schema":{"@context":"https:\/\/schema.org","@graph":[{"@type":"WebPage","@id":"https:\/\/www.johannagullichsen.com\/sv\/produkt\/sees-x-johanna-gullichsen-tval\/","url":"https:\/\/www.johannagullichsen.com\/sv\/produkt\/sees-x-johanna-gullichsen-tval\/","name":"SEES x Johanna Gullichsen tv\u00e5l - Johanna Gullichsen","isPartOf":{"@id":"https:\/\/www.johannagullichsen.com\/sv\/#website"},"primaryImageOfPage":{"@id":"https:\/\/www.johannagullichsen.com\/sv\/produkt\/sees-x-johanna-gullichsen-tval\/#primaryimage"},"image":{"@id":"https:\/\/www.johannagullichsen.com\/sv\/produkt\/sees-x-johanna-gullichsen-tval\/#primaryimage"},"thumbnailUrl":"https:\/\/www.johannagullichsen.com\/wp-content\/uploads\/2025\/01\/SEES-x-Johanna-Gullichsen-Lavender-Soap.jpg","datePublished":"2025-01-17T08:44:39+00:00","dateModified":"2025-01-17T09:38:28+00:00","breadcrumb":{"@id":"https:\/\/www.johannagullichsen.com\/sv\/produkt\/sees-x-johanna-gullichsen-tval\/#breadcrumb"},"inLanguage":"sv-SE","potentialAction":[{"@type":"ReadAction","target":["https:\/\/www.johannagullichsen.com\/sv\/produkt\/sees-x-johanna-gullichsen-tval\/"]}]},{"@type":"ImageObject","inLanguage":"sv-SE","@id":"https:\/\/www.johannagullichsen.com\/sv\/produkt\/sees-x-johanna-gullichsen-tval\/#primaryimage","url":"https:\/\/www.johannagullichsen.com\/wp-content\/uploads\/2025\/01\/SEES-x-Johanna-Gullichsen-Lavender-Soap.jpg","contentUrl":"https:\/\/www.johannagullichsen.com\/wp-content\/uploads\/2025\/01\/SEES-x-Johanna-Gullichsen-Lavender-Soap.jpg","width":1600,"height":1200},{"@type":"BreadcrumbList","@id":"https:\/\/www.johannagullichsen.com\/sv\/produkt\/sees-x-johanna-gullichsen-tval\/#breadcrumb","itemListElement":[{"@type":"ListItem","position":1,"name":"Home","item":"https:\/\/www.johannagullichsen.com\/sv\/"},{"@type":"ListItem","position":2,"name":"Webbutik &#8211; Produkter","item":"https:\/\/www.johannagullichsen.com\/sv\/produkter\/"},{"@type":"ListItem","position":3,"name":"SEES x Johanna Gullichsen tv\u00e5l"}]},{"@type":"WebSite","@id":"https:\/\/www.johannagullichsen.com\/sv\/#website","url":"https:\/\/www.johannagullichsen.com\/sv\/","name":"Johanna Gullichsen","description":"","potentialAction":[{"@type":"SearchAction","target":{"@type":"EntryPoint","urlTemplate":"https:\/\/www.johannagullichsen.com\/sv\/?s={search_term_string}"},"query-input":{"@type":"PropertyValueSpecification","valueRequired":true,"valueName":"search_term_string"}}],"inLanguage":"sv-SE"}]}},"_links":{"self":[{"href":"https:\/\/www.johannagullichsen.com\/sv\/wp-json\/wp\/v2\/product\/25553","targetHints":{"allow":["GET"]}}],"collection":[{"href":"https:\/\/www.johannagullichsen.com\/sv\/wp-json\/wp\/v2\/product"}],"about":[{"href":"https:\/\/www.johannagullichsen.com\/sv\/wp-json\/wp\/v2\/types\/product"}],"wp:featuredmedia":[{"embeddable":true,"href":"https:\/\/www.johannagullichsen.com\/sv\/wp-json\/wp\/v2\/media\/25546"}],"wp:attachment":[{"href":"https:\/\/www.johannagullichsen.com\/sv\/wp-json\/wp\/v2\/media?parent=25553"}],"wp:term":[{"taxonomy":"product_brand","embeddable":true,"href":"https:\/\/www.johannagullichsen.com\/sv\/wp-json\/wp\/v2\/product_brand?post=25553"},{"taxonomy":"product_cat","embeddable":true,"href":"https:\/\/www.johannagullichsen.com\/sv\/wp-json\/wp\/v2\/product_cat?post=25553"},{"taxonomy":"product_tag","embeddable":true,"href":"https:\/\/www.johannagullichsen.com\/sv\/wp-json\/wp\/v2\/product_tag?post=25553"}],"curies":[{"name":"wp","href":"https:\/\/api.w.org\/{rel}","templated":true}]}}