{"id":27056,"date":"2025-03-25T10:53:26","date_gmt":"2025-03-25T08:53:26","guid":{"rendered":"https:\/\/www.johannagullichsen.com\/?post_type=product&#038;p=27056"},"modified":"2025-04-10T14:25:45","modified_gmt":"2025-04-10T11:25:45","slug":"paradis-penal","status":"publish","type":"product","link":"https:\/\/www.johannagullichsen.com\/sv\/produkt\/paradis-penal\/","title":{"rendered":"Paradis-penal"},"content":{"rendered":"<h4>\u00c5rets b\u00e4sta uppt\u00e4ckt!<\/h4>\n<p>F\u00e4rgkombinationerna Starling, Eclectus, Macaw och Cockatoo h\u00e4nvisar till regnskogens f\u00e5glars skimrande fj\u00e4derprakt och sprider gl\u00e4dje i vardagen. Penalerna framst\u00e4lls genom att sy samman stadiga bomullsband. H\u00e5ll reda p\u00e5 viktiga sm\u00e5 saker &#8211; som pennor, smink eller laddare &#8211; enkelt och stiligt.<\/p>\n","protected":false},"excerpt":{"rendered":"<p>\u00c5rets b\u00e4sta uppt\u00e4ckt! F\u00e4rgkombinationerna Starling, Eclectus, Macaw och Cockatoo h\u00e4nvisar till regnskogens f\u00e5glars skimrande fj\u00e4derprakt och sprider gl\u00e4dje i vardagen. Penalerna framst\u00e4lls genom att sy samman stadiga bomullsband. H\u00e5ll reda&hellip;<\/p>\n","protected":false},"featured_media":26075,"template":"","meta":{"_acf_changed":false},"product_brand":[],"product_cat":[269,1992],"product_tag":[],"class_list":{"0":"post-27056","1":"product","2":"type-product","3":"status-publish","4":"has-post-thumbnail","6":"product_cat-accessoarer-vaskor","7":"product_cat-necessarer-och-borsar","8":"collection-ribbon-sv","10":"first","11":"instock","12":"taxable","13":"shipping-taxable","14":"purchasable","15":"product-type-variable"},"acf":[],"yoast_head":"<!-- This site is optimized with the Yoast SEO Premium plugin v27.2 (Yoast SEO v27.5) - https:\/\/yoast.com\/product\/yoast-seo-premium-wordpress\/ -->\n<title>Paradis-penal - Johanna Gullichsen<\/title>\n<meta name=\"robots\" content=\"index, follow, max-snippet:-1, max-image-preview:large, max-video-preview:-1\" \/>\n<link rel=\"canonical\" href=\"https:\/\/www.johannagullichsen.com\/sv\/produkt\/paradis-penal\/\" \/>\n<meta property=\"og:locale\" content=\"sv_SE\" \/>\n<meta property=\"og:type\" content=\"article\" \/>\n<meta property=\"og:title\" content=\"Paradis-penal\" \/>\n<meta property=\"og:description\" content=\"\u00c5rets b\u00e4sta uppt\u00e4ckt! F\u00e4rgkombinationerna Starling, Eclectus, Macaw och Cockatoo h\u00e4nvisar till regnskogens f\u00e5glars skimrande fj\u00e4derprakt och sprider gl\u00e4dje i vardagen. Penalerna framst\u00e4lls genom att sy samman stadiga bomullsband. H\u00e5ll reda&hellip;\" \/>\n<meta property=\"og:url\" content=\"https:\/\/www.johannagullichsen.com\/sv\/produkt\/paradis-penal\/\" \/>\n<meta property=\"og:site_name\" content=\"Johanna Gullichsen\" \/>\n<meta property=\"article:modified_time\" content=\"2025-04-10T11:25:45+00:00\" \/>\n<meta property=\"og:image\" content=\"https:\/\/www.johannagullichsen.com\/wp-content\/uploads\/2025\/03\/Johanna-Gullichsen-Paradise-Long-Purse-Macaw.jpg\" \/>\n\t<meta property=\"og:image:width\" content=\"1600\" \/>\n\t<meta property=\"og:image:height\" content=\"1200\" \/>\n\t<meta property=\"og:image:type\" content=\"image\/jpeg\" \/>\n<meta name=\"twitter:card\" content=\"summary_large_image\" \/>\n<meta name=\"twitter:label1\" content=\"Ber\u00e4knad l\u00e4stid\" \/>\n\t<meta name=\"twitter:data1\" content=\"1 minut\" \/>\n<script type=\"application\/ld+json\" class=\"yoast-schema-graph\">{\"@context\":\"https:\\\/\\\/schema.org\",\"@graph\":[{\"@type\":\"WebPage\",\"@id\":\"https:\\\/\\\/www.johannagullichsen.com\\\/sv\\\/produkt\\\/paradis-penal\\\/\",\"url\":\"https:\\\/\\\/www.johannagullichsen.com\\\/sv\\\/produkt\\\/paradis-penal\\\/\",\"name\":\"Paradis-penal - Johanna Gullichsen\",\"isPartOf\":{\"@id\":\"https:\\\/\\\/www.johannagullichsen.com\\\/sv\\\/#website\"},\"primaryImageOfPage\":{\"@id\":\"https:\\\/\\\/www.johannagullichsen.com\\\/sv\\\/produkt\\\/paradis-penal\\\/#primaryimage\"},\"image\":{\"@id\":\"https:\\\/\\\/www.johannagullichsen.com\\\/sv\\\/produkt\\\/paradis-penal\\\/#primaryimage\"},\"thumbnailUrl\":\"https:\\\/\\\/www.johannagullichsen.com\\\/wp-content\\\/uploads\\\/2025\\\/03\\\/Johanna-Gullichsen-Paradise-Long-Purse-Macaw.jpg\",\"datePublished\":\"2025-03-25T08:53:26+00:00\",\"dateModified\":\"2025-04-10T11:25:45+00:00\",\"breadcrumb\":{\"@id\":\"https:\\\/\\\/www.johannagullichsen.com\\\/sv\\\/produkt\\\/paradis-penal\\\/#breadcrumb\"},\"inLanguage\":\"sv-SE\",\"potentialAction\":[{\"@type\":\"ReadAction\",\"target\":[\"https:\\\/\\\/www.johannagullichsen.com\\\/sv\\\/produkt\\\/paradis-penal\\\/\"]}]},{\"@type\":\"ImageObject\",\"inLanguage\":\"sv-SE\",\"@id\":\"https:\\\/\\\/www.johannagullichsen.com\\\/sv\\\/produkt\\\/paradis-penal\\\/#primaryimage\",\"url\":\"https:\\\/\\\/www.johannagullichsen.com\\\/wp-content\\\/uploads\\\/2025\\\/03\\\/Johanna-Gullichsen-Paradise-Long-Purse-Macaw.jpg\",\"contentUrl\":\"https:\\\/\\\/www.johannagullichsen.com\\\/wp-content\\\/uploads\\\/2025\\\/03\\\/Johanna-Gullichsen-Paradise-Long-Purse-Macaw.jpg\",\"width\":1600,\"height\":1200},{\"@type\":\"BreadcrumbList\",\"@id\":\"https:\\\/\\\/www.johannagullichsen.com\\\/sv\\\/produkt\\\/paradis-penal\\\/#breadcrumb\",\"itemListElement\":[{\"@type\":\"ListItem\",\"position\":1,\"name\":\"Home\",\"item\":\"https:\\\/\\\/www.johannagullichsen.com\\\/sv\\\/\"},{\"@type\":\"ListItem\",\"position\":2,\"name\":\"Webbutik &#8211; Produkter\",\"item\":\"https:\\\/\\\/www.johannagullichsen.com\\\/sv\\\/produkter\\\/\"},{\"@type\":\"ListItem\",\"position\":3,\"name\":\"Paradis-penal\"}]},{\"@type\":\"WebSite\",\"@id\":\"https:\\\/\\\/www.johannagullichsen.com\\\/sv\\\/#website\",\"url\":\"https:\\\/\\\/www.johannagullichsen.com\\\/sv\\\/\",\"name\":\"Johanna Gullichsen\",\"description\":\"\",\"potentialAction\":[{\"@type\":\"SearchAction\",\"target\":{\"@type\":\"EntryPoint\",\"urlTemplate\":\"https:\\\/\\\/www.johannagullichsen.com\\\/sv\\\/?s={search_term_string}\"},\"query-input\":{\"@type\":\"PropertyValueSpecification\",\"valueRequired\":true,\"valueName\":\"search_term_string\"}}],\"inLanguage\":\"sv-SE\"}]}<\/script>\n<!-- \/ Yoast SEO Premium plugin. -->","yoast_head_json":{"title":"Paradis-penal - Johanna Gullichsen","robots":{"index":"index","follow":"follow","max-snippet":"max-snippet:-1","max-image-preview":"max-image-preview:large","max-video-preview":"max-video-preview:-1"},"canonical":"https:\/\/www.johannagullichsen.com\/sv\/produkt\/paradis-penal\/","og_locale":"sv_SE","og_type":"article","og_title":"Paradis-penal","og_description":"\u00c5rets b\u00e4sta uppt\u00e4ckt! F\u00e4rgkombinationerna Starling, Eclectus, Macaw och Cockatoo h\u00e4nvisar till regnskogens f\u00e5glars skimrande fj\u00e4derprakt och sprider gl\u00e4dje i vardagen. Penalerna framst\u00e4lls genom att sy samman stadiga bomullsband. H\u00e5ll reda&hellip;","og_url":"https:\/\/www.johannagullichsen.com\/sv\/produkt\/paradis-penal\/","og_site_name":"Johanna Gullichsen","article_modified_time":"2025-04-10T11:25:45+00:00","og_image":[{"width":1600,"height":1200,"url":"https:\/\/www.johannagullichsen.com\/wp-content\/uploads\/2025\/03\/Johanna-Gullichsen-Paradise-Long-Purse-Macaw.jpg","type":"image\/jpeg"}],"twitter_card":"summary_large_image","twitter_misc":{"Ber\u00e4knad l\u00e4stid":"1 minut"},"schema":{"@context":"https:\/\/schema.org","@graph":[{"@type":"WebPage","@id":"https:\/\/www.johannagullichsen.com\/sv\/produkt\/paradis-penal\/","url":"https:\/\/www.johannagullichsen.com\/sv\/produkt\/paradis-penal\/","name":"Paradis-penal - Johanna Gullichsen","isPartOf":{"@id":"https:\/\/www.johannagullichsen.com\/sv\/#website"},"primaryImageOfPage":{"@id":"https:\/\/www.johannagullichsen.com\/sv\/produkt\/paradis-penal\/#primaryimage"},"image":{"@id":"https:\/\/www.johannagullichsen.com\/sv\/produkt\/paradis-penal\/#primaryimage"},"thumbnailUrl":"https:\/\/www.johannagullichsen.com\/wp-content\/uploads\/2025\/03\/Johanna-Gullichsen-Paradise-Long-Purse-Macaw.jpg","datePublished":"2025-03-25T08:53:26+00:00","dateModified":"2025-04-10T11:25:45+00:00","breadcrumb":{"@id":"https:\/\/www.johannagullichsen.com\/sv\/produkt\/paradis-penal\/#breadcrumb"},"inLanguage":"sv-SE","potentialAction":[{"@type":"ReadAction","target":["https:\/\/www.johannagullichsen.com\/sv\/produkt\/paradis-penal\/"]}]},{"@type":"ImageObject","inLanguage":"sv-SE","@id":"https:\/\/www.johannagullichsen.com\/sv\/produkt\/paradis-penal\/#primaryimage","url":"https:\/\/www.johannagullichsen.com\/wp-content\/uploads\/2025\/03\/Johanna-Gullichsen-Paradise-Long-Purse-Macaw.jpg","contentUrl":"https:\/\/www.johannagullichsen.com\/wp-content\/uploads\/2025\/03\/Johanna-Gullichsen-Paradise-Long-Purse-Macaw.jpg","width":1600,"height":1200},{"@type":"BreadcrumbList","@id":"https:\/\/www.johannagullichsen.com\/sv\/produkt\/paradis-penal\/#breadcrumb","itemListElement":[{"@type":"ListItem","position":1,"name":"Home","item":"https:\/\/www.johannagullichsen.com\/sv\/"},{"@type":"ListItem","position":2,"name":"Webbutik &#8211; Produkter","item":"https:\/\/www.johannagullichsen.com\/sv\/produkter\/"},{"@type":"ListItem","position":3,"name":"Paradis-penal"}]},{"@type":"WebSite","@id":"https:\/\/www.johannagullichsen.com\/sv\/#website","url":"https:\/\/www.johannagullichsen.com\/sv\/","name":"Johanna Gullichsen","description":"","potentialAction":[{"@type":"SearchAction","target":{"@type":"EntryPoint","urlTemplate":"https:\/\/www.johannagullichsen.com\/sv\/?s={search_term_string}"},"query-input":{"@type":"PropertyValueSpecification","valueRequired":true,"valueName":"search_term_string"}}],"inLanguage":"sv-SE"}]}},"_links":{"self":[{"href":"https:\/\/www.johannagullichsen.com\/sv\/wp-json\/wp\/v2\/product\/27056","targetHints":{"allow":["GET"]}}],"collection":[{"href":"https:\/\/www.johannagullichsen.com\/sv\/wp-json\/wp\/v2\/product"}],"about":[{"href":"https:\/\/www.johannagullichsen.com\/sv\/wp-json\/wp\/v2\/types\/product"}],"wp:featuredmedia":[{"embeddable":true,"href":"https:\/\/www.johannagullichsen.com\/sv\/wp-json\/wp\/v2\/media\/26075"}],"wp:attachment":[{"href":"https:\/\/www.johannagullichsen.com\/sv\/wp-json\/wp\/v2\/media?parent=27056"}],"wp:term":[{"taxonomy":"product_brand","embeddable":true,"href":"https:\/\/www.johannagullichsen.com\/sv\/wp-json\/wp\/v2\/product_brand?post=27056"},{"taxonomy":"product_cat","embeddable":true,"href":"https:\/\/www.johannagullichsen.com\/sv\/wp-json\/wp\/v2\/product_cat?post=27056"},{"taxonomy":"product_tag","embeddable":true,"href":"https:\/\/www.johannagullichsen.com\/sv\/wp-json\/wp\/v2\/product_tag?post=27056"}],"curies":[{"name":"wp","href":"https:\/\/api.w.org\/{rel}","templated":true}]}}