{"id":27061,"date":"2025-03-25T10:10:53","date_gmt":"2025-03-25T08:10:53","guid":{"rendered":"https:\/\/www.johannagullichsen.com\/?post_type=product&#038;p=27061"},"modified":"2025-04-10T14:31:22","modified_gmt":"2025-04-10T11:31:22","slug":"paradis-bors","status":"publish","type":"product","link":"https:\/\/www.johannagullichsen.com\/sv\/produkt\/paradis-bors\/","title":{"rendered":"Paradis-b\u00f6rs"},"content":{"rendered":"<h4>Uppt\u00e4ck Paradisf\u00e5geln<\/h4>\n<p>De f\u00e4rgstarka portmonn\u00e4erna Starling, Eclectus, Macaw och Cockatoo h\u00e4mtar sin inspiration fr\u00e5n tropikens praktfulla f\u00e5glar. B\u00f6rserna tillverkas av ihopsydda starka bomullsband. Perfekta f\u00f6r att f\u00f6rvara l\u00e4ppstift, sybeh\u00f6r eller nycklar \u2013 ett litet men m\u00e5ngsidigt tillbeh\u00f6r f\u00f6r vardagen.<\/p>\n","protected":false},"excerpt":{"rendered":"<p>Uppt\u00e4ck Paradisf\u00e5geln De f\u00e4rgstarka portmonn\u00e4erna Starling, Eclectus, Macaw och Cockatoo h\u00e4mtar sin inspiration fr\u00e5n tropikens praktfulla f\u00e5glar. B\u00f6rserna tillverkas av ihopsydda starka bomullsband. Perfekta f\u00f6r att f\u00f6rvara l\u00e4ppstift, sybeh\u00f6r eller&hellip;<\/p>\n","protected":false},"featured_media":26035,"template":"","meta":{"_acf_changed":false},"product_brand":[],"product_cat":[269,1992],"product_tag":[],"class_list":{"0":"post-27061","1":"product","2":"type-product","3":"status-publish","4":"has-post-thumbnail","6":"product_cat-accessoarer-vaskor","7":"product_cat-necessarer-och-borsar","8":"collection-ribbon-sv","10":"first","11":"instock","12":"taxable","13":"shipping-taxable","14":"purchasable","15":"product-type-variable"},"acf":[],"yoast_head":"<!-- This site is optimized with the Yoast SEO Premium plugin v27.2 (Yoast SEO v27.2) - https:\/\/yoast.com\/product\/yoast-seo-premium-wordpress\/ -->\n<title>Paradis-b\u00f6rs - Johanna Gullichsen<\/title>\n<meta name=\"robots\" content=\"index, follow, max-snippet:-1, max-image-preview:large, max-video-preview:-1\" \/>\n<link rel=\"canonical\" href=\"https:\/\/www.johannagullichsen.com\/sv\/produkt\/paradis-bors\/\" \/>\n<meta property=\"og:locale\" content=\"sv_SE\" \/>\n<meta property=\"og:type\" content=\"article\" \/>\n<meta property=\"og:title\" content=\"Paradis-b\u00f6rs\" \/>\n<meta property=\"og:description\" content=\"Uppt\u00e4ck Paradisf\u00e5geln De f\u00e4rgstarka portmonn\u00e4erna Starling, Eclectus, Macaw och Cockatoo h\u00e4mtar sin inspiration fr\u00e5n tropikens praktfulla f\u00e5glar. B\u00f6rserna tillverkas av ihopsydda starka bomullsband. Perfekta f\u00f6r att f\u00f6rvara l\u00e4ppstift, sybeh\u00f6r eller&hellip;\" \/>\n<meta property=\"og:url\" content=\"https:\/\/www.johannagullichsen.com\/sv\/produkt\/paradis-bors\/\" \/>\n<meta property=\"og:site_name\" content=\"Johanna Gullichsen\" \/>\n<meta property=\"article:modified_time\" content=\"2025-04-10T11:31:22+00:00\" \/>\n<meta property=\"og:image\" content=\"https:\/\/www.johannagullichsen.com\/wp-content\/uploads\/2025\/03\/Johanna-Gullichsen-Paradise-Purse-Eclectus.jpg\" \/>\n\t<meta property=\"og:image:width\" content=\"1600\" \/>\n\t<meta property=\"og:image:height\" content=\"1200\" \/>\n\t<meta property=\"og:image:type\" content=\"image\/jpeg\" \/>\n<meta name=\"twitter:card\" content=\"summary_large_image\" \/>\n<meta name=\"twitter:label1\" content=\"Ber\u00e4knad l\u00e4stid\" \/>\n\t<meta name=\"twitter:data1\" content=\"1 minut\" \/>\n<script type=\"application\/ld+json\" class=\"yoast-schema-graph\">{\"@context\":\"https:\/\/schema.org\",\"@graph\":[{\"@type\":\"WebPage\",\"@id\":\"https:\/\/www.johannagullichsen.com\/sv\/produkt\/paradis-bors\/\",\"url\":\"https:\/\/www.johannagullichsen.com\/sv\/produkt\/paradis-bors\/\",\"name\":\"Paradis-b\u00f6rs - Johanna Gullichsen\",\"isPartOf\":{\"@id\":\"https:\/\/www.johannagullichsen.com\/sv\/#website\"},\"primaryImageOfPage\":{\"@id\":\"https:\/\/www.johannagullichsen.com\/sv\/produkt\/paradis-bors\/#primaryimage\"},\"image\":{\"@id\":\"https:\/\/www.johannagullichsen.com\/sv\/produkt\/paradis-bors\/#primaryimage\"},\"thumbnailUrl\":\"https:\/\/www.johannagullichsen.com\/wp-content\/uploads\/2025\/03\/Johanna-Gullichsen-Paradise-Purse-Eclectus.jpg\",\"datePublished\":\"2025-03-25T08:10:53+00:00\",\"dateModified\":\"2025-04-10T11:31:22+00:00\",\"breadcrumb\":{\"@id\":\"https:\/\/www.johannagullichsen.com\/sv\/produkt\/paradis-bors\/#breadcrumb\"},\"inLanguage\":\"sv-SE\",\"potentialAction\":[{\"@type\":\"ReadAction\",\"target\":[\"https:\/\/www.johannagullichsen.com\/sv\/produkt\/paradis-bors\/\"]}]},{\"@type\":\"ImageObject\",\"inLanguage\":\"sv-SE\",\"@id\":\"https:\/\/www.johannagullichsen.com\/sv\/produkt\/paradis-bors\/#primaryimage\",\"url\":\"https:\/\/www.johannagullichsen.com\/wp-content\/uploads\/2025\/03\/Johanna-Gullichsen-Paradise-Purse-Eclectus.jpg\",\"contentUrl\":\"https:\/\/www.johannagullichsen.com\/wp-content\/uploads\/2025\/03\/Johanna-Gullichsen-Paradise-Purse-Eclectus.jpg\",\"width\":1600,\"height\":1200},{\"@type\":\"BreadcrumbList\",\"@id\":\"https:\/\/www.johannagullichsen.com\/sv\/produkt\/paradis-bors\/#breadcrumb\",\"itemListElement\":[{\"@type\":\"ListItem\",\"position\":1,\"name\":\"Home\",\"item\":\"https:\/\/www.johannagullichsen.com\/sv\/\"},{\"@type\":\"ListItem\",\"position\":2,\"name\":\"Webbutik &#8211; Produkter\",\"item\":\"https:\/\/www.johannagullichsen.com\/sv\/produkter\/\"},{\"@type\":\"ListItem\",\"position\":3,\"name\":\"Paradis-b\u00f6rs\"}]},{\"@type\":\"WebSite\",\"@id\":\"https:\/\/www.johannagullichsen.com\/sv\/#website\",\"url\":\"https:\/\/www.johannagullichsen.com\/sv\/\",\"name\":\"Johanna Gullichsen\",\"description\":\"\",\"potentialAction\":[{\"@type\":\"SearchAction\",\"target\":{\"@type\":\"EntryPoint\",\"urlTemplate\":\"https:\/\/www.johannagullichsen.com\/sv\/?s={search_term_string}\"},\"query-input\":{\"@type\":\"PropertyValueSpecification\",\"valueRequired\":true,\"valueName\":\"search_term_string\"}}],\"inLanguage\":\"sv-SE\"}]}<\/script>\n<!-- \/ Yoast SEO Premium plugin. -->","yoast_head_json":{"title":"Paradis-b\u00f6rs - Johanna Gullichsen","robots":{"index":"index","follow":"follow","max-snippet":"max-snippet:-1","max-image-preview":"max-image-preview:large","max-video-preview":"max-video-preview:-1"},"canonical":"https:\/\/www.johannagullichsen.com\/sv\/produkt\/paradis-bors\/","og_locale":"sv_SE","og_type":"article","og_title":"Paradis-b\u00f6rs","og_description":"Uppt\u00e4ck Paradisf\u00e5geln De f\u00e4rgstarka portmonn\u00e4erna Starling, Eclectus, Macaw och Cockatoo h\u00e4mtar sin inspiration fr\u00e5n tropikens praktfulla f\u00e5glar. B\u00f6rserna tillverkas av ihopsydda starka bomullsband. Perfekta f\u00f6r att f\u00f6rvara l\u00e4ppstift, sybeh\u00f6r eller&hellip;","og_url":"https:\/\/www.johannagullichsen.com\/sv\/produkt\/paradis-bors\/","og_site_name":"Johanna Gullichsen","article_modified_time":"2025-04-10T11:31:22+00:00","og_image":[{"width":1600,"height":1200,"url":"https:\/\/www.johannagullichsen.com\/wp-content\/uploads\/2025\/03\/Johanna-Gullichsen-Paradise-Purse-Eclectus.jpg","type":"image\/jpeg"}],"twitter_card":"summary_large_image","twitter_misc":{"Ber\u00e4knad l\u00e4stid":"1 minut"},"schema":{"@context":"https:\/\/schema.org","@graph":[{"@type":"WebPage","@id":"https:\/\/www.johannagullichsen.com\/sv\/produkt\/paradis-bors\/","url":"https:\/\/www.johannagullichsen.com\/sv\/produkt\/paradis-bors\/","name":"Paradis-b\u00f6rs - Johanna Gullichsen","isPartOf":{"@id":"https:\/\/www.johannagullichsen.com\/sv\/#website"},"primaryImageOfPage":{"@id":"https:\/\/www.johannagullichsen.com\/sv\/produkt\/paradis-bors\/#primaryimage"},"image":{"@id":"https:\/\/www.johannagullichsen.com\/sv\/produkt\/paradis-bors\/#primaryimage"},"thumbnailUrl":"https:\/\/www.johannagullichsen.com\/wp-content\/uploads\/2025\/03\/Johanna-Gullichsen-Paradise-Purse-Eclectus.jpg","datePublished":"2025-03-25T08:10:53+00:00","dateModified":"2025-04-10T11:31:22+00:00","breadcrumb":{"@id":"https:\/\/www.johannagullichsen.com\/sv\/produkt\/paradis-bors\/#breadcrumb"},"inLanguage":"sv-SE","potentialAction":[{"@type":"ReadAction","target":["https:\/\/www.johannagullichsen.com\/sv\/produkt\/paradis-bors\/"]}]},{"@type":"ImageObject","inLanguage":"sv-SE","@id":"https:\/\/www.johannagullichsen.com\/sv\/produkt\/paradis-bors\/#primaryimage","url":"https:\/\/www.johannagullichsen.com\/wp-content\/uploads\/2025\/03\/Johanna-Gullichsen-Paradise-Purse-Eclectus.jpg","contentUrl":"https:\/\/www.johannagullichsen.com\/wp-content\/uploads\/2025\/03\/Johanna-Gullichsen-Paradise-Purse-Eclectus.jpg","width":1600,"height":1200},{"@type":"BreadcrumbList","@id":"https:\/\/www.johannagullichsen.com\/sv\/produkt\/paradis-bors\/#breadcrumb","itemListElement":[{"@type":"ListItem","position":1,"name":"Home","item":"https:\/\/www.johannagullichsen.com\/sv\/"},{"@type":"ListItem","position":2,"name":"Webbutik &#8211; Produkter","item":"https:\/\/www.johannagullichsen.com\/sv\/produkter\/"},{"@type":"ListItem","position":3,"name":"Paradis-b\u00f6rs"}]},{"@type":"WebSite","@id":"https:\/\/www.johannagullichsen.com\/sv\/#website","url":"https:\/\/www.johannagullichsen.com\/sv\/","name":"Johanna Gullichsen","description":"","potentialAction":[{"@type":"SearchAction","target":{"@type":"EntryPoint","urlTemplate":"https:\/\/www.johannagullichsen.com\/sv\/?s={search_term_string}"},"query-input":{"@type":"PropertyValueSpecification","valueRequired":true,"valueName":"search_term_string"}}],"inLanguage":"sv-SE"}]}},"_links":{"self":[{"href":"https:\/\/www.johannagullichsen.com\/sv\/wp-json\/wp\/v2\/product\/27061","targetHints":{"allow":["GET"]}}],"collection":[{"href":"https:\/\/www.johannagullichsen.com\/sv\/wp-json\/wp\/v2\/product"}],"about":[{"href":"https:\/\/www.johannagullichsen.com\/sv\/wp-json\/wp\/v2\/types\/product"}],"wp:featuredmedia":[{"embeddable":true,"href":"https:\/\/www.johannagullichsen.com\/sv\/wp-json\/wp\/v2\/media\/26035"}],"wp:attachment":[{"href":"https:\/\/www.johannagullichsen.com\/sv\/wp-json\/wp\/v2\/media?parent=27061"}],"wp:term":[{"taxonomy":"product_brand","embeddable":true,"href":"https:\/\/www.johannagullichsen.com\/sv\/wp-json\/wp\/v2\/product_brand?post=27061"},{"taxonomy":"product_cat","embeddable":true,"href":"https:\/\/www.johannagullichsen.com\/sv\/wp-json\/wp\/v2\/product_cat?post=27061"},{"taxonomy":"product_tag","embeddable":true,"href":"https:\/\/www.johannagullichsen.com\/sv\/wp-json\/wp\/v2\/product_tag?post=27061"}],"curies":[{"name":"wp","href":"https:\/\/api.w.org\/{rel}","templated":true}]}}