{"id":27966,"date":"2025-05-06T14:55:49","date_gmt":"2025-05-06T11:55:49","guid":{"rendered":"https:\/\/www.johannagullichsen.com\/?post_type=product&#038;p=27966"},"modified":"2025-06-26T14:35:10","modified_gmt":"2025-06-26T11:35:10","slug":"tyg-damast-aallot","status":"publish","type":"product","link":"https:\/\/www.johannagullichsen.com\/sv\/produkt\/tyg-damast-aallot\/","title":{"rendered":"Tyg Damast Aallot"},"content":{"rendered":"<p>Damast-tygen \u00e4r v\u00e4vda med f\u00e4rgat bomullsinslag i en vit linnevarp. Linnet ger tyget en vacker glans, och bomullen f\u00f6r med sig mjukhet som g\u00f6r tyget mer praktiskt. Damast-tygen kan anv\u00e4ndas till flera \u00e4ndam\u00e5l, till exempel som bordsduk eller handduk.<\/p>\n<p>Aallot (v\u00e5gor) \u00e4r en del av Johanna Gullichsens f\u00f6rsta industriellt v\u00e4vda kollektion som lanserades \u00e5t 1989. Damast-kollektionen hade ursprungligen fem m\u00f6nster, varav Aallot och Delft \u00e5terintroducerades sommaren 2025.<\/p>\n","protected":false},"excerpt":{"rendered":"<p>Damast-tygen \u00e4r v\u00e4vda med f\u00e4rgat bomullsinslag i en vit linnevarp. Linnet ger tyget en vacker glans, och bomullen f\u00f6r med sig mjukhet som g\u00f6r tyget mer praktiskt. Damast-tygen kan anv\u00e4ndas&hellip;<\/p>\n","protected":false},"featured_media":27479,"template":"","meta":{"_acf_changed":false},"product_brand":[],"product_cat":[267,1986],"product_tag":[],"class_list":{"0":"post-27966","1":"product","2":"type-product","3":"status-publish","4":"has-post-thumbnail","6":"product_cat-tyger","7":"product_cat-heminredning","8":"pa_pattern-colour-aallot-gran","9":"pa_pattern-colour-damast-aallot-brun","10":"pa_pattern-colour-aallot-navy-sv","11":"collection-damast-sv","13":"first","14":"instock","15":"taxable","16":"shipping-taxable","17":"purchasable","18":"product-type-variable"},"acf":[],"yoast_head":"<!-- This site is optimized with the Yoast SEO Premium plugin v27.2 (Yoast SEO v27.5) - https:\/\/yoast.com\/product\/yoast-seo-premium-wordpress\/ -->\n<title>Tyg Damast Aallot - Johanna Gullichsen<\/title>\n<meta name=\"robots\" content=\"index, follow, max-snippet:-1, max-image-preview:large, max-video-preview:-1\" \/>\n<link rel=\"canonical\" href=\"https:\/\/www.johannagullichsen.com\/sv\/produkt\/tyg-damast-aallot\/\" \/>\n<meta property=\"og:locale\" content=\"sv_SE\" \/>\n<meta property=\"og:type\" content=\"article\" \/>\n<meta property=\"og:title\" content=\"Tyg Damast Aallot\" \/>\n<meta property=\"og:description\" content=\"Damast-tygen \u00e4r v\u00e4vda med f\u00e4rgat bomullsinslag i en vit linnevarp. Linnet ger tyget en vacker glans, och bomullen f\u00f6r med sig mjukhet som g\u00f6r tyget mer praktiskt. Damast-tygen kan anv\u00e4ndas&hellip;\" \/>\n<meta property=\"og:url\" content=\"https:\/\/www.johannagullichsen.com\/sv\/produkt\/tyg-damast-aallot\/\" \/>\n<meta property=\"og:site_name\" content=\"Johanna Gullichsen\" \/>\n<meta property=\"article:modified_time\" content=\"2025-06-26T11:35:10+00:00\" \/>\n<meta property=\"og:image\" content=\"https:\/\/www.johannagullichsen.com\/wp-content\/uploads\/2025\/05\/Johanna-Gullichsen-Damast-Aallot-Blue-1024x768.jpg\" \/>\n\t<meta property=\"og:image:width\" content=\"1024\" \/>\n\t<meta property=\"og:image:height\" content=\"768\" \/>\n\t<meta property=\"og:image:type\" content=\"image\/jpeg\" \/>\n<meta name=\"twitter:card\" content=\"summary_large_image\" \/>\n<meta name=\"twitter:label1\" content=\"Ber\u00e4knad l\u00e4stid\" \/>\n\t<meta name=\"twitter:data1\" content=\"1 minut\" \/>\n<script type=\"application\/ld+json\" class=\"yoast-schema-graph\">{\"@context\":\"https:\\\/\\\/schema.org\",\"@graph\":[{\"@type\":\"WebPage\",\"@id\":\"https:\\\/\\\/www.johannagullichsen.com\\\/sv\\\/produkt\\\/tyg-damast-aallot\\\/\",\"url\":\"https:\\\/\\\/www.johannagullichsen.com\\\/sv\\\/produkt\\\/tyg-damast-aallot\\\/\",\"name\":\"Tyg Damast Aallot - Johanna Gullichsen\",\"isPartOf\":{\"@id\":\"https:\\\/\\\/www.johannagullichsen.com\\\/sv\\\/#website\"},\"primaryImageOfPage\":{\"@id\":\"https:\\\/\\\/www.johannagullichsen.com\\\/sv\\\/produkt\\\/tyg-damast-aallot\\\/#primaryimage\"},\"image\":{\"@id\":\"https:\\\/\\\/www.johannagullichsen.com\\\/sv\\\/produkt\\\/tyg-damast-aallot\\\/#primaryimage\"},\"thumbnailUrl\":\"https:\\\/\\\/www.johannagullichsen.com\\\/wp-content\\\/uploads\\\/2025\\\/05\\\/Johanna-Gullichsen-Damast-Aallot-Blue.jpg\",\"datePublished\":\"2025-05-06T11:55:49+00:00\",\"dateModified\":\"2025-06-26T11:35:10+00:00\",\"breadcrumb\":{\"@id\":\"https:\\\/\\\/www.johannagullichsen.com\\\/sv\\\/produkt\\\/tyg-damast-aallot\\\/#breadcrumb\"},\"inLanguage\":\"sv-SE\",\"potentialAction\":[{\"@type\":\"ReadAction\",\"target\":[\"https:\\\/\\\/www.johannagullichsen.com\\\/sv\\\/produkt\\\/tyg-damast-aallot\\\/\"]}]},{\"@type\":\"ImageObject\",\"inLanguage\":\"sv-SE\",\"@id\":\"https:\\\/\\\/www.johannagullichsen.com\\\/sv\\\/produkt\\\/tyg-damast-aallot\\\/#primaryimage\",\"url\":\"https:\\\/\\\/www.johannagullichsen.com\\\/wp-content\\\/uploads\\\/2025\\\/05\\\/Johanna-Gullichsen-Damast-Aallot-Blue.jpg\",\"contentUrl\":\"https:\\\/\\\/www.johannagullichsen.com\\\/wp-content\\\/uploads\\\/2025\\\/05\\\/Johanna-Gullichsen-Damast-Aallot-Blue.jpg\",\"width\":1600,\"height\":1200},{\"@type\":\"BreadcrumbList\",\"@id\":\"https:\\\/\\\/www.johannagullichsen.com\\\/sv\\\/produkt\\\/tyg-damast-aallot\\\/#breadcrumb\",\"itemListElement\":[{\"@type\":\"ListItem\",\"position\":1,\"name\":\"Home\",\"item\":\"https:\\\/\\\/www.johannagullichsen.com\\\/sv\\\/\"},{\"@type\":\"ListItem\",\"position\":2,\"name\":\"Webbutik &#8211; Produkter\",\"item\":\"https:\\\/\\\/www.johannagullichsen.com\\\/sv\\\/produkter\\\/\"},{\"@type\":\"ListItem\",\"position\":3,\"name\":\"Tyg Damast Aallot\"}]},{\"@type\":\"WebSite\",\"@id\":\"https:\\\/\\\/www.johannagullichsen.com\\\/sv\\\/#website\",\"url\":\"https:\\\/\\\/www.johannagullichsen.com\\\/sv\\\/\",\"name\":\"Johanna Gullichsen\",\"description\":\"\",\"potentialAction\":[{\"@type\":\"SearchAction\",\"target\":{\"@type\":\"EntryPoint\",\"urlTemplate\":\"https:\\\/\\\/www.johannagullichsen.com\\\/sv\\\/?s={search_term_string}\"},\"query-input\":{\"@type\":\"PropertyValueSpecification\",\"valueRequired\":true,\"valueName\":\"search_term_string\"}}],\"inLanguage\":\"sv-SE\"}]}<\/script>\n<!-- \/ Yoast SEO Premium plugin. -->","yoast_head_json":{"title":"Tyg Damast Aallot - Johanna Gullichsen","robots":{"index":"index","follow":"follow","max-snippet":"max-snippet:-1","max-image-preview":"max-image-preview:large","max-video-preview":"max-video-preview:-1"},"canonical":"https:\/\/www.johannagullichsen.com\/sv\/produkt\/tyg-damast-aallot\/","og_locale":"sv_SE","og_type":"article","og_title":"Tyg Damast Aallot","og_description":"Damast-tygen \u00e4r v\u00e4vda med f\u00e4rgat bomullsinslag i en vit linnevarp. Linnet ger tyget en vacker glans, och bomullen f\u00f6r med sig mjukhet som g\u00f6r tyget mer praktiskt. Damast-tygen kan anv\u00e4ndas&hellip;","og_url":"https:\/\/www.johannagullichsen.com\/sv\/produkt\/tyg-damast-aallot\/","og_site_name":"Johanna Gullichsen","article_modified_time":"2025-06-26T11:35:10+00:00","og_image":[{"width":1024,"height":768,"url":"https:\/\/www.johannagullichsen.com\/wp-content\/uploads\/2025\/05\/Johanna-Gullichsen-Damast-Aallot-Blue-1024x768.jpg","type":"image\/jpeg"}],"twitter_card":"summary_large_image","twitter_misc":{"Ber\u00e4knad l\u00e4stid":"1 minut"},"schema":{"@context":"https:\/\/schema.org","@graph":[{"@type":"WebPage","@id":"https:\/\/www.johannagullichsen.com\/sv\/produkt\/tyg-damast-aallot\/","url":"https:\/\/www.johannagullichsen.com\/sv\/produkt\/tyg-damast-aallot\/","name":"Tyg Damast Aallot - Johanna Gullichsen","isPartOf":{"@id":"https:\/\/www.johannagullichsen.com\/sv\/#website"},"primaryImageOfPage":{"@id":"https:\/\/www.johannagullichsen.com\/sv\/produkt\/tyg-damast-aallot\/#primaryimage"},"image":{"@id":"https:\/\/www.johannagullichsen.com\/sv\/produkt\/tyg-damast-aallot\/#primaryimage"},"thumbnailUrl":"https:\/\/www.johannagullichsen.com\/wp-content\/uploads\/2025\/05\/Johanna-Gullichsen-Damast-Aallot-Blue.jpg","datePublished":"2025-05-06T11:55:49+00:00","dateModified":"2025-06-26T11:35:10+00:00","breadcrumb":{"@id":"https:\/\/www.johannagullichsen.com\/sv\/produkt\/tyg-damast-aallot\/#breadcrumb"},"inLanguage":"sv-SE","potentialAction":[{"@type":"ReadAction","target":["https:\/\/www.johannagullichsen.com\/sv\/produkt\/tyg-damast-aallot\/"]}]},{"@type":"ImageObject","inLanguage":"sv-SE","@id":"https:\/\/www.johannagullichsen.com\/sv\/produkt\/tyg-damast-aallot\/#primaryimage","url":"https:\/\/www.johannagullichsen.com\/wp-content\/uploads\/2025\/05\/Johanna-Gullichsen-Damast-Aallot-Blue.jpg","contentUrl":"https:\/\/www.johannagullichsen.com\/wp-content\/uploads\/2025\/05\/Johanna-Gullichsen-Damast-Aallot-Blue.jpg","width":1600,"height":1200},{"@type":"BreadcrumbList","@id":"https:\/\/www.johannagullichsen.com\/sv\/produkt\/tyg-damast-aallot\/#breadcrumb","itemListElement":[{"@type":"ListItem","position":1,"name":"Home","item":"https:\/\/www.johannagullichsen.com\/sv\/"},{"@type":"ListItem","position":2,"name":"Webbutik &#8211; Produkter","item":"https:\/\/www.johannagullichsen.com\/sv\/produkter\/"},{"@type":"ListItem","position":3,"name":"Tyg Damast Aallot"}]},{"@type":"WebSite","@id":"https:\/\/www.johannagullichsen.com\/sv\/#website","url":"https:\/\/www.johannagullichsen.com\/sv\/","name":"Johanna Gullichsen","description":"","potentialAction":[{"@type":"SearchAction","target":{"@type":"EntryPoint","urlTemplate":"https:\/\/www.johannagullichsen.com\/sv\/?s={search_term_string}"},"query-input":{"@type":"PropertyValueSpecification","valueRequired":true,"valueName":"search_term_string"}}],"inLanguage":"sv-SE"}]}},"_links":{"self":[{"href":"https:\/\/www.johannagullichsen.com\/sv\/wp-json\/wp\/v2\/product\/27966","targetHints":{"allow":["GET"]}}],"collection":[{"href":"https:\/\/www.johannagullichsen.com\/sv\/wp-json\/wp\/v2\/product"}],"about":[{"href":"https:\/\/www.johannagullichsen.com\/sv\/wp-json\/wp\/v2\/types\/product"}],"wp:featuredmedia":[{"embeddable":true,"href":"https:\/\/www.johannagullichsen.com\/sv\/wp-json\/wp\/v2\/media\/27479"}],"wp:attachment":[{"href":"https:\/\/www.johannagullichsen.com\/sv\/wp-json\/wp\/v2\/media?parent=27966"}],"wp:term":[{"taxonomy":"product_brand","embeddable":true,"href":"https:\/\/www.johannagullichsen.com\/sv\/wp-json\/wp\/v2\/product_brand?post=27966"},{"taxonomy":"product_cat","embeddable":true,"href":"https:\/\/www.johannagullichsen.com\/sv\/wp-json\/wp\/v2\/product_cat?post=27966"},{"taxonomy":"product_tag","embeddable":true,"href":"https:\/\/www.johannagullichsen.com\/sv\/wp-json\/wp\/v2\/product_tag?post=27966"}],"curies":[{"name":"wp","href":"https:\/\/api.w.org\/{rel}","templated":true}]}}