{"id":29086,"date":"2025-10-06T16:14:16","date_gmt":"2025-10-06T13:14:16","guid":{"rendered":"https:\/\/www.johannagullichsen.com\/?post_type=product&#038;p=29086"},"modified":"2026-03-17T08:01:59","modified_gmt":"2026-03-17T06:01:59","slug":"kuddfodral-normandie-68cm-x-50cm","status":"publish","type":"product","link":"https:\/\/www.johannagullichsen.com\/sv\/produkt\/kuddfodral-normandie-68cm-x-50cm\/","title":{"rendered":"Kuddfodral Normandie 68cm x 50cm"},"content":{"rendered":"<h3>S\u00e4tt f\u00e4rg p\u00e5 hemmet<\/h3>\n<p>Kuddfodral i Normandie tyger s\u00e4tter piff p\u00e5 vardagsrummet \u2013 eller kontoret! Tack vare blixtl\u00e5set \u00e4r tv\u00e4tt l\u00e4tt och beh\u00e4ndigt.<\/p>\n<p>Andra storlekar:\u00a0<a href=\"https:\/\/www.johannagullichsen.com\/products\/living-room\/cushion-cover-50-n\/\">50 x 50 cm<\/a>, <a href=\"https:\/\/www.johannagullichsen.com\/sv\/produkt\/kuddfodral-normandie-40cm-x-40cm\/\">40 x 40 cm<\/a> and <a href=\"https:\/\/www.johannagullichsen.com\/sv\/produkt\/kuddfodral-normandie-30cm-x-50cm\/\">30 x 50 cm<\/a><\/p>\n<p>F\u00e4rgning, v\u00e4vning och s\u00f6mnad i Finland.<\/p>\n<p>&nbsp;<\/p>\n","protected":false},"excerpt":{"rendered":"<p>S\u00e4tt f\u00e4rg p\u00e5 hemmet Kuddfodral i Normandie tyger s\u00e4tter piff p\u00e5 vardagsrummet \u2013 eller kontoret! Tack vare blixtl\u00e5set \u00e4r tv\u00e4tt l\u00e4tt och beh\u00e4ndigt. Andra storlekar:\u00a050 x 50 cm, 40 x&hellip;<\/p>\n","protected":false},"featured_media":28943,"template":"","meta":{"_acf_changed":false},"product_brand":[],"product_cat":[1988,271,272],"product_tag":[],"class_list":{"0":"post-29086","1":"product","2":"type-product","3":"status-publish","4":"has-post-thumbnail","6":"product_cat-kuddar-och-filttar","7":"product_cat-hem","8":"product_cat-sanggavel-och-overkast","9":"pa_pattern-colour-doris-blygra","10":"pa_pattern-colour-tithonus-svart","11":"pa_pattern-colour-doris-gul","12":"pa_pattern-colour-tithonus-blygra","13":"pa_pattern-colour-eos-bla","14":"pa_pattern-colour-helios-lead-negative-sv","15":"pa_pattern-colour-helios-tegel","16":"pa_pattern-colour-helios-lime-sv","17":"pa_pattern-colour-helios-morkbla-sv","18":"pa_pattern-colour-helios-lime-negative-sv","19":"pa_pattern-colour-helios-mork-vinrod","20":"pa_pattern-colour-tilkku-svart","21":"pa_pattern-colour-helios-morkgron","22":"pa_pattern-colour-selene-bla","23":"pa_pattern-colour-helios-blygra","24":"pa_pattern-colour-helios-ockra","25":"pa_pattern-colour-doris-cirrus","26":"pa_pattern-colour-nereus-svart","27":"pa_pattern-colour-doris-svart-sv","28":"pa_pattern-colour-nereus-morkgron","29":"collection-normandie-sv","31":"first","32":"instock","33":"taxable","34":"shipping-taxable","35":"purchasable","36":"product-type-variable"},"acf":[],"yoast_head":"<!-- This site is optimized with the Yoast SEO Premium plugin v27.2 (Yoast SEO v27.2) - https:\/\/yoast.com\/product\/yoast-seo-premium-wordpress\/ -->\n<title>Kuddfodral Normandie 68cm x 50cm - Johanna Gullichsen<\/title>\n<meta name=\"description\" content=\"Kuddfodral i 100% h\u00f6gkvalitativ ekologisk bomull. Grafiska m\u00f6nster och rika f\u00e4rger. Kuddfodralets gener\u00f6sa storlek g\u00f6r det perfekt p\u00e5 s\u00e4ngen.\" \/>\n<meta name=\"robots\" content=\"index, follow, max-snippet:-1, max-image-preview:large, max-video-preview:-1\" \/>\n<link rel=\"canonical\" href=\"https:\/\/www.johannagullichsen.com\/sv\/produkt\/kuddfodral-normandie-68cm-x-50cm\/\" \/>\n<meta property=\"og:locale\" content=\"sv_SE\" \/>\n<meta property=\"og:type\" content=\"article\" \/>\n<meta property=\"og:title\" content=\"Kuddfodral Normandie 68cm x 50cm\" \/>\n<meta property=\"og:description\" content=\"Kuddfodral i 100% h\u00f6gkvalitativ ekologisk bomull. Grafiska m\u00f6nster och rika f\u00e4rger. Kuddfodralets gener\u00f6sa storlek g\u00f6r det perfekt p\u00e5 s\u00e4ngen.\" \/>\n<meta property=\"og:url\" content=\"https:\/\/www.johannagullichsen.com\/sv\/produkt\/kuddfodral-normandie-68cm-x-50cm\/\" \/>\n<meta property=\"og:site_name\" content=\"Johanna Gullichsen\" \/>\n<meta property=\"article:modified_time\" content=\"2026-03-17T06:01:59+00:00\" \/>\n<meta property=\"og:image\" content=\"https:\/\/www.johannagullichsen.com\/wp-content\/uploads\/2025\/10\/Johanna-Gullichsen-Cushion-Cover-50x70-Eos-blue-Helios-lime-nega-Helios-brick-1.jpg\" \/>\n\t<meta property=\"og:image:width\" content=\"1600\" \/>\n\t<meta property=\"og:image:height\" content=\"1200\" \/>\n\t<meta property=\"og:image:type\" content=\"image\/jpeg\" \/>\n<meta name=\"twitter:card\" content=\"summary_large_image\" \/>\n<meta name=\"twitter:label1\" content=\"Ber\u00e4knad l\u00e4stid\" \/>\n\t<meta name=\"twitter:data1\" content=\"1 minut\" \/>\n<script type=\"application\/ld+json\" class=\"yoast-schema-graph\">{\"@context\":\"https:\/\/schema.org\",\"@graph\":[{\"@type\":\"WebPage\",\"@id\":\"https:\/\/www.johannagullichsen.com\/sv\/produkt\/kuddfodral-normandie-68cm-x-50cm\/\",\"url\":\"https:\/\/www.johannagullichsen.com\/sv\/produkt\/kuddfodral-normandie-68cm-x-50cm\/\",\"name\":\"Kuddfodral Normandie 68cm x 50cm - Johanna Gullichsen\",\"isPartOf\":{\"@id\":\"https:\/\/www.johannagullichsen.com\/sv\/#website\"},\"primaryImageOfPage\":{\"@id\":\"https:\/\/www.johannagullichsen.com\/sv\/produkt\/kuddfodral-normandie-68cm-x-50cm\/#primaryimage\"},\"image\":{\"@id\":\"https:\/\/www.johannagullichsen.com\/sv\/produkt\/kuddfodral-normandie-68cm-x-50cm\/#primaryimage\"},\"thumbnailUrl\":\"https:\/\/www.johannagullichsen.com\/wp-content\/uploads\/2025\/10\/Johanna-Gullichsen-Cushion-Cover-50x70-Eos-blue-Helios-lime-nega-Helios-brick-1.jpg\",\"datePublished\":\"2025-10-06T13:14:16+00:00\",\"dateModified\":\"2026-03-17T06:01:59+00:00\",\"description\":\"Kuddfodral i 100% h\u00f6gkvalitativ ekologisk bomull. Grafiska m\u00f6nster och rika f\u00e4rger. Kuddfodralets gener\u00f6sa storlek g\u00f6r det perfekt p\u00e5 s\u00e4ngen.\",\"breadcrumb\":{\"@id\":\"https:\/\/www.johannagullichsen.com\/sv\/produkt\/kuddfodral-normandie-68cm-x-50cm\/#breadcrumb\"},\"inLanguage\":\"sv-SE\",\"potentialAction\":[{\"@type\":\"ReadAction\",\"target\":[\"https:\/\/www.johannagullichsen.com\/sv\/produkt\/kuddfodral-normandie-68cm-x-50cm\/\"]}]},{\"@type\":\"ImageObject\",\"inLanguage\":\"sv-SE\",\"@id\":\"https:\/\/www.johannagullichsen.com\/sv\/produkt\/kuddfodral-normandie-68cm-x-50cm\/#primaryimage\",\"url\":\"https:\/\/www.johannagullichsen.com\/wp-content\/uploads\/2025\/10\/Johanna-Gullichsen-Cushion-Cover-50x70-Eos-blue-Helios-lime-nega-Helios-brick-1.jpg\",\"contentUrl\":\"https:\/\/www.johannagullichsen.com\/wp-content\/uploads\/2025\/10\/Johanna-Gullichsen-Cushion-Cover-50x70-Eos-blue-Helios-lime-nega-Helios-brick-1.jpg\",\"width\":1600,\"height\":1200},{\"@type\":\"BreadcrumbList\",\"@id\":\"https:\/\/www.johannagullichsen.com\/sv\/produkt\/kuddfodral-normandie-68cm-x-50cm\/#breadcrumb\",\"itemListElement\":[{\"@type\":\"ListItem\",\"position\":1,\"name\":\"Home\",\"item\":\"https:\/\/www.johannagullichsen.com\/sv\/\"},{\"@type\":\"ListItem\",\"position\":2,\"name\":\"Webbutik &#8211; Produkter\",\"item\":\"https:\/\/www.johannagullichsen.com\/sv\/produkter\/\"},{\"@type\":\"ListItem\",\"position\":3,\"name\":\"Kuddfodral Normandie 68cm x 50cm\"}]},{\"@type\":\"WebSite\",\"@id\":\"https:\/\/www.johannagullichsen.com\/sv\/#website\",\"url\":\"https:\/\/www.johannagullichsen.com\/sv\/\",\"name\":\"Johanna Gullichsen\",\"description\":\"\",\"potentialAction\":[{\"@type\":\"SearchAction\",\"target\":{\"@type\":\"EntryPoint\",\"urlTemplate\":\"https:\/\/www.johannagullichsen.com\/sv\/?s={search_term_string}\"},\"query-input\":{\"@type\":\"PropertyValueSpecification\",\"valueRequired\":true,\"valueName\":\"search_term_string\"}}],\"inLanguage\":\"sv-SE\"}]}<\/script>\n<!-- \/ Yoast SEO Premium plugin. -->","yoast_head_json":{"title":"Kuddfodral Normandie 68cm x 50cm - Johanna Gullichsen","description":"Kuddfodral i 100% h\u00f6gkvalitativ ekologisk bomull. Grafiska m\u00f6nster och rika f\u00e4rger. Kuddfodralets gener\u00f6sa storlek g\u00f6r det perfekt p\u00e5 s\u00e4ngen.","robots":{"index":"index","follow":"follow","max-snippet":"max-snippet:-1","max-image-preview":"max-image-preview:large","max-video-preview":"max-video-preview:-1"},"canonical":"https:\/\/www.johannagullichsen.com\/sv\/produkt\/kuddfodral-normandie-68cm-x-50cm\/","og_locale":"sv_SE","og_type":"article","og_title":"Kuddfodral Normandie 68cm x 50cm","og_description":"Kuddfodral i 100% h\u00f6gkvalitativ ekologisk bomull. Grafiska m\u00f6nster och rika f\u00e4rger. Kuddfodralets gener\u00f6sa storlek g\u00f6r det perfekt p\u00e5 s\u00e4ngen.","og_url":"https:\/\/www.johannagullichsen.com\/sv\/produkt\/kuddfodral-normandie-68cm-x-50cm\/","og_site_name":"Johanna Gullichsen","article_modified_time":"2026-03-17T06:01:59+00:00","og_image":[{"width":1600,"height":1200,"url":"https:\/\/www.johannagullichsen.com\/wp-content\/uploads\/2025\/10\/Johanna-Gullichsen-Cushion-Cover-50x70-Eos-blue-Helios-lime-nega-Helios-brick-1.jpg","type":"image\/jpeg"}],"twitter_card":"summary_large_image","twitter_misc":{"Ber\u00e4knad l\u00e4stid":"1 minut"},"schema":{"@context":"https:\/\/schema.org","@graph":[{"@type":"WebPage","@id":"https:\/\/www.johannagullichsen.com\/sv\/produkt\/kuddfodral-normandie-68cm-x-50cm\/","url":"https:\/\/www.johannagullichsen.com\/sv\/produkt\/kuddfodral-normandie-68cm-x-50cm\/","name":"Kuddfodral Normandie 68cm x 50cm - Johanna Gullichsen","isPartOf":{"@id":"https:\/\/www.johannagullichsen.com\/sv\/#website"},"primaryImageOfPage":{"@id":"https:\/\/www.johannagullichsen.com\/sv\/produkt\/kuddfodral-normandie-68cm-x-50cm\/#primaryimage"},"image":{"@id":"https:\/\/www.johannagullichsen.com\/sv\/produkt\/kuddfodral-normandie-68cm-x-50cm\/#primaryimage"},"thumbnailUrl":"https:\/\/www.johannagullichsen.com\/wp-content\/uploads\/2025\/10\/Johanna-Gullichsen-Cushion-Cover-50x70-Eos-blue-Helios-lime-nega-Helios-brick-1.jpg","datePublished":"2025-10-06T13:14:16+00:00","dateModified":"2026-03-17T06:01:59+00:00","description":"Kuddfodral i 100% h\u00f6gkvalitativ ekologisk bomull. Grafiska m\u00f6nster och rika f\u00e4rger. Kuddfodralets gener\u00f6sa storlek g\u00f6r det perfekt p\u00e5 s\u00e4ngen.","breadcrumb":{"@id":"https:\/\/www.johannagullichsen.com\/sv\/produkt\/kuddfodral-normandie-68cm-x-50cm\/#breadcrumb"},"inLanguage":"sv-SE","potentialAction":[{"@type":"ReadAction","target":["https:\/\/www.johannagullichsen.com\/sv\/produkt\/kuddfodral-normandie-68cm-x-50cm\/"]}]},{"@type":"ImageObject","inLanguage":"sv-SE","@id":"https:\/\/www.johannagullichsen.com\/sv\/produkt\/kuddfodral-normandie-68cm-x-50cm\/#primaryimage","url":"https:\/\/www.johannagullichsen.com\/wp-content\/uploads\/2025\/10\/Johanna-Gullichsen-Cushion-Cover-50x70-Eos-blue-Helios-lime-nega-Helios-brick-1.jpg","contentUrl":"https:\/\/www.johannagullichsen.com\/wp-content\/uploads\/2025\/10\/Johanna-Gullichsen-Cushion-Cover-50x70-Eos-blue-Helios-lime-nega-Helios-brick-1.jpg","width":1600,"height":1200},{"@type":"BreadcrumbList","@id":"https:\/\/www.johannagullichsen.com\/sv\/produkt\/kuddfodral-normandie-68cm-x-50cm\/#breadcrumb","itemListElement":[{"@type":"ListItem","position":1,"name":"Home","item":"https:\/\/www.johannagullichsen.com\/sv\/"},{"@type":"ListItem","position":2,"name":"Webbutik &#8211; Produkter","item":"https:\/\/www.johannagullichsen.com\/sv\/produkter\/"},{"@type":"ListItem","position":3,"name":"Kuddfodral Normandie 68cm x 50cm"}]},{"@type":"WebSite","@id":"https:\/\/www.johannagullichsen.com\/sv\/#website","url":"https:\/\/www.johannagullichsen.com\/sv\/","name":"Johanna Gullichsen","description":"","potentialAction":[{"@type":"SearchAction","target":{"@type":"EntryPoint","urlTemplate":"https:\/\/www.johannagullichsen.com\/sv\/?s={search_term_string}"},"query-input":{"@type":"PropertyValueSpecification","valueRequired":true,"valueName":"search_term_string"}}],"inLanguage":"sv-SE"}]}},"_links":{"self":[{"href":"https:\/\/www.johannagullichsen.com\/sv\/wp-json\/wp\/v2\/product\/29086","targetHints":{"allow":["GET"]}}],"collection":[{"href":"https:\/\/www.johannagullichsen.com\/sv\/wp-json\/wp\/v2\/product"}],"about":[{"href":"https:\/\/www.johannagullichsen.com\/sv\/wp-json\/wp\/v2\/types\/product"}],"wp:featuredmedia":[{"embeddable":true,"href":"https:\/\/www.johannagullichsen.com\/sv\/wp-json\/wp\/v2\/media\/28943"}],"wp:attachment":[{"href":"https:\/\/www.johannagullichsen.com\/sv\/wp-json\/wp\/v2\/media?parent=29086"}],"wp:term":[{"taxonomy":"product_brand","embeddable":true,"href":"https:\/\/www.johannagullichsen.com\/sv\/wp-json\/wp\/v2\/product_brand?post=29086"},{"taxonomy":"product_cat","embeddable":true,"href":"https:\/\/www.johannagullichsen.com\/sv\/wp-json\/wp\/v2\/product_cat?post=29086"},{"taxonomy":"product_tag","embeddable":true,"href":"https:\/\/www.johannagullichsen.com\/sv\/wp-json\/wp\/v2\/product_tag?post=29086"}],"curies":[{"name":"wp","href":"https:\/\/api.w.org\/{rel}","templated":true}]}}