{"id":29527,"date":"2025-11-28T14:24:25","date_gmt":"2025-11-28T12:24:25","guid":{"rendered":"https:\/\/www.johannagullichsen.com\/?post_type=product&#038;p=29527"},"modified":"2025-12-01T14:00:09","modified_gmt":"2025-12-01T12:00:09","slug":"tandsticksask","status":"publish","type":"product","link":"https:\/\/www.johannagullichsen.com\/sv\/produkt\/tandsticksask\/","title":{"rendered":"T\u00e4ndsticksask"},"content":{"rendered":"<p>T\u00e4ndsticksaskarna Doris och Nereus kompletterar varandra p\u00e5 ett vackert s\u00e4tt. Locket pryds av en illustration av ett draperat tyg, och baksidan ber\u00e4ttar historien om en grekisk havsgud. De passar perfekt ihop, men \u00e4r lika fantastiska och charmiga var f\u00f6r sig \u2013 precis som Doris och Nereus.<\/p>\n<p>illustration: Nora Bremer<\/p>\n","protected":false},"excerpt":{"rendered":"<p>T\u00e4ndsticksaskarna Doris och Nereus kompletterar varandra p\u00e5 ett vackert s\u00e4tt. Locket pryds av en illustration av ett draperat tyg, och baksidan ber\u00e4ttar historien om en grekisk havsgud. De passar perfekt&hellip;<\/p>\n","protected":false},"featured_media":29572,"template":"","meta":{"_acf_changed":false},"product_brand":[],"product_cat":[271,268],"product_tag":[],"class_list":{"0":"post-29527","1":"product","2":"type-product","3":"status-publish","4":"has-post-thumbnail","6":"product_cat-hem","7":"product_cat-till-bords","8":"collection-normandie-sv","10":"first","11":"instock","12":"taxable","13":"shipping-taxable","14":"purchasable","15":"product-type-variable","16":"has-default-attributes"},"acf":[],"yoast_head":"<!-- This site is optimized with the Yoast SEO Premium plugin v27.2 (Yoast SEO v27.2) - https:\/\/yoast.com\/product\/yoast-seo-premium-wordpress\/ -->\n<title>T\u00e4ndsticksask - Johanna Gullichsen<\/title>\n<meta name=\"description\" content=\"T\u00e4ndsticksaskarna Doris och Nereus. Locket pryds av en illustration av ett draperat tyg, och baksidan ber\u00e4ttar historien om en grekisk havsgud.\" \/>\n<meta name=\"robots\" content=\"index, follow, max-snippet:-1, max-image-preview:large, max-video-preview:-1\" \/>\n<link rel=\"canonical\" href=\"https:\/\/www.johannagullichsen.com\/sv\/produkt\/tandsticksask\/\" \/>\n<meta property=\"og:locale\" content=\"sv_SE\" \/>\n<meta property=\"og:type\" content=\"article\" \/>\n<meta property=\"og:title\" content=\"T\u00e4ndsticksask\" \/>\n<meta property=\"og:description\" content=\"T\u00e4ndsticksaskarna Doris och Nereus. Locket pryds av en illustration av ett draperat tyg, och baksidan ber\u00e4ttar historien om en grekisk havsgud.\" \/>\n<meta property=\"og:url\" content=\"https:\/\/www.johannagullichsen.com\/sv\/produkt\/tandsticksask\/\" \/>\n<meta property=\"og:site_name\" content=\"Johanna Gullichsen\" \/>\n<meta property=\"article:modified_time\" content=\"2025-12-01T12:00:09+00:00\" \/>\n<meta property=\"og:image\" content=\"https:\/\/www.johannagullichsen.com\/wp-content\/uploads\/2025\/11\/Johanna-Gullichsen-Matchbox-Doris-and-Nereus-1.jpg\" \/>\n\t<meta property=\"og:image:width\" content=\"1600\" \/>\n\t<meta property=\"og:image:height\" content=\"1200\" \/>\n\t<meta property=\"og:image:type\" content=\"image\/jpeg\" \/>\n<meta name=\"twitter:card\" content=\"summary_large_image\" \/>\n<meta name=\"twitter:label1\" content=\"Ber\u00e4knad l\u00e4stid\" \/>\n\t<meta name=\"twitter:data1\" content=\"1 minut\" \/>\n<script type=\"application\/ld+json\" class=\"yoast-schema-graph\">{\"@context\":\"https:\/\/schema.org\",\"@graph\":[{\"@type\":\"WebPage\",\"@id\":\"https:\/\/www.johannagullichsen.com\/sv\/produkt\/tandsticksask\/\",\"url\":\"https:\/\/www.johannagullichsen.com\/sv\/produkt\/tandsticksask\/\",\"name\":\"T\u00e4ndsticksask - Johanna Gullichsen\",\"isPartOf\":{\"@id\":\"https:\/\/www.johannagullichsen.com\/sv\/#website\"},\"primaryImageOfPage\":{\"@id\":\"https:\/\/www.johannagullichsen.com\/sv\/produkt\/tandsticksask\/#primaryimage\"},\"image\":{\"@id\":\"https:\/\/www.johannagullichsen.com\/sv\/produkt\/tandsticksask\/#primaryimage\"},\"thumbnailUrl\":\"https:\/\/www.johannagullichsen.com\/wp-content\/uploads\/2025\/11\/Johanna-Gullichsen-Matchbox-Doris-and-Nereus-1.jpg\",\"datePublished\":\"2025-11-28T12:24:25+00:00\",\"dateModified\":\"2025-12-01T12:00:09+00:00\",\"description\":\"T\u00e4ndsticksaskarna Doris och Nereus. Locket pryds av en illustration av ett draperat tyg, och baksidan ber\u00e4ttar historien om en grekisk havsgud.\",\"breadcrumb\":{\"@id\":\"https:\/\/www.johannagullichsen.com\/sv\/produkt\/tandsticksask\/#breadcrumb\"},\"inLanguage\":\"sv-SE\",\"potentialAction\":[{\"@type\":\"ReadAction\",\"target\":[\"https:\/\/www.johannagullichsen.com\/sv\/produkt\/tandsticksask\/\"]}]},{\"@type\":\"ImageObject\",\"inLanguage\":\"sv-SE\",\"@id\":\"https:\/\/www.johannagullichsen.com\/sv\/produkt\/tandsticksask\/#primaryimage\",\"url\":\"https:\/\/www.johannagullichsen.com\/wp-content\/uploads\/2025\/11\/Johanna-Gullichsen-Matchbox-Doris-and-Nereus-1.jpg\",\"contentUrl\":\"https:\/\/www.johannagullichsen.com\/wp-content\/uploads\/2025\/11\/Johanna-Gullichsen-Matchbox-Doris-and-Nereus-1.jpg\",\"width\":1600,\"height\":1200},{\"@type\":\"BreadcrumbList\",\"@id\":\"https:\/\/www.johannagullichsen.com\/sv\/produkt\/tandsticksask\/#breadcrumb\",\"itemListElement\":[{\"@type\":\"ListItem\",\"position\":1,\"name\":\"Home\",\"item\":\"https:\/\/www.johannagullichsen.com\/sv\/\"},{\"@type\":\"ListItem\",\"position\":2,\"name\":\"Webbutik &#8211; Produkter\",\"item\":\"https:\/\/www.johannagullichsen.com\/sv\/produkter\/\"},{\"@type\":\"ListItem\",\"position\":3,\"name\":\"T\u00e4ndsticksask\"}]},{\"@type\":\"WebSite\",\"@id\":\"https:\/\/www.johannagullichsen.com\/sv\/#website\",\"url\":\"https:\/\/www.johannagullichsen.com\/sv\/\",\"name\":\"Johanna Gullichsen\",\"description\":\"\",\"potentialAction\":[{\"@type\":\"SearchAction\",\"target\":{\"@type\":\"EntryPoint\",\"urlTemplate\":\"https:\/\/www.johannagullichsen.com\/sv\/?s={search_term_string}\"},\"query-input\":{\"@type\":\"PropertyValueSpecification\",\"valueRequired\":true,\"valueName\":\"search_term_string\"}}],\"inLanguage\":\"sv-SE\"}]}<\/script>\n<!-- \/ Yoast SEO Premium plugin. -->","yoast_head_json":{"title":"T\u00e4ndsticksask - Johanna Gullichsen","description":"T\u00e4ndsticksaskarna Doris och Nereus. Locket pryds av en illustration av ett draperat tyg, och baksidan ber\u00e4ttar historien om en grekisk havsgud.","robots":{"index":"index","follow":"follow","max-snippet":"max-snippet:-1","max-image-preview":"max-image-preview:large","max-video-preview":"max-video-preview:-1"},"canonical":"https:\/\/www.johannagullichsen.com\/sv\/produkt\/tandsticksask\/","og_locale":"sv_SE","og_type":"article","og_title":"T\u00e4ndsticksask","og_description":"T\u00e4ndsticksaskarna Doris och Nereus. Locket pryds av en illustration av ett draperat tyg, och baksidan ber\u00e4ttar historien om en grekisk havsgud.","og_url":"https:\/\/www.johannagullichsen.com\/sv\/produkt\/tandsticksask\/","og_site_name":"Johanna Gullichsen","article_modified_time":"2025-12-01T12:00:09+00:00","og_image":[{"width":1600,"height":1200,"url":"https:\/\/www.johannagullichsen.com\/wp-content\/uploads\/2025\/11\/Johanna-Gullichsen-Matchbox-Doris-and-Nereus-1.jpg","type":"image\/jpeg"}],"twitter_card":"summary_large_image","twitter_misc":{"Ber\u00e4knad l\u00e4stid":"1 minut"},"schema":{"@context":"https:\/\/schema.org","@graph":[{"@type":"WebPage","@id":"https:\/\/www.johannagullichsen.com\/sv\/produkt\/tandsticksask\/","url":"https:\/\/www.johannagullichsen.com\/sv\/produkt\/tandsticksask\/","name":"T\u00e4ndsticksask - Johanna Gullichsen","isPartOf":{"@id":"https:\/\/www.johannagullichsen.com\/sv\/#website"},"primaryImageOfPage":{"@id":"https:\/\/www.johannagullichsen.com\/sv\/produkt\/tandsticksask\/#primaryimage"},"image":{"@id":"https:\/\/www.johannagullichsen.com\/sv\/produkt\/tandsticksask\/#primaryimage"},"thumbnailUrl":"https:\/\/www.johannagullichsen.com\/wp-content\/uploads\/2025\/11\/Johanna-Gullichsen-Matchbox-Doris-and-Nereus-1.jpg","datePublished":"2025-11-28T12:24:25+00:00","dateModified":"2025-12-01T12:00:09+00:00","description":"T\u00e4ndsticksaskarna Doris och Nereus. Locket pryds av en illustration av ett draperat tyg, och baksidan ber\u00e4ttar historien om en grekisk havsgud.","breadcrumb":{"@id":"https:\/\/www.johannagullichsen.com\/sv\/produkt\/tandsticksask\/#breadcrumb"},"inLanguage":"sv-SE","potentialAction":[{"@type":"ReadAction","target":["https:\/\/www.johannagullichsen.com\/sv\/produkt\/tandsticksask\/"]}]},{"@type":"ImageObject","inLanguage":"sv-SE","@id":"https:\/\/www.johannagullichsen.com\/sv\/produkt\/tandsticksask\/#primaryimage","url":"https:\/\/www.johannagullichsen.com\/wp-content\/uploads\/2025\/11\/Johanna-Gullichsen-Matchbox-Doris-and-Nereus-1.jpg","contentUrl":"https:\/\/www.johannagullichsen.com\/wp-content\/uploads\/2025\/11\/Johanna-Gullichsen-Matchbox-Doris-and-Nereus-1.jpg","width":1600,"height":1200},{"@type":"BreadcrumbList","@id":"https:\/\/www.johannagullichsen.com\/sv\/produkt\/tandsticksask\/#breadcrumb","itemListElement":[{"@type":"ListItem","position":1,"name":"Home","item":"https:\/\/www.johannagullichsen.com\/sv\/"},{"@type":"ListItem","position":2,"name":"Webbutik &#8211; Produkter","item":"https:\/\/www.johannagullichsen.com\/sv\/produkter\/"},{"@type":"ListItem","position":3,"name":"T\u00e4ndsticksask"}]},{"@type":"WebSite","@id":"https:\/\/www.johannagullichsen.com\/sv\/#website","url":"https:\/\/www.johannagullichsen.com\/sv\/","name":"Johanna Gullichsen","description":"","potentialAction":[{"@type":"SearchAction","target":{"@type":"EntryPoint","urlTemplate":"https:\/\/www.johannagullichsen.com\/sv\/?s={search_term_string}"},"query-input":{"@type":"PropertyValueSpecification","valueRequired":true,"valueName":"search_term_string"}}],"inLanguage":"sv-SE"}]}},"_links":{"self":[{"href":"https:\/\/www.johannagullichsen.com\/sv\/wp-json\/wp\/v2\/product\/29527","targetHints":{"allow":["GET"]}}],"collection":[{"href":"https:\/\/www.johannagullichsen.com\/sv\/wp-json\/wp\/v2\/product"}],"about":[{"href":"https:\/\/www.johannagullichsen.com\/sv\/wp-json\/wp\/v2\/types\/product"}],"wp:featuredmedia":[{"embeddable":true,"href":"https:\/\/www.johannagullichsen.com\/sv\/wp-json\/wp\/v2\/media\/29572"}],"wp:attachment":[{"href":"https:\/\/www.johannagullichsen.com\/sv\/wp-json\/wp\/v2\/media?parent=29527"}],"wp:term":[{"taxonomy":"product_brand","embeddable":true,"href":"https:\/\/www.johannagullichsen.com\/sv\/wp-json\/wp\/v2\/product_brand?post=29527"},{"taxonomy":"product_cat","embeddable":true,"href":"https:\/\/www.johannagullichsen.com\/sv\/wp-json\/wp\/v2\/product_cat?post=29527"},{"taxonomy":"product_tag","embeddable":true,"href":"https:\/\/www.johannagullichsen.com\/sv\/wp-json\/wp\/v2\/product_tag?post=29527"}],"curies":[{"name":"wp","href":"https:\/\/api.w.org\/{rel}","templated":true}]}}