{"id":30523,"date":"2026-03-24T13:38:33","date_gmt":"2026-03-24T11:38:33","guid":{"rendered":"https:\/\/www.johannagullichsen.com\/?post_type=product&#038;p=30523"},"modified":"2026-03-26T14:43:02","modified_gmt":"2026-03-26T12:43:02","slug":"jacka","status":"publish","type":"product","link":"https:\/\/www.johannagullichsen.com\/sv\/produkt\/jacka\/","title":{"rendered":"Jacka"},"content":{"rendered":"<h4 class=\"p1\">En ny workwear-klassiker<\/h4>\n<p class=\"p1\">V\u00e5r nya jacka inspirerad av klassiska arbetsplagg kombinerar praktikalitet och stil.<\/p>\n<p class=\"p1\">Den \u00e4r tillverkad i stadigt, f\u00f6rtv\u00e4ttat bomull och har Johanna Gullichsens ikoniska Doris-m\u00f6nster i f\u00e4rgerna Cirrus och Patina. Patina kombinerar gult och svart, och Cirrus \u00e4r l\u00e4tt och luftig.<\/p>\n<p class=\"p1\">Jackan \u00e4r unisex och finns i tv\u00e5 storlekar: S-M och L-XL. Den har en avslappnad silhuett med s\u00e4nkta axlar, vilket ger en bekv\u00e4m passform f\u00f6r m\u00e5nga kroppstyper. Praktiska detaljer inkluderar tv\u00e5 framfickor, en br\u00f6stficka, och en bakficka. Jackan \u00e4r ofodrad f\u00f6r en l\u00e4tt och naturlig k\u00e4nsla.<\/p>\n<p class=\"p1\">Modellen \u00e4r 185 cm l\u00e5ng och b\u00e4r Cirrus-jackan i storlek L-XL och Patina-jackan i storlek S-M.<\/p>\n<h5 class=\"p1\">M\u00e5tt S-M:<\/h5>\n<p class=\"p1\">Bystvidd: 60 cm (fram- och bakpanelerna)<br \/>\nL\u00e4ngd fr\u00e5n axel till f\u00e5ll: 75 cm<br \/>\n\u00c4rml\u00e4ngd: 57 cm<\/p>\n<h5 class=\"p1\">M\u00e5tt L-XL:<\/h5>\n<p class=\"p1\">Bystvidd: 70 cm (fram- och bakpanelerna)<br \/>\nL\u00e4ngd fr\u00e5n axel till f\u00e5ll: 80 cm<br \/>\n\u00c4rml\u00e4ngd: 57 cm<\/p>\n<p class=\"p1\">F\u00e4rgad, v\u00e4vd och sydd i Finland<\/p>\n","protected":false},"excerpt":{"rendered":"<p>En ny workwear-klassiker V\u00e5r nya jacka inspirerad av klassiska arbetsplagg kombinerar praktikalitet och stil. Den \u00e4r tillverkad i stadigt, f\u00f6rtv\u00e4ttat bomull och har Johanna Gullichsens ikoniska Doris-m\u00f6nster i f\u00e4rgerna Cirrus&hellip;<\/p>\n","protected":false},"featured_media":30535,"template":"","meta":{"_acf_changed":false},"product_brand":[],"product_cat":[2098,269],"product_tag":[],"class_list":{"0":"post-30523","1":"product","2":"type-product","3":"status-publish","4":"has-post-thumbnail","6":"product_cat-jacka","7":"product_cat-accessoarer-vaskor","8":"pa_colour-size-doris-cirrus-l-xl","9":"pa_colour-size-doris-cirrus-s-m","10":"pa_colour-size-doris-patina-s-m","11":"pa_colour-size-doris-patina-l-xl","12":"collection-normandie-sv","14":"first","15":"instock","16":"taxable","17":"shipping-taxable","18":"purchasable","19":"product-type-variable"},"acf":[],"yoast_head":"<!-- This site is optimized with the Yoast SEO Premium plugin v27.2 (Yoast SEO v27.5) - https:\/\/yoast.com\/product\/yoast-seo-premium-wordpress\/ -->\n<title>Jacka - Johanna Gullichsen<\/title>\n<meta name=\"description\" content=\"Jacka, en ny workwear-klassiker. Johanna Gullichsens ikoniska Doris-m\u00f6nster i f\u00e4rgerna Cirrus och Patina. Ekologisk bomull. Tillverkat i Finland.\" \/>\n<meta name=\"robots\" content=\"index, follow, max-snippet:-1, max-image-preview:large, max-video-preview:-1\" \/>\n<link rel=\"canonical\" href=\"https:\/\/www.johannagullichsen.com\/sv\/produkt\/jacka\/\" \/>\n<meta property=\"og:locale\" content=\"sv_SE\" \/>\n<meta property=\"og:type\" content=\"article\" \/>\n<meta property=\"og:title\" content=\"Jacka\" \/>\n<meta property=\"og:description\" content=\"Jacka, en ny workwear-klassiker. Johanna Gullichsens ikoniska Doris-m\u00f6nster i f\u00e4rgerna Cirrus och Patina. Ekologisk bomull. Tillverkat i Finland.\" \/>\n<meta property=\"og:url\" content=\"https:\/\/www.johannagullichsen.com\/sv\/produkt\/jacka\/\" \/>\n<meta property=\"og:site_name\" content=\"Johanna Gullichsen\" \/>\n<meta property=\"article:modified_time\" content=\"2026-03-26T12:43:02+00:00\" \/>\n<meta property=\"og:image\" content=\"https:\/\/www.johannagullichsen.com\/wp-content\/uploads\/2026\/03\/PR_Johanna-Gullichsen-Patina-jacket-1600x1200-1.jpg\" \/>\n\t<meta property=\"og:image:width\" content=\"1600\" \/>\n\t<meta property=\"og:image:height\" content=\"1200\" \/>\n\t<meta property=\"og:image:type\" content=\"image\/jpeg\" \/>\n<meta name=\"twitter:card\" content=\"summary_large_image\" \/>\n<meta name=\"twitter:label1\" content=\"Ber\u00e4knad l\u00e4stid\" \/>\n\t<meta name=\"twitter:data1\" content=\"1 minut\" \/>\n<script type=\"application\/ld+json\" class=\"yoast-schema-graph\">{\"@context\":\"https:\\\/\\\/schema.org\",\"@graph\":[{\"@type\":\"WebPage\",\"@id\":\"https:\\\/\\\/www.johannagullichsen.com\\\/sv\\\/produkt\\\/jacka\\\/\",\"url\":\"https:\\\/\\\/www.johannagullichsen.com\\\/sv\\\/produkt\\\/jacka\\\/\",\"name\":\"Jacka - Johanna Gullichsen\",\"isPartOf\":{\"@id\":\"https:\\\/\\\/www.johannagullichsen.com\\\/sv\\\/#website\"},\"primaryImageOfPage\":{\"@id\":\"https:\\\/\\\/www.johannagullichsen.com\\\/sv\\\/produkt\\\/jacka\\\/#primaryimage\"},\"image\":{\"@id\":\"https:\\\/\\\/www.johannagullichsen.com\\\/sv\\\/produkt\\\/jacka\\\/#primaryimage\"},\"thumbnailUrl\":\"https:\\\/\\\/www.johannagullichsen.com\\\/wp-content\\\/uploads\\\/2026\\\/03\\\/PR_Johanna-Gullichsen-Patina-jacket-1600x1200-1.jpg\",\"datePublished\":\"2026-03-24T11:38:33+00:00\",\"dateModified\":\"2026-03-26T12:43:02+00:00\",\"description\":\"Jacka, en ny workwear-klassiker. Johanna Gullichsens ikoniska Doris-m\u00f6nster i f\u00e4rgerna Cirrus och Patina. Ekologisk bomull. Tillverkat i Finland.\",\"breadcrumb\":{\"@id\":\"https:\\\/\\\/www.johannagullichsen.com\\\/sv\\\/produkt\\\/jacka\\\/#breadcrumb\"},\"inLanguage\":\"sv-SE\",\"potentialAction\":[{\"@type\":\"ReadAction\",\"target\":[\"https:\\\/\\\/www.johannagullichsen.com\\\/sv\\\/produkt\\\/jacka\\\/\"]}]},{\"@type\":\"ImageObject\",\"inLanguage\":\"sv-SE\",\"@id\":\"https:\\\/\\\/www.johannagullichsen.com\\\/sv\\\/produkt\\\/jacka\\\/#primaryimage\",\"url\":\"https:\\\/\\\/www.johannagullichsen.com\\\/wp-content\\\/uploads\\\/2026\\\/03\\\/PR_Johanna-Gullichsen-Patina-jacket-1600x1200-1.jpg\",\"contentUrl\":\"https:\\\/\\\/www.johannagullichsen.com\\\/wp-content\\\/uploads\\\/2026\\\/03\\\/PR_Johanna-Gullichsen-Patina-jacket-1600x1200-1.jpg\",\"width\":1600,\"height\":1200},{\"@type\":\"BreadcrumbList\",\"@id\":\"https:\\\/\\\/www.johannagullichsen.com\\\/sv\\\/produkt\\\/jacka\\\/#breadcrumb\",\"itemListElement\":[{\"@type\":\"ListItem\",\"position\":1,\"name\":\"Home\",\"item\":\"https:\\\/\\\/www.johannagullichsen.com\\\/sv\\\/\"},{\"@type\":\"ListItem\",\"position\":2,\"name\":\"Webbutik &#8211; Produkter\",\"item\":\"https:\\\/\\\/www.johannagullichsen.com\\\/sv\\\/produkter\\\/\"},{\"@type\":\"ListItem\",\"position\":3,\"name\":\"Jacka\"}]},{\"@type\":\"WebSite\",\"@id\":\"https:\\\/\\\/www.johannagullichsen.com\\\/sv\\\/#website\",\"url\":\"https:\\\/\\\/www.johannagullichsen.com\\\/sv\\\/\",\"name\":\"Johanna Gullichsen\",\"description\":\"\",\"potentialAction\":[{\"@type\":\"SearchAction\",\"target\":{\"@type\":\"EntryPoint\",\"urlTemplate\":\"https:\\\/\\\/www.johannagullichsen.com\\\/sv\\\/?s={search_term_string}\"},\"query-input\":{\"@type\":\"PropertyValueSpecification\",\"valueRequired\":true,\"valueName\":\"search_term_string\"}}],\"inLanguage\":\"sv-SE\"}]}<\/script>\n<!-- \/ Yoast SEO Premium plugin. -->","yoast_head_json":{"title":"Jacka - Johanna Gullichsen","description":"Jacka, en ny workwear-klassiker. Johanna Gullichsens ikoniska Doris-m\u00f6nster i f\u00e4rgerna Cirrus och Patina. Ekologisk bomull. Tillverkat i Finland.","robots":{"index":"index","follow":"follow","max-snippet":"max-snippet:-1","max-image-preview":"max-image-preview:large","max-video-preview":"max-video-preview:-1"},"canonical":"https:\/\/www.johannagullichsen.com\/sv\/produkt\/jacka\/","og_locale":"sv_SE","og_type":"article","og_title":"Jacka","og_description":"Jacka, en ny workwear-klassiker. Johanna Gullichsens ikoniska Doris-m\u00f6nster i f\u00e4rgerna Cirrus och Patina. Ekologisk bomull. Tillverkat i Finland.","og_url":"https:\/\/www.johannagullichsen.com\/sv\/produkt\/jacka\/","og_site_name":"Johanna Gullichsen","article_modified_time":"2026-03-26T12:43:02+00:00","og_image":[{"width":1600,"height":1200,"url":"https:\/\/www.johannagullichsen.com\/wp-content\/uploads\/2026\/03\/PR_Johanna-Gullichsen-Patina-jacket-1600x1200-1.jpg","type":"image\/jpeg"}],"twitter_card":"summary_large_image","twitter_misc":{"Ber\u00e4knad l\u00e4stid":"1 minut"},"schema":{"@context":"https:\/\/schema.org","@graph":[{"@type":"WebPage","@id":"https:\/\/www.johannagullichsen.com\/sv\/produkt\/jacka\/","url":"https:\/\/www.johannagullichsen.com\/sv\/produkt\/jacka\/","name":"Jacka - Johanna Gullichsen","isPartOf":{"@id":"https:\/\/www.johannagullichsen.com\/sv\/#website"},"primaryImageOfPage":{"@id":"https:\/\/www.johannagullichsen.com\/sv\/produkt\/jacka\/#primaryimage"},"image":{"@id":"https:\/\/www.johannagullichsen.com\/sv\/produkt\/jacka\/#primaryimage"},"thumbnailUrl":"https:\/\/www.johannagullichsen.com\/wp-content\/uploads\/2026\/03\/PR_Johanna-Gullichsen-Patina-jacket-1600x1200-1.jpg","datePublished":"2026-03-24T11:38:33+00:00","dateModified":"2026-03-26T12:43:02+00:00","description":"Jacka, en ny workwear-klassiker. Johanna Gullichsens ikoniska Doris-m\u00f6nster i f\u00e4rgerna Cirrus och Patina. Ekologisk bomull. Tillverkat i Finland.","breadcrumb":{"@id":"https:\/\/www.johannagullichsen.com\/sv\/produkt\/jacka\/#breadcrumb"},"inLanguage":"sv-SE","potentialAction":[{"@type":"ReadAction","target":["https:\/\/www.johannagullichsen.com\/sv\/produkt\/jacka\/"]}]},{"@type":"ImageObject","inLanguage":"sv-SE","@id":"https:\/\/www.johannagullichsen.com\/sv\/produkt\/jacka\/#primaryimage","url":"https:\/\/www.johannagullichsen.com\/wp-content\/uploads\/2026\/03\/PR_Johanna-Gullichsen-Patina-jacket-1600x1200-1.jpg","contentUrl":"https:\/\/www.johannagullichsen.com\/wp-content\/uploads\/2026\/03\/PR_Johanna-Gullichsen-Patina-jacket-1600x1200-1.jpg","width":1600,"height":1200},{"@type":"BreadcrumbList","@id":"https:\/\/www.johannagullichsen.com\/sv\/produkt\/jacka\/#breadcrumb","itemListElement":[{"@type":"ListItem","position":1,"name":"Home","item":"https:\/\/www.johannagullichsen.com\/sv\/"},{"@type":"ListItem","position":2,"name":"Webbutik &#8211; Produkter","item":"https:\/\/www.johannagullichsen.com\/sv\/produkter\/"},{"@type":"ListItem","position":3,"name":"Jacka"}]},{"@type":"WebSite","@id":"https:\/\/www.johannagullichsen.com\/sv\/#website","url":"https:\/\/www.johannagullichsen.com\/sv\/","name":"Johanna Gullichsen","description":"","potentialAction":[{"@type":"SearchAction","target":{"@type":"EntryPoint","urlTemplate":"https:\/\/www.johannagullichsen.com\/sv\/?s={search_term_string}"},"query-input":{"@type":"PropertyValueSpecification","valueRequired":true,"valueName":"search_term_string"}}],"inLanguage":"sv-SE"}]}},"_links":{"self":[{"href":"https:\/\/www.johannagullichsen.com\/sv\/wp-json\/wp\/v2\/product\/30523","targetHints":{"allow":["GET"]}}],"collection":[{"href":"https:\/\/www.johannagullichsen.com\/sv\/wp-json\/wp\/v2\/product"}],"about":[{"href":"https:\/\/www.johannagullichsen.com\/sv\/wp-json\/wp\/v2\/types\/product"}],"wp:featuredmedia":[{"embeddable":true,"href":"https:\/\/www.johannagullichsen.com\/sv\/wp-json\/wp\/v2\/media\/30535"}],"wp:attachment":[{"href":"https:\/\/www.johannagullichsen.com\/sv\/wp-json\/wp\/v2\/media?parent=30523"}],"wp:term":[{"taxonomy":"product_brand","embeddable":true,"href":"https:\/\/www.johannagullichsen.com\/sv\/wp-json\/wp\/v2\/product_brand?post=30523"},{"taxonomy":"product_cat","embeddable":true,"href":"https:\/\/www.johannagullichsen.com\/sv\/wp-json\/wp\/v2\/product_cat?post=30523"},{"taxonomy":"product_tag","embeddable":true,"href":"https:\/\/www.johannagullichsen.com\/sv\/wp-json\/wp\/v2\/product_tag?post=30523"}],"curies":[{"name":"wp","href":"https:\/\/api.w.org\/{rel}","templated":true}]}}