{"id":30797,"date":"2026-04-16T13:31:28","date_gmt":"2026-04-16T10:31:28","guid":{"rendered":"https:\/\/www.johannagullichsen.com\/?post_type=product&#038;p=30797"},"modified":"2026-04-16T14:08:38","modified_gmt":"2026-04-16T11:08:38","slug":"sanggavel-2","status":"publish","type":"product","link":"https:\/\/www.johannagullichsen.com\/sv\/produkt\/sanggavel-2\/","title":{"rendered":"S\u00e4nggavel"},"content":{"rendered":"<p>Dr\u00f6m s\u00f6tt<\/p>\n<p>Den vadderade s\u00e4nggaveln placeras mellan s\u00e4ngen och v\u00e4ggen. Gaveln st\u00e5r p\u00e5 egna 9 cm h\u00f6ga ben i bj\u00f6rk.<\/p>\n<p>S\u00e4nggavlarna framst\u00e4lls alltid p\u00e5 best\u00e4llning, och d\u00e4rf\u00f6r \u00e4r leveranstiden ungef\u00e4r tre veckor. Om du inte hittar ett passande m\u00f6nster fr\u00e5n sortimentet, ta kontakt till v\u00e5r butik (<a href=\"mailto:info@johannagullichsen.com\">info@johannagullichsen.com<\/a>).<\/p>\n<p>S\u00c4NGGAVLARNA LEVERERAS ENDAST TILL FINLAND.<\/p>\n","protected":false},"excerpt":{"rendered":"<p>Dr\u00f6m s\u00f6tt Den vadderade s\u00e4nggaveln placeras mellan s\u00e4ngen och v\u00e4ggen. Gaveln st\u00e5r p\u00e5 egna 9 cm h\u00f6ga ben i bj\u00f6rk. S\u00e4nggavlarna framst\u00e4lls alltid p\u00e5 best\u00e4llning, och d\u00e4rf\u00f6r \u00e4r leveranstiden ungef\u00e4r&hellip;<\/p>\n","protected":false},"featured_media":21092,"template":"","meta":{"_acf_changed":false},"product_brand":[],"product_cat":[271,272],"product_tag":[],"class_list":{"0":"post-30797","1":"product","2":"type-product","3":"status-publish","4":"has-post-thumbnail","6":"product_cat-hem","7":"product_cat-sanggavel-och-overkast","8":"pa_pattern-colour-eos-bla","9":"pa_pattern-colour-tithonus-ockra","10":"pa_pattern-colour-eos-gron","11":"pa_pattern-colour-selene-bla","12":"pa_pattern-colour-eos-blygra","13":"pa_pattern-colour-selene-vinrod","14":"pa_pattern-colour-helios-tegel","15":"pa_pattern-colour-selene-gron","16":"pa_pattern-colour-helios-morkbla-sv","17":"pa_pattern-colour-selene-svart","18":"pa_pattern-colour-helios-morkgron","19":"pa_pattern-colour-doris-cirrus","20":"pa_pattern-colour-doris-mandelgron","21":"pa_pattern-colour-helios-ockra","22":"pa_pattern-colour-doris-svart-sv","23":"pa_pattern-colour-nereus-tegel","24":"pa_pattern-colour-doris-bla","25":"pa_pattern-colour-nereus-blygra","26":"pa_pattern-colour-doris-blygra","27":"pa_pattern-colour-nereus-ockra","28":"pa_pattern-colour-doris-gul","29":"pa_pattern-colour-tithonus-blygra","30":"collection-normandie-sv","32":"first","33":"instock","34":"taxable","35":"shipping-taxable","36":"purchasable","37":"product-type-variable"},"acf":[],"yoast_head":"<!-- This site is optimized with the Yoast SEO Premium plugin v27.2 (Yoast SEO v27.2) - https:\/\/yoast.com\/product\/yoast-seo-premium-wordpress\/ -->\n<title>S\u00e4nggavel - Johanna Gullichsen<\/title>\n<meta name=\"robots\" content=\"index, follow, max-snippet:-1, max-image-preview:large, max-video-preview:-1\" \/>\n<link rel=\"canonical\" href=\"https:\/\/www.johannagullichsen.com\/sv\/produkt\/sanggavel-2\/\" \/>\n<meta property=\"og:locale\" content=\"sv_SE\" \/>\n<meta property=\"og:type\" content=\"article\" \/>\n<meta property=\"og:title\" content=\"S\u00e4nggavel\" \/>\n<meta property=\"og:description\" content=\"Dr\u00f6m s\u00f6tt Den vadderade s\u00e4nggaveln placeras mellan s\u00e4ngen och v\u00e4ggen. Gaveln st\u00e5r p\u00e5 egna 9 cm h\u00f6ga ben i bj\u00f6rk. S\u00e4nggavlarna framst\u00e4lls alltid p\u00e5 best\u00e4llning, och d\u00e4rf\u00f6r \u00e4r leveranstiden ungef\u00e4r&hellip;\" \/>\n<meta property=\"og:url\" content=\"https:\/\/www.johannagullichsen.com\/sv\/produkt\/sanggavel-2\/\" \/>\n<meta property=\"og:site_name\" content=\"Johanna Gullichsen\" \/>\n<meta property=\"article:modified_time\" content=\"2026-04-16T11:08:38+00:00\" \/>\n<meta property=\"og:image\" content=\"https:\/\/www.johannagullichsen.com\/wp-content\/uploads\/2023\/10\/Johanna-Gullichsen-bed-headboard-doris-almond-1.jpg\" \/>\n\t<meta property=\"og:image:width\" content=\"1600\" \/>\n\t<meta property=\"og:image:height\" content=\"1200\" \/>\n\t<meta property=\"og:image:type\" content=\"image\/jpeg\" \/>\n<meta name=\"twitter:card\" content=\"summary_large_image\" \/>\n<meta name=\"twitter:label1\" content=\"Ber\u00e4knad l\u00e4stid\" \/>\n\t<meta name=\"twitter:data1\" content=\"1 minut\" \/>\n<script type=\"application\/ld+json\" class=\"yoast-schema-graph\">{\"@context\":\"https:\/\/schema.org\",\"@graph\":[{\"@type\":\"WebPage\",\"@id\":\"https:\/\/www.johannagullichsen.com\/sv\/produkt\/sanggavel-2\/\",\"url\":\"https:\/\/www.johannagullichsen.com\/sv\/produkt\/sanggavel-2\/\",\"name\":\"S\u00e4nggavel - Johanna Gullichsen\",\"isPartOf\":{\"@id\":\"https:\/\/www.johannagullichsen.com\/sv\/#website\"},\"primaryImageOfPage\":{\"@id\":\"https:\/\/www.johannagullichsen.com\/sv\/produkt\/sanggavel-2\/#primaryimage\"},\"image\":{\"@id\":\"https:\/\/www.johannagullichsen.com\/sv\/produkt\/sanggavel-2\/#primaryimage\"},\"thumbnailUrl\":\"https:\/\/www.johannagullichsen.com\/wp-content\/uploads\/2023\/10\/Johanna-Gullichsen-bed-headboard-doris-almond-1.jpg\",\"datePublished\":\"2026-04-16T10:31:28+00:00\",\"dateModified\":\"2026-04-16T11:08:38+00:00\",\"breadcrumb\":{\"@id\":\"https:\/\/www.johannagullichsen.com\/sv\/produkt\/sanggavel-2\/#breadcrumb\"},\"inLanguage\":\"sv-SE\",\"potentialAction\":[{\"@type\":\"ReadAction\",\"target\":[\"https:\/\/www.johannagullichsen.com\/sv\/produkt\/sanggavel-2\/\"]}]},{\"@type\":\"ImageObject\",\"inLanguage\":\"sv-SE\",\"@id\":\"https:\/\/www.johannagullichsen.com\/sv\/produkt\/sanggavel-2\/#primaryimage\",\"url\":\"https:\/\/www.johannagullichsen.com\/wp-content\/uploads\/2023\/10\/Johanna-Gullichsen-bed-headboard-doris-almond-1.jpg\",\"contentUrl\":\"https:\/\/www.johannagullichsen.com\/wp-content\/uploads\/2023\/10\/Johanna-Gullichsen-bed-headboard-doris-almond-1.jpg\",\"width\":1600,\"height\":1200},{\"@type\":\"BreadcrumbList\",\"@id\":\"https:\/\/www.johannagullichsen.com\/sv\/produkt\/sanggavel-2\/#breadcrumb\",\"itemListElement\":[{\"@type\":\"ListItem\",\"position\":1,\"name\":\"Home\",\"item\":\"https:\/\/www.johannagullichsen.com\/sv\/\"},{\"@type\":\"ListItem\",\"position\":2,\"name\":\"Webbutik &#8211; Produkter\",\"item\":\"https:\/\/www.johannagullichsen.com\/sv\/produkter\/\"},{\"@type\":\"ListItem\",\"position\":3,\"name\":\"S\u00e4nggavel\"}]},{\"@type\":\"WebSite\",\"@id\":\"https:\/\/www.johannagullichsen.com\/sv\/#website\",\"url\":\"https:\/\/www.johannagullichsen.com\/sv\/\",\"name\":\"Johanna Gullichsen\",\"description\":\"\",\"potentialAction\":[{\"@type\":\"SearchAction\",\"target\":{\"@type\":\"EntryPoint\",\"urlTemplate\":\"https:\/\/www.johannagullichsen.com\/sv\/?s={search_term_string}\"},\"query-input\":{\"@type\":\"PropertyValueSpecification\",\"valueRequired\":true,\"valueName\":\"search_term_string\"}}],\"inLanguage\":\"sv-SE\"}]}<\/script>\n<!-- \/ Yoast SEO Premium plugin. -->","yoast_head_json":{"title":"S\u00e4nggavel - Johanna Gullichsen","robots":{"index":"index","follow":"follow","max-snippet":"max-snippet:-1","max-image-preview":"max-image-preview:large","max-video-preview":"max-video-preview:-1"},"canonical":"https:\/\/www.johannagullichsen.com\/sv\/produkt\/sanggavel-2\/","og_locale":"sv_SE","og_type":"article","og_title":"S\u00e4nggavel","og_description":"Dr\u00f6m s\u00f6tt Den vadderade s\u00e4nggaveln placeras mellan s\u00e4ngen och v\u00e4ggen. Gaveln st\u00e5r p\u00e5 egna 9 cm h\u00f6ga ben i bj\u00f6rk. S\u00e4nggavlarna framst\u00e4lls alltid p\u00e5 best\u00e4llning, och d\u00e4rf\u00f6r \u00e4r leveranstiden ungef\u00e4r&hellip;","og_url":"https:\/\/www.johannagullichsen.com\/sv\/produkt\/sanggavel-2\/","og_site_name":"Johanna Gullichsen","article_modified_time":"2026-04-16T11:08:38+00:00","og_image":[{"width":1600,"height":1200,"url":"https:\/\/www.johannagullichsen.com\/wp-content\/uploads\/2023\/10\/Johanna-Gullichsen-bed-headboard-doris-almond-1.jpg","type":"image\/jpeg"}],"twitter_card":"summary_large_image","twitter_misc":{"Ber\u00e4knad l\u00e4stid":"1 minut"},"schema":{"@context":"https:\/\/schema.org","@graph":[{"@type":"WebPage","@id":"https:\/\/www.johannagullichsen.com\/sv\/produkt\/sanggavel-2\/","url":"https:\/\/www.johannagullichsen.com\/sv\/produkt\/sanggavel-2\/","name":"S\u00e4nggavel - Johanna Gullichsen","isPartOf":{"@id":"https:\/\/www.johannagullichsen.com\/sv\/#website"},"primaryImageOfPage":{"@id":"https:\/\/www.johannagullichsen.com\/sv\/produkt\/sanggavel-2\/#primaryimage"},"image":{"@id":"https:\/\/www.johannagullichsen.com\/sv\/produkt\/sanggavel-2\/#primaryimage"},"thumbnailUrl":"https:\/\/www.johannagullichsen.com\/wp-content\/uploads\/2023\/10\/Johanna-Gullichsen-bed-headboard-doris-almond-1.jpg","datePublished":"2026-04-16T10:31:28+00:00","dateModified":"2026-04-16T11:08:38+00:00","breadcrumb":{"@id":"https:\/\/www.johannagullichsen.com\/sv\/produkt\/sanggavel-2\/#breadcrumb"},"inLanguage":"sv-SE","potentialAction":[{"@type":"ReadAction","target":["https:\/\/www.johannagullichsen.com\/sv\/produkt\/sanggavel-2\/"]}]},{"@type":"ImageObject","inLanguage":"sv-SE","@id":"https:\/\/www.johannagullichsen.com\/sv\/produkt\/sanggavel-2\/#primaryimage","url":"https:\/\/www.johannagullichsen.com\/wp-content\/uploads\/2023\/10\/Johanna-Gullichsen-bed-headboard-doris-almond-1.jpg","contentUrl":"https:\/\/www.johannagullichsen.com\/wp-content\/uploads\/2023\/10\/Johanna-Gullichsen-bed-headboard-doris-almond-1.jpg","width":1600,"height":1200},{"@type":"BreadcrumbList","@id":"https:\/\/www.johannagullichsen.com\/sv\/produkt\/sanggavel-2\/#breadcrumb","itemListElement":[{"@type":"ListItem","position":1,"name":"Home","item":"https:\/\/www.johannagullichsen.com\/sv\/"},{"@type":"ListItem","position":2,"name":"Webbutik &#8211; Produkter","item":"https:\/\/www.johannagullichsen.com\/sv\/produkter\/"},{"@type":"ListItem","position":3,"name":"S\u00e4nggavel"}]},{"@type":"WebSite","@id":"https:\/\/www.johannagullichsen.com\/sv\/#website","url":"https:\/\/www.johannagullichsen.com\/sv\/","name":"Johanna Gullichsen","description":"","potentialAction":[{"@type":"SearchAction","target":{"@type":"EntryPoint","urlTemplate":"https:\/\/www.johannagullichsen.com\/sv\/?s={search_term_string}"},"query-input":{"@type":"PropertyValueSpecification","valueRequired":true,"valueName":"search_term_string"}}],"inLanguage":"sv-SE"}]}},"_links":{"self":[{"href":"https:\/\/www.johannagullichsen.com\/sv\/wp-json\/wp\/v2\/product\/30797","targetHints":{"allow":["GET"]}}],"collection":[{"href":"https:\/\/www.johannagullichsen.com\/sv\/wp-json\/wp\/v2\/product"}],"about":[{"href":"https:\/\/www.johannagullichsen.com\/sv\/wp-json\/wp\/v2\/types\/product"}],"wp:featuredmedia":[{"embeddable":true,"href":"https:\/\/www.johannagullichsen.com\/sv\/wp-json\/wp\/v2\/media\/21092"}],"wp:attachment":[{"href":"https:\/\/www.johannagullichsen.com\/sv\/wp-json\/wp\/v2\/media?parent=30797"}],"wp:term":[{"taxonomy":"product_brand","embeddable":true,"href":"https:\/\/www.johannagullichsen.com\/sv\/wp-json\/wp\/v2\/product_brand?post=30797"},{"taxonomy":"product_cat","embeddable":true,"href":"https:\/\/www.johannagullichsen.com\/sv\/wp-json\/wp\/v2\/product_cat?post=30797"},{"taxonomy":"product_tag","embeddable":true,"href":"https:\/\/www.johannagullichsen.com\/sv\/wp-json\/wp\/v2\/product_tag?post=30797"}],"curies":[{"name":"wp","href":"https:\/\/api.w.org\/{rel}","templated":true}]}}