{"id":5500,"date":"2020-04-14T13:34:16","date_gmt":"2020-04-14T10:34:16","guid":{"rendered":"https:\/\/www.johannagullichsen.com\/tuotteet\/okategoriserad\/basket-extra-small\/"},"modified":"2026-03-17T08:06:24","modified_gmt":"2026-03-17T06:06:24","slug":"tygkorg-xs-lite-behandig-tygkorg","status":"publish","type":"product","link":"https:\/\/www.johannagullichsen.com\/sv\/produkt\/tygkorg-xs-lite-behandig-tygkorg\/","title":{"rendered":"Tygkorg XS"},"content":{"rendered":"<h4>Snyggt och prydligt<\/h4>\n<p>Tygkorg XS \u00e4r beh\u00e4ndig liten korg att f\u00f6rvara dina sm\u00e5 saker i. Anv\u00e4nd den f\u00f6r smycken, toalettartiklar, nycklar eller vad helst du kommer att t\u00e4nka p\u00e5. Den kommer v\u00e4l till pass n\u00e4r du vill h\u00e5lla ditt hem snyggt och v\u00e4lorganiserat. Tillverkad av tyg \u00e4r den l\u00e4tt att reng\u00f6ra, naturligtvis kan den tv\u00e4ttas i maskin.<\/p>\n<p>F\u00e4rgning, v\u00e4vning och s\u00f6mnad i Finland.<\/p>\n","protected":false},"excerpt":{"rendered":"<p>Snyggt och prydligt Tygkorg XS \u00e4r beh\u00e4ndig liten korg att f\u00f6rvara dina sm\u00e5 saker i. Anv\u00e4nd den f\u00f6r smycken, toalettartiklar, nycklar eller vad helst du kommer att t\u00e4nka p\u00e5. Den&hellip;<\/p>\n","protected":false},"featured_media":31667,"template":"","meta":{"_acf_changed":false},"product_brand":[],"product_cat":[1989,271,268],"product_tag":[],"class_list":{"0":"post-5500","1":"product","2":"type-product","3":"status-publish","4":"has-post-thumbnail","6":"product_cat-tygkorgar","7":"product_cat-hem","8":"product_cat-till-bords","9":"pa_pattern-colour-eos-gron","10":"pa_pattern-colour-nereus-blygra","11":"pa_pattern-colour-doris-cirrus","12":"pa_pattern-colour-helios-tegel-negativ","13":"pa_pattern-colour-eos-dark-bordeaux-sv","14":"pa_pattern-colour-doris-tegel","15":"pa_pattern-colour-nereus-svart","16":"pa_pattern-colour-nereus-brick-negative-sv","17":"pa_pattern-colour-eos-gra","18":"pa_pattern-colour-nereus-ockra","19":"pa_pattern-colour-helios-morkbla-sv","20":"pa_pattern-colour-eos-dark-green-sv","21":"pa_pattern-colour-doris-morkbla","22":"pa_pattern-colour-nereus-svart-negativ","23":"pa_pattern-colour-nereus-dark-bordeaux-negative-sv","24":"pa_pattern-colour-eos-blygra","25":"pa_pattern-colour-nereus-gul","26":"pa_pattern-colour-helios-morkbla-negativ","27":"pa_pattern-colour-helios-almond-negative-sv","28":"pa_pattern-colour-doris-morkgron","29":"pa_pattern-colour-nereus-bla","30":"pa_pattern-colour-nereus-dark-green-negative-sv","31":"pa_pattern-colour-eos-ljus-gra","32":"pa_pattern-colour-tithonus-svart","33":"pa_pattern-colour-helios-mork-vinrod","34":"pa_pattern-colour-helios-blue-negativet-sv","35":"pa_pattern-colour-doris-gron","36":"pa_pattern-colour-nereus-bla-negativ","37":"pa_pattern-colour-nereus-green-sv","38":"pa_pattern-colour-eos-gul","39":"pa_pattern-colour-tithonus-bla","40":"pa_pattern-colour-helios-morkgron","41":"pa_pattern-colour-helios-bordeaux-negative-sv","42":"pa_pattern-colour-doris-blygra","43":"pa_pattern-colour-nereus-vinrod","44":"pa_pattern-colour-nereus-lead-negative-sv","45":"pa_pattern-colour-helios-mandelgron","46":"pa_pattern-colour-tithonus-vinrod","47":"pa_pattern-colour-helios-morkgron-negativ","48":"pa_pattern-colour-helios-dark-bordeaux-negative-sv","49":"pa_pattern-colour-doris-ockra","50":"pa_pattern-colour-nereus-tegel","51":"pa_pattern-colour-nereus-ochre-negative-sv","52":"pa_pattern-colour-helios-svart","53":"pa_pattern-colour-tithonus-gron","54":"pa_pattern-colour-helios-gron","55":"pa_pattern-colour-helios-lead-negative-sv","56":"pa_pattern-colour-doris-gul","57":"pa_pattern-colour-nereus-morkbla","58":"pa_pattern-colour-nereus-yellow-negative-sv","59":"pa_pattern-colour-helios-svart-negativ","60":"pa_pattern-colour-tithonus-blygra","61":"pa_pattern-colour-doris-mandelgron","62":"pa_pattern-colour-helios-blygra","63":"pa_pattern-colour-helios-ochre-negative-sv","64":"pa_pattern-colour-eos-svart","65":"pa_pattern-colour-nereus-morkbla-negativ","66":"pa_pattern-colour-tithonus-dark-green-sv","67":"pa_pattern-colour-helios-bla","68":"pa_pattern-colour-tithonus-ockra","69":"pa_pattern-colour-doris-svart-sv","70":"pa_pattern-colour-helios-ockra","71":"pa_pattern-colour-helios-yellow-negative-sv","72":"pa_pattern-colour-eos-bla","73":"pa_pattern-colour-nereus-mork-vinrod","74":"pa_pattern-colour-doris-lime-sv","75":"pa_pattern-colour-helios-vinrod","76":"pa_pattern-colour-tithonus-gul","77":"pa_pattern-colour-doris-bla","78":"pa_pattern-colour-helios-gul","79":"pa_pattern-colour-nereus-almond-negative-sv","80":"pa_pattern-colour-eos-vinrod","81":"pa_pattern-colour-nereus-morkgron","82":"pa_pattern-colour-helios-tegel","83":"pa_pattern-colour-eos-morkbla-sv","84":"pa_pattern-colour-doris-vinrod","85":"pa_pattern-colour-nereus-mandelgron","86":"pa_pattern-colour-nereus-bordeaux-negative-sv","87":"collection-normandie-sv","89":"first","90":"instock","91":"taxable","92":"shipping-taxable","93":"purchasable","94":"product-type-variable"},"acf":[],"yoast_head":"<!-- This site is optimized with the Yoast SEO Premium plugin v27.2 (Yoast SEO v27.5) - https:\/\/yoast.com\/product\/yoast-seo-premium-wordpress\/ -->\n<title>Tygkorg XS - Johanna Gullichsen<\/title>\n<meta name=\"description\" content=\"Organisera dina sm\u00e5prylar i denna beh\u00e4ndiga mini-tygkorg s\u00e5 hittar du dem l\u00e4tt. Smycken, kosmetika, nycklar, vad helst du kommer att t\u00e4nka p\u00e5.\" \/>\n<meta name=\"robots\" content=\"index, follow, max-snippet:-1, max-image-preview:large, max-video-preview:-1\" \/>\n<link rel=\"canonical\" href=\"https:\/\/www.johannagullichsen.com\/sv\/produkt\/tygkorg-xs-lite-behandig-tygkorg\/\" \/>\n<meta property=\"og:locale\" content=\"sv_SE\" \/>\n<meta property=\"og:type\" content=\"article\" \/>\n<meta property=\"og:title\" content=\"Tygkorg XS\" \/>\n<meta property=\"og:description\" content=\"Organisera dina sm\u00e5prylar i denna beh\u00e4ndiga mini-tygkorg s\u00e5 hittar du dem l\u00e4tt. Smycken, kosmetika, nycklar, vad helst du kommer att t\u00e4nka p\u00e5.\" \/>\n<meta property=\"og:url\" content=\"https:\/\/www.johannagullichsen.com\/sv\/produkt\/tygkorg-xs-lite-behandig-tygkorg\/\" \/>\n<meta property=\"og:site_name\" content=\"Johanna Gullichsen\" \/>\n<meta property=\"article:modified_time\" content=\"2026-03-17T06:06:24+00:00\" \/>\n<meta property=\"og:image\" content=\"https:\/\/www.johannagullichsen.com\/wp-content\/uploads\/2020\/04\/Johanna-Gullichsen-Basket-XS-Helios-dark-green.jpg\" \/>\n\t<meta property=\"og:image:width\" content=\"1600\" \/>\n\t<meta property=\"og:image:height\" content=\"1200\" \/>\n\t<meta property=\"og:image:type\" content=\"image\/jpeg\" \/>\n<meta name=\"twitter:card\" content=\"summary_large_image\" \/>\n<meta name=\"twitter:label1\" content=\"Ber\u00e4knad l\u00e4stid\" \/>\n\t<meta name=\"twitter:data1\" content=\"1 minut\" \/>\n<script type=\"application\/ld+json\" class=\"yoast-schema-graph\">{\"@context\":\"https:\\\/\\\/schema.org\",\"@graph\":[{\"@type\":\"WebPage\",\"@id\":\"https:\\\/\\\/www.johannagullichsen.com\\\/sv\\\/produkt\\\/tygkorg-xs-lite-behandig-tygkorg\\\/\",\"url\":\"https:\\\/\\\/www.johannagullichsen.com\\\/sv\\\/produkt\\\/tygkorg-xs-lite-behandig-tygkorg\\\/\",\"name\":\"Tygkorg XS - Johanna Gullichsen\",\"isPartOf\":{\"@id\":\"https:\\\/\\\/www.johannagullichsen.com\\\/sv\\\/#website\"},\"primaryImageOfPage\":{\"@id\":\"https:\\\/\\\/www.johannagullichsen.com\\\/sv\\\/produkt\\\/tygkorg-xs-lite-behandig-tygkorg\\\/#primaryimage\"},\"image\":{\"@id\":\"https:\\\/\\\/www.johannagullichsen.com\\\/sv\\\/produkt\\\/tygkorg-xs-lite-behandig-tygkorg\\\/#primaryimage\"},\"thumbnailUrl\":\"https:\\\/\\\/www.johannagullichsen.com\\\/wp-content\\\/uploads\\\/2026\\\/04\\\/Johanna-Gullichsen-Basket-XS-Doris-lime.jpg\",\"datePublished\":\"2020-04-14T10:34:16+00:00\",\"dateModified\":\"2026-03-17T06:06:24+00:00\",\"description\":\"Organisera dina sm\u00e5prylar i denna beh\u00e4ndiga mini-tygkorg s\u00e5 hittar du dem l\u00e4tt. Smycken, kosmetika, nycklar, vad helst du kommer att t\u00e4nka p\u00e5.\",\"breadcrumb\":{\"@id\":\"https:\\\/\\\/www.johannagullichsen.com\\\/sv\\\/produkt\\\/tygkorg-xs-lite-behandig-tygkorg\\\/#breadcrumb\"},\"inLanguage\":\"sv-SE\",\"potentialAction\":[{\"@type\":\"ReadAction\",\"target\":[\"https:\\\/\\\/www.johannagullichsen.com\\\/sv\\\/produkt\\\/tygkorg-xs-lite-behandig-tygkorg\\\/\"]}]},{\"@type\":\"ImageObject\",\"inLanguage\":\"sv-SE\",\"@id\":\"https:\\\/\\\/www.johannagullichsen.com\\\/sv\\\/produkt\\\/tygkorg-xs-lite-behandig-tygkorg\\\/#primaryimage\",\"url\":\"https:\\\/\\\/www.johannagullichsen.com\\\/wp-content\\\/uploads\\\/2026\\\/04\\\/Johanna-Gullichsen-Basket-XS-Doris-lime.jpg\",\"contentUrl\":\"https:\\\/\\\/www.johannagullichsen.com\\\/wp-content\\\/uploads\\\/2026\\\/04\\\/Johanna-Gullichsen-Basket-XS-Doris-lime.jpg\",\"width\":1600,\"height\":1200},{\"@type\":\"BreadcrumbList\",\"@id\":\"https:\\\/\\\/www.johannagullichsen.com\\\/sv\\\/produkt\\\/tygkorg-xs-lite-behandig-tygkorg\\\/#breadcrumb\",\"itemListElement\":[{\"@type\":\"ListItem\",\"position\":1,\"name\":\"Home\",\"item\":\"https:\\\/\\\/www.johannagullichsen.com\\\/sv\\\/\"},{\"@type\":\"ListItem\",\"position\":2,\"name\":\"Webbutik &#8211; Produkter\",\"item\":\"https:\\\/\\\/www.johannagullichsen.com\\\/sv\\\/produkter\\\/\"},{\"@type\":\"ListItem\",\"position\":3,\"name\":\"Tygkorg XS\"}]},{\"@type\":\"WebSite\",\"@id\":\"https:\\\/\\\/www.johannagullichsen.com\\\/sv\\\/#website\",\"url\":\"https:\\\/\\\/www.johannagullichsen.com\\\/sv\\\/\",\"name\":\"Johanna Gullichsen\",\"description\":\"\",\"potentialAction\":[{\"@type\":\"SearchAction\",\"target\":{\"@type\":\"EntryPoint\",\"urlTemplate\":\"https:\\\/\\\/www.johannagullichsen.com\\\/sv\\\/?s={search_term_string}\"},\"query-input\":{\"@type\":\"PropertyValueSpecification\",\"valueRequired\":true,\"valueName\":\"search_term_string\"}}],\"inLanguage\":\"sv-SE\"}]}<\/script>\n<!-- \/ Yoast SEO Premium plugin. -->","yoast_head_json":{"title":"Tygkorg XS - Johanna Gullichsen","description":"Organisera dina sm\u00e5prylar i denna beh\u00e4ndiga mini-tygkorg s\u00e5 hittar du dem l\u00e4tt. Smycken, kosmetika, nycklar, vad helst du kommer att t\u00e4nka p\u00e5.","robots":{"index":"index","follow":"follow","max-snippet":"max-snippet:-1","max-image-preview":"max-image-preview:large","max-video-preview":"max-video-preview:-1"},"canonical":"https:\/\/www.johannagullichsen.com\/sv\/produkt\/tygkorg-xs-lite-behandig-tygkorg\/","og_locale":"sv_SE","og_type":"article","og_title":"Tygkorg XS","og_description":"Organisera dina sm\u00e5prylar i denna beh\u00e4ndiga mini-tygkorg s\u00e5 hittar du dem l\u00e4tt. Smycken, kosmetika, nycklar, vad helst du kommer att t\u00e4nka p\u00e5.","og_url":"https:\/\/www.johannagullichsen.com\/sv\/produkt\/tygkorg-xs-lite-behandig-tygkorg\/","og_site_name":"Johanna Gullichsen","article_modified_time":"2026-03-17T06:06:24+00:00","og_image":[{"width":1600,"height":1200,"url":"https:\/\/www.johannagullichsen.com\/wp-content\/uploads\/2020\/04\/Johanna-Gullichsen-Basket-XS-Helios-dark-green.jpg","type":"image\/jpeg"}],"twitter_card":"summary_large_image","twitter_misc":{"Ber\u00e4knad l\u00e4stid":"1 minut"},"schema":{"@context":"https:\/\/schema.org","@graph":[{"@type":"WebPage","@id":"https:\/\/www.johannagullichsen.com\/sv\/produkt\/tygkorg-xs-lite-behandig-tygkorg\/","url":"https:\/\/www.johannagullichsen.com\/sv\/produkt\/tygkorg-xs-lite-behandig-tygkorg\/","name":"Tygkorg XS - Johanna Gullichsen","isPartOf":{"@id":"https:\/\/www.johannagullichsen.com\/sv\/#website"},"primaryImageOfPage":{"@id":"https:\/\/www.johannagullichsen.com\/sv\/produkt\/tygkorg-xs-lite-behandig-tygkorg\/#primaryimage"},"image":{"@id":"https:\/\/www.johannagullichsen.com\/sv\/produkt\/tygkorg-xs-lite-behandig-tygkorg\/#primaryimage"},"thumbnailUrl":"https:\/\/www.johannagullichsen.com\/wp-content\/uploads\/2026\/04\/Johanna-Gullichsen-Basket-XS-Doris-lime.jpg","datePublished":"2020-04-14T10:34:16+00:00","dateModified":"2026-03-17T06:06:24+00:00","description":"Organisera dina sm\u00e5prylar i denna beh\u00e4ndiga mini-tygkorg s\u00e5 hittar du dem l\u00e4tt. Smycken, kosmetika, nycklar, vad helst du kommer att t\u00e4nka p\u00e5.","breadcrumb":{"@id":"https:\/\/www.johannagullichsen.com\/sv\/produkt\/tygkorg-xs-lite-behandig-tygkorg\/#breadcrumb"},"inLanguage":"sv-SE","potentialAction":[{"@type":"ReadAction","target":["https:\/\/www.johannagullichsen.com\/sv\/produkt\/tygkorg-xs-lite-behandig-tygkorg\/"]}]},{"@type":"ImageObject","inLanguage":"sv-SE","@id":"https:\/\/www.johannagullichsen.com\/sv\/produkt\/tygkorg-xs-lite-behandig-tygkorg\/#primaryimage","url":"https:\/\/www.johannagullichsen.com\/wp-content\/uploads\/2026\/04\/Johanna-Gullichsen-Basket-XS-Doris-lime.jpg","contentUrl":"https:\/\/www.johannagullichsen.com\/wp-content\/uploads\/2026\/04\/Johanna-Gullichsen-Basket-XS-Doris-lime.jpg","width":1600,"height":1200},{"@type":"BreadcrumbList","@id":"https:\/\/www.johannagullichsen.com\/sv\/produkt\/tygkorg-xs-lite-behandig-tygkorg\/#breadcrumb","itemListElement":[{"@type":"ListItem","position":1,"name":"Home","item":"https:\/\/www.johannagullichsen.com\/sv\/"},{"@type":"ListItem","position":2,"name":"Webbutik &#8211; Produkter","item":"https:\/\/www.johannagullichsen.com\/sv\/produkter\/"},{"@type":"ListItem","position":3,"name":"Tygkorg XS"}]},{"@type":"WebSite","@id":"https:\/\/www.johannagullichsen.com\/sv\/#website","url":"https:\/\/www.johannagullichsen.com\/sv\/","name":"Johanna Gullichsen","description":"","potentialAction":[{"@type":"SearchAction","target":{"@type":"EntryPoint","urlTemplate":"https:\/\/www.johannagullichsen.com\/sv\/?s={search_term_string}"},"query-input":{"@type":"PropertyValueSpecification","valueRequired":true,"valueName":"search_term_string"}}],"inLanguage":"sv-SE"}]}},"_links":{"self":[{"href":"https:\/\/www.johannagullichsen.com\/sv\/wp-json\/wp\/v2\/product\/5500","targetHints":{"allow":["GET"]}}],"collection":[{"href":"https:\/\/www.johannagullichsen.com\/sv\/wp-json\/wp\/v2\/product"}],"about":[{"href":"https:\/\/www.johannagullichsen.com\/sv\/wp-json\/wp\/v2\/types\/product"}],"wp:featuredmedia":[{"embeddable":true,"href":"https:\/\/www.johannagullichsen.com\/sv\/wp-json\/wp\/v2\/media\/31667"}],"wp:attachment":[{"href":"https:\/\/www.johannagullichsen.com\/sv\/wp-json\/wp\/v2\/media?parent=5500"}],"wp:term":[{"taxonomy":"product_brand","embeddable":true,"href":"https:\/\/www.johannagullichsen.com\/sv\/wp-json\/wp\/v2\/product_brand?post=5500"},{"taxonomy":"product_cat","embeddable":true,"href":"https:\/\/www.johannagullichsen.com\/sv\/wp-json\/wp\/v2\/product_cat?post=5500"},{"taxonomy":"product_tag","embeddable":true,"href":"https:\/\/www.johannagullichsen.com\/sv\/wp-json\/wp\/v2\/product_tag?post=5500"}],"curies":[{"name":"wp","href":"https:\/\/api.w.org\/{rel}","templated":true}]}}