{"id":5737,"date":"2020-04-15T10:22:18","date_gmt":"2020-04-15T07:22:18","guid":{"rendered":"https:\/\/www.johannagullichsen.com\/products\/okategoriserad\/bed-spread-180cm-x-260cm\/"},"modified":"2022-02-25T13:36:10","modified_gmt":"2022-02-25T11:36:10","slug":"sangoverkast-i-bomull-180-cm-x-260-cm","status":"publish","type":"product","link":"https:\/\/www.johannagullichsen.com\/sv\/produkt\/sangoverkast-i-bomull-180-cm-x-260-cm\/","title":{"rendered":"S\u00e4ng\u00f6verkast i bomull 180 cm x 260 cm"},"content":{"rendered":"<h4>Snyggt \u00e4ven p\u00e5 dagen<\/h4>\n<p><span data-sheets-value=\"{&quot;1&quot;:2,&quot;2&quot;:&quot;S\u00e4ng\u00f6verkast tillverkas p\u00e5 best\u00e4llning f\u00f6r att ge dig det st\u00f6rsta m\u00f6jliga urvalet av m\u00f6nster och f\u00e4rger! V\u00e4nligen r\u00e4kna med 3 veckor f\u00f6r leverans.&quot;}\" data-sheets-userformat=\"{&quot;2&quot;:769,&quot;3&quot;:{&quot;1&quot;:0},&quot;11&quot;:4,&quot;12&quot;:0}\">S\u00e4ng\u00f6verkasten tillverkas p\u00e5 best\u00e4llning, vilket ger dig st\u00f6rsta m\u00f6jliga urval av m\u00f6nster och f\u00e4rger! V\u00e4nligen r\u00e4kna med 3 veckor f\u00f6r leverans.\u00a0<\/span><\/p>\n<p>V\u00e4lj ditt favorittyg fr\u00e5n snygga Normandie kollektionen och det h\u00e4r praktiska s\u00e4ng\u00f6verkastet g\u00f6r ditt sovrum snyggt p\u00e5 nolltid.<\/p>\n<p>Ifall du beh\u00f6ver andra m\u00e5tt \u00e4n v\u00e5ra standardm\u00e5tt g\u00e5r det att specialbest\u00e4lla. Ta g\u00e4rna kontakt med oss.<\/p>\n<p>&nbsp;<\/p>\n<p>Fler standardstorlekar: <a href=\"https:\/\/www.johannagullichsen.com\/products\/bed-bath\/bed-spread-260cm-x-260cm\/\">260 cm x 260 cm<\/a><\/p>\n","protected":false},"excerpt":{"rendered":"<p>Snyggt \u00e4ven p\u00e5 dagen S\u00e4ng\u00f6verkasten tillverkas p\u00e5 best\u00e4llning, vilket ger dig st\u00f6rsta m\u00f6jliga urval av m\u00f6nster och f\u00e4rger! V\u00e4nligen r\u00e4kna med 3 veckor f\u00f6r leverans.\u00a0 V\u00e4lj ditt favorittyg fr\u00e5n snygga&hellip;<\/p>\n","protected":false},"featured_media":3263,"template":"","meta":{"_acf_changed":false},"product_brand":[],"product_cat":[272],"product_tag":[],"class_list":{"0":"post-5737","1":"product","2":"type-product","3":"status-publish","4":"has-post-thumbnail","6":"product_cat-sanggavel-och-overkast","7":"pa_pattern-colour-eos-vinrod","8":"pa_pattern-colour-tithonus-vinrod","9":"pa_pattern-colour-helios-tegel","10":"pa_pattern-colour-tithonus-dark-green-sv","11":"pa_pattern-colour-doris-vinrod","12":"pa_pattern-colour-nereus-vinrod","13":"pa_pattern-colour-eos-tegel","14":"pa_pattern-colour-tithonus-tegel","15":"pa_pattern-colour-helios-morkbla-sv","16":"pa_pattern-colour-doris-dark-bordeaux-sv","17":"pa_pattern-colour-doris-tegel","18":"pa_pattern-colour-nereus-tegel","19":"pa_pattern-colour-eos-gron","20":"pa_pattern-colour-tithonus-morkbla","21":"pa_pattern-colour-helios-mork-vinrod","22":"pa_pattern-colour-eos-mandelgron","23":"pa_pattern-colour-doris-morkbla","24":"pa_pattern-colour-nereus-morkbla","25":"pa_pattern-colour-eos-gra","26":"pa_pattern-colour-tithonus-gron","27":"pa_pattern-colour-helios-morkgron","28":"pa_pattern-colour-eos-ochre-sv","29":"pa_pattern-colour-doris-morkgron","30":"pa_pattern-colour-nereus-mork-vinrod","31":"pa_pattern-colour-eos-blygra","32":"pa_pattern-colour-tithonus-blygra","33":"pa_pattern-colour-helios-gron","34":"pa_pattern-colour-tithonus-almond-sv","35":"pa_pattern-colour-doris-gron","36":"pa_pattern-colour-nereus-morkgron","37":"pa_pattern-colour-eos-ljus-gra","38":"pa_pattern-colour-tithonus-ockra","39":"pa_pattern-colour-helios-blygra","40":"pa_pattern-colour-selene-vinrod","41":"pa_pattern-colour-doris-blygra","42":"pa_pattern-colour-nereus-blygra","43":"pa_pattern-colour-eos-gul","44":"pa_pattern-colour-tithonus-gul","45":"pa_pattern-colour-helios-ockra","46":"pa_pattern-colour-selene-gron","47":"pa_pattern-colour-doris-ockra","48":"pa_pattern-colour-nereus-ockra","49":"pa_pattern-colour-helios-mandelgron","50":"pa_pattern-colour-eos-morkbla-sv","51":"pa_pattern-colour-helios-gul","52":"pa_pattern-colour-selene-svart","53":"pa_pattern-colour-doris-gul","54":"pa_pattern-colour-nereus-gul","55":"pa_pattern-colour-helios-svart","56":"pa_pattern-colour-eos-dark-bordeaux-sv","57":"pa_pattern-colour-doris-mandelgron","58":"pa_pattern-colour-nereus-mandelgron","59":"pa_pattern-colour-eos-svart","60":"pa_pattern-colour-tithonus-svart","61":"pa_pattern-colour-helios-bla","62":"pa_pattern-colour-eos-dark-green-sv","63":"pa_pattern-colour-doris-svart-sv","64":"pa_pattern-colour-nereus-svart","65":"pa_pattern-colour-eos-bla","66":"pa_pattern-colour-tithonus-bla","67":"pa_pattern-colour-helios-vinrod","68":"pa_pattern-colour-nereus-green-sv","69":"pa_pattern-colour-doris-bla","70":"pa_pattern-colour-nereus-bla","71":"collection-normandie-sv","73":"first","74":"instock","75":"taxable","76":"shipping-taxable","77":"purchasable","78":"product-type-variable","79":"has-default-attributes"},"acf":[],"yoast_head":"<!-- This site is optimized with the Yoast SEO Premium plugin v27.2 (Yoast SEO v27.2) - https:\/\/yoast.com\/product\/yoast-seo-premium-wordpress\/ -->\n<title>S\u00e4ng\u00f6verkast i bomull 180 cm x 260 cm - Johanna Gullichsen<\/title>\n<meta name=\"description\" content=\"Alla v\u00e5ra s\u00e4ng\u00f6verkast i bomull sys p\u00e5 best\u00e4llning, leveranstid cirka 3 veckor. Vill du ha specialm\u00e5tt, f\u00e5r du g\u00e4rna ta kontakt med oss\" \/>\n<meta name=\"robots\" content=\"index, follow, max-snippet:-1, max-image-preview:large, max-video-preview:-1\" \/>\n<link rel=\"canonical\" href=\"https:\/\/www.johannagullichsen.com\/sv\/produkt\/sangoverkast-i-bomull-180-cm-x-260-cm\/\" \/>\n<meta property=\"og:locale\" content=\"sv_SE\" \/>\n<meta property=\"og:type\" content=\"article\" \/>\n<meta property=\"og:title\" content=\"S\u00e4ng\u00f6verkast i bomull 180 cm x 260 cm\" \/>\n<meta property=\"og:description\" content=\"Alla v\u00e5ra s\u00e4ng\u00f6verkast i bomull sys p\u00e5 best\u00e4llning, leveranstid cirka 3 veckor. Vill du ha specialm\u00e5tt, f\u00e5r du g\u00e4rna ta kontakt med oss\" \/>\n<meta property=\"og:url\" content=\"https:\/\/www.johannagullichsen.com\/sv\/produkt\/sangoverkast-i-bomull-180-cm-x-260-cm\/\" \/>\n<meta property=\"og:site_name\" content=\"Johanna Gullichsen\" \/>\n<meta property=\"article:modified_time\" content=\"2022-02-25T11:36:10+00:00\" \/>\n<meta property=\"og:image\" content=\"https:\/\/www.johannagullichsen.com\/wp-content\/uploads\/2020\/04\/doris_almond_bedspread_narrow.jpg\" \/>\n\t<meta property=\"og:image:width\" content=\"1600\" \/>\n\t<meta property=\"og:image:height\" content=\"1200\" \/>\n\t<meta property=\"og:image:type\" content=\"image\/jpeg\" \/>\n<meta name=\"twitter:card\" content=\"summary_large_image\" \/>\n<meta name=\"twitter:label1\" content=\"Ber\u00e4knad l\u00e4stid\" \/>\n\t<meta name=\"twitter:data1\" content=\"1 minut\" \/>\n<script type=\"application\/ld+json\" class=\"yoast-schema-graph\">{\"@context\":\"https:\/\/schema.org\",\"@graph\":[{\"@type\":\"WebPage\",\"@id\":\"https:\/\/www.johannagullichsen.com\/sv\/produkt\/sangoverkast-i-bomull-180-cm-x-260-cm\/\",\"url\":\"https:\/\/www.johannagullichsen.com\/sv\/produkt\/sangoverkast-i-bomull-180-cm-x-260-cm\/\",\"name\":\"S\u00e4ng\u00f6verkast i bomull 180 cm x 260 cm - Johanna Gullichsen\",\"isPartOf\":{\"@id\":\"https:\/\/www.johannagullichsen.com\/sv\/#website\"},\"primaryImageOfPage\":{\"@id\":\"https:\/\/www.johannagullichsen.com\/sv\/produkt\/sangoverkast-i-bomull-180-cm-x-260-cm\/#primaryimage\"},\"image\":{\"@id\":\"https:\/\/www.johannagullichsen.com\/sv\/produkt\/sangoverkast-i-bomull-180-cm-x-260-cm\/#primaryimage\"},\"thumbnailUrl\":\"https:\/\/www.johannagullichsen.com\/wp-content\/uploads\/2020\/04\/doris_almond_bedspread_narrow.jpg\",\"datePublished\":\"2020-04-15T07:22:18+00:00\",\"dateModified\":\"2022-02-25T11:36:10+00:00\",\"description\":\"Alla v\u00e5ra s\u00e4ng\u00f6verkast i bomull sys p\u00e5 best\u00e4llning, leveranstid cirka 3 veckor. Vill du ha specialm\u00e5tt, f\u00e5r du g\u00e4rna ta kontakt med oss\",\"breadcrumb\":{\"@id\":\"https:\/\/www.johannagullichsen.com\/sv\/produkt\/sangoverkast-i-bomull-180-cm-x-260-cm\/#breadcrumb\"},\"inLanguage\":\"sv-SE\",\"potentialAction\":[{\"@type\":\"ReadAction\",\"target\":[\"https:\/\/www.johannagullichsen.com\/sv\/produkt\/sangoverkast-i-bomull-180-cm-x-260-cm\/\"]}]},{\"@type\":\"ImageObject\",\"inLanguage\":\"sv-SE\",\"@id\":\"https:\/\/www.johannagullichsen.com\/sv\/produkt\/sangoverkast-i-bomull-180-cm-x-260-cm\/#primaryimage\",\"url\":\"https:\/\/www.johannagullichsen.com\/wp-content\/uploads\/2020\/04\/doris_almond_bedspread_narrow.jpg\",\"contentUrl\":\"https:\/\/www.johannagullichsen.com\/wp-content\/uploads\/2020\/04\/doris_almond_bedspread_narrow.jpg\",\"width\":1600,\"height\":1200},{\"@type\":\"BreadcrumbList\",\"@id\":\"https:\/\/www.johannagullichsen.com\/sv\/produkt\/sangoverkast-i-bomull-180-cm-x-260-cm\/#breadcrumb\",\"itemListElement\":[{\"@type\":\"ListItem\",\"position\":1,\"name\":\"Home\",\"item\":\"https:\/\/www.johannagullichsen.com\/sv\/\"},{\"@type\":\"ListItem\",\"position\":2,\"name\":\"Webbutik &#8211; Produkter\",\"item\":\"https:\/\/www.johannagullichsen.com\/sv\/produkter\/\"},{\"@type\":\"ListItem\",\"position\":3,\"name\":\"S\u00e4ng\u00f6verkast i bomull 180 cm x 260 cm\"}]},{\"@type\":\"WebSite\",\"@id\":\"https:\/\/www.johannagullichsen.com\/sv\/#website\",\"url\":\"https:\/\/www.johannagullichsen.com\/sv\/\",\"name\":\"Johanna Gullichsen\",\"description\":\"\",\"potentialAction\":[{\"@type\":\"SearchAction\",\"target\":{\"@type\":\"EntryPoint\",\"urlTemplate\":\"https:\/\/www.johannagullichsen.com\/sv\/?s={search_term_string}\"},\"query-input\":{\"@type\":\"PropertyValueSpecification\",\"valueRequired\":true,\"valueName\":\"search_term_string\"}}],\"inLanguage\":\"sv-SE\"}]}<\/script>\n<!-- \/ Yoast SEO Premium plugin. -->","yoast_head_json":{"title":"S\u00e4ng\u00f6verkast i bomull 180 cm x 260 cm - Johanna Gullichsen","description":"Alla v\u00e5ra s\u00e4ng\u00f6verkast i bomull sys p\u00e5 best\u00e4llning, leveranstid cirka 3 veckor. Vill du ha specialm\u00e5tt, f\u00e5r du g\u00e4rna ta kontakt med oss","robots":{"index":"index","follow":"follow","max-snippet":"max-snippet:-1","max-image-preview":"max-image-preview:large","max-video-preview":"max-video-preview:-1"},"canonical":"https:\/\/www.johannagullichsen.com\/sv\/produkt\/sangoverkast-i-bomull-180-cm-x-260-cm\/","og_locale":"sv_SE","og_type":"article","og_title":"S\u00e4ng\u00f6verkast i bomull 180 cm x 260 cm","og_description":"Alla v\u00e5ra s\u00e4ng\u00f6verkast i bomull sys p\u00e5 best\u00e4llning, leveranstid cirka 3 veckor. Vill du ha specialm\u00e5tt, f\u00e5r du g\u00e4rna ta kontakt med oss","og_url":"https:\/\/www.johannagullichsen.com\/sv\/produkt\/sangoverkast-i-bomull-180-cm-x-260-cm\/","og_site_name":"Johanna Gullichsen","article_modified_time":"2022-02-25T11:36:10+00:00","og_image":[{"width":1600,"height":1200,"url":"https:\/\/www.johannagullichsen.com\/wp-content\/uploads\/2020\/04\/doris_almond_bedspread_narrow.jpg","type":"image\/jpeg"}],"twitter_card":"summary_large_image","twitter_misc":{"Ber\u00e4knad l\u00e4stid":"1 minut"},"schema":{"@context":"https:\/\/schema.org","@graph":[{"@type":"WebPage","@id":"https:\/\/www.johannagullichsen.com\/sv\/produkt\/sangoverkast-i-bomull-180-cm-x-260-cm\/","url":"https:\/\/www.johannagullichsen.com\/sv\/produkt\/sangoverkast-i-bomull-180-cm-x-260-cm\/","name":"S\u00e4ng\u00f6verkast i bomull 180 cm x 260 cm - Johanna Gullichsen","isPartOf":{"@id":"https:\/\/www.johannagullichsen.com\/sv\/#website"},"primaryImageOfPage":{"@id":"https:\/\/www.johannagullichsen.com\/sv\/produkt\/sangoverkast-i-bomull-180-cm-x-260-cm\/#primaryimage"},"image":{"@id":"https:\/\/www.johannagullichsen.com\/sv\/produkt\/sangoverkast-i-bomull-180-cm-x-260-cm\/#primaryimage"},"thumbnailUrl":"https:\/\/www.johannagullichsen.com\/wp-content\/uploads\/2020\/04\/doris_almond_bedspread_narrow.jpg","datePublished":"2020-04-15T07:22:18+00:00","dateModified":"2022-02-25T11:36:10+00:00","description":"Alla v\u00e5ra s\u00e4ng\u00f6verkast i bomull sys p\u00e5 best\u00e4llning, leveranstid cirka 3 veckor. Vill du ha specialm\u00e5tt, f\u00e5r du g\u00e4rna ta kontakt med oss","breadcrumb":{"@id":"https:\/\/www.johannagullichsen.com\/sv\/produkt\/sangoverkast-i-bomull-180-cm-x-260-cm\/#breadcrumb"},"inLanguage":"sv-SE","potentialAction":[{"@type":"ReadAction","target":["https:\/\/www.johannagullichsen.com\/sv\/produkt\/sangoverkast-i-bomull-180-cm-x-260-cm\/"]}]},{"@type":"ImageObject","inLanguage":"sv-SE","@id":"https:\/\/www.johannagullichsen.com\/sv\/produkt\/sangoverkast-i-bomull-180-cm-x-260-cm\/#primaryimage","url":"https:\/\/www.johannagullichsen.com\/wp-content\/uploads\/2020\/04\/doris_almond_bedspread_narrow.jpg","contentUrl":"https:\/\/www.johannagullichsen.com\/wp-content\/uploads\/2020\/04\/doris_almond_bedspread_narrow.jpg","width":1600,"height":1200},{"@type":"BreadcrumbList","@id":"https:\/\/www.johannagullichsen.com\/sv\/produkt\/sangoverkast-i-bomull-180-cm-x-260-cm\/#breadcrumb","itemListElement":[{"@type":"ListItem","position":1,"name":"Home","item":"https:\/\/www.johannagullichsen.com\/sv\/"},{"@type":"ListItem","position":2,"name":"Webbutik &#8211; Produkter","item":"https:\/\/www.johannagullichsen.com\/sv\/produkter\/"},{"@type":"ListItem","position":3,"name":"S\u00e4ng\u00f6verkast i bomull 180 cm x 260 cm"}]},{"@type":"WebSite","@id":"https:\/\/www.johannagullichsen.com\/sv\/#website","url":"https:\/\/www.johannagullichsen.com\/sv\/","name":"Johanna Gullichsen","description":"","potentialAction":[{"@type":"SearchAction","target":{"@type":"EntryPoint","urlTemplate":"https:\/\/www.johannagullichsen.com\/sv\/?s={search_term_string}"},"query-input":{"@type":"PropertyValueSpecification","valueRequired":true,"valueName":"search_term_string"}}],"inLanguage":"sv-SE"}]}},"_links":{"self":[{"href":"https:\/\/www.johannagullichsen.com\/sv\/wp-json\/wp\/v2\/product\/5737","targetHints":{"allow":["GET"]}}],"collection":[{"href":"https:\/\/www.johannagullichsen.com\/sv\/wp-json\/wp\/v2\/product"}],"about":[{"href":"https:\/\/www.johannagullichsen.com\/sv\/wp-json\/wp\/v2\/types\/product"}],"wp:featuredmedia":[{"embeddable":true,"href":"https:\/\/www.johannagullichsen.com\/sv\/wp-json\/wp\/v2\/media\/3263"}],"wp:attachment":[{"href":"https:\/\/www.johannagullichsen.com\/sv\/wp-json\/wp\/v2\/media?parent=5737"}],"wp:term":[{"taxonomy":"product_brand","embeddable":true,"href":"https:\/\/www.johannagullichsen.com\/sv\/wp-json\/wp\/v2\/product_brand?post=5737"},{"taxonomy":"product_cat","embeddable":true,"href":"https:\/\/www.johannagullichsen.com\/sv\/wp-json\/wp\/v2\/product_cat?post=5737"},{"taxonomy":"product_tag","embeddable":true,"href":"https:\/\/www.johannagullichsen.com\/sv\/wp-json\/wp\/v2\/product_tag?post=5737"}],"curies":[{"name":"wp","href":"https:\/\/api.w.org\/{rel}","templated":true}]}}