{"id":5775,"date":"2020-04-15T10:30:07","date_gmt":"2020-04-15T07:30:07","guid":{"rendered":"https:\/\/www.johannagullichsen.com\/products\/okategoriserad\/bed-spread-260cm-x-260cm\/"},"modified":"2022-02-25T13:50:08","modified_gmt":"2022-02-25T11:50:08","slug":"sangoverkast-260-cm-x-260-cm","status":"publish","type":"product","link":"https:\/\/www.johannagullichsen.com\/sv\/produkt\/sangoverkast-260-cm-x-260-cm\/","title":{"rendered":"S\u00e4ng\u00f6verkast 260 x 260 cm"},"content":{"rendered":"<h4>Snyggt \u00e4ven p\u00e5 dagen<\/h4>\n<p>B\u00e4dda hur snabbt som helst. V\u00e5ra dubbels\u00e4ngs \u00f6verkast best\u00e5r av tv\u00e5 v\u00e5der tyg ihopsydda med en snygg s\u00f6m i mitten. \u00d6verkasten g\u00f6rs p\u00e5 best\u00e4llning, leveranstid upp till tre veckor.<\/p>\n<p>Fler storlekar: <a href=\"https:\/\/www.johannagullichsen.com\/sv\/produkter\/badd-bad\/sangoverkast-180-cm-x-260-cm\/\">180 cm x 260 cm<\/a><\/p>\n","protected":false},"excerpt":{"rendered":"<p>Snyggt \u00e4ven p\u00e5 dagen B\u00e4dda hur snabbt som helst. V\u00e5ra dubbels\u00e4ngs \u00f6verkast best\u00e5r av tv\u00e5 v\u00e5der tyg ihopsydda med en snygg s\u00f6m i mitten. \u00d6verkasten g\u00f6rs p\u00e5 best\u00e4llning, leveranstid upp&hellip;<\/p>\n","protected":false},"featured_media":3284,"template":"","meta":{"_acf_changed":false},"product_brand":[],"product_cat":[272],"product_tag":[],"class_list":{"0":"post-5775","1":"product","2":"type-product","3":"status-publish","4":"has-post-thumbnail","6":"product_cat-sanggavel-och-overkast","7":"pa_pattern-colour-helios-gul","8":"pa_pattern-colour-doris-gul","9":"pa_pattern-colour-nereus-gul","10":"pa_pattern-colour-helios-svart","11":"pa_pattern-colour-eos-dark-bordeaux-sv","12":"pa_pattern-colour-doris-mandelgron","13":"pa_pattern-colour-nereus-mandelgron","14":"pa_pattern-colour-eos-svart","15":"pa_pattern-colour-tithonus-svart","16":"pa_pattern-colour-helios-bla","17":"pa_pattern-colour-eos-dark-green-sv","18":"pa_pattern-colour-doris-svart-sv","19":"pa_pattern-colour-nereus-svart","20":"pa_pattern-colour-eos-bla","21":"pa_pattern-colour-tithonus-bla","22":"pa_pattern-colour-helios-vinrod","23":"pa_pattern-colour-nereus-brick-negative-sv","24":"pa_pattern-colour-doris-bla","25":"pa_pattern-colour-nereus-bla","26":"pa_pattern-colour-eos-vinrod","27":"pa_pattern-colour-tithonus-vinrod","28":"pa_pattern-colour-helios-tegel","29":"pa_pattern-colour-nereus-green-sv","30":"pa_pattern-colour-doris-vinrod","31":"pa_pattern-colour-nereus-vinrod","32":"pa_pattern-colour-eos-tegel","33":"pa_pattern-colour-tithonus-tegel","34":"pa_pattern-colour-helios-morkbla-sv","35":"pa_pattern-colour-tithonus-dark-green-sv","36":"pa_pattern-colour-doris-tegel","37":"pa_pattern-colour-nereus-tegel","38":"pa_pattern-colour-eos-gron","39":"pa_pattern-colour-tithonus-morkbla","40":"pa_pattern-colour-helios-mork-vinrod","41":"pa_pattern-colour-eos-mandelgron","42":"pa_pattern-colour-doris-morkbla","43":"pa_pattern-colour-nereus-morkbla","44":"pa_pattern-colour-eos-gra","45":"pa_pattern-colour-tithonus-gron","46":"pa_pattern-colour-helios-morkgron","47":"pa_pattern-colour-eos-ochre-sv","48":"pa_pattern-colour-doris-morkgron","49":"pa_pattern-colour-nereus-mork-vinrod","50":"pa_pattern-colour-eos-blygra","51":"pa_pattern-colour-tithonus-blygra","52":"pa_pattern-colour-helios-gron","53":"pa_pattern-colour-tithonus-almond-sv","54":"pa_pattern-colour-doris-gron","55":"pa_pattern-colour-nereus-morkgron","56":"pa_pattern-colour-eos-ljus-gra","57":"pa_pattern-colour-tithonus-ockra","58":"pa_pattern-colour-helios-blygra","59":"pa_pattern-colour-selene-vinrod","60":"pa_pattern-colour-doris-blygra","61":"pa_pattern-colour-nereus-blygra","62":"pa_pattern-colour-eos-gul","63":"pa_pattern-colour-tithonus-gul","64":"pa_pattern-colour-helios-ockra","65":"pa_pattern-colour-doris-cirrus","66":"pa_pattern-colour-doris-ockra","67":"pa_pattern-colour-nereus-ockra","68":"pa_pattern-colour-helios-mandelgron","69":"pa_pattern-colour-eos-morkbla-sv","70":"collection-normandie-sv","72":"first","73":"instock","74":"taxable","75":"shipping-taxable","76":"purchasable","77":"product-type-variable","78":"has-default-attributes"},"acf":[],"yoast_head":"<!-- This site is optimized with the Yoast SEO Premium plugin v27.2 (Yoast SEO v27.5) - https:\/\/yoast.com\/product\/yoast-seo-premium-wordpress\/ -->\n<title>S\u00e4ng\u00f6verkast 260 x 260 cm - Johanna Gullichsen<\/title>\n<meta name=\"description\" content=\"Dubbels\u00e4ngs\u00f6verkast 260 x 260 cm hj\u00e4lper dig att b\u00e4dda hur snabbt som helst. Det \u00e4r sytt av slitstarkt bomullstyg\" \/>\n<meta name=\"robots\" content=\"index, follow, max-snippet:-1, max-image-preview:large, max-video-preview:-1\" \/>\n<link rel=\"canonical\" href=\"https:\/\/www.johannagullichsen.com\/sv\/produkt\/sangoverkast-260-cm-x-260-cm\/\" \/>\n<meta property=\"og:locale\" content=\"sv_SE\" \/>\n<meta property=\"og:type\" content=\"article\" \/>\n<meta property=\"og:title\" content=\"S\u00e4ng\u00f6verkast 260 x 260 cm\" \/>\n<meta property=\"og:description\" content=\"Dubbels\u00e4ngs\u00f6verkast 260 x 260 cm hj\u00e4lper dig att b\u00e4dda hur snabbt som helst. Det \u00e4r sytt av slitstarkt bomullstyg\" \/>\n<meta property=\"og:url\" content=\"https:\/\/www.johannagullichsen.com\/sv\/produkt\/sangoverkast-260-cm-x-260-cm\/\" \/>\n<meta property=\"og:site_name\" content=\"Johanna Gullichsen\" \/>\n<meta property=\"article:modified_time\" content=\"2022-02-25T11:50:08+00:00\" \/>\n<meta property=\"og:image\" content=\"https:\/\/www.johannagullichsen.com\/wp-content\/uploads\/2020\/04\/Eos_bedcover_1600x1200.jpg\" \/>\n\t<meta property=\"og:image:width\" content=\"1600\" \/>\n\t<meta property=\"og:image:height\" content=\"1200\" \/>\n\t<meta property=\"og:image:type\" content=\"image\/jpeg\" \/>\n<meta name=\"twitter:card\" content=\"summary_large_image\" \/>\n<script type=\"application\/ld+json\" class=\"yoast-schema-graph\">{\"@context\":\"https:\\\/\\\/schema.org\",\"@graph\":[{\"@type\":\"WebPage\",\"@id\":\"https:\\\/\\\/www.johannagullichsen.com\\\/sv\\\/produkt\\\/sangoverkast-260-cm-x-260-cm\\\/\",\"url\":\"https:\\\/\\\/www.johannagullichsen.com\\\/sv\\\/produkt\\\/sangoverkast-260-cm-x-260-cm\\\/\",\"name\":\"S\u00e4ng\u00f6verkast 260 x 260 cm - Johanna Gullichsen\",\"isPartOf\":{\"@id\":\"https:\\\/\\\/www.johannagullichsen.com\\\/sv\\\/#website\"},\"primaryImageOfPage\":{\"@id\":\"https:\\\/\\\/www.johannagullichsen.com\\\/sv\\\/produkt\\\/sangoverkast-260-cm-x-260-cm\\\/#primaryimage\"},\"image\":{\"@id\":\"https:\\\/\\\/www.johannagullichsen.com\\\/sv\\\/produkt\\\/sangoverkast-260-cm-x-260-cm\\\/#primaryimage\"},\"thumbnailUrl\":\"https:\\\/\\\/www.johannagullichsen.com\\\/wp-content\\\/uploads\\\/2020\\\/04\\\/JG_bedcover_tithonus_blue.jpg\",\"datePublished\":\"2020-04-15T07:30:07+00:00\",\"dateModified\":\"2022-02-25T11:50:08+00:00\",\"description\":\"Dubbels\u00e4ngs\u00f6verkast 260 x 260 cm hj\u00e4lper dig att b\u00e4dda hur snabbt som helst. Det \u00e4r sytt av slitstarkt bomullstyg\",\"breadcrumb\":{\"@id\":\"https:\\\/\\\/www.johannagullichsen.com\\\/sv\\\/produkt\\\/sangoverkast-260-cm-x-260-cm\\\/#breadcrumb\"},\"inLanguage\":\"sv-SE\",\"potentialAction\":[{\"@type\":\"ReadAction\",\"target\":[\"https:\\\/\\\/www.johannagullichsen.com\\\/sv\\\/produkt\\\/sangoverkast-260-cm-x-260-cm\\\/\"]}]},{\"@type\":\"ImageObject\",\"inLanguage\":\"sv-SE\",\"@id\":\"https:\\\/\\\/www.johannagullichsen.com\\\/sv\\\/produkt\\\/sangoverkast-260-cm-x-260-cm\\\/#primaryimage\",\"url\":\"https:\\\/\\\/www.johannagullichsen.com\\\/wp-content\\\/uploads\\\/2020\\\/04\\\/JG_bedcover_tithonus_blue.jpg\",\"contentUrl\":\"https:\\\/\\\/www.johannagullichsen.com\\\/wp-content\\\/uploads\\\/2020\\\/04\\\/JG_bedcover_tithonus_blue.jpg\",\"width\":1600,\"height\":1200},{\"@type\":\"BreadcrumbList\",\"@id\":\"https:\\\/\\\/www.johannagullichsen.com\\\/sv\\\/produkt\\\/sangoverkast-260-cm-x-260-cm\\\/#breadcrumb\",\"itemListElement\":[{\"@type\":\"ListItem\",\"position\":1,\"name\":\"Home\",\"item\":\"https:\\\/\\\/www.johannagullichsen.com\\\/sv\\\/\"},{\"@type\":\"ListItem\",\"position\":2,\"name\":\"Webbutik &#8211; Produkter\",\"item\":\"https:\\\/\\\/www.johannagullichsen.com\\\/sv\\\/produkter\\\/\"},{\"@type\":\"ListItem\",\"position\":3,\"name\":\"S\u00e4ng\u00f6verkast 260 x 260 cm\"}]},{\"@type\":\"WebSite\",\"@id\":\"https:\\\/\\\/www.johannagullichsen.com\\\/sv\\\/#website\",\"url\":\"https:\\\/\\\/www.johannagullichsen.com\\\/sv\\\/\",\"name\":\"Johanna Gullichsen\",\"description\":\"\",\"potentialAction\":[{\"@type\":\"SearchAction\",\"target\":{\"@type\":\"EntryPoint\",\"urlTemplate\":\"https:\\\/\\\/www.johannagullichsen.com\\\/sv\\\/?s={search_term_string}\"},\"query-input\":{\"@type\":\"PropertyValueSpecification\",\"valueRequired\":true,\"valueName\":\"search_term_string\"}}],\"inLanguage\":\"sv-SE\"}]}<\/script>\n<!-- \/ Yoast SEO Premium plugin. -->","yoast_head_json":{"title":"S\u00e4ng\u00f6verkast 260 x 260 cm - Johanna Gullichsen","description":"Dubbels\u00e4ngs\u00f6verkast 260 x 260 cm hj\u00e4lper dig att b\u00e4dda hur snabbt som helst. Det \u00e4r sytt av slitstarkt bomullstyg","robots":{"index":"index","follow":"follow","max-snippet":"max-snippet:-1","max-image-preview":"max-image-preview:large","max-video-preview":"max-video-preview:-1"},"canonical":"https:\/\/www.johannagullichsen.com\/sv\/produkt\/sangoverkast-260-cm-x-260-cm\/","og_locale":"sv_SE","og_type":"article","og_title":"S\u00e4ng\u00f6verkast 260 x 260 cm","og_description":"Dubbels\u00e4ngs\u00f6verkast 260 x 260 cm hj\u00e4lper dig att b\u00e4dda hur snabbt som helst. Det \u00e4r sytt av slitstarkt bomullstyg","og_url":"https:\/\/www.johannagullichsen.com\/sv\/produkt\/sangoverkast-260-cm-x-260-cm\/","og_site_name":"Johanna Gullichsen","article_modified_time":"2022-02-25T11:50:08+00:00","og_image":[{"width":1600,"height":1200,"url":"https:\/\/www.johannagullichsen.com\/wp-content\/uploads\/2020\/04\/Eos_bedcover_1600x1200.jpg","type":"image\/jpeg"}],"twitter_card":"summary_large_image","schema":{"@context":"https:\/\/schema.org","@graph":[{"@type":"WebPage","@id":"https:\/\/www.johannagullichsen.com\/sv\/produkt\/sangoverkast-260-cm-x-260-cm\/","url":"https:\/\/www.johannagullichsen.com\/sv\/produkt\/sangoverkast-260-cm-x-260-cm\/","name":"S\u00e4ng\u00f6verkast 260 x 260 cm - Johanna Gullichsen","isPartOf":{"@id":"https:\/\/www.johannagullichsen.com\/sv\/#website"},"primaryImageOfPage":{"@id":"https:\/\/www.johannagullichsen.com\/sv\/produkt\/sangoverkast-260-cm-x-260-cm\/#primaryimage"},"image":{"@id":"https:\/\/www.johannagullichsen.com\/sv\/produkt\/sangoverkast-260-cm-x-260-cm\/#primaryimage"},"thumbnailUrl":"https:\/\/www.johannagullichsen.com\/wp-content\/uploads\/2020\/04\/JG_bedcover_tithonus_blue.jpg","datePublished":"2020-04-15T07:30:07+00:00","dateModified":"2022-02-25T11:50:08+00:00","description":"Dubbels\u00e4ngs\u00f6verkast 260 x 260 cm hj\u00e4lper dig att b\u00e4dda hur snabbt som helst. Det \u00e4r sytt av slitstarkt bomullstyg","breadcrumb":{"@id":"https:\/\/www.johannagullichsen.com\/sv\/produkt\/sangoverkast-260-cm-x-260-cm\/#breadcrumb"},"inLanguage":"sv-SE","potentialAction":[{"@type":"ReadAction","target":["https:\/\/www.johannagullichsen.com\/sv\/produkt\/sangoverkast-260-cm-x-260-cm\/"]}]},{"@type":"ImageObject","inLanguage":"sv-SE","@id":"https:\/\/www.johannagullichsen.com\/sv\/produkt\/sangoverkast-260-cm-x-260-cm\/#primaryimage","url":"https:\/\/www.johannagullichsen.com\/wp-content\/uploads\/2020\/04\/JG_bedcover_tithonus_blue.jpg","contentUrl":"https:\/\/www.johannagullichsen.com\/wp-content\/uploads\/2020\/04\/JG_bedcover_tithonus_blue.jpg","width":1600,"height":1200},{"@type":"BreadcrumbList","@id":"https:\/\/www.johannagullichsen.com\/sv\/produkt\/sangoverkast-260-cm-x-260-cm\/#breadcrumb","itemListElement":[{"@type":"ListItem","position":1,"name":"Home","item":"https:\/\/www.johannagullichsen.com\/sv\/"},{"@type":"ListItem","position":2,"name":"Webbutik &#8211; Produkter","item":"https:\/\/www.johannagullichsen.com\/sv\/produkter\/"},{"@type":"ListItem","position":3,"name":"S\u00e4ng\u00f6verkast 260 x 260 cm"}]},{"@type":"WebSite","@id":"https:\/\/www.johannagullichsen.com\/sv\/#website","url":"https:\/\/www.johannagullichsen.com\/sv\/","name":"Johanna Gullichsen","description":"","potentialAction":[{"@type":"SearchAction","target":{"@type":"EntryPoint","urlTemplate":"https:\/\/www.johannagullichsen.com\/sv\/?s={search_term_string}"},"query-input":{"@type":"PropertyValueSpecification","valueRequired":true,"valueName":"search_term_string"}}],"inLanguage":"sv-SE"}]}},"_links":{"self":[{"href":"https:\/\/www.johannagullichsen.com\/sv\/wp-json\/wp\/v2\/product\/5775","targetHints":{"allow":["GET"]}}],"collection":[{"href":"https:\/\/www.johannagullichsen.com\/sv\/wp-json\/wp\/v2\/product"}],"about":[{"href":"https:\/\/www.johannagullichsen.com\/sv\/wp-json\/wp\/v2\/types\/product"}],"wp:featuredmedia":[{"embeddable":true,"href":"https:\/\/www.johannagullichsen.com\/sv\/wp-json\/wp\/v2\/media\/3284"}],"wp:attachment":[{"href":"https:\/\/www.johannagullichsen.com\/sv\/wp-json\/wp\/v2\/media?parent=5775"}],"wp:term":[{"taxonomy":"product_brand","embeddable":true,"href":"https:\/\/www.johannagullichsen.com\/sv\/wp-json\/wp\/v2\/product_brand?post=5775"},{"taxonomy":"product_cat","embeddable":true,"href":"https:\/\/www.johannagullichsen.com\/sv\/wp-json\/wp\/v2\/product_cat?post=5775"},{"taxonomy":"product_tag","embeddable":true,"href":"https:\/\/www.johannagullichsen.com\/sv\/wp-json\/wp\/v2\/product_tag?post=5775"}],"curies":[{"name":"wp","href":"https:\/\/api.w.org\/{rel}","templated":true}]}}