{"id":5803,"date":"2020-04-27T15:39:16","date_gmt":"2020-04-27T12:39:16","guid":{"rendered":"https:\/\/www.johannagullichsen.com\/products\/okategoriserad\/ribbon-purse-4n\/"},"modified":"2021-04-30T17:19:12","modified_gmt":"2021-04-30T14:19:12","slug":"ribbon-bors-4n","status":"publish","type":"product","link":"https:\/\/www.johannagullichsen.com\/sv\/produkt\/ribbon-bors-4n\/","title":{"rendered":"Ribbon B\u00f6rs 4N"},"content":{"rendered":"<h4>Fiffig b\u00f6rs<\/h4>\n<p>Tack vare sina granna f\u00e4rger hittar du den l\u00e4tt i v\u00e4skan.<\/p>\n<p>Med matchande <a href=\"https:\/\/www.johannagullichsen.com\/sv\/produkter\/accessoarer-vaskor\/kappsacks-balte\/\">bagage b\u00e4lte<\/a> en perfekt present till n\u00e5gon som redan har &#8221;allt&#8221;!<\/p>\n","protected":false},"excerpt":{"rendered":"<p>Fiffig b\u00f6rs Tack vare sina granna f\u00e4rger hittar du den l\u00e4tt i v\u00e4skan. Med matchande bagage b\u00e4lte en perfekt present till n\u00e5gon som redan har &#8221;allt&#8221;!<\/p>\n","protected":false},"featured_media":26718,"template":"","meta":{"_acf_changed":false},"product_brand":[],"product_cat":[269,1992],"product_tag":[],"class_list":{"0":"post-5803","1":"product","2":"type-product","3":"status-publish","4":"has-post-thumbnail","6":"product_cat-accessoarer-vaskor","7":"product_cat-necessarer-och-borsar","8":"pa_pattern-colour-ribbon-gron-gul","9":"pa_pattern-colour-ribbon-narrow-bla-gron","10":"pa_pattern-colour-ribbon-narrow-orange-sv","11":"pa_pattern-colour-ribbon-narrow-yellow-sv","12":"collection-ribbon-sv","14":"first","15":"instock","16":"taxable","17":"shipping-taxable","18":"purchasable","19":"product-type-variable"},"acf":[],"yoast_head":"<!-- This site is optimized with the Yoast SEO Premium plugin v27.2 (Yoast SEO v27.5) - https:\/\/yoast.com\/product\/yoast-seo-premium-wordpress\/ -->\n<title>Ribbon B\u00f6rs 4N - Johanna Gullichsen<\/title>\n<meta name=\"description\" content=\"Fiffig b\u00f6rs som du hittar l\u00e4tt i v\u00e4skan tack vare sina granna f\u00e4rger. 100% bomull. Design Johanna Gullichsen.\" \/>\n<meta name=\"robots\" content=\"index, follow, max-snippet:-1, max-image-preview:large, max-video-preview:-1\" \/>\n<link rel=\"canonical\" href=\"https:\/\/www.johannagullichsen.com\/sv\/produkt\/ribbon-bors-4n\/\" \/>\n<meta property=\"og:locale\" content=\"sv_SE\" \/>\n<meta property=\"og:type\" content=\"article\" \/>\n<meta property=\"og:title\" content=\"Ribbon B\u00f6rs 4N\" \/>\n<meta property=\"og:description\" content=\"Fiffig b\u00f6rs som du hittar l\u00e4tt i v\u00e4skan tack vare sina granna f\u00e4rger. 100% bomull. Design Johanna Gullichsen.\" \/>\n<meta property=\"og:url\" content=\"https:\/\/www.johannagullichsen.com\/sv\/produkt\/ribbon-bors-4n\/\" \/>\n<meta property=\"og:site_name\" content=\"Johanna Gullichsen\" \/>\n<meta property=\"article:modified_time\" content=\"2021-04-30T14:19:12+00:00\" \/>\n<meta property=\"og:image\" content=\"https:\/\/www.johannagullichsen.com\/wp-content\/uploads\/2020\/04\/johanna_Gullichsen_Ribbon_Purse_orange.jpg\" \/>\n\t<meta property=\"og:image:width\" content=\"1600\" \/>\n\t<meta property=\"og:image:height\" content=\"1200\" \/>\n\t<meta property=\"og:image:type\" content=\"image\/jpeg\" \/>\n<meta name=\"twitter:card\" content=\"summary_large_image\" \/>\n<meta name=\"twitter:label1\" content=\"Ber\u00e4knad l\u00e4stid\" \/>\n\t<meta name=\"twitter:data1\" content=\"1 minut\" \/>\n<script type=\"application\/ld+json\" class=\"yoast-schema-graph\">{\"@context\":\"https:\\\/\\\/schema.org\",\"@graph\":[{\"@type\":\"WebPage\",\"@id\":\"https:\\\/\\\/www.johannagullichsen.com\\\/sv\\\/produkt\\\/ribbon-bors-4n\\\/\",\"url\":\"https:\\\/\\\/www.johannagullichsen.com\\\/sv\\\/produkt\\\/ribbon-bors-4n\\\/\",\"name\":\"Ribbon B\u00f6rs 4N - Johanna Gullichsen\",\"isPartOf\":{\"@id\":\"https:\\\/\\\/www.johannagullichsen.com\\\/sv\\\/#website\"},\"primaryImageOfPage\":{\"@id\":\"https:\\\/\\\/www.johannagullichsen.com\\\/sv\\\/produkt\\\/ribbon-bors-4n\\\/#primaryimage\"},\"image\":{\"@id\":\"https:\\\/\\\/www.johannagullichsen.com\\\/sv\\\/produkt\\\/ribbon-bors-4n\\\/#primaryimage\"},\"thumbnailUrl\":\"https:\\\/\\\/www.johannagullichsen.com\\\/wp-content\\\/uploads\\\/2020\\\/04\\\/Johanna-Gullichsen-Ribbon-Purse-yellow.jpg\",\"datePublished\":\"2020-04-27T12:39:16+00:00\",\"dateModified\":\"2021-04-30T14:19:12+00:00\",\"description\":\"Fiffig b\u00f6rs som du hittar l\u00e4tt i v\u00e4skan tack vare sina granna f\u00e4rger. 100% bomull. Design Johanna Gullichsen.\",\"breadcrumb\":{\"@id\":\"https:\\\/\\\/www.johannagullichsen.com\\\/sv\\\/produkt\\\/ribbon-bors-4n\\\/#breadcrumb\"},\"inLanguage\":\"sv-SE\",\"potentialAction\":[{\"@type\":\"ReadAction\",\"target\":[\"https:\\\/\\\/www.johannagullichsen.com\\\/sv\\\/produkt\\\/ribbon-bors-4n\\\/\"]}]},{\"@type\":\"ImageObject\",\"inLanguage\":\"sv-SE\",\"@id\":\"https:\\\/\\\/www.johannagullichsen.com\\\/sv\\\/produkt\\\/ribbon-bors-4n\\\/#primaryimage\",\"url\":\"https:\\\/\\\/www.johannagullichsen.com\\\/wp-content\\\/uploads\\\/2020\\\/04\\\/Johanna-Gullichsen-Ribbon-Purse-yellow.jpg\",\"contentUrl\":\"https:\\\/\\\/www.johannagullichsen.com\\\/wp-content\\\/uploads\\\/2020\\\/04\\\/Johanna-Gullichsen-Ribbon-Purse-yellow.jpg\",\"width\":1600,\"height\":1200},{\"@type\":\"BreadcrumbList\",\"@id\":\"https:\\\/\\\/www.johannagullichsen.com\\\/sv\\\/produkt\\\/ribbon-bors-4n\\\/#breadcrumb\",\"itemListElement\":[{\"@type\":\"ListItem\",\"position\":1,\"name\":\"Home\",\"item\":\"https:\\\/\\\/www.johannagullichsen.com\\\/sv\\\/\"},{\"@type\":\"ListItem\",\"position\":2,\"name\":\"Webbutik &#8211; Produkter\",\"item\":\"https:\\\/\\\/www.johannagullichsen.com\\\/sv\\\/produkter\\\/\"},{\"@type\":\"ListItem\",\"position\":3,\"name\":\"Ribbon B\u00f6rs 4N\"}]},{\"@type\":\"WebSite\",\"@id\":\"https:\\\/\\\/www.johannagullichsen.com\\\/sv\\\/#website\",\"url\":\"https:\\\/\\\/www.johannagullichsen.com\\\/sv\\\/\",\"name\":\"Johanna Gullichsen\",\"description\":\"\",\"potentialAction\":[{\"@type\":\"SearchAction\",\"target\":{\"@type\":\"EntryPoint\",\"urlTemplate\":\"https:\\\/\\\/www.johannagullichsen.com\\\/sv\\\/?s={search_term_string}\"},\"query-input\":{\"@type\":\"PropertyValueSpecification\",\"valueRequired\":true,\"valueName\":\"search_term_string\"}}],\"inLanguage\":\"sv-SE\"}]}<\/script>\n<!-- \/ Yoast SEO Premium plugin. -->","yoast_head_json":{"title":"Ribbon B\u00f6rs 4N - Johanna Gullichsen","description":"Fiffig b\u00f6rs som du hittar l\u00e4tt i v\u00e4skan tack vare sina granna f\u00e4rger. 100% bomull. Design Johanna Gullichsen.","robots":{"index":"index","follow":"follow","max-snippet":"max-snippet:-1","max-image-preview":"max-image-preview:large","max-video-preview":"max-video-preview:-1"},"canonical":"https:\/\/www.johannagullichsen.com\/sv\/produkt\/ribbon-bors-4n\/","og_locale":"sv_SE","og_type":"article","og_title":"Ribbon B\u00f6rs 4N","og_description":"Fiffig b\u00f6rs som du hittar l\u00e4tt i v\u00e4skan tack vare sina granna f\u00e4rger. 100% bomull. Design Johanna Gullichsen.","og_url":"https:\/\/www.johannagullichsen.com\/sv\/produkt\/ribbon-bors-4n\/","og_site_name":"Johanna Gullichsen","article_modified_time":"2021-04-30T14:19:12+00:00","og_image":[{"width":1600,"height":1200,"url":"https:\/\/www.johannagullichsen.com\/wp-content\/uploads\/2020\/04\/johanna_Gullichsen_Ribbon_Purse_orange.jpg","type":"image\/jpeg"}],"twitter_card":"summary_large_image","twitter_misc":{"Ber\u00e4knad l\u00e4stid":"1 minut"},"schema":{"@context":"https:\/\/schema.org","@graph":[{"@type":"WebPage","@id":"https:\/\/www.johannagullichsen.com\/sv\/produkt\/ribbon-bors-4n\/","url":"https:\/\/www.johannagullichsen.com\/sv\/produkt\/ribbon-bors-4n\/","name":"Ribbon B\u00f6rs 4N - Johanna Gullichsen","isPartOf":{"@id":"https:\/\/www.johannagullichsen.com\/sv\/#website"},"primaryImageOfPage":{"@id":"https:\/\/www.johannagullichsen.com\/sv\/produkt\/ribbon-bors-4n\/#primaryimage"},"image":{"@id":"https:\/\/www.johannagullichsen.com\/sv\/produkt\/ribbon-bors-4n\/#primaryimage"},"thumbnailUrl":"https:\/\/www.johannagullichsen.com\/wp-content\/uploads\/2020\/04\/Johanna-Gullichsen-Ribbon-Purse-yellow.jpg","datePublished":"2020-04-27T12:39:16+00:00","dateModified":"2021-04-30T14:19:12+00:00","description":"Fiffig b\u00f6rs som du hittar l\u00e4tt i v\u00e4skan tack vare sina granna f\u00e4rger. 100% bomull. Design Johanna Gullichsen.","breadcrumb":{"@id":"https:\/\/www.johannagullichsen.com\/sv\/produkt\/ribbon-bors-4n\/#breadcrumb"},"inLanguage":"sv-SE","potentialAction":[{"@type":"ReadAction","target":["https:\/\/www.johannagullichsen.com\/sv\/produkt\/ribbon-bors-4n\/"]}]},{"@type":"ImageObject","inLanguage":"sv-SE","@id":"https:\/\/www.johannagullichsen.com\/sv\/produkt\/ribbon-bors-4n\/#primaryimage","url":"https:\/\/www.johannagullichsen.com\/wp-content\/uploads\/2020\/04\/Johanna-Gullichsen-Ribbon-Purse-yellow.jpg","contentUrl":"https:\/\/www.johannagullichsen.com\/wp-content\/uploads\/2020\/04\/Johanna-Gullichsen-Ribbon-Purse-yellow.jpg","width":1600,"height":1200},{"@type":"BreadcrumbList","@id":"https:\/\/www.johannagullichsen.com\/sv\/produkt\/ribbon-bors-4n\/#breadcrumb","itemListElement":[{"@type":"ListItem","position":1,"name":"Home","item":"https:\/\/www.johannagullichsen.com\/sv\/"},{"@type":"ListItem","position":2,"name":"Webbutik &#8211; Produkter","item":"https:\/\/www.johannagullichsen.com\/sv\/produkter\/"},{"@type":"ListItem","position":3,"name":"Ribbon B\u00f6rs 4N"}]},{"@type":"WebSite","@id":"https:\/\/www.johannagullichsen.com\/sv\/#website","url":"https:\/\/www.johannagullichsen.com\/sv\/","name":"Johanna Gullichsen","description":"","potentialAction":[{"@type":"SearchAction","target":{"@type":"EntryPoint","urlTemplate":"https:\/\/www.johannagullichsen.com\/sv\/?s={search_term_string}"},"query-input":{"@type":"PropertyValueSpecification","valueRequired":true,"valueName":"search_term_string"}}],"inLanguage":"sv-SE"}]}},"_links":{"self":[{"href":"https:\/\/www.johannagullichsen.com\/sv\/wp-json\/wp\/v2\/product\/5803","targetHints":{"allow":["GET"]}}],"collection":[{"href":"https:\/\/www.johannagullichsen.com\/sv\/wp-json\/wp\/v2\/product"}],"about":[{"href":"https:\/\/www.johannagullichsen.com\/sv\/wp-json\/wp\/v2\/types\/product"}],"wp:featuredmedia":[{"embeddable":true,"href":"https:\/\/www.johannagullichsen.com\/sv\/wp-json\/wp\/v2\/media\/26718"}],"wp:attachment":[{"href":"https:\/\/www.johannagullichsen.com\/sv\/wp-json\/wp\/v2\/media?parent=5803"}],"wp:term":[{"taxonomy":"product_brand","embeddable":true,"href":"https:\/\/www.johannagullichsen.com\/sv\/wp-json\/wp\/v2\/product_brand?post=5803"},{"taxonomy":"product_cat","embeddable":true,"href":"https:\/\/www.johannagullichsen.com\/sv\/wp-json\/wp\/v2\/product_cat?post=5803"},{"taxonomy":"product_tag","embeddable":true,"href":"https:\/\/www.johannagullichsen.com\/sv\/wp-json\/wp\/v2\/product_tag?post=5803"}],"curies":[{"name":"wp","href":"https:\/\/api.w.org\/{rel}","templated":true}]}}