{"id":5931,"date":"2020-04-15T11:41:36","date_gmt":"2020-04-15T08:41:36","guid":{"rendered":"https:\/\/www.johannagullichsen.com\/products\/okategoriserad\/champagne-bag\/"},"modified":"2026-03-17T07:56:37","modified_gmt":"2026-03-17T05:56:37","slug":"champagne-bag","status":"publish","type":"product","link":"https:\/\/www.johannagullichsen.com\/sv\/produkt\/champagne-bag\/","title":{"rendered":"Champagne bag &#8211; v\u00e4ska f\u00f6r 2 flaskor"},"content":{"rendered":"<h4>Rymmer tv\u00e5 flaskor bubbligt<\/h4>\n<p>En j\u00e4ttesnygg v\u00e4ska f\u00f6r 2 flaskor bubbligt. 100% bomull, maskintv\u00e4ttbar.<\/p>\n<p>F\u00e4rgning, v\u00e4vning och s\u00f6mnad i Finland.<\/p>\n","protected":false},"excerpt":{"rendered":"<p>Rymmer tv\u00e5 flaskor bubbligt En j\u00e4ttesnygg v\u00e4ska f\u00f6r 2 flaskor bubbligt. 100% bomull, maskintv\u00e4ttbar. F\u00e4rgning, v\u00e4vning och s\u00f6mnad i Finland.<\/p>\n","protected":false},"featured_media":25329,"template":"","meta":{"_acf_changed":false},"product_brand":[],"product_cat":[1991,269],"product_tag":[],"class_list":{"0":"post-5931","1":"product","2":"type-product","3":"status-publish","4":"has-post-thumbnail","6":"product_cat-vaskor","7":"product_cat-accessoarer-vaskor","8":"pa_pattern-colour-eos-ljus-gra","9":"pa_pattern-colour-tithonus-svart","10":"pa_pattern-colour-doris-halm","11":"pa_pattern-colour-helios-mork-vinrod","12":"pa_pattern-colour-helios-bordeaux-negative-sv","13":"pa_pattern-colour-doris-gron","14":"pa_pattern-colour-nereus-bla-negativ","15":"pa_pattern-colour-doris-dark-bordeaux-sv","16":"pa_pattern-colour-eos-gul","17":"pa_pattern-colour-tithonus-bla","18":"pa_pattern-colour-helios-morkgron","19":"pa_pattern-colour-helios-lead-negative-sv","20":"pa_pattern-colour-doris-blygra","21":"pa_pattern-colour-nereus-vinrod","22":"pa_pattern-colour-helios-green-negative-sv","23":"pa_pattern-colour-helios-mandelgron","24":"pa_pattern-colour-tithonus-vinrod","25":"pa_pattern-colour-helios-morkgron-negativ","26":"pa_pattern-colour-helios-ochre-negative-sv","27":"pa_pattern-colour-doris-ockra","28":"pa_pattern-colour-nereus-tegel","29":"pa_pattern-colour-helios-lime-sv","30":"pa_pattern-colour-helios-svart","31":"pa_pattern-colour-tithonus-tegel","32":"pa_pattern-colour-helios-gron","33":"pa_pattern-colour-nereus-almond-negative-sv","34":"pa_pattern-colour-doris-gul","35":"pa_pattern-colour-nereus-morkbla","36":"pa_pattern-colour-helios-lime-negative-sv","37":"pa_pattern-colour-helios-svart-negativ","38":"pa_pattern-colour-tithonus-morkbla","39":"pa_pattern-colour-doris-mandelgron","40":"pa_pattern-colour-helios-blygra","41":"pa_pattern-colour-nereus-bordeaux-negative-sv","42":"pa_pattern-colour-eos-svart","43":"pa_pattern-colour-nereus-morkbla-negativ","44":"pa_pattern-colour-nereus-green-negative-sv","45":"pa_pattern-colour-helios-bla","46":"pa_pattern-colour-tithonus-gron","47":"pa_pattern-colour-doris-svart-sv","48":"pa_pattern-colour-helios-ockra","49":"pa_pattern-colour-nereus-brick-negative-sv","50":"pa_pattern-colour-eos-bla","51":"pa_pattern-colour-nereus-mork-vinrod","52":"pa_pattern-colour-nereus-silver-sv","53":"pa_pattern-colour-helios-vinrod","54":"pa_pattern-colour-tithonus-blygra","55":"pa_pattern-colour-doris-bla","56":"pa_pattern-colour-helios-gul","57":"pa_pattern-colour-nereus-dark-green-negative-sv","58":"pa_pattern-colour-eos-tegel","59":"pa_pattern-colour-nereus-morkgron","60":"pa_pattern-colour-tithonus-lime-sv","61":"pa_pattern-colour-helios-tegel","62":"pa_pattern-colour-tithonus-ockra","63":"pa_pattern-colour-doris-vinrod","64":"pa_pattern-colour-nereus-mandelgron","65":"pa_pattern-colour-nereus-green-sv","66":"pa_pattern-colour-eos-gron","67":"pa_pattern-colour-nereus-blygra","68":"pa_pattern-colour-tilkku-gra","69":"pa_pattern-colour-helios-tegel-negativ","70":"pa_pattern-colour-tithonus-gul","71":"pa_pattern-colour-doris-tegel","72":"pa_pattern-colour-nereus-svart","73":"pa_pattern-colour-nereus-lead-negative-sv","74":"pa_pattern-colour-eos-gra","75":"pa_pattern-colour-nereus-ockra","76":"pa_pattern-colour-tilkku-ockra","77":"pa_pattern-colour-helios-morkbla-sv","78":"pa_pattern-colour-helios-almond-negative-sv","79":"pa_pattern-colour-doris-morkbla","80":"pa_pattern-colour-nereus-svart-negativ","81":"pa_pattern-colour-nereus-ochre-negative-sv","82":"pa_pattern-colour-eos-blygra","83":"pa_pattern-colour-nereus-gul","84":"pa_pattern-colour-tilkku-svart","85":"pa_pattern-colour-helios-morkbla-negativ","86":"pa_pattern-colour-helios-blue-negativet-sv","87":"pa_pattern-colour-doris-morkgron","88":"pa_pattern-colour-nereus-bla","89":"pa_pattern-colour-tithonus-dark-green-sv","90":"collection-normandie-sv","92":"first","93":"instock","94":"taxable","95":"shipping-taxable","96":"purchasable","97":"product-type-variable"},"acf":[],"yoast_head":"<!-- This site is optimized with the Yoast SEO Premium plugin v27.2 (Yoast SEO v27.2) - https:\/\/yoast.com\/product\/yoast-seo-premium-wordpress\/ -->\n<title>Champagne bag - v\u00e4ska f\u00f6r 2 flaskor - Johanna Gullichsen<\/title>\n<meta name=\"description\" content=\"Champagne bag \u00e4r en j\u00e4tte snygg v\u00e4ska f\u00f6r 2 flaskor bubbligt! 100% bomull, maskintv\u00e4ttbar. Design Johanna Gullichsen.\" \/>\n<meta name=\"robots\" content=\"index, follow, max-snippet:-1, max-image-preview:large, max-video-preview:-1\" \/>\n<link rel=\"canonical\" href=\"https:\/\/www.johannagullichsen.com\/sv\/produkt\/champagne-bag\/\" \/>\n<meta property=\"og:locale\" content=\"sv_SE\" \/>\n<meta property=\"og:type\" content=\"article\" \/>\n<meta property=\"og:title\" content=\"Champagne bag - v\u00e4ska f\u00f6r 2 flaskor\" \/>\n<meta property=\"og:description\" content=\"Champagne bag \u00e4r en j\u00e4tte snygg v\u00e4ska f\u00f6r 2 flaskor bubbligt! 100% bomull, maskintv\u00e4ttbar. Design Johanna Gullichsen.\" \/>\n<meta property=\"og:url\" content=\"https:\/\/www.johannagullichsen.com\/sv\/produkt\/champagne-bag\/\" \/>\n<meta property=\"og:site_name\" content=\"Johanna Gullichsen\" \/>\n<meta property=\"article:modified_time\" content=\"2026-03-17T05:56:37+00:00\" \/>\n<meta property=\"og:image\" content=\"https:\/\/www.johannagullichsen.com\/wp-content\/uploads\/2020\/04\/Johanna-Gullichsen-Champagne-bag-Helios-green.jpg\" \/>\n\t<meta property=\"og:image:width\" content=\"1600\" \/>\n\t<meta property=\"og:image:height\" content=\"1200\" \/>\n\t<meta property=\"og:image:type\" content=\"image\/jpeg\" \/>\n<meta name=\"twitter:card\" content=\"summary_large_image\" \/>\n<meta name=\"twitter:label1\" content=\"Ber\u00e4knad l\u00e4stid\" \/>\n\t<meta name=\"twitter:data1\" content=\"1 minut\" \/>\n<script type=\"application\/ld+json\" class=\"yoast-schema-graph\">{\"@context\":\"https:\/\/schema.org\",\"@graph\":[{\"@type\":\"WebPage\",\"@id\":\"https:\/\/www.johannagullichsen.com\/sv\/produkt\/champagne-bag\/\",\"url\":\"https:\/\/www.johannagullichsen.com\/sv\/produkt\/champagne-bag\/\",\"name\":\"Champagne bag - v\u00e4ska f\u00f6r 2 flaskor - Johanna Gullichsen\",\"isPartOf\":{\"@id\":\"https:\/\/www.johannagullichsen.com\/sv\/#website\"},\"primaryImageOfPage\":{\"@id\":\"https:\/\/www.johannagullichsen.com\/sv\/produkt\/champagne-bag\/#primaryimage\"},\"image\":{\"@id\":\"https:\/\/www.johannagullichsen.com\/sv\/produkt\/champagne-bag\/#primaryimage\"},\"thumbnailUrl\":\"https:\/\/www.johannagullichsen.com\/wp-content\/uploads\/2020\/04\/Johanna-Gullichsen-Champagne-bag-Helios-green.jpg\",\"datePublished\":\"2020-04-15T08:41:36+00:00\",\"dateModified\":\"2026-03-17T05:56:37+00:00\",\"description\":\"Champagne bag \u00e4r en j\u00e4tte snygg v\u00e4ska f\u00f6r 2 flaskor bubbligt! 100% bomull, maskintv\u00e4ttbar. Design Johanna Gullichsen.\",\"breadcrumb\":{\"@id\":\"https:\/\/www.johannagullichsen.com\/sv\/produkt\/champagne-bag\/#breadcrumb\"},\"inLanguage\":\"sv-SE\",\"potentialAction\":[{\"@type\":\"ReadAction\",\"target\":[\"https:\/\/www.johannagullichsen.com\/sv\/produkt\/champagne-bag\/\"]}]},{\"@type\":\"ImageObject\",\"inLanguage\":\"sv-SE\",\"@id\":\"https:\/\/www.johannagullichsen.com\/sv\/produkt\/champagne-bag\/#primaryimage\",\"url\":\"https:\/\/www.johannagullichsen.com\/wp-content\/uploads\/2020\/04\/Johanna-Gullichsen-Champagne-bag-Helios-green.jpg\",\"contentUrl\":\"https:\/\/www.johannagullichsen.com\/wp-content\/uploads\/2020\/04\/Johanna-Gullichsen-Champagne-bag-Helios-green.jpg\",\"width\":1600,\"height\":1200},{\"@type\":\"BreadcrumbList\",\"@id\":\"https:\/\/www.johannagullichsen.com\/sv\/produkt\/champagne-bag\/#breadcrumb\",\"itemListElement\":[{\"@type\":\"ListItem\",\"position\":1,\"name\":\"Home\",\"item\":\"https:\/\/www.johannagullichsen.com\/sv\/\"},{\"@type\":\"ListItem\",\"position\":2,\"name\":\"Webbutik &#8211; Produkter\",\"item\":\"https:\/\/www.johannagullichsen.com\/sv\/produkter\/\"},{\"@type\":\"ListItem\",\"position\":3,\"name\":\"Champagne bag &#8211; v\u00e4ska f\u00f6r 2 flaskor\"}]},{\"@type\":\"WebSite\",\"@id\":\"https:\/\/www.johannagullichsen.com\/sv\/#website\",\"url\":\"https:\/\/www.johannagullichsen.com\/sv\/\",\"name\":\"Johanna Gullichsen\",\"description\":\"\",\"potentialAction\":[{\"@type\":\"SearchAction\",\"target\":{\"@type\":\"EntryPoint\",\"urlTemplate\":\"https:\/\/www.johannagullichsen.com\/sv\/?s={search_term_string}\"},\"query-input\":{\"@type\":\"PropertyValueSpecification\",\"valueRequired\":true,\"valueName\":\"search_term_string\"}}],\"inLanguage\":\"sv-SE\"}]}<\/script>\n<!-- \/ Yoast SEO Premium plugin. -->","yoast_head_json":{"title":"Champagne bag - v\u00e4ska f\u00f6r 2 flaskor - Johanna Gullichsen","description":"Champagne bag \u00e4r en j\u00e4tte snygg v\u00e4ska f\u00f6r 2 flaskor bubbligt! 100% bomull, maskintv\u00e4ttbar. Design Johanna Gullichsen.","robots":{"index":"index","follow":"follow","max-snippet":"max-snippet:-1","max-image-preview":"max-image-preview:large","max-video-preview":"max-video-preview:-1"},"canonical":"https:\/\/www.johannagullichsen.com\/sv\/produkt\/champagne-bag\/","og_locale":"sv_SE","og_type":"article","og_title":"Champagne bag - v\u00e4ska f\u00f6r 2 flaskor","og_description":"Champagne bag \u00e4r en j\u00e4tte snygg v\u00e4ska f\u00f6r 2 flaskor bubbligt! 100% bomull, maskintv\u00e4ttbar. Design Johanna Gullichsen.","og_url":"https:\/\/www.johannagullichsen.com\/sv\/produkt\/champagne-bag\/","og_site_name":"Johanna Gullichsen","article_modified_time":"2026-03-17T05:56:37+00:00","og_image":[{"width":1600,"height":1200,"url":"https:\/\/www.johannagullichsen.com\/wp-content\/uploads\/2020\/04\/Johanna-Gullichsen-Champagne-bag-Helios-green.jpg","type":"image\/jpeg"}],"twitter_card":"summary_large_image","twitter_misc":{"Ber\u00e4knad l\u00e4stid":"1 minut"},"schema":{"@context":"https:\/\/schema.org","@graph":[{"@type":"WebPage","@id":"https:\/\/www.johannagullichsen.com\/sv\/produkt\/champagne-bag\/","url":"https:\/\/www.johannagullichsen.com\/sv\/produkt\/champagne-bag\/","name":"Champagne bag - v\u00e4ska f\u00f6r 2 flaskor - Johanna Gullichsen","isPartOf":{"@id":"https:\/\/www.johannagullichsen.com\/sv\/#website"},"primaryImageOfPage":{"@id":"https:\/\/www.johannagullichsen.com\/sv\/produkt\/champagne-bag\/#primaryimage"},"image":{"@id":"https:\/\/www.johannagullichsen.com\/sv\/produkt\/champagne-bag\/#primaryimage"},"thumbnailUrl":"https:\/\/www.johannagullichsen.com\/wp-content\/uploads\/2020\/04\/Johanna-Gullichsen-Champagne-bag-Helios-green.jpg","datePublished":"2020-04-15T08:41:36+00:00","dateModified":"2026-03-17T05:56:37+00:00","description":"Champagne bag \u00e4r en j\u00e4tte snygg v\u00e4ska f\u00f6r 2 flaskor bubbligt! 100% bomull, maskintv\u00e4ttbar. Design Johanna Gullichsen.","breadcrumb":{"@id":"https:\/\/www.johannagullichsen.com\/sv\/produkt\/champagne-bag\/#breadcrumb"},"inLanguage":"sv-SE","potentialAction":[{"@type":"ReadAction","target":["https:\/\/www.johannagullichsen.com\/sv\/produkt\/champagne-bag\/"]}]},{"@type":"ImageObject","inLanguage":"sv-SE","@id":"https:\/\/www.johannagullichsen.com\/sv\/produkt\/champagne-bag\/#primaryimage","url":"https:\/\/www.johannagullichsen.com\/wp-content\/uploads\/2020\/04\/Johanna-Gullichsen-Champagne-bag-Helios-green.jpg","contentUrl":"https:\/\/www.johannagullichsen.com\/wp-content\/uploads\/2020\/04\/Johanna-Gullichsen-Champagne-bag-Helios-green.jpg","width":1600,"height":1200},{"@type":"BreadcrumbList","@id":"https:\/\/www.johannagullichsen.com\/sv\/produkt\/champagne-bag\/#breadcrumb","itemListElement":[{"@type":"ListItem","position":1,"name":"Home","item":"https:\/\/www.johannagullichsen.com\/sv\/"},{"@type":"ListItem","position":2,"name":"Webbutik &#8211; Produkter","item":"https:\/\/www.johannagullichsen.com\/sv\/produkter\/"},{"@type":"ListItem","position":3,"name":"Champagne bag &#8211; v\u00e4ska f\u00f6r 2 flaskor"}]},{"@type":"WebSite","@id":"https:\/\/www.johannagullichsen.com\/sv\/#website","url":"https:\/\/www.johannagullichsen.com\/sv\/","name":"Johanna Gullichsen","description":"","potentialAction":[{"@type":"SearchAction","target":{"@type":"EntryPoint","urlTemplate":"https:\/\/www.johannagullichsen.com\/sv\/?s={search_term_string}"},"query-input":{"@type":"PropertyValueSpecification","valueRequired":true,"valueName":"search_term_string"}}],"inLanguage":"sv-SE"}]}},"_links":{"self":[{"href":"https:\/\/www.johannagullichsen.com\/sv\/wp-json\/wp\/v2\/product\/5931","targetHints":{"allow":["GET"]}}],"collection":[{"href":"https:\/\/www.johannagullichsen.com\/sv\/wp-json\/wp\/v2\/product"}],"about":[{"href":"https:\/\/www.johannagullichsen.com\/sv\/wp-json\/wp\/v2\/types\/product"}],"wp:featuredmedia":[{"embeddable":true,"href":"https:\/\/www.johannagullichsen.com\/sv\/wp-json\/wp\/v2\/media\/25329"}],"wp:attachment":[{"href":"https:\/\/www.johannagullichsen.com\/sv\/wp-json\/wp\/v2\/media?parent=5931"}],"wp:term":[{"taxonomy":"product_brand","embeddable":true,"href":"https:\/\/www.johannagullichsen.com\/sv\/wp-json\/wp\/v2\/product_brand?post=5931"},{"taxonomy":"product_cat","embeddable":true,"href":"https:\/\/www.johannagullichsen.com\/sv\/wp-json\/wp\/v2\/product_cat?post=5931"},{"taxonomy":"product_tag","embeddable":true,"href":"https:\/\/www.johannagullichsen.com\/sv\/wp-json\/wp\/v2\/product_tag?post=5931"}],"curies":[{"name":"wp","href":"https:\/\/api.w.org\/{rel}","templated":true}]}}