{"id":6005,"date":"2020-04-15T13:24:14","date_gmt":"2020-04-15T10:24:14","guid":{"rendered":"https:\/\/www.johannagullichsen.com\/products\/okategoriserad\/coin-purse\/"},"modified":"2025-05-05T12:39:58","modified_gmt":"2025-05-05T09:39:58","slug":"mini-bors","status":"publish","type":"product","link":"https:\/\/www.johannagullichsen.com\/sv\/produkt\/mini-bors\/","title":{"rendered":"Mini B\u00f6rs"},"content":{"rendered":"<h4>En liten b\u00f6rs f\u00f6r det allra viktigaste<\/h4>\n<p>Den minsta b\u00f6rsen i v\u00e5r sortiment passar f\u00f6r att f\u00f6rvara smycken, bankkort, och andra skatter &#8211; s\u00e4kert och n\u00e4ra. Varje b\u00f6rs \u00e4r unik, eftersom m\u00f6nstret placeras slumpm\u00e4ssigt.<\/p>\n","protected":false},"excerpt":{"rendered":"<p>En liten b\u00f6rs f\u00f6r det allra viktigaste Den minsta b\u00f6rsen i v\u00e5r sortiment passar f\u00f6r att f\u00f6rvara smycken, bankkort, och andra skatter &#8211; s\u00e4kert och n\u00e4ra. Varje b\u00f6rs \u00e4r unik,&hellip;<\/p>\n","protected":false},"featured_media":17545,"template":"","meta":{"_acf_changed":false},"product_brand":[],"product_cat":[1992,269],"product_tag":[],"class_list":{"0":"post-6005","1":"product","2":"type-product","3":"status-publish","4":"has-post-thumbnail","6":"product_cat-necessarer-och-borsar","7":"product_cat-accessoarer-vaskor","8":"pa_pattern-colour-eos-vinrod","9":"pa_pattern-colour-tithonus-tegel","10":"pa_pattern-colour-helios-tegel","11":"pa_pattern-colour-doris-lime-sv","12":"pa_pattern-colour-doris-vinrod","13":"pa_pattern-colour-nereus-vinrod","14":"pa_pattern-colour-eos-tegel","15":"pa_pattern-colour-tithonus-gron","16":"pa_pattern-colour-helios-morkbla-sv","17":"pa_pattern-colour-selene-svart","18":"pa_pattern-colour-doris-tegel","19":"pa_pattern-colour-nereus-tegel","20":"pa_pattern-colour-eos-gron","21":"pa_pattern-colour-tithonus-blygra","22":"pa_pattern-colour-helios-mork-vinrod","23":"pa_pattern-colour-doris-morkbla","24":"pa_pattern-colour-nereus-morkbla","25":"pa_pattern-colour-eos-gra","26":"pa_pattern-colour-tithonus-ockra","27":"pa_pattern-colour-helios-morkgron","28":"pa_pattern-colour-doris-morkgron","29":"pa_pattern-colour-nereus-morkgron","30":"pa_pattern-colour-eos-blygra","31":"pa_pattern-colour-tithonus-gul","32":"pa_pattern-colour-helios-gron","33":"pa_pattern-colour-doris-gron","34":"pa_pattern-colour-nereus-blygra","35":"pa_pattern-colour-eos-ljus-gra","36":"pa_pattern-colour-eos-morkbla-sv","37":"pa_pattern-colour-helios-blygra","38":"pa_pattern-colour-doris-blygra","39":"pa_pattern-colour-nereus-ockra","40":"pa_pattern-colour-eos-gul","41":"pa_pattern-colour-nereus-green-sv","42":"pa_pattern-colour-helios-ockra","43":"pa_pattern-colour-doris-ockra","44":"pa_pattern-colour-nereus-gul","45":"pa_pattern-colour-helios-mandelgron","46":"pa_pattern-colour-tithonus-dark-green-sv","47":"pa_pattern-colour-helios-gul","48":"pa_pattern-colour-doris-gul","49":"pa_pattern-colour-tithonus-svart","50":"pa_pattern-colour-helios-svart","51":"pa_pattern-colour-eos-ochre-sv","52":"pa_pattern-colour-doris-mandelgron","53":"pa_pattern-colour-nereus-mandelgron","54":"pa_pattern-colour-eos-svart","55":"pa_pattern-colour-tithonus-bla","56":"pa_pattern-colour-helios-bla","57":"pa_pattern-colour-helios-lime-sv","58":"pa_pattern-colour-doris-svart-sv","59":"pa_pattern-colour-nereus-svart","60":"pa_pattern-colour-eos-bla","61":"pa_pattern-colour-tithonus-vinrod","62":"pa_pattern-colour-helios-vinrod","63":"pa_pattern-colour-tithonus-lime-sv","64":"pa_pattern-colour-doris-bla","65":"pa_pattern-colour-nereus-bla","66":"collection-normandie-sv","68":"first","69":"instock","70":"taxable","71":"shipping-taxable","72":"purchasable","73":"product-type-variable"},"acf":[],"yoast_head":"<!-- This site is optimized with the Yoast SEO Premium plugin v27.2 (Yoast SEO v27.2) - https:\/\/yoast.com\/product\/yoast-seo-premium-wordpress\/ -->\n<title>Mini B\u00f6rs - Johanna Gullichsen<\/title>\n<meta name=\"description\" content=\"En liten b\u00f6rs f\u00f6r det allra viktigaste\" \/>\n<meta name=\"robots\" content=\"index, follow, max-snippet:-1, max-image-preview:large, max-video-preview:-1\" \/>\n<link rel=\"canonical\" href=\"https:\/\/www.johannagullichsen.com\/sv\/produkt\/mini-bors\/\" \/>\n<meta property=\"og:locale\" content=\"sv_SE\" \/>\n<meta property=\"og:type\" content=\"article\" \/>\n<meta property=\"og:title\" content=\"Mini B\u00f6rs\" \/>\n<meta property=\"og:description\" content=\"En liten b\u00f6rs f\u00f6r det allra viktigaste\" \/>\n<meta property=\"og:url\" content=\"https:\/\/www.johannagullichsen.com\/sv\/produkt\/mini-bors\/\" \/>\n<meta property=\"og:site_name\" content=\"Johanna Gullichsen\" \/>\n<meta property=\"article:modified_time\" content=\"2025-05-05T09:39:58+00:00\" \/>\n<meta property=\"og:image\" content=\"https:\/\/www.johannagullichsen.com\/wp-content\/uploads\/2020\/04\/Johanna-Gullichsen-selection-of-coin-purses.jpg\" \/>\n\t<meta property=\"og:image:width\" content=\"1600\" \/>\n\t<meta property=\"og:image:height\" content=\"1200\" \/>\n\t<meta property=\"og:image:type\" content=\"image\/jpeg\" \/>\n<meta name=\"twitter:card\" content=\"summary_large_image\" \/>\n<meta name=\"twitter:label1\" content=\"Ber\u00e4knad l\u00e4stid\" \/>\n\t<meta name=\"twitter:data1\" content=\"1 minut\" \/>\n<script type=\"application\/ld+json\" class=\"yoast-schema-graph\">{\"@context\":\"https:\/\/schema.org\",\"@graph\":[{\"@type\":\"WebPage\",\"@id\":\"https:\/\/www.johannagullichsen.com\/sv\/produkt\/mini-bors\/\",\"url\":\"https:\/\/www.johannagullichsen.com\/sv\/produkt\/mini-bors\/\",\"name\":\"Mini B\u00f6rs - Johanna Gullichsen\",\"isPartOf\":{\"@id\":\"https:\/\/www.johannagullichsen.com\/sv\/#website\"},\"primaryImageOfPage\":{\"@id\":\"https:\/\/www.johannagullichsen.com\/sv\/produkt\/mini-bors\/#primaryimage\"},\"image\":{\"@id\":\"https:\/\/www.johannagullichsen.com\/sv\/produkt\/mini-bors\/#primaryimage\"},\"thumbnailUrl\":\"https:\/\/www.johannagullichsen.com\/wp-content\/uploads\/2020\/04\/Johanna-Gullichsen-selection-of-coin-purses.jpg\",\"datePublished\":\"2020-04-15T10:24:14+00:00\",\"dateModified\":\"2025-05-05T09:39:58+00:00\",\"description\":\"En liten b\u00f6rs f\u00f6r det allra viktigaste\",\"breadcrumb\":{\"@id\":\"https:\/\/www.johannagullichsen.com\/sv\/produkt\/mini-bors\/#breadcrumb\"},\"inLanguage\":\"sv-SE\",\"potentialAction\":[{\"@type\":\"ReadAction\",\"target\":[\"https:\/\/www.johannagullichsen.com\/sv\/produkt\/mini-bors\/\"]}]},{\"@type\":\"ImageObject\",\"inLanguage\":\"sv-SE\",\"@id\":\"https:\/\/www.johannagullichsen.com\/sv\/produkt\/mini-bors\/#primaryimage\",\"url\":\"https:\/\/www.johannagullichsen.com\/wp-content\/uploads\/2020\/04\/Johanna-Gullichsen-selection-of-coin-purses.jpg\",\"contentUrl\":\"https:\/\/www.johannagullichsen.com\/wp-content\/uploads\/2020\/04\/Johanna-Gullichsen-selection-of-coin-purses.jpg\",\"width\":1600,\"height\":1200},{\"@type\":\"BreadcrumbList\",\"@id\":\"https:\/\/www.johannagullichsen.com\/sv\/produkt\/mini-bors\/#breadcrumb\",\"itemListElement\":[{\"@type\":\"ListItem\",\"position\":1,\"name\":\"Home\",\"item\":\"https:\/\/www.johannagullichsen.com\/sv\/\"},{\"@type\":\"ListItem\",\"position\":2,\"name\":\"Webbutik &#8211; Produkter\",\"item\":\"https:\/\/www.johannagullichsen.com\/sv\/produkter\/\"},{\"@type\":\"ListItem\",\"position\":3,\"name\":\"Mini B\u00f6rs\"}]},{\"@type\":\"WebSite\",\"@id\":\"https:\/\/www.johannagullichsen.com\/sv\/#website\",\"url\":\"https:\/\/www.johannagullichsen.com\/sv\/\",\"name\":\"Johanna Gullichsen\",\"description\":\"\",\"potentialAction\":[{\"@type\":\"SearchAction\",\"target\":{\"@type\":\"EntryPoint\",\"urlTemplate\":\"https:\/\/www.johannagullichsen.com\/sv\/?s={search_term_string}\"},\"query-input\":{\"@type\":\"PropertyValueSpecification\",\"valueRequired\":true,\"valueName\":\"search_term_string\"}}],\"inLanguage\":\"sv-SE\"}]}<\/script>\n<!-- \/ Yoast SEO Premium plugin. -->","yoast_head_json":{"title":"Mini B\u00f6rs - Johanna Gullichsen","description":"En liten b\u00f6rs f\u00f6r det allra viktigaste","robots":{"index":"index","follow":"follow","max-snippet":"max-snippet:-1","max-image-preview":"max-image-preview:large","max-video-preview":"max-video-preview:-1"},"canonical":"https:\/\/www.johannagullichsen.com\/sv\/produkt\/mini-bors\/","og_locale":"sv_SE","og_type":"article","og_title":"Mini B\u00f6rs","og_description":"En liten b\u00f6rs f\u00f6r det allra viktigaste","og_url":"https:\/\/www.johannagullichsen.com\/sv\/produkt\/mini-bors\/","og_site_name":"Johanna Gullichsen","article_modified_time":"2025-05-05T09:39:58+00:00","og_image":[{"width":1600,"height":1200,"url":"https:\/\/www.johannagullichsen.com\/wp-content\/uploads\/2020\/04\/Johanna-Gullichsen-selection-of-coin-purses.jpg","type":"image\/jpeg"}],"twitter_card":"summary_large_image","twitter_misc":{"Ber\u00e4knad l\u00e4stid":"1 minut"},"schema":{"@context":"https:\/\/schema.org","@graph":[{"@type":"WebPage","@id":"https:\/\/www.johannagullichsen.com\/sv\/produkt\/mini-bors\/","url":"https:\/\/www.johannagullichsen.com\/sv\/produkt\/mini-bors\/","name":"Mini B\u00f6rs - Johanna Gullichsen","isPartOf":{"@id":"https:\/\/www.johannagullichsen.com\/sv\/#website"},"primaryImageOfPage":{"@id":"https:\/\/www.johannagullichsen.com\/sv\/produkt\/mini-bors\/#primaryimage"},"image":{"@id":"https:\/\/www.johannagullichsen.com\/sv\/produkt\/mini-bors\/#primaryimage"},"thumbnailUrl":"https:\/\/www.johannagullichsen.com\/wp-content\/uploads\/2020\/04\/Johanna-Gullichsen-selection-of-coin-purses.jpg","datePublished":"2020-04-15T10:24:14+00:00","dateModified":"2025-05-05T09:39:58+00:00","description":"En liten b\u00f6rs f\u00f6r det allra viktigaste","breadcrumb":{"@id":"https:\/\/www.johannagullichsen.com\/sv\/produkt\/mini-bors\/#breadcrumb"},"inLanguage":"sv-SE","potentialAction":[{"@type":"ReadAction","target":["https:\/\/www.johannagullichsen.com\/sv\/produkt\/mini-bors\/"]}]},{"@type":"ImageObject","inLanguage":"sv-SE","@id":"https:\/\/www.johannagullichsen.com\/sv\/produkt\/mini-bors\/#primaryimage","url":"https:\/\/www.johannagullichsen.com\/wp-content\/uploads\/2020\/04\/Johanna-Gullichsen-selection-of-coin-purses.jpg","contentUrl":"https:\/\/www.johannagullichsen.com\/wp-content\/uploads\/2020\/04\/Johanna-Gullichsen-selection-of-coin-purses.jpg","width":1600,"height":1200},{"@type":"BreadcrumbList","@id":"https:\/\/www.johannagullichsen.com\/sv\/produkt\/mini-bors\/#breadcrumb","itemListElement":[{"@type":"ListItem","position":1,"name":"Home","item":"https:\/\/www.johannagullichsen.com\/sv\/"},{"@type":"ListItem","position":2,"name":"Webbutik &#8211; Produkter","item":"https:\/\/www.johannagullichsen.com\/sv\/produkter\/"},{"@type":"ListItem","position":3,"name":"Mini B\u00f6rs"}]},{"@type":"WebSite","@id":"https:\/\/www.johannagullichsen.com\/sv\/#website","url":"https:\/\/www.johannagullichsen.com\/sv\/","name":"Johanna Gullichsen","description":"","potentialAction":[{"@type":"SearchAction","target":{"@type":"EntryPoint","urlTemplate":"https:\/\/www.johannagullichsen.com\/sv\/?s={search_term_string}"},"query-input":{"@type":"PropertyValueSpecification","valueRequired":true,"valueName":"search_term_string"}}],"inLanguage":"sv-SE"}]}},"_links":{"self":[{"href":"https:\/\/www.johannagullichsen.com\/sv\/wp-json\/wp\/v2\/product\/6005","targetHints":{"allow":["GET"]}}],"collection":[{"href":"https:\/\/www.johannagullichsen.com\/sv\/wp-json\/wp\/v2\/product"}],"about":[{"href":"https:\/\/www.johannagullichsen.com\/sv\/wp-json\/wp\/v2\/types\/product"}],"wp:featuredmedia":[{"embeddable":true,"href":"https:\/\/www.johannagullichsen.com\/sv\/wp-json\/wp\/v2\/media\/17545"}],"wp:attachment":[{"href":"https:\/\/www.johannagullichsen.com\/sv\/wp-json\/wp\/v2\/media?parent=6005"}],"wp:term":[{"taxonomy":"product_brand","embeddable":true,"href":"https:\/\/www.johannagullichsen.com\/sv\/wp-json\/wp\/v2\/product_brand?post=6005"},{"taxonomy":"product_cat","embeddable":true,"href":"https:\/\/www.johannagullichsen.com\/sv\/wp-json\/wp\/v2\/product_cat?post=6005"},{"taxonomy":"product_tag","embeddable":true,"href":"https:\/\/www.johannagullichsen.com\/sv\/wp-json\/wp\/v2\/product_tag?post=6005"}],"curies":[{"name":"wp","href":"https:\/\/api.w.org\/{rel}","templated":true}]}}