{"id":6141,"date":"2020-04-27T14:58:05","date_gmt":"2020-04-27T11:58:05","guid":{"rendered":"https:\/\/www.johannagullichsen.com\/products\/okategoriserad\/purse\/"},"modified":"2021-04-29T17:14:40","modified_gmt":"2021-04-29T14:14:40","slug":"bors","status":"publish","type":"product","link":"https:\/\/www.johannagullichsen.com\/sv\/produkt\/bors\/","title":{"rendered":"B\u00f6rs"},"content":{"rendered":"<h4>H\u00e5ll reda p\u00e5 dina viktiga sm\u00e5saker<\/h4>\n<p>Pengar, smink, kreditkort hittar du l\u00e4tt&#8230;<\/p>\n","protected":false},"excerpt":{"rendered":"<p>H\u00e5ll reda p\u00e5 dina viktiga sm\u00e5saker Pengar, smink, kreditkort hittar du l\u00e4tt&#8230;<\/p>\n","protected":false},"featured_media":25432,"template":"","meta":{"_acf_changed":false},"product_brand":[],"product_cat":[1992,269],"product_tag":[],"class_list":{"0":"post-6141","1":"product","2":"type-product","3":"status-publish","4":"has-post-thumbnail","6":"product_cat-necessarer-och-borsar","7":"product_cat-accessoarer-vaskor","8":"pa_pattern-colour-eos-vinrod","9":"pa_pattern-colour-nereus-mork-vinrod","10":"pa_pattern-colour-helios-green-negative-sv","11":"pa_pattern-colour-helios-vinrod","12":"pa_pattern-colour-tithonus-blygra","13":"pa_pattern-colour-doris-vinrod","14":"pa_pattern-colour-helios-gul","15":"pa_pattern-colour-nereus-bordeaux-negative-sv","16":"pa_pattern-colour-eos-tegel","17":"pa_pattern-colour-nereus-morkgron","18":"pa_pattern-colour-helios-lime-sv","19":"pa_pattern-colour-helios-tegel","20":"pa_pattern-colour-tithonus-ockra","21":"pa_pattern-colour-doris-tegel","22":"pa_pattern-colour-nereus-mandelgron","23":"pa_pattern-colour-nereus-brick-negative-sv","24":"pa_pattern-colour-eos-gron","25":"pa_pattern-colour-nereus-blygra","26":"pa_pattern-colour-helios-lime-negative-sv","27":"pa_pattern-colour-helios-tegel-negativ","28":"pa_pattern-colour-tithonus-gul","29":"pa_pattern-colour-doris-morkbla","30":"pa_pattern-colour-nereus-svart","31":"pa_pattern-colour-nereus-dark-green-negative-sv","32":"pa_pattern-colour-eos-gra","33":"pa_pattern-colour-nereus-ockra","34":"pa_pattern-colour-nereus-green-negative-sv","35":"pa_pattern-colour-helios-morkbla-sv","36":"pa_pattern-colour-eos-morkbla-sv","37":"pa_pattern-colour-doris-morkgron","38":"pa_pattern-colour-nereus-svart-negativ","39":"pa_pattern-colour-nereus-green-sv","40":"pa_pattern-colour-eos-blygra","41":"pa_pattern-colour-nereus-gul","42":"pa_pattern-colour-nereus-silver-sv","43":"pa_pattern-colour-helios-morkbla-negativ","44":"pa_pattern-colour-helios-almond-negative-sv","45":"pa_pattern-colour-doris-gron","46":"pa_pattern-colour-nereus-bla","47":"pa_pattern-colour-nereus-lead-negative-sv","48":"pa_pattern-colour-eos-ljus-gra","49":"pa_pattern-colour-tithonus-svart","50":"pa_pattern-colour-tithonus-lime-sv","51":"pa_pattern-colour-helios-mork-vinrod","52":"pa_pattern-colour-helios-blue-negativet-sv","53":"pa_pattern-colour-doris-blygra","54":"pa_pattern-colour-nereus-bla-negativ","55":"pa_pattern-colour-nereus-ochre-negative-sv","56":"pa_pattern-colour-eos-gul","57":"pa_pattern-colour-tithonus-bla","58":"pa_pattern-colour-eos-yellowblue-sv","59":"pa_pattern-colour-helios-morkgron","60":"pa_pattern-colour-helios-bordeaux-negative-sv","61":"pa_pattern-colour-doris-ockra","62":"pa_pattern-colour-nereus-vinrod","63":"pa_pattern-colour-nereus-yellow-negative-sv","64":"pa_pattern-colour-helios-mandelgron","65":"pa_pattern-colour-tithonus-vinrod","66":"pa_pattern-colour-nereus-silver-negative-sv","67":"pa_pattern-colour-helios-morkgron-negativ","68":"pa_pattern-colour-helios-lead-negative-sv","69":"pa_pattern-colour-doris-gul","70":"pa_pattern-colour-nereus-tegel","71":"pa_pattern-colour-tithonus-dark-green-sv","72":"pa_pattern-colour-helios-svart","73":"pa_pattern-colour-tithonus-tegel","74":"pa_pattern-colour-selene-vinrod","75":"pa_pattern-colour-doris-mandelgron","76":"pa_pattern-colour-helios-gron","77":"pa_pattern-colour-helios-ochre-negative-sv","78":"pa_pattern-colour-eos-svart","79":"pa_pattern-colour-nereus-morkbla","80":"pa_pattern-colour-eos-mandelgron","81":"pa_pattern-colour-helios-svart-negativ","82":"pa_pattern-colour-tithonus-morkbla","83":"pa_pattern-colour-selene-gron","84":"pa_pattern-colour-doris-svart-sv","85":"pa_pattern-colour-helios-blygra","86":"pa_pattern-colour-helios-yellow-negative-sv","87":"pa_pattern-colour-eos-bla","88":"pa_pattern-colour-nereus-morkbla-negativ","89":"pa_pattern-colour-eos-ochre-sv","90":"pa_pattern-colour-helios-bla","91":"pa_pattern-colour-tithonus-gron","92":"pa_pattern-colour-doris-halm","93":"pa_pattern-colour-doris-bla","94":"pa_pattern-colour-helios-ockra","95":"pa_pattern-colour-nereus-almond-negative-sv","96":"collection-normandie-sv","98":"first","99":"instock","100":"taxable","101":"shipping-taxable","102":"purchasable","103":"product-type-variable"},"acf":[],"yoast_head":"<!-- This site is optimized with the Yoast SEO Premium plugin v27.2 (Yoast SEO v27.2) - https:\/\/yoast.com\/product\/yoast-seo-premium-wordpress\/ -->\n<title>B\u00f6rs - Johanna Gullichsen<\/title>\n<meta name=\"robots\" content=\"index, follow, max-snippet:-1, max-image-preview:large, max-video-preview:-1\" \/>\n<link rel=\"canonical\" href=\"https:\/\/www.johannagullichsen.com\/sv\/produkt\/bors\/\" \/>\n<meta property=\"og:locale\" content=\"sv_SE\" \/>\n<meta property=\"og:type\" content=\"article\" \/>\n<meta property=\"og:title\" content=\"B\u00f6rs\" \/>\n<meta property=\"og:description\" content=\"H\u00e5ll reda p\u00e5 dina viktiga sm\u00e5saker Pengar, smink, kreditkort hittar du l\u00e4tt&#8230;\" \/>\n<meta property=\"og:url\" content=\"https:\/\/www.johannagullichsen.com\/sv\/produkt\/bors\/\" \/>\n<meta property=\"og:site_name\" content=\"Johanna Gullichsen\" \/>\n<meta property=\"article:modified_time\" content=\"2021-04-29T14:14:40+00:00\" \/>\n<meta property=\"og:image\" content=\"https:\/\/www.johannagullichsen.com\/wp-content\/uploads\/2020\/04\/Johanna-Gullichsen-Purses-Selene-green-Helios-green-and-Nereus-dark-green.jpg\" \/>\n\t<meta property=\"og:image:width\" content=\"1600\" \/>\n\t<meta property=\"og:image:height\" content=\"1200\" \/>\n\t<meta property=\"og:image:type\" content=\"image\/jpeg\" \/>\n<meta name=\"twitter:card\" content=\"summary_large_image\" \/>\n<script type=\"application\/ld+json\" class=\"yoast-schema-graph\">{\"@context\":\"https:\/\/schema.org\",\"@graph\":[{\"@type\":\"WebPage\",\"@id\":\"https:\/\/www.johannagullichsen.com\/sv\/produkt\/bors\/\",\"url\":\"https:\/\/www.johannagullichsen.com\/sv\/produkt\/bors\/\",\"name\":\"B\u00f6rs - Johanna Gullichsen\",\"isPartOf\":{\"@id\":\"https:\/\/www.johannagullichsen.com\/sv\/#website\"},\"primaryImageOfPage\":{\"@id\":\"https:\/\/www.johannagullichsen.com\/sv\/produkt\/bors\/#primaryimage\"},\"image\":{\"@id\":\"https:\/\/www.johannagullichsen.com\/sv\/produkt\/bors\/#primaryimage\"},\"thumbnailUrl\":\"https:\/\/www.johannagullichsen.com\/wp-content\/uploads\/2020\/04\/Johanna-Gullichsen-Purses-Selene-green-Helios-green-and-Nereus-dark-green.jpg\",\"datePublished\":\"2020-04-27T11:58:05+00:00\",\"dateModified\":\"2021-04-29T14:14:40+00:00\",\"breadcrumb\":{\"@id\":\"https:\/\/www.johannagullichsen.com\/sv\/produkt\/bors\/#breadcrumb\"},\"inLanguage\":\"sv-SE\",\"potentialAction\":[{\"@type\":\"ReadAction\",\"target\":[\"https:\/\/www.johannagullichsen.com\/sv\/produkt\/bors\/\"]}]},{\"@type\":\"ImageObject\",\"inLanguage\":\"sv-SE\",\"@id\":\"https:\/\/www.johannagullichsen.com\/sv\/produkt\/bors\/#primaryimage\",\"url\":\"https:\/\/www.johannagullichsen.com\/wp-content\/uploads\/2020\/04\/Johanna-Gullichsen-Purses-Selene-green-Helios-green-and-Nereus-dark-green.jpg\",\"contentUrl\":\"https:\/\/www.johannagullichsen.com\/wp-content\/uploads\/2020\/04\/Johanna-Gullichsen-Purses-Selene-green-Helios-green-and-Nereus-dark-green.jpg\",\"width\":1600,\"height\":1200},{\"@type\":\"BreadcrumbList\",\"@id\":\"https:\/\/www.johannagullichsen.com\/sv\/produkt\/bors\/#breadcrumb\",\"itemListElement\":[{\"@type\":\"ListItem\",\"position\":1,\"name\":\"Home\",\"item\":\"https:\/\/www.johannagullichsen.com\/sv\/\"},{\"@type\":\"ListItem\",\"position\":2,\"name\":\"Webbutik &#8211; Produkter\",\"item\":\"https:\/\/www.johannagullichsen.com\/sv\/produkter\/\"},{\"@type\":\"ListItem\",\"position\":3,\"name\":\"B\u00f6rs\"}]},{\"@type\":\"WebSite\",\"@id\":\"https:\/\/www.johannagullichsen.com\/sv\/#website\",\"url\":\"https:\/\/www.johannagullichsen.com\/sv\/\",\"name\":\"Johanna Gullichsen\",\"description\":\"\",\"potentialAction\":[{\"@type\":\"SearchAction\",\"target\":{\"@type\":\"EntryPoint\",\"urlTemplate\":\"https:\/\/www.johannagullichsen.com\/sv\/?s={search_term_string}\"},\"query-input\":{\"@type\":\"PropertyValueSpecification\",\"valueRequired\":true,\"valueName\":\"search_term_string\"}}],\"inLanguage\":\"sv-SE\"}]}<\/script>\n<!-- \/ Yoast SEO Premium plugin. -->","yoast_head_json":{"title":"B\u00f6rs - Johanna Gullichsen","robots":{"index":"index","follow":"follow","max-snippet":"max-snippet:-1","max-image-preview":"max-image-preview:large","max-video-preview":"max-video-preview:-1"},"canonical":"https:\/\/www.johannagullichsen.com\/sv\/produkt\/bors\/","og_locale":"sv_SE","og_type":"article","og_title":"B\u00f6rs","og_description":"H\u00e5ll reda p\u00e5 dina viktiga sm\u00e5saker Pengar, smink, kreditkort hittar du l\u00e4tt&#8230;","og_url":"https:\/\/www.johannagullichsen.com\/sv\/produkt\/bors\/","og_site_name":"Johanna Gullichsen","article_modified_time":"2021-04-29T14:14:40+00:00","og_image":[{"width":1600,"height":1200,"url":"https:\/\/www.johannagullichsen.com\/wp-content\/uploads\/2020\/04\/Johanna-Gullichsen-Purses-Selene-green-Helios-green-and-Nereus-dark-green.jpg","type":"image\/jpeg"}],"twitter_card":"summary_large_image","schema":{"@context":"https:\/\/schema.org","@graph":[{"@type":"WebPage","@id":"https:\/\/www.johannagullichsen.com\/sv\/produkt\/bors\/","url":"https:\/\/www.johannagullichsen.com\/sv\/produkt\/bors\/","name":"B\u00f6rs - Johanna Gullichsen","isPartOf":{"@id":"https:\/\/www.johannagullichsen.com\/sv\/#website"},"primaryImageOfPage":{"@id":"https:\/\/www.johannagullichsen.com\/sv\/produkt\/bors\/#primaryimage"},"image":{"@id":"https:\/\/www.johannagullichsen.com\/sv\/produkt\/bors\/#primaryimage"},"thumbnailUrl":"https:\/\/www.johannagullichsen.com\/wp-content\/uploads\/2020\/04\/Johanna-Gullichsen-Purses-Selene-green-Helios-green-and-Nereus-dark-green.jpg","datePublished":"2020-04-27T11:58:05+00:00","dateModified":"2021-04-29T14:14:40+00:00","breadcrumb":{"@id":"https:\/\/www.johannagullichsen.com\/sv\/produkt\/bors\/#breadcrumb"},"inLanguage":"sv-SE","potentialAction":[{"@type":"ReadAction","target":["https:\/\/www.johannagullichsen.com\/sv\/produkt\/bors\/"]}]},{"@type":"ImageObject","inLanguage":"sv-SE","@id":"https:\/\/www.johannagullichsen.com\/sv\/produkt\/bors\/#primaryimage","url":"https:\/\/www.johannagullichsen.com\/wp-content\/uploads\/2020\/04\/Johanna-Gullichsen-Purses-Selene-green-Helios-green-and-Nereus-dark-green.jpg","contentUrl":"https:\/\/www.johannagullichsen.com\/wp-content\/uploads\/2020\/04\/Johanna-Gullichsen-Purses-Selene-green-Helios-green-and-Nereus-dark-green.jpg","width":1600,"height":1200},{"@type":"BreadcrumbList","@id":"https:\/\/www.johannagullichsen.com\/sv\/produkt\/bors\/#breadcrumb","itemListElement":[{"@type":"ListItem","position":1,"name":"Home","item":"https:\/\/www.johannagullichsen.com\/sv\/"},{"@type":"ListItem","position":2,"name":"Webbutik &#8211; Produkter","item":"https:\/\/www.johannagullichsen.com\/sv\/produkter\/"},{"@type":"ListItem","position":3,"name":"B\u00f6rs"}]},{"@type":"WebSite","@id":"https:\/\/www.johannagullichsen.com\/sv\/#website","url":"https:\/\/www.johannagullichsen.com\/sv\/","name":"Johanna Gullichsen","description":"","potentialAction":[{"@type":"SearchAction","target":{"@type":"EntryPoint","urlTemplate":"https:\/\/www.johannagullichsen.com\/sv\/?s={search_term_string}"},"query-input":{"@type":"PropertyValueSpecification","valueRequired":true,"valueName":"search_term_string"}}],"inLanguage":"sv-SE"}]}},"_links":{"self":[{"href":"https:\/\/www.johannagullichsen.com\/sv\/wp-json\/wp\/v2\/product\/6141","targetHints":{"allow":["GET"]}}],"collection":[{"href":"https:\/\/www.johannagullichsen.com\/sv\/wp-json\/wp\/v2\/product"}],"about":[{"href":"https:\/\/www.johannagullichsen.com\/sv\/wp-json\/wp\/v2\/types\/product"}],"wp:featuredmedia":[{"embeddable":true,"href":"https:\/\/www.johannagullichsen.com\/sv\/wp-json\/wp\/v2\/media\/25432"}],"wp:attachment":[{"href":"https:\/\/www.johannagullichsen.com\/sv\/wp-json\/wp\/v2\/media?parent=6141"}],"wp:term":[{"taxonomy":"product_brand","embeddable":true,"href":"https:\/\/www.johannagullichsen.com\/sv\/wp-json\/wp\/v2\/product_brand?post=6141"},{"taxonomy":"product_cat","embeddable":true,"href":"https:\/\/www.johannagullichsen.com\/sv\/wp-json\/wp\/v2\/product_cat?post=6141"},{"taxonomy":"product_tag","embeddable":true,"href":"https:\/\/www.johannagullichsen.com\/sv\/wp-json\/wp\/v2\/product_tag?post=6141"}],"curies":[{"name":"wp","href":"https:\/\/api.w.org\/{rel}","templated":true}]}}