{"id":6538,"date":"2020-04-27T08:45:31","date_gmt":"2020-04-27T05:45:31","guid":{"rendered":"https:\/\/www.johannagullichsen.com\/products\/okategoriserad\/cushion-cover-normandie-40-cm-x-40-cm\/"},"modified":"2026-03-17T08:01:17","modified_gmt":"2026-03-17T06:01:17","slug":"kuddfodral-normandie-40cm-x-40cm","status":"publish","type":"product","link":"https:\/\/www.johannagullichsen.com\/sv\/produkt\/kuddfodral-normandie-40cm-x-40cm\/","title":{"rendered":"Kuddfodral Normandie 40cm x 40cm"},"content":{"rendered":"<h4>S\u00e4tt f\u00e4rg p\u00e5 hemmet<\/h4>\n<p>Kuddfodral i Normandie tyger s\u00e4tter piff p\u00e5 vardagsrummet &#8211; eller kontoret! Tack vare blixtl\u00e5set \u00e4r tv\u00e4tt l\u00e4tt och beh\u00e4ndigt.<\/p>\n<p>Andra storlekar: <a href=\"https:\/\/www.johannagullichsen.com\/products\/living-room\/cushion-cover-50-n\/\">50 x 50 cm<\/a>, <a href=\"https:\/\/www.johannagullichsen.com\/sv\/produkt\/kuddfodral-normandie-30cm-x-50cm\/\">30 x 50 cm,<\/a> <a href=\"https:\/\/www.johannagullichsen.com\/sv\/produkt\/kuddfodral-normandie-68cm-x-50cm\/\">68 x 50 cm<\/a><\/p>\n<p>F\u00e4rgning, v\u00e4vning och s\u00f6mnad i Finland.<\/p>\n","protected":false},"excerpt":{"rendered":"<p>S\u00e4tt f\u00e4rg p\u00e5 hemmet Kuddfodral i Normandie tyger s\u00e4tter piff p\u00e5 vardagsrummet &#8211; eller kontoret! Tack vare blixtl\u00e5set \u00e4r tv\u00e4tt l\u00e4tt och beh\u00e4ndigt. Andra storlekar: 50 x 50 cm, 30&hellip;<\/p>\n","protected":false},"featured_media":27111,"template":"","meta":{"_acf_changed":false},"product_brand":[],"product_cat":[1988,271],"product_tag":[],"class_list":{"0":"post-6538","1":"product","2":"type-product","3":"status-publish","4":"has-post-thumbnail","6":"product_cat-kuddar-och-filttar","7":"product_cat-hem","8":"pa_pattern-colour-doris-vinrod","9":"pa_pattern-colour-helios-gul","10":"pa_pattern-colour-helios-ochre-negative-sv","11":"pa_pattern-colour-tilkku-ockra","12":"pa_pattern-colour-eos-tegel","13":"pa_pattern-colour-nereus-morkgron","14":"pa_pattern-colour-doris-dark-bordeaux-sv","15":"pa_pattern-colour-helios-tegel","16":"pa_pattern-colour-tithonus-morkbla","17":"pa_pattern-colour-oceanide-other-sv","18":"pa_pattern-colour-doris-tegel","19":"pa_pattern-colour-nereus-mandelgron","20":"pa_pattern-colour-helios-yellow-negative-sv","21":"pa_pattern-colour-tilkku-gron","22":"pa_pattern-colour-eos-gron","23":"pa_pattern-colour-nereus-blygra","24":"pa_pattern-colour-eos-mandelgron","25":"pa_pattern-colour-helios-tegel-negativ","26":"pa_pattern-colour-tithonus-gron","27":"pa_pattern-colour-papillon-3-grey-sv","28":"pa_pattern-colour-doris-morkbla","29":"pa_pattern-colour-nereus-svart","30":"pa_pattern-colour-nereus-almond-negative-sv","31":"pa_pattern-colour-tilkku-mandelgron","32":"pa_pattern-colour-eos-gra","33":"pa_pattern-colour-nereus-ockra","34":"pa_pattern-colour-eos-ochre-sv","35":"pa_pattern-colour-helios-morkbla-sv","36":"pa_pattern-colour-tithonus-blygra","37":"pa_pattern-colour-papillon-atlas-brown-sv","38":"pa_pattern-colour-doris-morkgron","39":"pa_pattern-colour-nereus-svart-negativ","40":"pa_pattern-colour-nereus-bordeaux-negative-sv","41":"pa_pattern-colour-tilkku-vinrod","42":"pa_pattern-colour-eos-blygra","43":"pa_pattern-colour-nereus-gul","44":"pa_pattern-colour-helios-green-negative-sv","45":"pa_pattern-colour-helios-morkbla-negativ","46":"pa_pattern-colour-tithonus-ockra","47":"pa_pattern-colour-papillon-atlas-white-sv","48":"pa_pattern-colour-doris-gron","49":"pa_pattern-colour-nereus-bla","50":"pa_pattern-colour-nereus-brick-negative-sv","51":"pa_pattern-colour-tilkku-tegel","52":"pa_pattern-colour-eos-ljus-gra","53":"pa_pattern-colour-papillon-bis-farger","54":"pa_pattern-colour-helios-lime-sv","55":"pa_pattern-colour-helios-mork-vinrod","56":"pa_pattern-colour-tithonus-gul","57":"pa_pattern-colour-papillon-bis-grey-sv","58":"pa_pattern-colour-doris-blygra","59":"pa_pattern-colour-nereus-bla-negativ","60":"pa_pattern-colour-nereus-dark-green-negative-sv","61":"pa_pattern-colour-tilkku-svart","62":"pa_pattern-colour-eos-gul","63":"pa_pattern-colour-papillon-bis-natur","64":"pa_pattern-colour-helios-lime-negative-sv","65":"pa_pattern-colour-helios-morkgron","66":"pa_pattern-colour-eos-morkbla-sv","67":"pa_pattern-colour-papillon-y-farger","68":"pa_pattern-colour-doris-ockra","69":"pa_pattern-colour-nereus-vinrod","70":"pa_pattern-colour-nereus-green-sv","71":"pa_pattern-colour-selene-vinrod","72":"pa_pattern-colour-helios-mandelgron","73":"pa_pattern-colour-papillon-y-natur","74":"pa_pattern-colour-nereus-green-negative-sv","75":"pa_pattern-colour-helios-morkgron-negativ","76":"pa_pattern-colour-helios-almond-negative-sv","77":"pa_pattern-colour-papillon-y-grey-sv","78":"pa_pattern-colour-doris-gul","79":"pa_pattern-colour-nereus-tegel","80":"pa_pattern-colour-nereus-lead-negative-sv","81":"pa_pattern-colour-helios-svart","82":"pa_pattern-colour-tithonus-svart","83":"pa_pattern-colour-nereus-silver-sv","84":"pa_pattern-colour-doris-mandelgron","85":"pa_pattern-colour-helios-gron","86":"pa_pattern-colour-helios-blue-negativet-sv","87":"pa_pattern-colour-tilkku-bla","88":"pa_pattern-colour-eos-svart","89":"pa_pattern-colour-nereus-morkbla","90":"pa_pattern-colour-nereus-ochre-negative-sv","91":"pa_pattern-colour-doris-cirrus","92":"pa_pattern-colour-helios-svart-negativ","93":"pa_pattern-colour-tithonus-bla","94":"pa_pattern-colour-tithonus-lime-sv","95":"pa_pattern-colour-doris-svart-sv","96":"pa_pattern-colour-helios-blygra","97":"pa_pattern-colour-helios-bordeaux-negative-sv","98":"pa_pattern-colour-tilkku-gra","99":"pa_pattern-colour-eos-bla","100":"pa_pattern-colour-nereus-morkbla-negativ","101":"pa_pattern-colour-nereus-yellow-negative-sv","102":"pa_pattern-colour-helios-bla","103":"pa_pattern-colour-tithonus-vinrod","104":"pa_pattern-colour-eos-yellowblue-sv","105":"pa_pattern-colour-doris-bla","106":"pa_pattern-colour-helios-ockra","107":"pa_pattern-colour-helios-lead-negative-sv","108":"pa_pattern-colour-tilkku-gul","109":"pa_pattern-colour-eos-vinrod","110":"pa_pattern-colour-nereus-mork-vinrod","111":"pa_pattern-colour-tithonus-dark-green-sv","112":"pa_pattern-colour-helios-vinrod","113":"pa_pattern-colour-tithonus-tegel","114":"pa_pattern-colour-nereus-silver-negative-sv","115":"collection-normandie-sv","117":"first","118":"instock","119":"taxable","120":"shipping-taxable","121":"purchasable","122":"product-type-variable"},"acf":[],"yoast_head":"<!-- This site is optimized with the Yoast SEO Premium plugin v27.2 (Yoast SEO v27.2) - https:\/\/yoast.com\/product\/yoast-seo-premium-wordpress\/ -->\n<title>Kuddfodral Normandie 40cm x 40cm - Johanna Gullichsen<\/title>\n<meta name=\"robots\" content=\"index, follow, max-snippet:-1, max-image-preview:large, max-video-preview:-1\" \/>\n<link rel=\"canonical\" href=\"https:\/\/www.johannagullichsen.com\/sv\/produkt\/kuddfodral-normandie-40cm-x-40cm\/\" \/>\n<meta property=\"og:locale\" content=\"sv_SE\" \/>\n<meta property=\"og:type\" content=\"article\" \/>\n<meta property=\"og:title\" content=\"Kuddfodral Normandie 40cm x 40cm\" \/>\n<meta property=\"og:description\" content=\"S\u00e4tt f\u00e4rg p\u00e5 hemmet Kuddfodral i Normandie tyger s\u00e4tter piff p\u00e5 vardagsrummet &#8211; eller kontoret! Tack vare blixtl\u00e5set \u00e4r tv\u00e4tt l\u00e4tt och beh\u00e4ndigt. Andra storlekar: 50 x 50 cm, 30&hellip;\" \/>\n<meta property=\"og:url\" content=\"https:\/\/www.johannagullichsen.com\/sv\/produkt\/kuddfodral-normandie-40cm-x-40cm\/\" \/>\n<meta property=\"og:site_name\" content=\"Johanna Gullichsen\" \/>\n<meta property=\"article:modified_time\" content=\"2026-03-17T06:01:17+00:00\" \/>\n<meta property=\"og:image\" content=\"https:\/\/www.johannagullichsen.com\/wp-content\/uploads\/2020\/04\/Johanna-Gullichsen-brick-cushions-and-blanket.jpg\" \/>\n\t<meta property=\"og:image:width\" content=\"1600\" \/>\n\t<meta property=\"og:image:height\" content=\"1200\" \/>\n\t<meta property=\"og:image:type\" content=\"image\/jpeg\" \/>\n<meta name=\"twitter:card\" content=\"summary_large_image\" \/>\n<meta name=\"twitter:label1\" content=\"Ber\u00e4knad l\u00e4stid\" \/>\n\t<meta name=\"twitter:data1\" content=\"1 minut\" \/>\n<script type=\"application\/ld+json\" class=\"yoast-schema-graph\">{\"@context\":\"https:\/\/schema.org\",\"@graph\":[{\"@type\":\"WebPage\",\"@id\":\"https:\/\/www.johannagullichsen.com\/sv\/produkt\/kuddfodral-normandie-40cm-x-40cm\/\",\"url\":\"https:\/\/www.johannagullichsen.com\/sv\/produkt\/kuddfodral-normandie-40cm-x-40cm\/\",\"name\":\"Kuddfodral Normandie 40cm x 40cm - Johanna Gullichsen\",\"isPartOf\":{\"@id\":\"https:\/\/www.johannagullichsen.com\/sv\/#website\"},\"primaryImageOfPage\":{\"@id\":\"https:\/\/www.johannagullichsen.com\/sv\/produkt\/kuddfodral-normandie-40cm-x-40cm\/#primaryimage\"},\"image\":{\"@id\":\"https:\/\/www.johannagullichsen.com\/sv\/produkt\/kuddfodral-normandie-40cm-x-40cm\/#primaryimage\"},\"thumbnailUrl\":\"https:\/\/www.johannagullichsen.com\/wp-content\/uploads\/2020\/04\/Johanna-Gullichsen-brick-cushions-and-blanket.jpg\",\"datePublished\":\"2020-04-27T05:45:31+00:00\",\"dateModified\":\"2026-03-17T06:01:17+00:00\",\"breadcrumb\":{\"@id\":\"https:\/\/www.johannagullichsen.com\/sv\/produkt\/kuddfodral-normandie-40cm-x-40cm\/#breadcrumb\"},\"inLanguage\":\"sv-SE\",\"potentialAction\":[{\"@type\":\"ReadAction\",\"target\":[\"https:\/\/www.johannagullichsen.com\/sv\/produkt\/kuddfodral-normandie-40cm-x-40cm\/\"]}]},{\"@type\":\"ImageObject\",\"inLanguage\":\"sv-SE\",\"@id\":\"https:\/\/www.johannagullichsen.com\/sv\/produkt\/kuddfodral-normandie-40cm-x-40cm\/#primaryimage\",\"url\":\"https:\/\/www.johannagullichsen.com\/wp-content\/uploads\/2020\/04\/Johanna-Gullichsen-brick-cushions-and-blanket.jpg\",\"contentUrl\":\"https:\/\/www.johannagullichsen.com\/wp-content\/uploads\/2020\/04\/Johanna-Gullichsen-brick-cushions-and-blanket.jpg\",\"width\":1600,\"height\":1200},{\"@type\":\"BreadcrumbList\",\"@id\":\"https:\/\/www.johannagullichsen.com\/sv\/produkt\/kuddfodral-normandie-40cm-x-40cm\/#breadcrumb\",\"itemListElement\":[{\"@type\":\"ListItem\",\"position\":1,\"name\":\"Home\",\"item\":\"https:\/\/www.johannagullichsen.com\/sv\/\"},{\"@type\":\"ListItem\",\"position\":2,\"name\":\"Webbutik &#8211; Produkter\",\"item\":\"https:\/\/www.johannagullichsen.com\/sv\/produkter\/\"},{\"@type\":\"ListItem\",\"position\":3,\"name\":\"Kuddfodral Normandie 40cm x 40cm\"}]},{\"@type\":\"WebSite\",\"@id\":\"https:\/\/www.johannagullichsen.com\/sv\/#website\",\"url\":\"https:\/\/www.johannagullichsen.com\/sv\/\",\"name\":\"Johanna Gullichsen\",\"description\":\"\",\"potentialAction\":[{\"@type\":\"SearchAction\",\"target\":{\"@type\":\"EntryPoint\",\"urlTemplate\":\"https:\/\/www.johannagullichsen.com\/sv\/?s={search_term_string}\"},\"query-input\":{\"@type\":\"PropertyValueSpecification\",\"valueRequired\":true,\"valueName\":\"search_term_string\"}}],\"inLanguage\":\"sv-SE\"}]}<\/script>\n<!-- \/ Yoast SEO Premium plugin. -->","yoast_head_json":{"title":"Kuddfodral Normandie 40cm x 40cm - Johanna Gullichsen","robots":{"index":"index","follow":"follow","max-snippet":"max-snippet:-1","max-image-preview":"max-image-preview:large","max-video-preview":"max-video-preview:-1"},"canonical":"https:\/\/www.johannagullichsen.com\/sv\/produkt\/kuddfodral-normandie-40cm-x-40cm\/","og_locale":"sv_SE","og_type":"article","og_title":"Kuddfodral Normandie 40cm x 40cm","og_description":"S\u00e4tt f\u00e4rg p\u00e5 hemmet Kuddfodral i Normandie tyger s\u00e4tter piff p\u00e5 vardagsrummet &#8211; eller kontoret! Tack vare blixtl\u00e5set \u00e4r tv\u00e4tt l\u00e4tt och beh\u00e4ndigt. Andra storlekar: 50 x 50 cm, 30&hellip;","og_url":"https:\/\/www.johannagullichsen.com\/sv\/produkt\/kuddfodral-normandie-40cm-x-40cm\/","og_site_name":"Johanna Gullichsen","article_modified_time":"2026-03-17T06:01:17+00:00","og_image":[{"width":1600,"height":1200,"url":"https:\/\/www.johannagullichsen.com\/wp-content\/uploads\/2020\/04\/Johanna-Gullichsen-brick-cushions-and-blanket.jpg","type":"image\/jpeg"}],"twitter_card":"summary_large_image","twitter_misc":{"Ber\u00e4knad l\u00e4stid":"1 minut"},"schema":{"@context":"https:\/\/schema.org","@graph":[{"@type":"WebPage","@id":"https:\/\/www.johannagullichsen.com\/sv\/produkt\/kuddfodral-normandie-40cm-x-40cm\/","url":"https:\/\/www.johannagullichsen.com\/sv\/produkt\/kuddfodral-normandie-40cm-x-40cm\/","name":"Kuddfodral Normandie 40cm x 40cm - Johanna Gullichsen","isPartOf":{"@id":"https:\/\/www.johannagullichsen.com\/sv\/#website"},"primaryImageOfPage":{"@id":"https:\/\/www.johannagullichsen.com\/sv\/produkt\/kuddfodral-normandie-40cm-x-40cm\/#primaryimage"},"image":{"@id":"https:\/\/www.johannagullichsen.com\/sv\/produkt\/kuddfodral-normandie-40cm-x-40cm\/#primaryimage"},"thumbnailUrl":"https:\/\/www.johannagullichsen.com\/wp-content\/uploads\/2020\/04\/Johanna-Gullichsen-brick-cushions-and-blanket.jpg","datePublished":"2020-04-27T05:45:31+00:00","dateModified":"2026-03-17T06:01:17+00:00","breadcrumb":{"@id":"https:\/\/www.johannagullichsen.com\/sv\/produkt\/kuddfodral-normandie-40cm-x-40cm\/#breadcrumb"},"inLanguage":"sv-SE","potentialAction":[{"@type":"ReadAction","target":["https:\/\/www.johannagullichsen.com\/sv\/produkt\/kuddfodral-normandie-40cm-x-40cm\/"]}]},{"@type":"ImageObject","inLanguage":"sv-SE","@id":"https:\/\/www.johannagullichsen.com\/sv\/produkt\/kuddfodral-normandie-40cm-x-40cm\/#primaryimage","url":"https:\/\/www.johannagullichsen.com\/wp-content\/uploads\/2020\/04\/Johanna-Gullichsen-brick-cushions-and-blanket.jpg","contentUrl":"https:\/\/www.johannagullichsen.com\/wp-content\/uploads\/2020\/04\/Johanna-Gullichsen-brick-cushions-and-blanket.jpg","width":1600,"height":1200},{"@type":"BreadcrumbList","@id":"https:\/\/www.johannagullichsen.com\/sv\/produkt\/kuddfodral-normandie-40cm-x-40cm\/#breadcrumb","itemListElement":[{"@type":"ListItem","position":1,"name":"Home","item":"https:\/\/www.johannagullichsen.com\/sv\/"},{"@type":"ListItem","position":2,"name":"Webbutik &#8211; Produkter","item":"https:\/\/www.johannagullichsen.com\/sv\/produkter\/"},{"@type":"ListItem","position":3,"name":"Kuddfodral Normandie 40cm x 40cm"}]},{"@type":"WebSite","@id":"https:\/\/www.johannagullichsen.com\/sv\/#website","url":"https:\/\/www.johannagullichsen.com\/sv\/","name":"Johanna Gullichsen","description":"","potentialAction":[{"@type":"SearchAction","target":{"@type":"EntryPoint","urlTemplate":"https:\/\/www.johannagullichsen.com\/sv\/?s={search_term_string}"},"query-input":{"@type":"PropertyValueSpecification","valueRequired":true,"valueName":"search_term_string"}}],"inLanguage":"sv-SE"}]}},"_links":{"self":[{"href":"https:\/\/www.johannagullichsen.com\/sv\/wp-json\/wp\/v2\/product\/6538","targetHints":{"allow":["GET"]}}],"collection":[{"href":"https:\/\/www.johannagullichsen.com\/sv\/wp-json\/wp\/v2\/product"}],"about":[{"href":"https:\/\/www.johannagullichsen.com\/sv\/wp-json\/wp\/v2\/types\/product"}],"wp:featuredmedia":[{"embeddable":true,"href":"https:\/\/www.johannagullichsen.com\/sv\/wp-json\/wp\/v2\/media\/27111"}],"wp:attachment":[{"href":"https:\/\/www.johannagullichsen.com\/sv\/wp-json\/wp\/v2\/media?parent=6538"}],"wp:term":[{"taxonomy":"product_brand","embeddable":true,"href":"https:\/\/www.johannagullichsen.com\/sv\/wp-json\/wp\/v2\/product_brand?post=6538"},{"taxonomy":"product_cat","embeddable":true,"href":"https:\/\/www.johannagullichsen.com\/sv\/wp-json\/wp\/v2\/product_cat?post=6538"},{"taxonomy":"product_tag","embeddable":true,"href":"https:\/\/www.johannagullichsen.com\/sv\/wp-json\/wp\/v2\/product_tag?post=6538"}],"curies":[{"name":"wp","href":"https:\/\/api.w.org\/{rel}","templated":true}]}}