{"id":6602,"date":"2020-04-27T09:27:42","date_gmt":"2020-04-27T06:27:42","guid":{"rendered":"https:\/\/www.johannagullichsen.com\/products\/okategoriserad\/cushion-cover-50-n\/"},"modified":"2026-03-17T08:02:43","modified_gmt":"2026-03-17T06:02:43","slug":"kuddfodral-normandie-50cm-x-50cm","status":"publish","type":"product","link":"https:\/\/www.johannagullichsen.com\/sv\/produkt\/kuddfodral-normandie-50cm-x-50cm\/","title":{"rendered":"Kuddfodral Normandie 50 x 50cm"},"content":{"rendered":"<h4>S\u00e4tt f\u00e4rg p\u00e5 hemmet<\/h4>\n<p>Kuddfodral i Normandie tyger s\u00e4tter piff p\u00e5 vardagsrummet &#8211; eller kontoret! Tack vare blixtl\u00e5set \u00e4r tv\u00e4tt l\u00e4tt och beh\u00e4ndigt.<\/p>\n<p>Andra storlekar: <a href=\"\/?product_cat=kuddfodral-normandie-40cm-x-40cm\">40 x 40 cm<\/a>, <a href=\"\/?product_cat=kuddfodral-normandie-30cm-x-50cm\">30 x 50 cm <\/a>och <a href=\"https:\/\/www.johannagullichsen.com\/sv\/produkt\/kuddfodral-normandie-68cm-x-50cm\/\">68\u00a0 x 50 cm.<\/a><\/p>\n<p>F\u00e4rgning, v\u00e4vning och s\u00f6mnad i Finland.<\/p>\n","protected":false},"excerpt":{"rendered":"<p>S\u00e4tt f\u00e4rg p\u00e5 hemmet Kuddfodral i Normandie tyger s\u00e4tter piff p\u00e5 vardagsrummet &#8211; eller kontoret! Tack vare blixtl\u00e5set \u00e4r tv\u00e4tt l\u00e4tt och beh\u00e4ndigt. Andra storlekar: 40 x 40 cm, 30&hellip;<\/p>\n","protected":false},"featured_media":30930,"template":"","meta":{"_acf_changed":false},"product_brand":[],"product_cat":[1988,271,272],"product_tag":[],"class_list":{"0":"post-6602","1":"product","2":"type-product","3":"status-publish","4":"has-post-thumbnail","6":"product_cat-kuddar-och-filttar","7":"product_cat-hem","8":"product_cat-sanggavel-och-overkast","9":"pa_pattern-colour-helios-morkgron","10":"pa_pattern-colour-helios-almond-negative-sv","11":"pa_pattern-colour-tilkku-svart","12":"pa_pattern-colour-doris-ockra","13":"pa_pattern-colour-nereus-vinrod","14":"pa_pattern-colour-nereus-green-sv","15":"pa_pattern-colour-helios-mandelgron","16":"pa_pattern-colour-tithonus-vinrod","17":"pa_pattern-colour-tithonus-lime-sv","18":"pa_pattern-colour-helios-morkgron-negativ","19":"pa_pattern-colour-helios-blue-negativet-sv","20":"pa_pattern-colour-selene-vinrod","21":"pa_pattern-colour-doris-gul","22":"pa_pattern-colour-nereus-tegel","23":"pa_pattern-colour-nereus-lead-negative-sv","24":"pa_pattern-colour-helios-svart","25":"pa_pattern-colour-tithonus-tegel","26":"pa_pattern-colour-oceanide-other-sv","27":"pa_pattern-colour-doris-mandelgron","28":"pa_pattern-colour-helios-gron","29":"pa_pattern-colour-helios-bordeaux-negative-sv","30":"pa_pattern-colour-doris-halm","31":"pa_pattern-colour-eos-svart","32":"pa_pattern-colour-nereus-morkbla","33":"pa_pattern-colour-nereus-ochre-negative-sv","34":"pa_pattern-colour-helios-svart-negativ","35":"pa_pattern-colour-tithonus-morkbla","36":"pa_pattern-colour-tilkku-bla","37":"pa_pattern-colour-doris-svart-sv","38":"pa_pattern-colour-helios-blygra","39":"pa_pattern-colour-helios-dark-bordeaux-negative-sv","40":"pa_pattern-colour-eos-bla","41":"pa_pattern-colour-nereus-morkbla-negativ","42":"pa_pattern-colour-nereus-yellow-negative-sv","43":"pa_pattern-colour-helios-bla","44":"pa_pattern-colour-tithonus-gron","45":"pa_pattern-colour-tilkku-gra","46":"pa_pattern-colour-doris-bla","47":"pa_pattern-colour-helios-ockra","48":"pa_pattern-colour-helios-lead-negative-sv","49":"pa_pattern-colour-doris-cirrus","50":"pa_pattern-colour-eos-vinrod","51":"pa_pattern-colour-nereus-mork-vinrod","52":"pa_pattern-colour-tithonus-dark-green-sv","53":"pa_pattern-colour-helios-vinrod","54":"pa_pattern-colour-tithonus-blygra","55":"pa_pattern-colour-tilkku-gul","56":"pa_pattern-colour-doris-vinrod","57":"pa_pattern-colour-helios-gul","58":"pa_pattern-colour-helios-ochre-negative-sv","59":"pa_pattern-colour-eos-tegel","60":"pa_pattern-colour-nereus-morkgron","61":"pa_pattern-colour-eos-mandelgron","62":"pa_pattern-colour-helios-tegel","63":"pa_pattern-colour-tithonus-ockra","64":"pa_pattern-colour-tilkku-ockra","65":"pa_pattern-colour-doris-tegel","66":"pa_pattern-colour-nereus-mandelgron","67":"pa_pattern-colour-helios-yellow-negative-sv","68":"pa_pattern-colour-eos-gron","69":"pa_pattern-colour-nereus-blygra","70":"pa_pattern-colour-eos-ochre-sv","71":"pa_pattern-colour-helios-tegel-negativ","72":"pa_pattern-colour-tithonus-gul","73":"pa_pattern-colour-tilkku-gron","74":"pa_pattern-colour-doris-morkbla","75":"pa_pattern-colour-nereus-svart","76":"pa_pattern-colour-nereus-almond-negative-sv","77":"pa_pattern-colour-eos-gra","78":"pa_pattern-colour-nereus-ockra","79":"pa_pattern-colour-helios-green-negative-sv","80":"pa_pattern-colour-helios-morkbla-sv","81":"pa_pattern-colour-eos-morkbla-sv","82":"pa_pattern-colour-tilkku-mandelgron","83":"pa_pattern-colour-doris-morkgron","84":"pa_pattern-colour-nereus-svart-negativ","85":"pa_pattern-colour-nereus-bordeaux-negative-sv","86":"pa_pattern-colour-eos-blygra","87":"pa_pattern-colour-nereus-gul","88":"pa_pattern-colour-helios-lime-sv","89":"pa_pattern-colour-helios-morkbla-negativ","90":"pa_pattern-colour-eos-dark-bordeaux-sv","91":"pa_pattern-colour-tilkku-vinrod","92":"pa_pattern-colour-doris-gron","93":"pa_pattern-colour-nereus-bla","94":"pa_pattern-colour-nereus-brick-negative-sv","95":"pa_pattern-colour-eos-ljus-gra","96":"pa_pattern-colour-tithonus-svart","97":"pa_pattern-colour-helios-lime-negative-sv","98":"pa_pattern-colour-helios-mork-vinrod","99":"pa_pattern-colour-eos-dark-green-sv","100":"pa_pattern-colour-tilkku-tegel","101":"pa_pattern-colour-doris-blygra","102":"pa_pattern-colour-nereus-bla-negativ","103":"pa_pattern-colour-nereus-dark-green-negative-sv","104":"pa_pattern-colour-eos-gul","105":"pa_pattern-colour-tithonus-bla","106":"pa_pattern-colour-nereus-green-negative-sv","107":"collection-normandie-sv","109":"first","110":"instock","111":"taxable","112":"shipping-taxable","113":"purchasable","114":"product-type-variable","115":"has-default-attributes"},"acf":[],"yoast_head":"<!-- This site is optimized with the Yoast SEO Premium plugin v27.2 (Yoast SEO v27.5) - https:\/\/yoast.com\/product\/yoast-seo-premium-wordpress\/ -->\n<title>Kuddfodral Normandie 50 x 50cm - Johanna Gullichsen<\/title>\n<meta name=\"description\" content=\"Kuddfodral 50x50 cm i Normandie tyger s\u00e4tter piff p\u00e5 vardagsrummet. Design Johanna Gullichsen.\" \/>\n<meta name=\"robots\" content=\"index, follow, max-snippet:-1, max-image-preview:large, max-video-preview:-1\" \/>\n<link rel=\"canonical\" href=\"https:\/\/www.johannagullichsen.com\/sv\/produkt\/kuddfodral-normandie-50cm-x-50cm\/\" \/>\n<meta property=\"og:locale\" content=\"sv_SE\" \/>\n<meta property=\"og:type\" content=\"article\" \/>\n<meta property=\"og:title\" content=\"Kuddfodral Normandie 50 x 50cm\" \/>\n<meta property=\"og:description\" content=\"Kuddfodral 50x50 cm i Normandie tyger s\u00e4tter piff p\u00e5 vardagsrummet. Design Johanna Gullichsen.\" \/>\n<meta property=\"og:url\" content=\"https:\/\/www.johannagullichsen.com\/sv\/produkt\/kuddfodral-normandie-50cm-x-50cm\/\" \/>\n<meta property=\"og:site_name\" content=\"Johanna Gullichsen\" \/>\n<meta property=\"article:modified_time\" content=\"2026-03-17T06:02:43+00:00\" \/>\n<meta property=\"og:image\" content=\"https:\/\/www.johannagullichsen.com\/wp-content\/uploads\/2021\/10\/Johanna-Gullichsen-Cushion-pile-almond-and-dark-green.jpg\" \/>\n\t<meta property=\"og:image:width\" content=\"1600\" \/>\n\t<meta property=\"og:image:height\" content=\"1200\" \/>\n\t<meta property=\"og:image:type\" content=\"image\/jpeg\" \/>\n<meta name=\"twitter:card\" content=\"summary_large_image\" \/>\n<meta name=\"twitter:label1\" content=\"Ber\u00e4knad l\u00e4stid\" \/>\n\t<meta name=\"twitter:data1\" content=\"1 minut\" \/>\n<script type=\"application\/ld+json\" class=\"yoast-schema-graph\">{\"@context\":\"https:\\\/\\\/schema.org\",\"@graph\":[{\"@type\":\"WebPage\",\"@id\":\"https:\\\/\\\/www.johannagullichsen.com\\\/sv\\\/produkt\\\/kuddfodral-normandie-50cm-x-50cm\\\/\",\"url\":\"https:\\\/\\\/www.johannagullichsen.com\\\/sv\\\/produkt\\\/kuddfodral-normandie-50cm-x-50cm\\\/\",\"name\":\"Kuddfodral Normandie 50 x 50cm - Johanna Gullichsen\",\"isPartOf\":{\"@id\":\"https:\\\/\\\/www.johannagullichsen.com\\\/sv\\\/#website\"},\"primaryImageOfPage\":{\"@id\":\"https:\\\/\\\/www.johannagullichsen.com\\\/sv\\\/produkt\\\/kuddfodral-normandie-50cm-x-50cm\\\/#primaryimage\"},\"image\":{\"@id\":\"https:\\\/\\\/www.johannagullichsen.com\\\/sv\\\/produkt\\\/kuddfodral-normandie-50cm-x-50cm\\\/#primaryimage\"},\"thumbnailUrl\":\"https:\\\/\\\/www.johannagullichsen.com\\\/wp-content\\\/uploads\\\/2026\\\/04\\\/Johanna-Gullichsen-Cushion-cover-50-Doris-blue.jpg\",\"datePublished\":\"2020-04-27T06:27:42+00:00\",\"dateModified\":\"2026-03-17T06:02:43+00:00\",\"description\":\"Kuddfodral 50x50 cm i Normandie tyger s\u00e4tter piff p\u00e5 vardagsrummet. Design Johanna Gullichsen.\",\"breadcrumb\":{\"@id\":\"https:\\\/\\\/www.johannagullichsen.com\\\/sv\\\/produkt\\\/kuddfodral-normandie-50cm-x-50cm\\\/#breadcrumb\"},\"inLanguage\":\"sv-SE\",\"potentialAction\":[{\"@type\":\"ReadAction\",\"target\":[\"https:\\\/\\\/www.johannagullichsen.com\\\/sv\\\/produkt\\\/kuddfodral-normandie-50cm-x-50cm\\\/\"]}]},{\"@type\":\"ImageObject\",\"inLanguage\":\"sv-SE\",\"@id\":\"https:\\\/\\\/www.johannagullichsen.com\\\/sv\\\/produkt\\\/kuddfodral-normandie-50cm-x-50cm\\\/#primaryimage\",\"url\":\"https:\\\/\\\/www.johannagullichsen.com\\\/wp-content\\\/uploads\\\/2026\\\/04\\\/Johanna-Gullichsen-Cushion-cover-50-Doris-blue.jpg\",\"contentUrl\":\"https:\\\/\\\/www.johannagullichsen.com\\\/wp-content\\\/uploads\\\/2026\\\/04\\\/Johanna-Gullichsen-Cushion-cover-50-Doris-blue.jpg\",\"width\":1600,\"height\":1200},{\"@type\":\"BreadcrumbList\",\"@id\":\"https:\\\/\\\/www.johannagullichsen.com\\\/sv\\\/produkt\\\/kuddfodral-normandie-50cm-x-50cm\\\/#breadcrumb\",\"itemListElement\":[{\"@type\":\"ListItem\",\"position\":1,\"name\":\"Home\",\"item\":\"https:\\\/\\\/www.johannagullichsen.com\\\/sv\\\/\"},{\"@type\":\"ListItem\",\"position\":2,\"name\":\"Webbutik &#8211; Produkter\",\"item\":\"https:\\\/\\\/www.johannagullichsen.com\\\/sv\\\/produkter\\\/\"},{\"@type\":\"ListItem\",\"position\":3,\"name\":\"Kuddfodral Normandie 50 x 50cm\"}]},{\"@type\":\"WebSite\",\"@id\":\"https:\\\/\\\/www.johannagullichsen.com\\\/sv\\\/#website\",\"url\":\"https:\\\/\\\/www.johannagullichsen.com\\\/sv\\\/\",\"name\":\"Johanna Gullichsen\",\"description\":\"\",\"potentialAction\":[{\"@type\":\"SearchAction\",\"target\":{\"@type\":\"EntryPoint\",\"urlTemplate\":\"https:\\\/\\\/www.johannagullichsen.com\\\/sv\\\/?s={search_term_string}\"},\"query-input\":{\"@type\":\"PropertyValueSpecification\",\"valueRequired\":true,\"valueName\":\"search_term_string\"}}],\"inLanguage\":\"sv-SE\"}]}<\/script>\n<!-- \/ Yoast SEO Premium plugin. -->","yoast_head_json":{"title":"Kuddfodral Normandie 50 x 50cm - Johanna Gullichsen","description":"Kuddfodral 50x50 cm i Normandie tyger s\u00e4tter piff p\u00e5 vardagsrummet. Design Johanna Gullichsen.","robots":{"index":"index","follow":"follow","max-snippet":"max-snippet:-1","max-image-preview":"max-image-preview:large","max-video-preview":"max-video-preview:-1"},"canonical":"https:\/\/www.johannagullichsen.com\/sv\/produkt\/kuddfodral-normandie-50cm-x-50cm\/","og_locale":"sv_SE","og_type":"article","og_title":"Kuddfodral Normandie 50 x 50cm","og_description":"Kuddfodral 50x50 cm i Normandie tyger s\u00e4tter piff p\u00e5 vardagsrummet. Design Johanna Gullichsen.","og_url":"https:\/\/www.johannagullichsen.com\/sv\/produkt\/kuddfodral-normandie-50cm-x-50cm\/","og_site_name":"Johanna Gullichsen","article_modified_time":"2026-03-17T06:02:43+00:00","og_image":[{"width":1600,"height":1200,"url":"https:\/\/www.johannagullichsen.com\/wp-content\/uploads\/2021\/10\/Johanna-Gullichsen-Cushion-pile-almond-and-dark-green.jpg","type":"image\/jpeg"}],"twitter_card":"summary_large_image","twitter_misc":{"Ber\u00e4knad l\u00e4stid":"1 minut"},"schema":{"@context":"https:\/\/schema.org","@graph":[{"@type":"WebPage","@id":"https:\/\/www.johannagullichsen.com\/sv\/produkt\/kuddfodral-normandie-50cm-x-50cm\/","url":"https:\/\/www.johannagullichsen.com\/sv\/produkt\/kuddfodral-normandie-50cm-x-50cm\/","name":"Kuddfodral Normandie 50 x 50cm - Johanna Gullichsen","isPartOf":{"@id":"https:\/\/www.johannagullichsen.com\/sv\/#website"},"primaryImageOfPage":{"@id":"https:\/\/www.johannagullichsen.com\/sv\/produkt\/kuddfodral-normandie-50cm-x-50cm\/#primaryimage"},"image":{"@id":"https:\/\/www.johannagullichsen.com\/sv\/produkt\/kuddfodral-normandie-50cm-x-50cm\/#primaryimage"},"thumbnailUrl":"https:\/\/www.johannagullichsen.com\/wp-content\/uploads\/2026\/04\/Johanna-Gullichsen-Cushion-cover-50-Doris-blue.jpg","datePublished":"2020-04-27T06:27:42+00:00","dateModified":"2026-03-17T06:02:43+00:00","description":"Kuddfodral 50x50 cm i Normandie tyger s\u00e4tter piff p\u00e5 vardagsrummet. Design Johanna Gullichsen.","breadcrumb":{"@id":"https:\/\/www.johannagullichsen.com\/sv\/produkt\/kuddfodral-normandie-50cm-x-50cm\/#breadcrumb"},"inLanguage":"sv-SE","potentialAction":[{"@type":"ReadAction","target":["https:\/\/www.johannagullichsen.com\/sv\/produkt\/kuddfodral-normandie-50cm-x-50cm\/"]}]},{"@type":"ImageObject","inLanguage":"sv-SE","@id":"https:\/\/www.johannagullichsen.com\/sv\/produkt\/kuddfodral-normandie-50cm-x-50cm\/#primaryimage","url":"https:\/\/www.johannagullichsen.com\/wp-content\/uploads\/2026\/04\/Johanna-Gullichsen-Cushion-cover-50-Doris-blue.jpg","contentUrl":"https:\/\/www.johannagullichsen.com\/wp-content\/uploads\/2026\/04\/Johanna-Gullichsen-Cushion-cover-50-Doris-blue.jpg","width":1600,"height":1200},{"@type":"BreadcrumbList","@id":"https:\/\/www.johannagullichsen.com\/sv\/produkt\/kuddfodral-normandie-50cm-x-50cm\/#breadcrumb","itemListElement":[{"@type":"ListItem","position":1,"name":"Home","item":"https:\/\/www.johannagullichsen.com\/sv\/"},{"@type":"ListItem","position":2,"name":"Webbutik &#8211; Produkter","item":"https:\/\/www.johannagullichsen.com\/sv\/produkter\/"},{"@type":"ListItem","position":3,"name":"Kuddfodral Normandie 50 x 50cm"}]},{"@type":"WebSite","@id":"https:\/\/www.johannagullichsen.com\/sv\/#website","url":"https:\/\/www.johannagullichsen.com\/sv\/","name":"Johanna Gullichsen","description":"","potentialAction":[{"@type":"SearchAction","target":{"@type":"EntryPoint","urlTemplate":"https:\/\/www.johannagullichsen.com\/sv\/?s={search_term_string}"},"query-input":{"@type":"PropertyValueSpecification","valueRequired":true,"valueName":"search_term_string"}}],"inLanguage":"sv-SE"}]}},"_links":{"self":[{"href":"https:\/\/www.johannagullichsen.com\/sv\/wp-json\/wp\/v2\/product\/6602","targetHints":{"allow":["GET"]}}],"collection":[{"href":"https:\/\/www.johannagullichsen.com\/sv\/wp-json\/wp\/v2\/product"}],"about":[{"href":"https:\/\/www.johannagullichsen.com\/sv\/wp-json\/wp\/v2\/types\/product"}],"wp:featuredmedia":[{"embeddable":true,"href":"https:\/\/www.johannagullichsen.com\/sv\/wp-json\/wp\/v2\/media\/30930"}],"wp:attachment":[{"href":"https:\/\/www.johannagullichsen.com\/sv\/wp-json\/wp\/v2\/media?parent=6602"}],"wp:term":[{"taxonomy":"product_brand","embeddable":true,"href":"https:\/\/www.johannagullichsen.com\/sv\/wp-json\/wp\/v2\/product_brand?post=6602"},{"taxonomy":"product_cat","embeddable":true,"href":"https:\/\/www.johannagullichsen.com\/sv\/wp-json\/wp\/v2\/product_cat?post=6602"},{"taxonomy":"product_tag","embeddable":true,"href":"https:\/\/www.johannagullichsen.com\/sv\/wp-json\/wp\/v2\/product_tag?post=6602"}],"curies":[{"name":"wp","href":"https:\/\/api.w.org\/{rel}","templated":true}]}}