{"id":7088,"date":"2020-04-08T15:48:45","date_gmt":"2020-04-08T12:48:45","guid":{"rendered":"https:\/\/www.johannagullichsen.com\/products\/okategoriserad\/trip-n2\/"},"modified":"2021-04-15T09:53:38","modified_gmt":"2021-04-15T06:53:38","slug":"trip-n2","status":"publish","type":"product","link":"https:\/\/www.johannagullichsen.com\/sv\/produkt\/trip-n2\/","title":{"rendered":"Trip N2 portmonn\u00e4"},"content":{"rendered":"<h4>Liten b\u00f6rs med hake<\/h4>\n<p>Denna lilla portmonn\u00e4 av ripsband \u00e4r uttrustad med en karbinhake som kan anv\u00e4ndas som t.ex.nyckelring. Den \u00e4r beh\u00e4ndig f\u00f6r sm\u00e5 mynt eller, varf\u00f6r inte, ditt l\u00e4ppstift. Formen \u00e4r inspirerad av saft f\u00f6rpackningar fr\u00e5n 80-talet. Du minns s\u00e4kert TRIP saften!<\/p>\n","protected":false},"excerpt":{"rendered":"<p>Liten b\u00f6rs med hake Denna lilla portmonn\u00e4 av ripsband \u00e4r uttrustad med en karbinhake som kan anv\u00e4ndas som t.ex.nyckelring. Den \u00e4r beh\u00e4ndig f\u00f6r sm\u00e5 mynt eller, varf\u00f6r inte, ditt l\u00e4ppstift.&hellip;<\/p>\n","protected":false},"featured_media":26814,"template":"","meta":{"_acf_changed":false},"product_brand":[],"product_cat":[1992,269],"product_tag":[],"class_list":{"0":"post-7088","1":"product","2":"type-product","3":"status-publish","4":"has-post-thumbnail","6":"product_cat-necessarer-och-borsar","7":"product_cat-accessoarer-vaskor","8":"pa_pattern-colour-ribbon-narrow-yellow-sv","9":"pa_pattern-colour-ribbon-gron-gul","10":"pa_pattern-colour-ribbon-narrow-bla-gron","11":"pa_pattern-colour-ribbon-narrow-orange-sv","12":"collection-ribbon-sv","14":"first","15":"instock","16":"taxable","17":"shipping-taxable","18":"purchasable","19":"product-type-variable"},"acf":[],"yoast_head":"<!-- This site is optimized with the Yoast SEO Premium plugin v27.2 (Yoast SEO v27.2) - https:\/\/yoast.com\/product\/yoast-seo-premium-wordpress\/ -->\n<title>Trip N2 portmonn\u00e4 - Johanna Gullichsen<\/title>\n<meta name=\"robots\" content=\"index, follow, max-snippet:-1, max-image-preview:large, max-video-preview:-1\" \/>\n<link rel=\"canonical\" href=\"https:\/\/www.johannagullichsen.com\/sv\/produkt\/trip-n2\/\" \/>\n<meta property=\"og:locale\" content=\"sv_SE\" \/>\n<meta property=\"og:type\" content=\"article\" \/>\n<meta property=\"og:title\" content=\"Trip N2 portmonn\u00e4\" \/>\n<meta property=\"og:description\" content=\"Liten b\u00f6rs med hake Denna lilla portmonn\u00e4 av ripsband \u00e4r uttrustad med en karbinhake som kan anv\u00e4ndas som t.ex.nyckelring. Den \u00e4r beh\u00e4ndig f\u00f6r sm\u00e5 mynt eller, varf\u00f6r inte, ditt l\u00e4ppstift.&hellip;\" \/>\n<meta property=\"og:url\" content=\"https:\/\/www.johannagullichsen.com\/sv\/produkt\/trip-n2\/\" \/>\n<meta property=\"og:site_name\" content=\"Johanna Gullichsen\" \/>\n<meta property=\"article:modified_time\" content=\"2021-04-15T06:53:38+00:00\" \/>\n<meta property=\"og:image\" content=\"https:\/\/www.johannagullichsen.com\/wp-content\/uploads\/2020\/04\/Johanna_Gullichsen_Trip_N2_greenyellow.jpg\" \/>\n\t<meta property=\"og:image:width\" content=\"1600\" \/>\n\t<meta property=\"og:image:height\" content=\"1200\" \/>\n\t<meta property=\"og:image:type\" content=\"image\/jpeg\" \/>\n<meta name=\"twitter:card\" content=\"summary_large_image\" \/>\n<script type=\"application\/ld+json\" class=\"yoast-schema-graph\">{\"@context\":\"https:\/\/schema.org\",\"@graph\":[{\"@type\":\"WebPage\",\"@id\":\"https:\/\/www.johannagullichsen.com\/sv\/produkt\/trip-n2\/\",\"url\":\"https:\/\/www.johannagullichsen.com\/sv\/produkt\/trip-n2\/\",\"name\":\"Trip N2 portmonn\u00e4 - Johanna Gullichsen\",\"isPartOf\":{\"@id\":\"https:\/\/www.johannagullichsen.com\/sv\/#website\"},\"primaryImageOfPage\":{\"@id\":\"https:\/\/www.johannagullichsen.com\/sv\/produkt\/trip-n2\/#primaryimage\"},\"image\":{\"@id\":\"https:\/\/www.johannagullichsen.com\/sv\/produkt\/trip-n2\/#primaryimage\"},\"thumbnailUrl\":\"https:\/\/www.johannagullichsen.com\/wp-content\/uploads\/2020\/04\/Johanna-Gullichsen-Trip-N2-blue-green.jpg\",\"datePublished\":\"2020-04-08T12:48:45+00:00\",\"dateModified\":\"2021-04-15T06:53:38+00:00\",\"breadcrumb\":{\"@id\":\"https:\/\/www.johannagullichsen.com\/sv\/produkt\/trip-n2\/#breadcrumb\"},\"inLanguage\":\"sv-SE\",\"potentialAction\":[{\"@type\":\"ReadAction\",\"target\":[\"https:\/\/www.johannagullichsen.com\/sv\/produkt\/trip-n2\/\"]}]},{\"@type\":\"ImageObject\",\"inLanguage\":\"sv-SE\",\"@id\":\"https:\/\/www.johannagullichsen.com\/sv\/produkt\/trip-n2\/#primaryimage\",\"url\":\"https:\/\/www.johannagullichsen.com\/wp-content\/uploads\/2020\/04\/Johanna-Gullichsen-Trip-N2-blue-green.jpg\",\"contentUrl\":\"https:\/\/www.johannagullichsen.com\/wp-content\/uploads\/2020\/04\/Johanna-Gullichsen-Trip-N2-blue-green.jpg\",\"width\":1600,\"height\":1200},{\"@type\":\"BreadcrumbList\",\"@id\":\"https:\/\/www.johannagullichsen.com\/sv\/produkt\/trip-n2\/#breadcrumb\",\"itemListElement\":[{\"@type\":\"ListItem\",\"position\":1,\"name\":\"Home\",\"item\":\"https:\/\/www.johannagullichsen.com\/sv\/\"},{\"@type\":\"ListItem\",\"position\":2,\"name\":\"Webbutik &#8211; Produkter\",\"item\":\"https:\/\/www.johannagullichsen.com\/sv\/produkter\/\"},{\"@type\":\"ListItem\",\"position\":3,\"name\":\"Trip N2 portmonn\u00e4\"}]},{\"@type\":\"WebSite\",\"@id\":\"https:\/\/www.johannagullichsen.com\/sv\/#website\",\"url\":\"https:\/\/www.johannagullichsen.com\/sv\/\",\"name\":\"Johanna Gullichsen\",\"description\":\"\",\"potentialAction\":[{\"@type\":\"SearchAction\",\"target\":{\"@type\":\"EntryPoint\",\"urlTemplate\":\"https:\/\/www.johannagullichsen.com\/sv\/?s={search_term_string}\"},\"query-input\":{\"@type\":\"PropertyValueSpecification\",\"valueRequired\":true,\"valueName\":\"search_term_string\"}}],\"inLanguage\":\"sv-SE\"}]}<\/script>\n<!-- \/ Yoast SEO Premium plugin. -->","yoast_head_json":{"title":"Trip N2 portmonn\u00e4 - Johanna Gullichsen","robots":{"index":"index","follow":"follow","max-snippet":"max-snippet:-1","max-image-preview":"max-image-preview:large","max-video-preview":"max-video-preview:-1"},"canonical":"https:\/\/www.johannagullichsen.com\/sv\/produkt\/trip-n2\/","og_locale":"sv_SE","og_type":"article","og_title":"Trip N2 portmonn\u00e4","og_description":"Liten b\u00f6rs med hake Denna lilla portmonn\u00e4 av ripsband \u00e4r uttrustad med en karbinhake som kan anv\u00e4ndas som t.ex.nyckelring. Den \u00e4r beh\u00e4ndig f\u00f6r sm\u00e5 mynt eller, varf\u00f6r inte, ditt l\u00e4ppstift.&hellip;","og_url":"https:\/\/www.johannagullichsen.com\/sv\/produkt\/trip-n2\/","og_site_name":"Johanna Gullichsen","article_modified_time":"2021-04-15T06:53:38+00:00","og_image":[{"width":1600,"height":1200,"url":"https:\/\/www.johannagullichsen.com\/wp-content\/uploads\/2020\/04\/Johanna_Gullichsen_Trip_N2_greenyellow.jpg","type":"image\/jpeg"}],"twitter_card":"summary_large_image","schema":{"@context":"https:\/\/schema.org","@graph":[{"@type":"WebPage","@id":"https:\/\/www.johannagullichsen.com\/sv\/produkt\/trip-n2\/","url":"https:\/\/www.johannagullichsen.com\/sv\/produkt\/trip-n2\/","name":"Trip N2 portmonn\u00e4 - Johanna Gullichsen","isPartOf":{"@id":"https:\/\/www.johannagullichsen.com\/sv\/#website"},"primaryImageOfPage":{"@id":"https:\/\/www.johannagullichsen.com\/sv\/produkt\/trip-n2\/#primaryimage"},"image":{"@id":"https:\/\/www.johannagullichsen.com\/sv\/produkt\/trip-n2\/#primaryimage"},"thumbnailUrl":"https:\/\/www.johannagullichsen.com\/wp-content\/uploads\/2020\/04\/Johanna-Gullichsen-Trip-N2-blue-green.jpg","datePublished":"2020-04-08T12:48:45+00:00","dateModified":"2021-04-15T06:53:38+00:00","breadcrumb":{"@id":"https:\/\/www.johannagullichsen.com\/sv\/produkt\/trip-n2\/#breadcrumb"},"inLanguage":"sv-SE","potentialAction":[{"@type":"ReadAction","target":["https:\/\/www.johannagullichsen.com\/sv\/produkt\/trip-n2\/"]}]},{"@type":"ImageObject","inLanguage":"sv-SE","@id":"https:\/\/www.johannagullichsen.com\/sv\/produkt\/trip-n2\/#primaryimage","url":"https:\/\/www.johannagullichsen.com\/wp-content\/uploads\/2020\/04\/Johanna-Gullichsen-Trip-N2-blue-green.jpg","contentUrl":"https:\/\/www.johannagullichsen.com\/wp-content\/uploads\/2020\/04\/Johanna-Gullichsen-Trip-N2-blue-green.jpg","width":1600,"height":1200},{"@type":"BreadcrumbList","@id":"https:\/\/www.johannagullichsen.com\/sv\/produkt\/trip-n2\/#breadcrumb","itemListElement":[{"@type":"ListItem","position":1,"name":"Home","item":"https:\/\/www.johannagullichsen.com\/sv\/"},{"@type":"ListItem","position":2,"name":"Webbutik &#8211; Produkter","item":"https:\/\/www.johannagullichsen.com\/sv\/produkter\/"},{"@type":"ListItem","position":3,"name":"Trip N2 portmonn\u00e4"}]},{"@type":"WebSite","@id":"https:\/\/www.johannagullichsen.com\/sv\/#website","url":"https:\/\/www.johannagullichsen.com\/sv\/","name":"Johanna Gullichsen","description":"","potentialAction":[{"@type":"SearchAction","target":{"@type":"EntryPoint","urlTemplate":"https:\/\/www.johannagullichsen.com\/sv\/?s={search_term_string}"},"query-input":{"@type":"PropertyValueSpecification","valueRequired":true,"valueName":"search_term_string"}}],"inLanguage":"sv-SE"}]}},"_links":{"self":[{"href":"https:\/\/www.johannagullichsen.com\/sv\/wp-json\/wp\/v2\/product\/7088","targetHints":{"allow":["GET"]}}],"collection":[{"href":"https:\/\/www.johannagullichsen.com\/sv\/wp-json\/wp\/v2\/product"}],"about":[{"href":"https:\/\/www.johannagullichsen.com\/sv\/wp-json\/wp\/v2\/types\/product"}],"wp:featuredmedia":[{"embeddable":true,"href":"https:\/\/www.johannagullichsen.com\/sv\/wp-json\/wp\/v2\/media\/26814"}],"wp:attachment":[{"href":"https:\/\/www.johannagullichsen.com\/sv\/wp-json\/wp\/v2\/media?parent=7088"}],"wp:term":[{"taxonomy":"product_brand","embeddable":true,"href":"https:\/\/www.johannagullichsen.com\/sv\/wp-json\/wp\/v2\/product_brand?post=7088"},{"taxonomy":"product_cat","embeddable":true,"href":"https:\/\/www.johannagullichsen.com\/sv\/wp-json\/wp\/v2\/product_cat?post=7088"},{"taxonomy":"product_tag","embeddable":true,"href":"https:\/\/www.johannagullichsen.com\/sv\/wp-json\/wp\/v2\/product_tag?post=7088"}],"curies":[{"name":"wp","href":"https:\/\/api.w.org\/{rel}","templated":true}]}}