{"id":7125,"date":"2020-04-21T17:28:38","date_gmt":"2020-04-21T14:28:38","guid":{"rendered":"https:\/\/www.johannagullichsen.com\/products\/okategoriserad\/vanity-case-m\/"},"modified":"2021-04-15T10:40:21","modified_gmt":"2021-04-15T07:40:21","slug":"vanity-case-m","status":"publish","type":"product","link":"https:\/\/www.johannagullichsen.com\/sv\/produkt\/vanity-case-m\/","title":{"rendered":"Vanity Case M &#8211; Necess\u00e4r"},"content":{"rendered":"<h4>Mellanstor necess\u00e4r<\/h4>\n<p>Necess\u00e4rer som passar b\u00e5de m\u00e4n och kvinnor och \u00e4r b\u00e5de praktiska och eleganta. L\u00e4tta att ha med p\u00e5 resor och muntrar upp ditt badrum hemma.<\/p>\n<p>\u00d6vriga storlekar: <a href=\"https:\/\/www.johannagullichsen.com\/sv\/produkter\/accessoarer-vaskor\/vanity-case-s\/\">Vanity case S<\/a>, <a href=\"https:\/\/www.johannagullichsen.com\/sv\/produkter\/accessoarer-vaskor\/vanity-case-l\/\">Vanity case L<\/a><\/p>\n","protected":false},"excerpt":{"rendered":"<p>Mellanstor necess\u00e4r Necess\u00e4rer som passar b\u00e5de m\u00e4n och kvinnor och \u00e4r b\u00e5de praktiska och eleganta. L\u00e4tta att ha med p\u00e5 resor och muntrar upp ditt badrum hemma. \u00d6vriga storlekar: Vanity&hellip;<\/p>\n","protected":false},"featured_media":25453,"template":"","meta":{"_acf_changed":false},"product_brand":[],"product_cat":[1992,269],"product_tag":[],"class_list":{"0":"post-7125","1":"product","2":"type-product","3":"status-publish","4":"has-post-thumbnail","6":"product_cat-necessarer-och-borsar","7":"product_cat-accessoarer-vaskor","8":"pa_pattern-colour-eos-gron","9":"pa_pattern-colour-nereus-blygra","10":"pa_pattern-colour-nereus-green-negative-sv","11":"pa_pattern-colour-helios-tegel-negativ","12":"pa_pattern-colour-tithonus-gul","13":"pa_pattern-colour-doris-morkbla","14":"pa_pattern-colour-nereus-svart","15":"pa_pattern-colour-nereus-green-sv","16":"pa_pattern-colour-eos-gra","17":"pa_pattern-colour-nereus-ockra","18":"pa_pattern-colour-nereus-silver-sv","19":"pa_pattern-colour-helios-morkbla-sv","20":"pa_pattern-colour-helios-almond-negative-sv","21":"pa_pattern-colour-doris-morkgron","22":"pa_pattern-colour-nereus-svart-negativ","23":"pa_pattern-colour-nereus-lead-negative-sv","24":"pa_pattern-colour-eos-blygra","25":"pa_pattern-colour-nereus-gul","26":"pa_pattern-colour-tithonus-lime-sv","27":"pa_pattern-colour-helios-morkbla-negativ","28":"pa_pattern-colour-helios-blue-negativet-sv","29":"pa_pattern-colour-doris-gron","30":"pa_pattern-colour-nereus-bla","31":"pa_pattern-colour-nereus-ochre-negative-sv","32":"pa_pattern-colour-eos-ljus-gra","33":"pa_pattern-colour-tithonus-svart","34":"pa_pattern-colour-eos-yellowblue-sv","35":"pa_pattern-colour-helios-mork-vinrod","36":"pa_pattern-colour-helios-bordeaux-negative-sv","37":"pa_pattern-colour-doris-blygra","38":"pa_pattern-colour-nereus-bla-negativ","39":"pa_pattern-colour-nereus-yellow-negative-sv","40":"pa_pattern-colour-eos-gul","41":"pa_pattern-colour-tithonus-bla","42":"pa_pattern-colour-helios-morkgron","43":"pa_pattern-colour-helios-lead-negative-sv","44":"pa_pattern-colour-doris-ockra","45":"pa_pattern-colour-nereus-vinrod","46":"pa_pattern-colour-tithonus-dark-green-sv","47":"pa_pattern-colour-helios-mandelgron","48":"pa_pattern-colour-tithonus-vinrod","49":"pa_pattern-colour-helios-morkgron-negativ","50":"pa_pattern-colour-helios-ochre-negative-sv","51":"pa_pattern-colour-doris-gul","52":"pa_pattern-colour-nereus-tegel","53":"pa_pattern-colour-eos-mandelgron","54":"pa_pattern-colour-helios-svart","55":"pa_pattern-colour-tithonus-tegel","56":"pa_pattern-colour-doris-mandelgron","57":"pa_pattern-colour-helios-gron","58":"pa_pattern-colour-helios-yellow-negative-sv","59":"pa_pattern-colour-eos-svart","60":"pa_pattern-colour-nereus-morkbla","61":"pa_pattern-colour-eos-ochre-sv","62":"pa_pattern-colour-helios-svart-negativ","63":"pa_pattern-colour-tithonus-morkbla","64":"pa_pattern-colour-doris-svart-sv","65":"pa_pattern-colour-helios-blygra","66":"pa_pattern-colour-nereus-almond-negative-sv","67":"pa_pattern-colour-eos-bla","68":"pa_pattern-colour-nereus-morkbla-negativ","69":"pa_pattern-colour-helios-green-negative-sv","70":"pa_pattern-colour-helios-bla","71":"pa_pattern-colour-tithonus-gron","72":"pa_pattern-colour-doris-bla","73":"pa_pattern-colour-helios-ockra","74":"pa_pattern-colour-nereus-bordeaux-negative-sv","75":"pa_pattern-colour-eos-vinrod","76":"pa_pattern-colour-nereus-mork-vinrod","77":"pa_pattern-colour-helios-lime-sv","78":"pa_pattern-colour-helios-vinrod","79":"pa_pattern-colour-tithonus-blygra","80":"pa_pattern-colour-doris-vinrod","81":"pa_pattern-colour-helios-gul","82":"pa_pattern-colour-nereus-brick-negative-sv","83":"pa_pattern-colour-eos-tegel","84":"pa_pattern-colour-nereus-morkgron","85":"pa_pattern-colour-helios-lime-negative-sv","86":"pa_pattern-colour-helios-tegel","87":"pa_pattern-colour-tithonus-ockra","88":"pa_pattern-colour-doris-tegel","89":"pa_pattern-colour-nereus-mandelgron","90":"pa_pattern-colour-nereus-dark-green-negative-sv","91":"collection-normandie-sv","93":"first","94":"instock","95":"taxable","96":"shipping-taxable","97":"purchasable","98":"product-type-variable"},"acf":[],"yoast_head":"<!-- This site is optimized with the Yoast SEO Premium plugin v27.2 (Yoast SEO v27.2) - https:\/\/yoast.com\/product\/yoast-seo-premium-wordpress\/ -->\n<title>Vanity Case M - Necess\u00e4r - Johanna Gullichsen<\/title>\n<meta name=\"robots\" content=\"index, follow, max-snippet:-1, max-image-preview:large, max-video-preview:-1\" \/>\n<link rel=\"canonical\" href=\"https:\/\/www.johannagullichsen.com\/sv\/produkt\/vanity-case-m\/\" \/>\n<meta property=\"og:locale\" content=\"sv_SE\" \/>\n<meta property=\"og:type\" content=\"article\" \/>\n<meta property=\"og:title\" content=\"Vanity Case M - Necess\u00e4r\" \/>\n<meta property=\"og:description\" content=\"Mellanstor necess\u00e4r Necess\u00e4rer som passar b\u00e5de m\u00e4n och kvinnor och \u00e4r b\u00e5de praktiska och eleganta. L\u00e4tta att ha med p\u00e5 resor och muntrar upp ditt badrum hemma. \u00d6vriga storlekar: Vanity&hellip;\" \/>\n<meta property=\"og:url\" content=\"https:\/\/www.johannagullichsen.com\/sv\/produkt\/vanity-case-m\/\" \/>\n<meta property=\"og:site_name\" content=\"Johanna Gullichsen\" \/>\n<meta property=\"article:modified_time\" content=\"2021-04-15T07:40:21+00:00\" \/>\n<meta property=\"og:image\" content=\"https:\/\/www.johannagullichsen.com\/wp-content\/uploads\/2025\/01\/Johanna-Gullichsen-Vanity-case-M-Tithonus-green-2.jpg\" \/>\n\t<meta property=\"og:image:width\" content=\"1600\" \/>\n\t<meta property=\"og:image:height\" content=\"1200\" \/>\n\t<meta property=\"og:image:type\" content=\"image\/jpeg\" \/>\n<meta name=\"twitter:card\" content=\"summary_large_image\" \/>\n<meta name=\"twitter:label1\" content=\"Ber\u00e4knad l\u00e4stid\" \/>\n\t<meta name=\"twitter:data1\" content=\"1 minut\" \/>\n<script type=\"application\/ld+json\" class=\"yoast-schema-graph\">{\"@context\":\"https:\/\/schema.org\",\"@graph\":[{\"@type\":\"WebPage\",\"@id\":\"https:\/\/www.johannagullichsen.com\/sv\/produkt\/vanity-case-m\/\",\"url\":\"https:\/\/www.johannagullichsen.com\/sv\/produkt\/vanity-case-m\/\",\"name\":\"Vanity Case M - Necess\u00e4r - Johanna Gullichsen\",\"isPartOf\":{\"@id\":\"https:\/\/www.johannagullichsen.com\/sv\/#website\"},\"primaryImageOfPage\":{\"@id\":\"https:\/\/www.johannagullichsen.com\/sv\/produkt\/vanity-case-m\/#primaryimage\"},\"image\":{\"@id\":\"https:\/\/www.johannagullichsen.com\/sv\/produkt\/vanity-case-m\/#primaryimage\"},\"thumbnailUrl\":\"https:\/\/www.johannagullichsen.com\/wp-content\/uploads\/2025\/01\/Johanna-Gullichsen-Vanity-case-M-Tithonus-green-2.jpg\",\"datePublished\":\"2020-04-21T14:28:38+00:00\",\"dateModified\":\"2021-04-15T07:40:21+00:00\",\"breadcrumb\":{\"@id\":\"https:\/\/www.johannagullichsen.com\/sv\/produkt\/vanity-case-m\/#breadcrumb\"},\"inLanguage\":\"sv-SE\",\"potentialAction\":[{\"@type\":\"ReadAction\",\"target\":[\"https:\/\/www.johannagullichsen.com\/sv\/produkt\/vanity-case-m\/\"]}]},{\"@type\":\"ImageObject\",\"inLanguage\":\"sv-SE\",\"@id\":\"https:\/\/www.johannagullichsen.com\/sv\/produkt\/vanity-case-m\/#primaryimage\",\"url\":\"https:\/\/www.johannagullichsen.com\/wp-content\/uploads\/2025\/01\/Johanna-Gullichsen-Vanity-case-M-Tithonus-green-2.jpg\",\"contentUrl\":\"https:\/\/www.johannagullichsen.com\/wp-content\/uploads\/2025\/01\/Johanna-Gullichsen-Vanity-case-M-Tithonus-green-2.jpg\",\"width\":1600,\"height\":1200},{\"@type\":\"BreadcrumbList\",\"@id\":\"https:\/\/www.johannagullichsen.com\/sv\/produkt\/vanity-case-m\/#breadcrumb\",\"itemListElement\":[{\"@type\":\"ListItem\",\"position\":1,\"name\":\"Home\",\"item\":\"https:\/\/www.johannagullichsen.com\/sv\/\"},{\"@type\":\"ListItem\",\"position\":2,\"name\":\"Webbutik &#8211; Produkter\",\"item\":\"https:\/\/www.johannagullichsen.com\/sv\/produkter\/\"},{\"@type\":\"ListItem\",\"position\":3,\"name\":\"Vanity Case M &#8211; Necess\u00e4r\"}]},{\"@type\":\"WebSite\",\"@id\":\"https:\/\/www.johannagullichsen.com\/sv\/#website\",\"url\":\"https:\/\/www.johannagullichsen.com\/sv\/\",\"name\":\"Johanna Gullichsen\",\"description\":\"\",\"potentialAction\":[{\"@type\":\"SearchAction\",\"target\":{\"@type\":\"EntryPoint\",\"urlTemplate\":\"https:\/\/www.johannagullichsen.com\/sv\/?s={search_term_string}\"},\"query-input\":{\"@type\":\"PropertyValueSpecification\",\"valueRequired\":true,\"valueName\":\"search_term_string\"}}],\"inLanguage\":\"sv-SE\"}]}<\/script>\n<!-- \/ Yoast SEO Premium plugin. -->","yoast_head_json":{"title":"Vanity Case M - Necess\u00e4r - Johanna Gullichsen","robots":{"index":"index","follow":"follow","max-snippet":"max-snippet:-1","max-image-preview":"max-image-preview:large","max-video-preview":"max-video-preview:-1"},"canonical":"https:\/\/www.johannagullichsen.com\/sv\/produkt\/vanity-case-m\/","og_locale":"sv_SE","og_type":"article","og_title":"Vanity Case M - Necess\u00e4r","og_description":"Mellanstor necess\u00e4r Necess\u00e4rer som passar b\u00e5de m\u00e4n och kvinnor och \u00e4r b\u00e5de praktiska och eleganta. L\u00e4tta att ha med p\u00e5 resor och muntrar upp ditt badrum hemma. \u00d6vriga storlekar: Vanity&hellip;","og_url":"https:\/\/www.johannagullichsen.com\/sv\/produkt\/vanity-case-m\/","og_site_name":"Johanna Gullichsen","article_modified_time":"2021-04-15T07:40:21+00:00","og_image":[{"width":1600,"height":1200,"url":"https:\/\/www.johannagullichsen.com\/wp-content\/uploads\/2025\/01\/Johanna-Gullichsen-Vanity-case-M-Tithonus-green-2.jpg","type":"image\/jpeg"}],"twitter_card":"summary_large_image","twitter_misc":{"Ber\u00e4knad l\u00e4stid":"1 minut"},"schema":{"@context":"https:\/\/schema.org","@graph":[{"@type":"WebPage","@id":"https:\/\/www.johannagullichsen.com\/sv\/produkt\/vanity-case-m\/","url":"https:\/\/www.johannagullichsen.com\/sv\/produkt\/vanity-case-m\/","name":"Vanity Case M - Necess\u00e4r - Johanna Gullichsen","isPartOf":{"@id":"https:\/\/www.johannagullichsen.com\/sv\/#website"},"primaryImageOfPage":{"@id":"https:\/\/www.johannagullichsen.com\/sv\/produkt\/vanity-case-m\/#primaryimage"},"image":{"@id":"https:\/\/www.johannagullichsen.com\/sv\/produkt\/vanity-case-m\/#primaryimage"},"thumbnailUrl":"https:\/\/www.johannagullichsen.com\/wp-content\/uploads\/2025\/01\/Johanna-Gullichsen-Vanity-case-M-Tithonus-green-2.jpg","datePublished":"2020-04-21T14:28:38+00:00","dateModified":"2021-04-15T07:40:21+00:00","breadcrumb":{"@id":"https:\/\/www.johannagullichsen.com\/sv\/produkt\/vanity-case-m\/#breadcrumb"},"inLanguage":"sv-SE","potentialAction":[{"@type":"ReadAction","target":["https:\/\/www.johannagullichsen.com\/sv\/produkt\/vanity-case-m\/"]}]},{"@type":"ImageObject","inLanguage":"sv-SE","@id":"https:\/\/www.johannagullichsen.com\/sv\/produkt\/vanity-case-m\/#primaryimage","url":"https:\/\/www.johannagullichsen.com\/wp-content\/uploads\/2025\/01\/Johanna-Gullichsen-Vanity-case-M-Tithonus-green-2.jpg","contentUrl":"https:\/\/www.johannagullichsen.com\/wp-content\/uploads\/2025\/01\/Johanna-Gullichsen-Vanity-case-M-Tithonus-green-2.jpg","width":1600,"height":1200},{"@type":"BreadcrumbList","@id":"https:\/\/www.johannagullichsen.com\/sv\/produkt\/vanity-case-m\/#breadcrumb","itemListElement":[{"@type":"ListItem","position":1,"name":"Home","item":"https:\/\/www.johannagullichsen.com\/sv\/"},{"@type":"ListItem","position":2,"name":"Webbutik &#8211; Produkter","item":"https:\/\/www.johannagullichsen.com\/sv\/produkter\/"},{"@type":"ListItem","position":3,"name":"Vanity Case M &#8211; Necess\u00e4r"}]},{"@type":"WebSite","@id":"https:\/\/www.johannagullichsen.com\/sv\/#website","url":"https:\/\/www.johannagullichsen.com\/sv\/","name":"Johanna Gullichsen","description":"","potentialAction":[{"@type":"SearchAction","target":{"@type":"EntryPoint","urlTemplate":"https:\/\/www.johannagullichsen.com\/sv\/?s={search_term_string}"},"query-input":{"@type":"PropertyValueSpecification","valueRequired":true,"valueName":"search_term_string"}}],"inLanguage":"sv-SE"}]}},"_links":{"self":[{"href":"https:\/\/www.johannagullichsen.com\/sv\/wp-json\/wp\/v2\/product\/7125","targetHints":{"allow":["GET"]}}],"collection":[{"href":"https:\/\/www.johannagullichsen.com\/sv\/wp-json\/wp\/v2\/product"}],"about":[{"href":"https:\/\/www.johannagullichsen.com\/sv\/wp-json\/wp\/v2\/types\/product"}],"wp:featuredmedia":[{"embeddable":true,"href":"https:\/\/www.johannagullichsen.com\/sv\/wp-json\/wp\/v2\/media\/25453"}],"wp:attachment":[{"href":"https:\/\/www.johannagullichsen.com\/sv\/wp-json\/wp\/v2\/media?parent=7125"}],"wp:term":[{"taxonomy":"product_brand","embeddable":true,"href":"https:\/\/www.johannagullichsen.com\/sv\/wp-json\/wp\/v2\/product_brand?post=7125"},{"taxonomy":"product_cat","embeddable":true,"href":"https:\/\/www.johannagullichsen.com\/sv\/wp-json\/wp\/v2\/product_cat?post=7125"},{"taxonomy":"product_tag","embeddable":true,"href":"https:\/\/www.johannagullichsen.com\/sv\/wp-json\/wp\/v2\/product_tag?post=7125"}],"curies":[{"name":"wp","href":"https:\/\/api.w.org\/{rel}","templated":true}]}}