{"id":7145,"date":"2020-04-21T15:01:44","date_gmt":"2020-04-21T12:01:44","guid":{"rendered":"https:\/\/www.johannagullichsen.com\/products\/okategoriserad\/vanity-case-s\/"},"modified":"2021-04-15T10:41:02","modified_gmt":"2021-04-15T07:41:02","slug":"vanity-case-s","status":"publish","type":"product","link":"https:\/\/www.johannagullichsen.com\/sv\/produkt\/vanity-case-s\/","title":{"rendered":"Vanity Case S &#8211; Necess\u00e4r"},"content":{"rendered":"<h4>Liten och praktisk necess\u00e4r<\/h4>\n<p>Borta bra men hemma b\u00e4st!<\/p>\n<p>\u00d6vriga storlekar: <a href=\"https:\/\/www.johannagullichsen.com\/sv\/produkter\/accessoarer-vaskor\/vanity-case-m\/\">Vanity case M<\/a>, <a href=\"https:\/\/www.johannagullichsen.com\/sv\/produkter\/accessoarer-vaskor\/vanity-case-l\/\">Vanity case L<\/a><\/p>\n","protected":false},"excerpt":{"rendered":"<p>Liten och praktisk necess\u00e4r Borta bra men hemma b\u00e4st! \u00d6vriga storlekar: Vanity case M, Vanity case L<\/p>\n","protected":false},"featured_media":24807,"template":"","meta":{"_acf_changed":false},"product_brand":[],"product_cat":[269,1992],"product_tag":[],"class_list":{"0":"post-7145","1":"product","2":"type-product","3":"status-publish","4":"has-post-thumbnail","6":"product_cat-accessoarer-vaskor","7":"product_cat-necessarer-och-borsar","8":"pa_pattern-colour-helios-tegel","9":"pa_pattern-colour-nereus-almond-negative-sv","10":"pa_pattern-colour-doris-tegel","11":"pa_pattern-colour-nereus-mandelgron","12":"pa_pattern-colour-helios-lime-sv","13":"pa_pattern-colour-eos-gron","14":"pa_pattern-colour-nereus-blygra","15":"pa_pattern-colour-helios-tegel-negativ","16":"pa_pattern-colour-nereus-bordeaux-negative-sv","17":"pa_pattern-colour-doris-morkbla","18":"pa_pattern-colour-nereus-svart","19":"pa_pattern-colour-helios-lime-negative-sv","20":"pa_pattern-colour-eos-gra","21":"pa_pattern-colour-nereus-ockra","22":"pa_pattern-colour-helios-morkbla-sv","23":"pa_pattern-colour-nereus-brick-negative-sv","24":"pa_pattern-colour-doris-morkgron","25":"pa_pattern-colour-nereus-svart-negativ","26":"pa_pattern-colour-nereus-green-negative-sv","27":"pa_pattern-colour-eos-blygra","28":"pa_pattern-colour-nereus-gul","29":"pa_pattern-colour-helios-morkbla-negativ","30":"pa_pattern-colour-nereus-dark-green-negative-sv","31":"pa_pattern-colour-doris-gron","32":"pa_pattern-colour-nereus-bla","33":"pa_pattern-colour-nereus-silver-sv","34":"pa_pattern-colour-eos-ljus-gra","35":"pa_pattern-colour-tithonus-tegel","36":"pa_pattern-colour-helios-mork-vinrod","37":"pa_pattern-colour-nereus-green-sv","38":"pa_pattern-colour-doris-blygra","39":"pa_pattern-colour-nereus-bla-negativ","40":"pa_pattern-colour-eos-yellowblue-sv","41":"pa_pattern-colour-eos-gul","42":"pa_pattern-colour-helios-almond-negative-sv","43":"pa_pattern-colour-helios-morkgron","44":"pa_pattern-colour-nereus-lead-negative-sv","45":"pa_pattern-colour-doris-ockra","46":"pa_pattern-colour-nereus-vinrod","47":"pa_pattern-colour-selene-vinrod","48":"pa_pattern-colour-helios-mandelgron","49":"pa_pattern-colour-helios-blue-negativet-sv","50":"pa_pattern-colour-helios-morkgron-negativ","51":"pa_pattern-colour-nereus-ochre-negative-sv","52":"pa_pattern-colour-doris-gul","53":"pa_pattern-colour-nereus-tegel","54":"pa_pattern-colour-doris-halm","55":"pa_pattern-colour-helios-svart","56":"pa_pattern-colour-helios-bordeaux-negative-sv","57":"pa_pattern-colour-doris-mandelgron","58":"pa_pattern-colour-helios-gron","59":"pa_pattern-colour-nereus-yellow-negative-sv","60":"pa_pattern-colour-eos-svart","61":"pa_pattern-colour-nereus-morkbla","62":"pa_pattern-colour-helios-svart-negativ","63":"pa_pattern-colour-helios-lead-negative-sv","64":"pa_pattern-colour-doris-svart-sv","65":"pa_pattern-colour-helios-blygra","66":"pa_pattern-colour-eos-mandelgron","67":"pa_pattern-colour-eos-bla","68":"pa_pattern-colour-nereus-morkbla-negativ","69":"pa_pattern-colour-doris-cirrus","70":"pa_pattern-colour-helios-bla","71":"pa_pattern-colour-helios-ochre-negative-sv","72":"pa_pattern-colour-doris-bla","73":"pa_pattern-colour-helios-ockra","74":"pa_pattern-colour-eos-ochre-sv","75":"pa_pattern-colour-eos-vinrod","76":"pa_pattern-colour-nereus-mork-vinrod","77":"pa_pattern-colour-helios-vinrod","78":"pa_pattern-colour-helios-yellow-negative-sv","79":"pa_pattern-colour-doris-vinrod","80":"pa_pattern-colour-helios-gul","81":"pa_pattern-colour-helios-green-negative-sv","82":"pa_pattern-colour-eos-tegel","83":"pa_pattern-colour-nereus-morkgron","84":"collection-normandie-sv","86":"first","87":"instock","88":"taxable","89":"shipping-taxable","90":"purchasable","91":"product-type-variable"},"acf":[],"yoast_head":"<!-- This site is optimized with the Yoast SEO Premium plugin v27.2 (Yoast SEO v27.5) - https:\/\/yoast.com\/product\/yoast-seo-premium-wordpress\/ -->\n<title>Vanity Case S - Necess\u00e4r - Johanna Gullichsen<\/title>\n<meta name=\"robots\" content=\"index, follow, max-snippet:-1, max-image-preview:large, max-video-preview:-1\" \/>\n<link rel=\"canonical\" href=\"https:\/\/www.johannagullichsen.com\/sv\/produkt\/vanity-case-s\/\" \/>\n<meta property=\"og:locale\" content=\"sv_SE\" \/>\n<meta property=\"og:type\" content=\"article\" \/>\n<meta property=\"og:title\" content=\"Vanity Case S - Necess\u00e4r\" \/>\n<meta property=\"og:description\" content=\"Liten och praktisk necess\u00e4r Borta bra men hemma b\u00e4st! \u00d6vriga storlekar: Vanity case M, Vanity case L\" \/>\n<meta property=\"og:url\" content=\"https:\/\/www.johannagullichsen.com\/sv\/produkt\/vanity-case-s\/\" \/>\n<meta property=\"og:site_name\" content=\"Johanna Gullichsen\" \/>\n<meta property=\"article:modified_time\" content=\"2021-04-15T07:41:02+00:00\" \/>\n<meta property=\"og:image\" content=\"https:\/\/www.johannagullichsen.com\/wp-content\/uploads\/2024\/11\/Johanna-Gullichsen-Vanity-Case-S-Helios-brick-2.jpg\" \/>\n\t<meta property=\"og:image:width\" content=\"1600\" \/>\n\t<meta property=\"og:image:height\" content=\"1200\" \/>\n\t<meta property=\"og:image:type\" content=\"image\/jpeg\" \/>\n<meta name=\"twitter:card\" content=\"summary_large_image\" \/>\n<meta name=\"twitter:label1\" content=\"Ber\u00e4knad l\u00e4stid\" \/>\n\t<meta name=\"twitter:data1\" content=\"1 minut\" \/>\n<script type=\"application\/ld+json\" class=\"yoast-schema-graph\">{\"@context\":\"https:\\\/\\\/schema.org\",\"@graph\":[{\"@type\":\"WebPage\",\"@id\":\"https:\\\/\\\/www.johannagullichsen.com\\\/sv\\\/produkt\\\/vanity-case-s\\\/\",\"url\":\"https:\\\/\\\/www.johannagullichsen.com\\\/sv\\\/produkt\\\/vanity-case-s\\\/\",\"name\":\"Vanity Case S - Necess\u00e4r - Johanna Gullichsen\",\"isPartOf\":{\"@id\":\"https:\\\/\\\/www.johannagullichsen.com\\\/sv\\\/#website\"},\"primaryImageOfPage\":{\"@id\":\"https:\\\/\\\/www.johannagullichsen.com\\\/sv\\\/produkt\\\/vanity-case-s\\\/#primaryimage\"},\"image\":{\"@id\":\"https:\\\/\\\/www.johannagullichsen.com\\\/sv\\\/produkt\\\/vanity-case-s\\\/#primaryimage\"},\"thumbnailUrl\":\"https:\\\/\\\/www.johannagullichsen.com\\\/wp-content\\\/uploads\\\/2024\\\/11\\\/Johanna-Gullichsen-Vanity-Case-S-Helios-brick-2.jpg\",\"datePublished\":\"2020-04-21T12:01:44+00:00\",\"dateModified\":\"2021-04-15T07:41:02+00:00\",\"breadcrumb\":{\"@id\":\"https:\\\/\\\/www.johannagullichsen.com\\\/sv\\\/produkt\\\/vanity-case-s\\\/#breadcrumb\"},\"inLanguage\":\"sv-SE\",\"potentialAction\":[{\"@type\":\"ReadAction\",\"target\":[\"https:\\\/\\\/www.johannagullichsen.com\\\/sv\\\/produkt\\\/vanity-case-s\\\/\"]}]},{\"@type\":\"ImageObject\",\"inLanguage\":\"sv-SE\",\"@id\":\"https:\\\/\\\/www.johannagullichsen.com\\\/sv\\\/produkt\\\/vanity-case-s\\\/#primaryimage\",\"url\":\"https:\\\/\\\/www.johannagullichsen.com\\\/wp-content\\\/uploads\\\/2024\\\/11\\\/Johanna-Gullichsen-Vanity-Case-S-Helios-brick-2.jpg\",\"contentUrl\":\"https:\\\/\\\/www.johannagullichsen.com\\\/wp-content\\\/uploads\\\/2024\\\/11\\\/Johanna-Gullichsen-Vanity-Case-S-Helios-brick-2.jpg\",\"width\":1600,\"height\":1200},{\"@type\":\"BreadcrumbList\",\"@id\":\"https:\\\/\\\/www.johannagullichsen.com\\\/sv\\\/produkt\\\/vanity-case-s\\\/#breadcrumb\",\"itemListElement\":[{\"@type\":\"ListItem\",\"position\":1,\"name\":\"Home\",\"item\":\"https:\\\/\\\/www.johannagullichsen.com\\\/sv\\\/\"},{\"@type\":\"ListItem\",\"position\":2,\"name\":\"Webbutik &#8211; Produkter\",\"item\":\"https:\\\/\\\/www.johannagullichsen.com\\\/sv\\\/produkter\\\/\"},{\"@type\":\"ListItem\",\"position\":3,\"name\":\"Vanity Case S &#8211; Necess\u00e4r\"}]},{\"@type\":\"WebSite\",\"@id\":\"https:\\\/\\\/www.johannagullichsen.com\\\/sv\\\/#website\",\"url\":\"https:\\\/\\\/www.johannagullichsen.com\\\/sv\\\/\",\"name\":\"Johanna Gullichsen\",\"description\":\"\",\"potentialAction\":[{\"@type\":\"SearchAction\",\"target\":{\"@type\":\"EntryPoint\",\"urlTemplate\":\"https:\\\/\\\/www.johannagullichsen.com\\\/sv\\\/?s={search_term_string}\"},\"query-input\":{\"@type\":\"PropertyValueSpecification\",\"valueRequired\":true,\"valueName\":\"search_term_string\"}}],\"inLanguage\":\"sv-SE\"}]}<\/script>\n<!-- \/ Yoast SEO Premium plugin. -->","yoast_head_json":{"title":"Vanity Case S - Necess\u00e4r - Johanna Gullichsen","robots":{"index":"index","follow":"follow","max-snippet":"max-snippet:-1","max-image-preview":"max-image-preview:large","max-video-preview":"max-video-preview:-1"},"canonical":"https:\/\/www.johannagullichsen.com\/sv\/produkt\/vanity-case-s\/","og_locale":"sv_SE","og_type":"article","og_title":"Vanity Case S - Necess\u00e4r","og_description":"Liten och praktisk necess\u00e4r Borta bra men hemma b\u00e4st! \u00d6vriga storlekar: Vanity case M, Vanity case L","og_url":"https:\/\/www.johannagullichsen.com\/sv\/produkt\/vanity-case-s\/","og_site_name":"Johanna Gullichsen","article_modified_time":"2021-04-15T07:41:02+00:00","og_image":[{"width":1600,"height":1200,"url":"https:\/\/www.johannagullichsen.com\/wp-content\/uploads\/2024\/11\/Johanna-Gullichsen-Vanity-Case-S-Helios-brick-2.jpg","type":"image\/jpeg"}],"twitter_card":"summary_large_image","twitter_misc":{"Ber\u00e4knad l\u00e4stid":"1 minut"},"schema":{"@context":"https:\/\/schema.org","@graph":[{"@type":"WebPage","@id":"https:\/\/www.johannagullichsen.com\/sv\/produkt\/vanity-case-s\/","url":"https:\/\/www.johannagullichsen.com\/sv\/produkt\/vanity-case-s\/","name":"Vanity Case S - Necess\u00e4r - Johanna Gullichsen","isPartOf":{"@id":"https:\/\/www.johannagullichsen.com\/sv\/#website"},"primaryImageOfPage":{"@id":"https:\/\/www.johannagullichsen.com\/sv\/produkt\/vanity-case-s\/#primaryimage"},"image":{"@id":"https:\/\/www.johannagullichsen.com\/sv\/produkt\/vanity-case-s\/#primaryimage"},"thumbnailUrl":"https:\/\/www.johannagullichsen.com\/wp-content\/uploads\/2024\/11\/Johanna-Gullichsen-Vanity-Case-S-Helios-brick-2.jpg","datePublished":"2020-04-21T12:01:44+00:00","dateModified":"2021-04-15T07:41:02+00:00","breadcrumb":{"@id":"https:\/\/www.johannagullichsen.com\/sv\/produkt\/vanity-case-s\/#breadcrumb"},"inLanguage":"sv-SE","potentialAction":[{"@type":"ReadAction","target":["https:\/\/www.johannagullichsen.com\/sv\/produkt\/vanity-case-s\/"]}]},{"@type":"ImageObject","inLanguage":"sv-SE","@id":"https:\/\/www.johannagullichsen.com\/sv\/produkt\/vanity-case-s\/#primaryimage","url":"https:\/\/www.johannagullichsen.com\/wp-content\/uploads\/2024\/11\/Johanna-Gullichsen-Vanity-Case-S-Helios-brick-2.jpg","contentUrl":"https:\/\/www.johannagullichsen.com\/wp-content\/uploads\/2024\/11\/Johanna-Gullichsen-Vanity-Case-S-Helios-brick-2.jpg","width":1600,"height":1200},{"@type":"BreadcrumbList","@id":"https:\/\/www.johannagullichsen.com\/sv\/produkt\/vanity-case-s\/#breadcrumb","itemListElement":[{"@type":"ListItem","position":1,"name":"Home","item":"https:\/\/www.johannagullichsen.com\/sv\/"},{"@type":"ListItem","position":2,"name":"Webbutik &#8211; Produkter","item":"https:\/\/www.johannagullichsen.com\/sv\/produkter\/"},{"@type":"ListItem","position":3,"name":"Vanity Case S &#8211; Necess\u00e4r"}]},{"@type":"WebSite","@id":"https:\/\/www.johannagullichsen.com\/sv\/#website","url":"https:\/\/www.johannagullichsen.com\/sv\/","name":"Johanna Gullichsen","description":"","potentialAction":[{"@type":"SearchAction","target":{"@type":"EntryPoint","urlTemplate":"https:\/\/www.johannagullichsen.com\/sv\/?s={search_term_string}"},"query-input":{"@type":"PropertyValueSpecification","valueRequired":true,"valueName":"search_term_string"}}],"inLanguage":"sv-SE"}]}},"_links":{"self":[{"href":"https:\/\/www.johannagullichsen.com\/sv\/wp-json\/wp\/v2\/product\/7145","targetHints":{"allow":["GET"]}}],"collection":[{"href":"https:\/\/www.johannagullichsen.com\/sv\/wp-json\/wp\/v2\/product"}],"about":[{"href":"https:\/\/www.johannagullichsen.com\/sv\/wp-json\/wp\/v2\/types\/product"}],"wp:featuredmedia":[{"embeddable":true,"href":"https:\/\/www.johannagullichsen.com\/sv\/wp-json\/wp\/v2\/media\/24807"}],"wp:attachment":[{"href":"https:\/\/www.johannagullichsen.com\/sv\/wp-json\/wp\/v2\/media?parent=7145"}],"wp:term":[{"taxonomy":"product_brand","embeddable":true,"href":"https:\/\/www.johannagullichsen.com\/sv\/wp-json\/wp\/v2\/product_brand?post=7145"},{"taxonomy":"product_cat","embeddable":true,"href":"https:\/\/www.johannagullichsen.com\/sv\/wp-json\/wp\/v2\/product_cat?post=7145"},{"taxonomy":"product_tag","embeddable":true,"href":"https:\/\/www.johannagullichsen.com\/sv\/wp-json\/wp\/v2\/product_tag?post=7145"}],"curies":[{"name":"wp","href":"https:\/\/api.w.org\/{rel}","templated":true}]}}