{"id":8205,"date":"2020-06-04T11:08:07","date_gmt":"2020-06-04T08:08:07","guid":{"rendered":"https:\/\/www.johannagullichsen.com\/products\/okategoriserad\/fabric-nereus\/"},"modified":"2025-05-05T16:08:28","modified_gmt":"2025-05-05T13:08:28","slug":"tyg-nereus","status":"publish","type":"product","link":"https:\/\/www.johannagullichsen.com\/sv\/produkt\/tyg-nereus\/","title":{"rendered":"Tyg Normandie Nereus"},"content":{"rendered":"<h4>Balkar och rutor<\/h4>\n<p>Starkt och h\u00e5llbart dubbelsidigt inredningstyg. Ett m\u00f6nster av balkar och rutor som p\u00e5minner om havets otaliga facetter. Nereus \u00e4r havets \u00e4ldste son, fader till alla nereiderna.<\/p>\n<h5>Best\u00e4ll en provlapp\u00a0<a href=\"https:\/\/www.johannagullichsen.com\/sv\/produkt\/provbit-nereus\/\">h\u00e4r.<\/a><\/h5>\n<p>Rapportens bredd: 17,5 cm<br \/>\nRapportens l\u00e4ngd: 2,4 cm<br \/>\nVikt: 495 g\/m2<br \/>\nTygbredd: 210 cm<\/p>\n","protected":false},"excerpt":{"rendered":"<p>Balkar och rutor Starkt och h\u00e5llbart dubbelsidigt inredningstyg. Ett m\u00f6nster av balkar och rutor som p\u00e5minner om havets otaliga facetter. Nereus \u00e4r havets \u00e4ldste son, fader till alla nereiderna. Best\u00e4ll&hellip;<\/p>\n","protected":false},"featured_media":7545,"template":"","meta":{"_acf_changed":false},"product_brand":[],"product_cat":[1986,267],"product_tag":[],"class_list":{"0":"post-8205","1":"product","2":"type-product","3":"status-publish","4":"has-post-thumbnail","6":"product_cat-heminredning","7":"product_cat-tyger","8":"pa_pattern-colour-nereus-mandelgron","9":"pa_pattern-colour-nereus-green-sv","10":"pa_pattern-colour-nereus-svart","11":"pa_pattern-colour-nereus-bla","12":"pa_pattern-colour-nereus-vinrod","13":"pa_pattern-colour-nereus-tegel","14":"pa_pattern-colour-nereus-morkbla","15":"pa_pattern-colour-nereus-mork-vinrod","16":"pa_pattern-colour-nereus-morkgron","17":"pa_pattern-colour-nereus-blygra","18":"pa_pattern-colour-nereus-ockra","19":"pa_pattern-colour-nereus-gul","20":"collection-normandie-sv","22":"first","23":"instock","24":"taxable","25":"shipping-taxable","26":"purchasable","27":"product-type-variable"},"acf":[],"yoast_head":"<!-- This site is optimized with the Yoast SEO Premium plugin v27.2 (Yoast SEO v27.5) - https:\/\/yoast.com\/product\/yoast-seo-premium-wordpress\/ -->\n<title>Tyg Normandie Nereus - Johanna Gullichsen<\/title>\n<meta name=\"robots\" content=\"index, follow, max-snippet:-1, max-image-preview:large, max-video-preview:-1\" \/>\n<link rel=\"canonical\" href=\"https:\/\/www.johannagullichsen.com\/sv\/produkt\/tyg-nereus\/\" \/>\n<meta property=\"og:locale\" content=\"sv_SE\" \/>\n<meta property=\"og:type\" content=\"article\" \/>\n<meta property=\"og:title\" content=\"Tyg Normandie Nereus\" \/>\n<meta property=\"og:description\" content=\"Balkar och rutor Starkt och h\u00e5llbart dubbelsidigt inredningstyg. Ett m\u00f6nster av balkar och rutor som p\u00e5minner om havets otaliga facetter. Nereus \u00e4r havets \u00e4ldste son, fader till alla nereiderna. Best\u00e4ll&hellip;\" \/>\n<meta property=\"og:url\" content=\"https:\/\/www.johannagullichsen.com\/sv\/produkt\/tyg-nereus\/\" \/>\n<meta property=\"og:site_name\" content=\"Johanna Gullichsen\" \/>\n<meta property=\"article:modified_time\" content=\"2025-05-05T13:08:28+00:00\" \/>\n<meta property=\"og:image\" content=\"https:\/\/www.johannagullichsen.com\/wp-content\/uploads\/2020\/05\/JG_fabric_Nereus_darkgreen.jpg\" \/>\n\t<meta property=\"og:image:width\" content=\"1600\" \/>\n\t<meta property=\"og:image:height\" content=\"1196\" \/>\n\t<meta property=\"og:image:type\" content=\"image\/jpeg\" \/>\n<meta name=\"twitter:card\" content=\"summary_large_image\" \/>\n<meta name=\"twitter:label1\" content=\"Ber\u00e4knad l\u00e4stid\" \/>\n\t<meta name=\"twitter:data1\" content=\"1 minut\" \/>\n<script type=\"application\/ld+json\" class=\"yoast-schema-graph\">{\"@context\":\"https:\\\/\\\/schema.org\",\"@graph\":[{\"@type\":\"WebPage\",\"@id\":\"https:\\\/\\\/www.johannagullichsen.com\\\/sv\\\/produkt\\\/tyg-nereus\\\/\",\"url\":\"https:\\\/\\\/www.johannagullichsen.com\\\/sv\\\/produkt\\\/tyg-nereus\\\/\",\"name\":\"Tyg Normandie Nereus - Johanna Gullichsen\",\"isPartOf\":{\"@id\":\"https:\\\/\\\/www.johannagullichsen.com\\\/sv\\\/#website\"},\"primaryImageOfPage\":{\"@id\":\"https:\\\/\\\/www.johannagullichsen.com\\\/sv\\\/produkt\\\/tyg-nereus\\\/#primaryimage\"},\"image\":{\"@id\":\"https:\\\/\\\/www.johannagullichsen.com\\\/sv\\\/produkt\\\/tyg-nereus\\\/#primaryimage\"},\"thumbnailUrl\":\"https:\\\/\\\/www.johannagullichsen.com\\\/wp-content\\\/uploads\\\/2020\\\/05\\\/Nereus_Brick_0085.jpg\",\"datePublished\":\"2020-06-04T08:08:07+00:00\",\"dateModified\":\"2025-05-05T13:08:28+00:00\",\"breadcrumb\":{\"@id\":\"https:\\\/\\\/www.johannagullichsen.com\\\/sv\\\/produkt\\\/tyg-nereus\\\/#breadcrumb\"},\"inLanguage\":\"sv-SE\",\"potentialAction\":[{\"@type\":\"ReadAction\",\"target\":[\"https:\\\/\\\/www.johannagullichsen.com\\\/sv\\\/produkt\\\/tyg-nereus\\\/\"]}]},{\"@type\":\"ImageObject\",\"inLanguage\":\"sv-SE\",\"@id\":\"https:\\\/\\\/www.johannagullichsen.com\\\/sv\\\/produkt\\\/tyg-nereus\\\/#primaryimage\",\"url\":\"https:\\\/\\\/www.johannagullichsen.com\\\/wp-content\\\/uploads\\\/2020\\\/05\\\/Nereus_Brick_0085.jpg\",\"contentUrl\":\"https:\\\/\\\/www.johannagullichsen.com\\\/wp-content\\\/uploads\\\/2020\\\/05\\\/Nereus_Brick_0085.jpg\",\"width\":1600,\"height\":1176},{\"@type\":\"BreadcrumbList\",\"@id\":\"https:\\\/\\\/www.johannagullichsen.com\\\/sv\\\/produkt\\\/tyg-nereus\\\/#breadcrumb\",\"itemListElement\":[{\"@type\":\"ListItem\",\"position\":1,\"name\":\"Home\",\"item\":\"https:\\\/\\\/www.johannagullichsen.com\\\/sv\\\/\"},{\"@type\":\"ListItem\",\"position\":2,\"name\":\"Webbutik &#8211; Produkter\",\"item\":\"https:\\\/\\\/www.johannagullichsen.com\\\/sv\\\/produkter\\\/\"},{\"@type\":\"ListItem\",\"position\":3,\"name\":\"Tyg Normandie Nereus\"}]},{\"@type\":\"WebSite\",\"@id\":\"https:\\\/\\\/www.johannagullichsen.com\\\/sv\\\/#website\",\"url\":\"https:\\\/\\\/www.johannagullichsen.com\\\/sv\\\/\",\"name\":\"Johanna Gullichsen\",\"description\":\"\",\"potentialAction\":[{\"@type\":\"SearchAction\",\"target\":{\"@type\":\"EntryPoint\",\"urlTemplate\":\"https:\\\/\\\/www.johannagullichsen.com\\\/sv\\\/?s={search_term_string}\"},\"query-input\":{\"@type\":\"PropertyValueSpecification\",\"valueRequired\":true,\"valueName\":\"search_term_string\"}}],\"inLanguage\":\"sv-SE\"}]}<\/script>\n<!-- \/ Yoast SEO Premium plugin. -->","yoast_head_json":{"title":"Tyg Normandie Nereus - Johanna Gullichsen","robots":{"index":"index","follow":"follow","max-snippet":"max-snippet:-1","max-image-preview":"max-image-preview:large","max-video-preview":"max-video-preview:-1"},"canonical":"https:\/\/www.johannagullichsen.com\/sv\/produkt\/tyg-nereus\/","og_locale":"sv_SE","og_type":"article","og_title":"Tyg Normandie Nereus","og_description":"Balkar och rutor Starkt och h\u00e5llbart dubbelsidigt inredningstyg. Ett m\u00f6nster av balkar och rutor som p\u00e5minner om havets otaliga facetter. Nereus \u00e4r havets \u00e4ldste son, fader till alla nereiderna. Best\u00e4ll&hellip;","og_url":"https:\/\/www.johannagullichsen.com\/sv\/produkt\/tyg-nereus\/","og_site_name":"Johanna Gullichsen","article_modified_time":"2025-05-05T13:08:28+00:00","og_image":[{"width":1600,"height":1196,"url":"https:\/\/www.johannagullichsen.com\/wp-content\/uploads\/2020\/05\/JG_fabric_Nereus_darkgreen.jpg","type":"image\/jpeg"}],"twitter_card":"summary_large_image","twitter_misc":{"Ber\u00e4knad l\u00e4stid":"1 minut"},"schema":{"@context":"https:\/\/schema.org","@graph":[{"@type":"WebPage","@id":"https:\/\/www.johannagullichsen.com\/sv\/produkt\/tyg-nereus\/","url":"https:\/\/www.johannagullichsen.com\/sv\/produkt\/tyg-nereus\/","name":"Tyg Normandie Nereus - Johanna Gullichsen","isPartOf":{"@id":"https:\/\/www.johannagullichsen.com\/sv\/#website"},"primaryImageOfPage":{"@id":"https:\/\/www.johannagullichsen.com\/sv\/produkt\/tyg-nereus\/#primaryimage"},"image":{"@id":"https:\/\/www.johannagullichsen.com\/sv\/produkt\/tyg-nereus\/#primaryimage"},"thumbnailUrl":"https:\/\/www.johannagullichsen.com\/wp-content\/uploads\/2020\/05\/Nereus_Brick_0085.jpg","datePublished":"2020-06-04T08:08:07+00:00","dateModified":"2025-05-05T13:08:28+00:00","breadcrumb":{"@id":"https:\/\/www.johannagullichsen.com\/sv\/produkt\/tyg-nereus\/#breadcrumb"},"inLanguage":"sv-SE","potentialAction":[{"@type":"ReadAction","target":["https:\/\/www.johannagullichsen.com\/sv\/produkt\/tyg-nereus\/"]}]},{"@type":"ImageObject","inLanguage":"sv-SE","@id":"https:\/\/www.johannagullichsen.com\/sv\/produkt\/tyg-nereus\/#primaryimage","url":"https:\/\/www.johannagullichsen.com\/wp-content\/uploads\/2020\/05\/Nereus_Brick_0085.jpg","contentUrl":"https:\/\/www.johannagullichsen.com\/wp-content\/uploads\/2020\/05\/Nereus_Brick_0085.jpg","width":1600,"height":1176},{"@type":"BreadcrumbList","@id":"https:\/\/www.johannagullichsen.com\/sv\/produkt\/tyg-nereus\/#breadcrumb","itemListElement":[{"@type":"ListItem","position":1,"name":"Home","item":"https:\/\/www.johannagullichsen.com\/sv\/"},{"@type":"ListItem","position":2,"name":"Webbutik &#8211; Produkter","item":"https:\/\/www.johannagullichsen.com\/sv\/produkter\/"},{"@type":"ListItem","position":3,"name":"Tyg Normandie Nereus"}]},{"@type":"WebSite","@id":"https:\/\/www.johannagullichsen.com\/sv\/#website","url":"https:\/\/www.johannagullichsen.com\/sv\/","name":"Johanna Gullichsen","description":"","potentialAction":[{"@type":"SearchAction","target":{"@type":"EntryPoint","urlTemplate":"https:\/\/www.johannagullichsen.com\/sv\/?s={search_term_string}"},"query-input":{"@type":"PropertyValueSpecification","valueRequired":true,"valueName":"search_term_string"}}],"inLanguage":"sv-SE"}]}},"_links":{"self":[{"href":"https:\/\/www.johannagullichsen.com\/sv\/wp-json\/wp\/v2\/product\/8205","targetHints":{"allow":["GET"]}}],"collection":[{"href":"https:\/\/www.johannagullichsen.com\/sv\/wp-json\/wp\/v2\/product"}],"about":[{"href":"https:\/\/www.johannagullichsen.com\/sv\/wp-json\/wp\/v2\/types\/product"}],"wp:featuredmedia":[{"embeddable":true,"href":"https:\/\/www.johannagullichsen.com\/sv\/wp-json\/wp\/v2\/media\/7545"}],"wp:attachment":[{"href":"https:\/\/www.johannagullichsen.com\/sv\/wp-json\/wp\/v2\/media?parent=8205"}],"wp:term":[{"taxonomy":"product_brand","embeddable":true,"href":"https:\/\/www.johannagullichsen.com\/sv\/wp-json\/wp\/v2\/product_brand?post=8205"},{"taxonomy":"product_cat","embeddable":true,"href":"https:\/\/www.johannagullichsen.com\/sv\/wp-json\/wp\/v2\/product_cat?post=8205"},{"taxonomy":"product_tag","embeddable":true,"href":"https:\/\/www.johannagullichsen.com\/sv\/wp-json\/wp\/v2\/product_tag?post=8205"}],"curies":[{"name":"wp","href":"https:\/\/api.w.org\/{rel}","templated":true}]}}