{"id":8285,"date":"2020-06-04T12:58:57","date_gmt":"2020-06-04T09:58:57","guid":{"rendered":"https:\/\/www.johannagullichsen.com\/products\/okategoriserad\/fabric-eos\/"},"modified":"2025-04-25T12:26:30","modified_gmt":"2025-04-25T09:26:30","slug":"tyg-eos","status":"publish","type":"product","link":"https:\/\/www.johannagullichsen.com\/sv\/produkt\/tyg-eos\/","title":{"rendered":"Tyg Normandie Eos"},"content":{"rendered":"<h4>Dubbelsidigt inredningstyg<\/h4>\n<p>Tyg Eos \u00e4r ett starkt och h\u00e5llbart dubbelsidigt m\u00f6beltyg. Eos uppenbarar sig i gryningen och kommer med morgonljuset. I diset kan man sk\u00f6nja strimmor och r\u00e4nder.<\/p>\n<h5>Best\u00e4ll en provlapp<a href=\"\/?product_cat=provlapp-eos\"> h\u00e4r.<\/a><\/h5>\n<p>Rapportens bredd: 17,5 cm<br \/>\nRapportens l\u00e4ngd: 0,4 cm<br \/>\nVikt: 476 g\/m2<br \/>\nTygbredd: 210 cm<\/p>\n","protected":false},"excerpt":{"rendered":"<p>Dubbelsidigt inredningstyg Tyg Eos \u00e4r ett starkt och h\u00e5llbart dubbelsidigt m\u00f6beltyg. Eos uppenbarar sig i gryningen och kommer med morgonljuset. I diset kan man sk\u00f6nja strimmor och r\u00e4nder. Best\u00e4ll en&hellip;<\/p>\n","protected":false},"featured_media":7719,"template":"","meta":{"_acf_changed":false},"product_brand":[],"product_cat":[1986,267],"product_tag":[],"class_list":{"0":"post-8285","1":"product","2":"type-product","3":"status-publish","4":"has-post-thumbnail","6":"product_cat-heminredning","7":"product_cat-tyger","8":"pa_pattern-colour-eos-dark-bordeaux-sv","9":"pa_pattern-colour-eos-mandelgron","10":"pa_pattern-colour-eos-svart","11":"pa_pattern-colour-eos-bla","12":"pa_pattern-colour-eos-vinrod","13":"pa_pattern-colour-eos-tegel","14":"pa_pattern-colour-eos-gron","15":"pa_pattern-colour-eos-gra","16":"pa_pattern-colour-eos-blygra","17":"pa_pattern-colour-eos-ljus-gra-sv","18":"pa_pattern-colour-eos-gul","19":"collection-normandie-sv","21":"first","22":"instock","23":"taxable","24":"shipping-taxable","25":"purchasable","26":"product-type-variable"},"acf":[],"yoast_head":"<!-- This site is optimized with the Yoast SEO Premium plugin v27.2 (Yoast SEO v27.2) - https:\/\/yoast.com\/product\/yoast-seo-premium-wordpress\/ -->\n<title>Tyg Normandie Eos - Johanna Gullichsen<\/title>\n<meta name=\"description\" content=\"Tyg Eos \u00e4r ett dubbelsidigt m\u00f6beltyg, design Johanna Gullichsen. Starkt och h\u00e5llbart, 100% bomull. Tygbredd 210 cm.\" \/>\n<meta name=\"robots\" content=\"index, follow, max-snippet:-1, max-image-preview:large, max-video-preview:-1\" \/>\n<link rel=\"canonical\" href=\"https:\/\/www.johannagullichsen.com\/sv\/produkt\/tyg-eos\/\" \/>\n<meta property=\"og:locale\" content=\"sv_SE\" \/>\n<meta property=\"og:type\" content=\"article\" \/>\n<meta property=\"og:title\" content=\"Tyg Normandie Eos\" \/>\n<meta property=\"og:description\" content=\"Tyg Eos \u00e4r ett dubbelsidigt m\u00f6beltyg, design Johanna Gullichsen. Starkt och h\u00e5llbart, 100% bomull. Tygbredd 210 cm.\" \/>\n<meta property=\"og:url\" content=\"https:\/\/www.johannagullichsen.com\/sv\/produkt\/tyg-eos\/\" \/>\n<meta property=\"og:site_name\" content=\"Johanna Gullichsen\" \/>\n<meta property=\"article:modified_time\" content=\"2025-04-25T09:26:30+00:00\" \/>\n<meta property=\"og:image\" content=\"https:\/\/www.johannagullichsen.com\/wp-content\/uploads\/2020\/05\/Eos_grey_0109.jpg\" \/>\n\t<meta property=\"og:image:width\" content=\"1600\" \/>\n\t<meta property=\"og:image:height\" content=\"1176\" \/>\n\t<meta property=\"og:image:type\" content=\"image\/jpeg\" \/>\n<meta name=\"twitter:card\" content=\"summary_large_image\" \/>\n<meta name=\"twitter:label1\" content=\"Ber\u00e4knad l\u00e4stid\" \/>\n\t<meta name=\"twitter:data1\" content=\"1 minut\" \/>\n<script type=\"application\/ld+json\" class=\"yoast-schema-graph\">{\"@context\":\"https:\/\/schema.org\",\"@graph\":[{\"@type\":\"WebPage\",\"@id\":\"https:\/\/www.johannagullichsen.com\/sv\/produkt\/tyg-eos\/\",\"url\":\"https:\/\/www.johannagullichsen.com\/sv\/produkt\/tyg-eos\/\",\"name\":\"Tyg Normandie Eos - Johanna Gullichsen\",\"isPartOf\":{\"@id\":\"https:\/\/www.johannagullichsen.com\/sv\/#website\"},\"primaryImageOfPage\":{\"@id\":\"https:\/\/www.johannagullichsen.com\/sv\/produkt\/tyg-eos\/#primaryimage\"},\"image\":{\"@id\":\"https:\/\/www.johannagullichsen.com\/sv\/produkt\/tyg-eos\/#primaryimage\"},\"thumbnailUrl\":\"https:\/\/www.johannagullichsen.com\/wp-content\/uploads\/2020\/05\/Eos_grey_0109.jpg\",\"datePublished\":\"2020-06-04T09:58:57+00:00\",\"dateModified\":\"2025-04-25T09:26:30+00:00\",\"description\":\"Tyg Eos \u00e4r ett dubbelsidigt m\u00f6beltyg, design Johanna Gullichsen. Starkt och h\u00e5llbart, 100% bomull. Tygbredd 210 cm.\",\"breadcrumb\":{\"@id\":\"https:\/\/www.johannagullichsen.com\/sv\/produkt\/tyg-eos\/#breadcrumb\"},\"inLanguage\":\"sv-SE\",\"potentialAction\":[{\"@type\":\"ReadAction\",\"target\":[\"https:\/\/www.johannagullichsen.com\/sv\/produkt\/tyg-eos\/\"]}]},{\"@type\":\"ImageObject\",\"inLanguage\":\"sv-SE\",\"@id\":\"https:\/\/www.johannagullichsen.com\/sv\/produkt\/tyg-eos\/#primaryimage\",\"url\":\"https:\/\/www.johannagullichsen.com\/wp-content\/uploads\/2020\/05\/Eos_grey_0109.jpg\",\"contentUrl\":\"https:\/\/www.johannagullichsen.com\/wp-content\/uploads\/2020\/05\/Eos_grey_0109.jpg\",\"width\":1600,\"height\":1176},{\"@type\":\"BreadcrumbList\",\"@id\":\"https:\/\/www.johannagullichsen.com\/sv\/produkt\/tyg-eos\/#breadcrumb\",\"itemListElement\":[{\"@type\":\"ListItem\",\"position\":1,\"name\":\"Home\",\"item\":\"https:\/\/www.johannagullichsen.com\/sv\/\"},{\"@type\":\"ListItem\",\"position\":2,\"name\":\"Webbutik &#8211; Produkter\",\"item\":\"https:\/\/www.johannagullichsen.com\/sv\/produkter\/\"},{\"@type\":\"ListItem\",\"position\":3,\"name\":\"Tyg Normandie Eos\"}]},{\"@type\":\"WebSite\",\"@id\":\"https:\/\/www.johannagullichsen.com\/sv\/#website\",\"url\":\"https:\/\/www.johannagullichsen.com\/sv\/\",\"name\":\"Johanna Gullichsen\",\"description\":\"\",\"potentialAction\":[{\"@type\":\"SearchAction\",\"target\":{\"@type\":\"EntryPoint\",\"urlTemplate\":\"https:\/\/www.johannagullichsen.com\/sv\/?s={search_term_string}\"},\"query-input\":{\"@type\":\"PropertyValueSpecification\",\"valueRequired\":true,\"valueName\":\"search_term_string\"}}],\"inLanguage\":\"sv-SE\"}]}<\/script>\n<!-- \/ Yoast SEO Premium plugin. -->","yoast_head_json":{"title":"Tyg Normandie Eos - Johanna Gullichsen","description":"Tyg Eos \u00e4r ett dubbelsidigt m\u00f6beltyg, design Johanna Gullichsen. Starkt och h\u00e5llbart, 100% bomull. Tygbredd 210 cm.","robots":{"index":"index","follow":"follow","max-snippet":"max-snippet:-1","max-image-preview":"max-image-preview:large","max-video-preview":"max-video-preview:-1"},"canonical":"https:\/\/www.johannagullichsen.com\/sv\/produkt\/tyg-eos\/","og_locale":"sv_SE","og_type":"article","og_title":"Tyg Normandie Eos","og_description":"Tyg Eos \u00e4r ett dubbelsidigt m\u00f6beltyg, design Johanna Gullichsen. Starkt och h\u00e5llbart, 100% bomull. Tygbredd 210 cm.","og_url":"https:\/\/www.johannagullichsen.com\/sv\/produkt\/tyg-eos\/","og_site_name":"Johanna Gullichsen","article_modified_time":"2025-04-25T09:26:30+00:00","og_image":[{"width":1600,"height":1176,"url":"https:\/\/www.johannagullichsen.com\/wp-content\/uploads\/2020\/05\/Eos_grey_0109.jpg","type":"image\/jpeg"}],"twitter_card":"summary_large_image","twitter_misc":{"Ber\u00e4knad l\u00e4stid":"1 minut"},"schema":{"@context":"https:\/\/schema.org","@graph":[{"@type":"WebPage","@id":"https:\/\/www.johannagullichsen.com\/sv\/produkt\/tyg-eos\/","url":"https:\/\/www.johannagullichsen.com\/sv\/produkt\/tyg-eos\/","name":"Tyg Normandie Eos - Johanna Gullichsen","isPartOf":{"@id":"https:\/\/www.johannagullichsen.com\/sv\/#website"},"primaryImageOfPage":{"@id":"https:\/\/www.johannagullichsen.com\/sv\/produkt\/tyg-eos\/#primaryimage"},"image":{"@id":"https:\/\/www.johannagullichsen.com\/sv\/produkt\/tyg-eos\/#primaryimage"},"thumbnailUrl":"https:\/\/www.johannagullichsen.com\/wp-content\/uploads\/2020\/05\/Eos_grey_0109.jpg","datePublished":"2020-06-04T09:58:57+00:00","dateModified":"2025-04-25T09:26:30+00:00","description":"Tyg Eos \u00e4r ett dubbelsidigt m\u00f6beltyg, design Johanna Gullichsen. Starkt och h\u00e5llbart, 100% bomull. Tygbredd 210 cm.","breadcrumb":{"@id":"https:\/\/www.johannagullichsen.com\/sv\/produkt\/tyg-eos\/#breadcrumb"},"inLanguage":"sv-SE","potentialAction":[{"@type":"ReadAction","target":["https:\/\/www.johannagullichsen.com\/sv\/produkt\/tyg-eos\/"]}]},{"@type":"ImageObject","inLanguage":"sv-SE","@id":"https:\/\/www.johannagullichsen.com\/sv\/produkt\/tyg-eos\/#primaryimage","url":"https:\/\/www.johannagullichsen.com\/wp-content\/uploads\/2020\/05\/Eos_grey_0109.jpg","contentUrl":"https:\/\/www.johannagullichsen.com\/wp-content\/uploads\/2020\/05\/Eos_grey_0109.jpg","width":1600,"height":1176},{"@type":"BreadcrumbList","@id":"https:\/\/www.johannagullichsen.com\/sv\/produkt\/tyg-eos\/#breadcrumb","itemListElement":[{"@type":"ListItem","position":1,"name":"Home","item":"https:\/\/www.johannagullichsen.com\/sv\/"},{"@type":"ListItem","position":2,"name":"Webbutik &#8211; Produkter","item":"https:\/\/www.johannagullichsen.com\/sv\/produkter\/"},{"@type":"ListItem","position":3,"name":"Tyg Normandie Eos"}]},{"@type":"WebSite","@id":"https:\/\/www.johannagullichsen.com\/sv\/#website","url":"https:\/\/www.johannagullichsen.com\/sv\/","name":"Johanna Gullichsen","description":"","potentialAction":[{"@type":"SearchAction","target":{"@type":"EntryPoint","urlTemplate":"https:\/\/www.johannagullichsen.com\/sv\/?s={search_term_string}"},"query-input":{"@type":"PropertyValueSpecification","valueRequired":true,"valueName":"search_term_string"}}],"inLanguage":"sv-SE"}]}},"_links":{"self":[{"href":"https:\/\/www.johannagullichsen.com\/sv\/wp-json\/wp\/v2\/product\/8285","targetHints":{"allow":["GET"]}}],"collection":[{"href":"https:\/\/www.johannagullichsen.com\/sv\/wp-json\/wp\/v2\/product"}],"about":[{"href":"https:\/\/www.johannagullichsen.com\/sv\/wp-json\/wp\/v2\/types\/product"}],"wp:featuredmedia":[{"embeddable":true,"href":"https:\/\/www.johannagullichsen.com\/sv\/wp-json\/wp\/v2\/media\/7719"}],"wp:attachment":[{"href":"https:\/\/www.johannagullichsen.com\/sv\/wp-json\/wp\/v2\/media?parent=8285"}],"wp:term":[{"taxonomy":"product_brand","embeddable":true,"href":"https:\/\/www.johannagullichsen.com\/sv\/wp-json\/wp\/v2\/product_brand?post=8285"},{"taxonomy":"product_cat","embeddable":true,"href":"https:\/\/www.johannagullichsen.com\/sv\/wp-json\/wp\/v2\/product_cat?post=8285"},{"taxonomy":"product_tag","embeddable":true,"href":"https:\/\/www.johannagullichsen.com\/sv\/wp-json\/wp\/v2\/product_tag?post=8285"}],"curies":[{"name":"wp","href":"https:\/\/api.w.org\/{rel}","templated":true}]}}