{"id":8322,"date":"2020-06-04T13:22:29","date_gmt":"2020-06-04T10:22:29","guid":{"rendered":"https:\/\/www.johannagullichsen.com\/products\/okategoriserad\/fabric-doris\/"},"modified":"2025-05-05T16:40:49","modified_gmt":"2025-05-05T13:40:49","slug":"tyg-doris","status":"publish","type":"product","link":"https:\/\/www.johannagullichsen.com\/sv\/produkt\/tyg-doris\/","title":{"rendered":"Tyg Normandie Doris"},"content":{"rendered":"<h4 class=\"p1\"><b>Som ett b\u00f6ljande hav&#8230;<\/b><\/h4>\n<p class=\"p1\">Tyg Doris \u00e4r ett starkt och h\u00e5llbart dubbelsidigt inredningstyg. Det b\u00f6ljande m\u00f6nstret h\u00e4rmar havets eviga r\u00f6relser, det h\u00f6jer och s\u00e4nker sig och str\u00e4cker sig s\u00e5 l\u00e5ngt \u00f6gat n\u00e5r. Den grekiska havsnymfen Doris har inspirerat till namnet.<\/p>\n<h5 class=\"p1\"><b>Best\u00e4ll en provlapp\u00a0<\/b><a href=\"https:\/\/www.johannagullichsen.com\/sv\/produkt\/provlapp-doris\/\"><span class=\"s1\"><b>h\u00e4r.<\/b><b><\/b><\/span><\/a><\/h5>\n<p class=\"p1\">Rapportens bredd: 17,5 cm<br \/>\nRapportens l\u00e4ngd: 21,7 cm<br \/>\nVikt: 495 g\/m2<br \/>\nTygbredd: 210 cm<\/p>\n","protected":false},"excerpt":{"rendered":"<p>Som ett b\u00f6ljande hav&#8230; Tyg Doris \u00e4r ett starkt och h\u00e5llbart dubbelsidigt inredningstyg. Det b\u00f6ljande m\u00f6nstret h\u00e4rmar havets eviga r\u00f6relser, det h\u00f6jer och s\u00e4nker sig och str\u00e4cker sig s\u00e5 l\u00e5ngt&hellip;<\/p>\n","protected":false},"featured_media":29826,"template":"","meta":{"_acf_changed":false},"product_brand":[],"product_cat":[1986,267],"product_tag":[],"class_list":{"0":"post-8322","1":"product","2":"type-product","3":"status-publish","4":"has-post-thumbnail","6":"product_cat-heminredning","7":"product_cat-tyger","8":"pa_pattern-colour-doris-bla","9":"pa_pattern-colour-doris-halm","10":"pa_pattern-colour-doris-vinrod","11":"pa_pattern-colour-doris-tegel","12":"pa_pattern-colour-doris-cirrus","13":"pa_pattern-colour-doris-morkbla","14":"pa_pattern-colour-doris-morkgron","15":"pa_pattern-colour-doris-gron","16":"pa_pattern-colour-doris-blygra","17":"pa_pattern-colour-doris-ockra","18":"pa_pattern-colour-doris-gul","19":"pa_pattern-colour-doris-mandelgron","20":"pa_pattern-colour-doris-dark-bordeaux-sv","21":"pa_pattern-colour-doris-svart-sv","22":"pa_pattern-colour-doris-lime-sv","23":"collection-normandie-sv","25":"first","26":"instock","27":"taxable","28":"shipping-taxable","29":"purchasable","30":"product-type-variable"},"acf":[],"yoast_head":"<!-- This site is optimized with the Yoast SEO Premium plugin v27.2 (Yoast SEO v27.5) - https:\/\/yoast.com\/product\/yoast-seo-premium-wordpress\/ -->\n<title>Tyg Normandie Doris - Johanna Gullichsen<\/title>\n<meta name=\"description\" content=\"Tyg Doris \u00e4r ett starkt och h\u00e5llbart dubbelsidigt inredningstyg. 100% bomull, perfekt som m\u00f6belkl\u00e4dsel eller kuddfodral. Gullichsen klassiker.\" \/>\n<meta name=\"robots\" content=\"index, follow, max-snippet:-1, max-image-preview:large, max-video-preview:-1\" \/>\n<link rel=\"canonical\" href=\"https:\/\/www.johannagullichsen.com\/sv\/produkt\/tyg-doris\/\" \/>\n<meta property=\"og:locale\" content=\"sv_SE\" \/>\n<meta property=\"og:type\" content=\"article\" \/>\n<meta property=\"og:title\" content=\"Tyg Normandie Doris\" \/>\n<meta property=\"og:description\" content=\"Tyg Doris \u00e4r ett starkt och h\u00e5llbart dubbelsidigt inredningstyg. 100% bomull, perfekt som m\u00f6belkl\u00e4dsel eller kuddfodral. Gullichsen klassiker.\" \/>\n<meta property=\"og:url\" content=\"https:\/\/www.johannagullichsen.com\/sv\/produkt\/tyg-doris\/\" \/>\n<meta property=\"og:site_name\" content=\"Johanna Gullichsen\" \/>\n<meta property=\"article:modified_time\" content=\"2025-05-05T13:40:49+00:00\" \/>\n<meta property=\"og:image\" content=\"https:\/\/www.johannagullichsen.com\/wp-content\/uploads\/2024\/01\/Johanna-Gullichsen-Doris-lime-1024x768.jpg\" \/>\n\t<meta property=\"og:image:width\" content=\"1024\" \/>\n\t<meta property=\"og:image:height\" content=\"768\" \/>\n\t<meta property=\"og:image:type\" content=\"image\/jpeg\" \/>\n<meta name=\"twitter:card\" content=\"summary_large_image\" \/>\n<meta name=\"twitter:label1\" content=\"Ber\u00e4knad l\u00e4stid\" \/>\n\t<meta name=\"twitter:data1\" content=\"1 minut\" \/>\n<script type=\"application\/ld+json\" class=\"yoast-schema-graph\">{\"@context\":\"https:\\\/\\\/schema.org\",\"@graph\":[{\"@type\":\"WebPage\",\"@id\":\"https:\\\/\\\/www.johannagullichsen.com\\\/sv\\\/produkt\\\/tyg-doris\\\/\",\"url\":\"https:\\\/\\\/www.johannagullichsen.com\\\/sv\\\/produkt\\\/tyg-doris\\\/\",\"name\":\"Tyg Normandie Doris - Johanna Gullichsen\",\"isPartOf\":{\"@id\":\"https:\\\/\\\/www.johannagullichsen.com\\\/sv\\\/#website\"},\"primaryImageOfPage\":{\"@id\":\"https:\\\/\\\/www.johannagullichsen.com\\\/sv\\\/produkt\\\/tyg-doris\\\/#primaryimage\"},\"image\":{\"@id\":\"https:\\\/\\\/www.johannagullichsen.com\\\/sv\\\/produkt\\\/tyg-doris\\\/#primaryimage\"},\"thumbnailUrl\":\"https:\\\/\\\/www.johannagullichsen.com\\\/wp-content\\\/uploads\\\/2026\\\/01\\\/Johanna-Gullichsen-Doris-cirrus.jpg\",\"datePublished\":\"2020-06-04T10:22:29+00:00\",\"dateModified\":\"2025-05-05T13:40:49+00:00\",\"description\":\"Tyg Doris \u00e4r ett starkt och h\u00e5llbart dubbelsidigt inredningstyg. 100% bomull, perfekt som m\u00f6belkl\u00e4dsel eller kuddfodral. Gullichsen klassiker.\",\"breadcrumb\":{\"@id\":\"https:\\\/\\\/www.johannagullichsen.com\\\/sv\\\/produkt\\\/tyg-doris\\\/#breadcrumb\"},\"inLanguage\":\"sv-SE\",\"potentialAction\":[{\"@type\":\"ReadAction\",\"target\":[\"https:\\\/\\\/www.johannagullichsen.com\\\/sv\\\/produkt\\\/tyg-doris\\\/\"]}]},{\"@type\":\"ImageObject\",\"inLanguage\":\"sv-SE\",\"@id\":\"https:\\\/\\\/www.johannagullichsen.com\\\/sv\\\/produkt\\\/tyg-doris\\\/#primaryimage\",\"url\":\"https:\\\/\\\/www.johannagullichsen.com\\\/wp-content\\\/uploads\\\/2026\\\/01\\\/Johanna-Gullichsen-Doris-cirrus.jpg\",\"contentUrl\":\"https:\\\/\\\/www.johannagullichsen.com\\\/wp-content\\\/uploads\\\/2026\\\/01\\\/Johanna-Gullichsen-Doris-cirrus.jpg\",\"width\":1600,\"height\":1200},{\"@type\":\"BreadcrumbList\",\"@id\":\"https:\\\/\\\/www.johannagullichsen.com\\\/sv\\\/produkt\\\/tyg-doris\\\/#breadcrumb\",\"itemListElement\":[{\"@type\":\"ListItem\",\"position\":1,\"name\":\"Home\",\"item\":\"https:\\\/\\\/www.johannagullichsen.com\\\/sv\\\/\"},{\"@type\":\"ListItem\",\"position\":2,\"name\":\"Webbutik &#8211; Produkter\",\"item\":\"https:\\\/\\\/www.johannagullichsen.com\\\/sv\\\/produkter\\\/\"},{\"@type\":\"ListItem\",\"position\":3,\"name\":\"Tyg Normandie Doris\"}]},{\"@type\":\"WebSite\",\"@id\":\"https:\\\/\\\/www.johannagullichsen.com\\\/sv\\\/#website\",\"url\":\"https:\\\/\\\/www.johannagullichsen.com\\\/sv\\\/\",\"name\":\"Johanna Gullichsen\",\"description\":\"\",\"potentialAction\":[{\"@type\":\"SearchAction\",\"target\":{\"@type\":\"EntryPoint\",\"urlTemplate\":\"https:\\\/\\\/www.johannagullichsen.com\\\/sv\\\/?s={search_term_string}\"},\"query-input\":{\"@type\":\"PropertyValueSpecification\",\"valueRequired\":true,\"valueName\":\"search_term_string\"}}],\"inLanguage\":\"sv-SE\"}]}<\/script>\n<!-- \/ Yoast SEO Premium plugin. -->","yoast_head_json":{"title":"Tyg Normandie Doris - Johanna Gullichsen","description":"Tyg Doris \u00e4r ett starkt och h\u00e5llbart dubbelsidigt inredningstyg. 100% bomull, perfekt som m\u00f6belkl\u00e4dsel eller kuddfodral. Gullichsen klassiker.","robots":{"index":"index","follow":"follow","max-snippet":"max-snippet:-1","max-image-preview":"max-image-preview:large","max-video-preview":"max-video-preview:-1"},"canonical":"https:\/\/www.johannagullichsen.com\/sv\/produkt\/tyg-doris\/","og_locale":"sv_SE","og_type":"article","og_title":"Tyg Normandie Doris","og_description":"Tyg Doris \u00e4r ett starkt och h\u00e5llbart dubbelsidigt inredningstyg. 100% bomull, perfekt som m\u00f6belkl\u00e4dsel eller kuddfodral. Gullichsen klassiker.","og_url":"https:\/\/www.johannagullichsen.com\/sv\/produkt\/tyg-doris\/","og_site_name":"Johanna Gullichsen","article_modified_time":"2025-05-05T13:40:49+00:00","og_image":[{"width":1024,"height":768,"url":"https:\/\/www.johannagullichsen.com\/wp-content\/uploads\/2024\/01\/Johanna-Gullichsen-Doris-lime-1024x768.jpg","type":"image\/jpeg"}],"twitter_card":"summary_large_image","twitter_misc":{"Ber\u00e4knad l\u00e4stid":"1 minut"},"schema":{"@context":"https:\/\/schema.org","@graph":[{"@type":"WebPage","@id":"https:\/\/www.johannagullichsen.com\/sv\/produkt\/tyg-doris\/","url":"https:\/\/www.johannagullichsen.com\/sv\/produkt\/tyg-doris\/","name":"Tyg Normandie Doris - Johanna Gullichsen","isPartOf":{"@id":"https:\/\/www.johannagullichsen.com\/sv\/#website"},"primaryImageOfPage":{"@id":"https:\/\/www.johannagullichsen.com\/sv\/produkt\/tyg-doris\/#primaryimage"},"image":{"@id":"https:\/\/www.johannagullichsen.com\/sv\/produkt\/tyg-doris\/#primaryimage"},"thumbnailUrl":"https:\/\/www.johannagullichsen.com\/wp-content\/uploads\/2026\/01\/Johanna-Gullichsen-Doris-cirrus.jpg","datePublished":"2020-06-04T10:22:29+00:00","dateModified":"2025-05-05T13:40:49+00:00","description":"Tyg Doris \u00e4r ett starkt och h\u00e5llbart dubbelsidigt inredningstyg. 100% bomull, perfekt som m\u00f6belkl\u00e4dsel eller kuddfodral. Gullichsen klassiker.","breadcrumb":{"@id":"https:\/\/www.johannagullichsen.com\/sv\/produkt\/tyg-doris\/#breadcrumb"},"inLanguage":"sv-SE","potentialAction":[{"@type":"ReadAction","target":["https:\/\/www.johannagullichsen.com\/sv\/produkt\/tyg-doris\/"]}]},{"@type":"ImageObject","inLanguage":"sv-SE","@id":"https:\/\/www.johannagullichsen.com\/sv\/produkt\/tyg-doris\/#primaryimage","url":"https:\/\/www.johannagullichsen.com\/wp-content\/uploads\/2026\/01\/Johanna-Gullichsen-Doris-cirrus.jpg","contentUrl":"https:\/\/www.johannagullichsen.com\/wp-content\/uploads\/2026\/01\/Johanna-Gullichsen-Doris-cirrus.jpg","width":1600,"height":1200},{"@type":"BreadcrumbList","@id":"https:\/\/www.johannagullichsen.com\/sv\/produkt\/tyg-doris\/#breadcrumb","itemListElement":[{"@type":"ListItem","position":1,"name":"Home","item":"https:\/\/www.johannagullichsen.com\/sv\/"},{"@type":"ListItem","position":2,"name":"Webbutik &#8211; Produkter","item":"https:\/\/www.johannagullichsen.com\/sv\/produkter\/"},{"@type":"ListItem","position":3,"name":"Tyg Normandie Doris"}]},{"@type":"WebSite","@id":"https:\/\/www.johannagullichsen.com\/sv\/#website","url":"https:\/\/www.johannagullichsen.com\/sv\/","name":"Johanna Gullichsen","description":"","potentialAction":[{"@type":"SearchAction","target":{"@type":"EntryPoint","urlTemplate":"https:\/\/www.johannagullichsen.com\/sv\/?s={search_term_string}"},"query-input":{"@type":"PropertyValueSpecification","valueRequired":true,"valueName":"search_term_string"}}],"inLanguage":"sv-SE"}]}},"_links":{"self":[{"href":"https:\/\/www.johannagullichsen.com\/sv\/wp-json\/wp\/v2\/product\/8322","targetHints":{"allow":["GET"]}}],"collection":[{"href":"https:\/\/www.johannagullichsen.com\/sv\/wp-json\/wp\/v2\/product"}],"about":[{"href":"https:\/\/www.johannagullichsen.com\/sv\/wp-json\/wp\/v2\/types\/product"}],"wp:featuredmedia":[{"embeddable":true,"href":"https:\/\/www.johannagullichsen.com\/sv\/wp-json\/wp\/v2\/media\/29826"}],"wp:attachment":[{"href":"https:\/\/www.johannagullichsen.com\/sv\/wp-json\/wp\/v2\/media?parent=8322"}],"wp:term":[{"taxonomy":"product_brand","embeddable":true,"href":"https:\/\/www.johannagullichsen.com\/sv\/wp-json\/wp\/v2\/product_brand?post=8322"},{"taxonomy":"product_cat","embeddable":true,"href":"https:\/\/www.johannagullichsen.com\/sv\/wp-json\/wp\/v2\/product_cat?post=8322"},{"taxonomy":"product_tag","embeddable":true,"href":"https:\/\/www.johannagullichsen.com\/sv\/wp-json\/wp\/v2\/product_tag?post=8322"}],"curies":[{"name":"wp","href":"https:\/\/api.w.org\/{rel}","templated":true}]}}