{"id":8362,"date":"2020-06-04T14:06:04","date_gmt":"2020-06-04T11:06:04","guid":{"rendered":"https:\/\/www.johannagullichsen.com\/products\/okategoriserad\/fabric-contract-triton\/"},"modified":"2022-10-15T11:25:56","modified_gmt":"2022-10-15T08:25:56","slug":"tyg-contract-triton","status":"publish","type":"product","link":"https:\/\/www.johannagullichsen.com\/sv\/produkt\/tyg-contract-triton\/","title":{"rendered":"Tyg Contract Triton"},"content":{"rendered":"<h4>M\u00f6beltyg f\u00f6r offentlig milj\u00f6<\/h4>\n<p>Ull som av naturen \u00e4r brandh\u00e4mmande har v\u00e4vts p\u00e5 en polyester varp vilket ger ett t\u00e5ligt och varaktigt m\u00f6beltyg, l\u00e4tt att sk\u00f6ta i b\u00e5de offentligt och privat bruk.<\/p>\n<p>Leveranstid \u00e4r 2-3 veckor.<\/p>\n<h5>Best\u00e4ll en provlapp\u00a0<a href=\"https:\/\/www.johannagullichsen.com\/sv\/produkter\/tyger\/provbit-triton\/\">h\u00e4r.<\/a><\/h5>\n<p>Rapportens bredd: 17,5 cm<br \/>\nRapportens l\u00e4ngd: 9,5 cm<br \/>\nMartindale mer \u00e4n 30 000 varv<br \/>\nVikt: 400 g\/m2<br \/>\nTygbredd: 138 cm<\/p>\n","protected":false},"excerpt":{"rendered":"<p>M\u00f6beltyg f\u00f6r offentlig milj\u00f6 Ull som av naturen \u00e4r brandh\u00e4mmande har v\u00e4vts p\u00e5 en polyester varp vilket ger ett t\u00e5ligt och varaktigt m\u00f6beltyg, l\u00e4tt att sk\u00f6ta i b\u00e5de offentligt och&hellip;<\/p>\n","protected":false},"featured_media":7805,"template":"","meta":{"_acf_changed":false},"product_brand":[],"product_cat":[267,1986],"product_tag":[],"class_list":{"0":"post-8362","1":"product","2":"type-product","3":"status-publish","4":"has-post-thumbnail","6":"product_cat-tyger","7":"product_cat-heminredning","8":"pa_pattern-colour-contract-triton-gron","9":"pa_pattern-colour-contract-triton-gra","10":"pa_pattern-colour-contract-triton-ljus-gra","11":"pa_pattern-colour-contract-triton-mossa","12":"pa_pattern-colour-contract-triton-rod","13":"pa_pattern-colour-contract-triton-stal","14":"pa_pattern-colour-contract-triton-svart","15":"pa_pattern-colour-contract-triton-halm","16":"pa_pattern-colour-contract-triton-bla","17":"pa_pattern-colour-contract-triton-brun","18":"pa_pattern-colour-contract-triton-korall","19":"pa_pattern-colour-contract-triton-morkbla","20":"collection-contract-sv","22":"first","23":"instock","24":"taxable","25":"shipping-taxable","26":"purchasable","27":"product-type-variable"},"acf":[],"yoast_head":"<!-- This site is optimized with the Yoast SEO Premium plugin v27.2 (Yoast SEO v27.2) - https:\/\/yoast.com\/product\/yoast-seo-premium-wordpress\/ -->\n<title>Tyg Contract Triton - Johanna Gullichsen<\/title>\n<meta name=\"description\" content=\"M\u00f6beltyg f\u00f6r offentlig milj\u00f6. Ett t\u00e5ligt och varaktigt ulltyg f\u00f6r privat bruk. Stilstark m\u00f6nster, design Johanna Gullichsen.\" \/>\n<meta name=\"robots\" content=\"index, follow, max-snippet:-1, max-image-preview:large, max-video-preview:-1\" \/>\n<link rel=\"canonical\" href=\"https:\/\/www.johannagullichsen.com\/sv\/produkt\/tyg-contract-triton\/\" \/>\n<meta property=\"og:locale\" content=\"sv_SE\" \/>\n<meta property=\"og:type\" content=\"article\" \/>\n<meta property=\"og:title\" content=\"Tyg Contract Triton\" \/>\n<meta property=\"og:description\" content=\"M\u00f6beltyg f\u00f6r offentlig milj\u00f6. Ett t\u00e5ligt och varaktigt ulltyg f\u00f6r privat bruk. Stilstark m\u00f6nster, design Johanna Gullichsen.\" \/>\n<meta property=\"og:url\" content=\"https:\/\/www.johannagullichsen.com\/sv\/produkt\/tyg-contract-triton\/\" \/>\n<meta property=\"og:site_name\" content=\"Johanna Gullichsen\" \/>\n<meta property=\"article:modified_time\" content=\"2022-10-15T08:25:56+00:00\" \/>\n<meta property=\"og:image\" content=\"https:\/\/www.johannagullichsen.com\/wp-content\/uploads\/2020\/06\/Johanna-Gullichsen-Contract-Triton-green-light-grey.jpg\" \/>\n\t<meta property=\"og:image:width\" content=\"1600\" \/>\n\t<meta property=\"og:image:height\" content=\"1200\" \/>\n\t<meta property=\"og:image:type\" content=\"image\/jpeg\" \/>\n<meta name=\"twitter:card\" content=\"summary_large_image\" \/>\n<meta name=\"twitter:label1\" content=\"Ber\u00e4knad l\u00e4stid\" \/>\n\t<meta name=\"twitter:data1\" content=\"1 minut\" \/>\n<script type=\"application\/ld+json\" class=\"yoast-schema-graph\">{\"@context\":\"https:\/\/schema.org\",\"@graph\":[{\"@type\":\"WebPage\",\"@id\":\"https:\/\/www.johannagullichsen.com\/sv\/produkt\/tyg-contract-triton\/\",\"url\":\"https:\/\/www.johannagullichsen.com\/sv\/produkt\/tyg-contract-triton\/\",\"name\":\"Tyg Contract Triton - Johanna Gullichsen\",\"isPartOf\":{\"@id\":\"https:\/\/www.johannagullichsen.com\/sv\/#website\"},\"primaryImageOfPage\":{\"@id\":\"https:\/\/www.johannagullichsen.com\/sv\/produkt\/tyg-contract-triton\/#primaryimage\"},\"image\":{\"@id\":\"https:\/\/www.johannagullichsen.com\/sv\/produkt\/tyg-contract-triton\/#primaryimage\"},\"thumbnailUrl\":\"https:\/\/www.johannagullichsen.com\/wp-content\/uploads\/2020\/05\/JG_contract_triton_grey_0009.jpg\",\"datePublished\":\"2020-06-04T11:06:04+00:00\",\"dateModified\":\"2022-10-15T08:25:56+00:00\",\"description\":\"M\u00f6beltyg f\u00f6r offentlig milj\u00f6. Ett t\u00e5ligt och varaktigt ulltyg f\u00f6r privat bruk. Stilstark m\u00f6nster, design Johanna Gullichsen.\",\"breadcrumb\":{\"@id\":\"https:\/\/www.johannagullichsen.com\/sv\/produkt\/tyg-contract-triton\/#breadcrumb\"},\"inLanguage\":\"sv-SE\",\"potentialAction\":[{\"@type\":\"ReadAction\",\"target\":[\"https:\/\/www.johannagullichsen.com\/sv\/produkt\/tyg-contract-triton\/\"]}]},{\"@type\":\"ImageObject\",\"inLanguage\":\"sv-SE\",\"@id\":\"https:\/\/www.johannagullichsen.com\/sv\/produkt\/tyg-contract-triton\/#primaryimage\",\"url\":\"https:\/\/www.johannagullichsen.com\/wp-content\/uploads\/2020\/05\/JG_contract_triton_grey_0009.jpg\",\"contentUrl\":\"https:\/\/www.johannagullichsen.com\/wp-content\/uploads\/2020\/05\/JG_contract_triton_grey_0009.jpg\",\"width\":1600,\"height\":1195},{\"@type\":\"BreadcrumbList\",\"@id\":\"https:\/\/www.johannagullichsen.com\/sv\/produkt\/tyg-contract-triton\/#breadcrumb\",\"itemListElement\":[{\"@type\":\"ListItem\",\"position\":1,\"name\":\"Home\",\"item\":\"https:\/\/www.johannagullichsen.com\/sv\/\"},{\"@type\":\"ListItem\",\"position\":2,\"name\":\"Webbutik &#8211; Produkter\",\"item\":\"https:\/\/www.johannagullichsen.com\/sv\/produkter\/\"},{\"@type\":\"ListItem\",\"position\":3,\"name\":\"Tyg Contract Triton\"}]},{\"@type\":\"WebSite\",\"@id\":\"https:\/\/www.johannagullichsen.com\/sv\/#website\",\"url\":\"https:\/\/www.johannagullichsen.com\/sv\/\",\"name\":\"Johanna Gullichsen\",\"description\":\"\",\"potentialAction\":[{\"@type\":\"SearchAction\",\"target\":{\"@type\":\"EntryPoint\",\"urlTemplate\":\"https:\/\/www.johannagullichsen.com\/sv\/?s={search_term_string}\"},\"query-input\":{\"@type\":\"PropertyValueSpecification\",\"valueRequired\":true,\"valueName\":\"search_term_string\"}}],\"inLanguage\":\"sv-SE\"}]}<\/script>\n<!-- \/ Yoast SEO Premium plugin. -->","yoast_head_json":{"title":"Tyg Contract Triton - Johanna Gullichsen","description":"M\u00f6beltyg f\u00f6r offentlig milj\u00f6. Ett t\u00e5ligt och varaktigt ulltyg f\u00f6r privat bruk. Stilstark m\u00f6nster, design Johanna Gullichsen.","robots":{"index":"index","follow":"follow","max-snippet":"max-snippet:-1","max-image-preview":"max-image-preview:large","max-video-preview":"max-video-preview:-1"},"canonical":"https:\/\/www.johannagullichsen.com\/sv\/produkt\/tyg-contract-triton\/","og_locale":"sv_SE","og_type":"article","og_title":"Tyg Contract Triton","og_description":"M\u00f6beltyg f\u00f6r offentlig milj\u00f6. Ett t\u00e5ligt och varaktigt ulltyg f\u00f6r privat bruk. Stilstark m\u00f6nster, design Johanna Gullichsen.","og_url":"https:\/\/www.johannagullichsen.com\/sv\/produkt\/tyg-contract-triton\/","og_site_name":"Johanna Gullichsen","article_modified_time":"2022-10-15T08:25:56+00:00","og_image":[{"width":1600,"height":1200,"url":"https:\/\/www.johannagullichsen.com\/wp-content\/uploads\/2020\/06\/Johanna-Gullichsen-Contract-Triton-green-light-grey.jpg","type":"image\/jpeg"}],"twitter_card":"summary_large_image","twitter_misc":{"Ber\u00e4knad l\u00e4stid":"1 minut"},"schema":{"@context":"https:\/\/schema.org","@graph":[{"@type":"WebPage","@id":"https:\/\/www.johannagullichsen.com\/sv\/produkt\/tyg-contract-triton\/","url":"https:\/\/www.johannagullichsen.com\/sv\/produkt\/tyg-contract-triton\/","name":"Tyg Contract Triton - Johanna Gullichsen","isPartOf":{"@id":"https:\/\/www.johannagullichsen.com\/sv\/#website"},"primaryImageOfPage":{"@id":"https:\/\/www.johannagullichsen.com\/sv\/produkt\/tyg-contract-triton\/#primaryimage"},"image":{"@id":"https:\/\/www.johannagullichsen.com\/sv\/produkt\/tyg-contract-triton\/#primaryimage"},"thumbnailUrl":"https:\/\/www.johannagullichsen.com\/wp-content\/uploads\/2020\/05\/JG_contract_triton_grey_0009.jpg","datePublished":"2020-06-04T11:06:04+00:00","dateModified":"2022-10-15T08:25:56+00:00","description":"M\u00f6beltyg f\u00f6r offentlig milj\u00f6. Ett t\u00e5ligt och varaktigt ulltyg f\u00f6r privat bruk. Stilstark m\u00f6nster, design Johanna Gullichsen.","breadcrumb":{"@id":"https:\/\/www.johannagullichsen.com\/sv\/produkt\/tyg-contract-triton\/#breadcrumb"},"inLanguage":"sv-SE","potentialAction":[{"@type":"ReadAction","target":["https:\/\/www.johannagullichsen.com\/sv\/produkt\/tyg-contract-triton\/"]}]},{"@type":"ImageObject","inLanguage":"sv-SE","@id":"https:\/\/www.johannagullichsen.com\/sv\/produkt\/tyg-contract-triton\/#primaryimage","url":"https:\/\/www.johannagullichsen.com\/wp-content\/uploads\/2020\/05\/JG_contract_triton_grey_0009.jpg","contentUrl":"https:\/\/www.johannagullichsen.com\/wp-content\/uploads\/2020\/05\/JG_contract_triton_grey_0009.jpg","width":1600,"height":1195},{"@type":"BreadcrumbList","@id":"https:\/\/www.johannagullichsen.com\/sv\/produkt\/tyg-contract-triton\/#breadcrumb","itemListElement":[{"@type":"ListItem","position":1,"name":"Home","item":"https:\/\/www.johannagullichsen.com\/sv\/"},{"@type":"ListItem","position":2,"name":"Webbutik &#8211; Produkter","item":"https:\/\/www.johannagullichsen.com\/sv\/produkter\/"},{"@type":"ListItem","position":3,"name":"Tyg Contract Triton"}]},{"@type":"WebSite","@id":"https:\/\/www.johannagullichsen.com\/sv\/#website","url":"https:\/\/www.johannagullichsen.com\/sv\/","name":"Johanna Gullichsen","description":"","potentialAction":[{"@type":"SearchAction","target":{"@type":"EntryPoint","urlTemplate":"https:\/\/www.johannagullichsen.com\/sv\/?s={search_term_string}"},"query-input":{"@type":"PropertyValueSpecification","valueRequired":true,"valueName":"search_term_string"}}],"inLanguage":"sv-SE"}]}},"_links":{"self":[{"href":"https:\/\/www.johannagullichsen.com\/sv\/wp-json\/wp\/v2\/product\/8362","targetHints":{"allow":["GET"]}}],"collection":[{"href":"https:\/\/www.johannagullichsen.com\/sv\/wp-json\/wp\/v2\/product"}],"about":[{"href":"https:\/\/www.johannagullichsen.com\/sv\/wp-json\/wp\/v2\/types\/product"}],"wp:featuredmedia":[{"embeddable":true,"href":"https:\/\/www.johannagullichsen.com\/sv\/wp-json\/wp\/v2\/media\/7805"}],"wp:attachment":[{"href":"https:\/\/www.johannagullichsen.com\/sv\/wp-json\/wp\/v2\/media?parent=8362"}],"wp:term":[{"taxonomy":"product_brand","embeddable":true,"href":"https:\/\/www.johannagullichsen.com\/sv\/wp-json\/wp\/v2\/product_brand?post=8362"},{"taxonomy":"product_cat","embeddable":true,"href":"https:\/\/www.johannagullichsen.com\/sv\/wp-json\/wp\/v2\/product_cat?post=8362"},{"taxonomy":"product_tag","embeddable":true,"href":"https:\/\/www.johannagullichsen.com\/sv\/wp-json\/wp\/v2\/product_tag?post=8362"}],"curies":[{"name":"wp","href":"https:\/\/api.w.org\/{rel}","templated":true}]}}