{"id":9017,"date":"2020-10-30T10:31:07","date_gmt":"2020-10-30T08:31:07","guid":{"rendered":"https:\/\/www.johannagullichsen.com\/?post_type=product&#038;p=9017"},"modified":"2022-10-15T11:25:57","modified_gmt":"2022-10-15T08:25:57","slug":"tyg-savoy","status":"publish","type":"product","link":"https:\/\/www.johannagullichsen.com\/sv\/produkt\/tyg-savoy\/","title":{"rendered":"Tyg Savoy"},"content":{"rendered":"<h4>Sofistikerat helt enkelt<\/h4>\n<p>Savoy linnetygerna smyger in en ton av elegans i vardagen. De passar utm\u00e4rkt till dukning och till k\u00f6ket, l\u00e4ttare inredningsartiklar och blir bara vackrare med tid och anv\u00e4ndning. En trogen f\u00f6ljeslagare i livet. B\u00e5de produkterna och tygerna finns i ett brett f\u00e4rgspektra. Linne har massor av fantastiska f\u00f6rdelar: vatten-absorberande, bakterie-motst\u00e5ndskraftig och slitstark f\u00f6r att bara n\u00e4mna n\u00e5gra.<\/p>\n","protected":false},"excerpt":{"rendered":"<p>Sofistikerat helt enkelt Savoy linnetygerna smyger in en ton av elegans i vardagen. De passar utm\u00e4rkt till dukning och till k\u00f6ket, l\u00e4ttare inredningsartiklar och blir bara vackrare med tid och&hellip;<\/p>\n","protected":false},"featured_media":5436,"template":"","meta":{"_acf_changed":false},"product_brand":[],"product_cat":[1986,267],"product_tag":[],"class_list":{"0":"post-9017","1":"product","2":"type-product","3":"status-publish","4":"has-post-thumbnail","6":"product_cat-heminredning","7":"product_cat-tyger","8":"pa_pattern-colour-savoy-vit","9":"pa_pattern-colour-savoy-svart","10":"pa_pattern-colour-savoy-lin-vit","11":"pa_pattern-colour-savoy-rod","12":"collection-savoy-sv","14":"first","15":"instock","16":"taxable","17":"shipping-taxable","18":"purchasable","19":"product-type-variable"},"acf":[],"yoast_head":"<!-- This site is optimized with the Yoast SEO Premium plugin v27.2 (Yoast SEO v27.5) - https:\/\/yoast.com\/product\/yoast-seo-premium-wordpress\/ -->\n<title>Tyg Savoy - Johanna Gullichsen<\/title>\n<meta name=\"description\" content=\"Linnetyg Savoy smyger in en ton av elegans i vardagen. Ett brett f\u00e4rgspektra, passar utm\u00e4rkt till dukning och som k\u00f6kshandduk. 100% lin.\" \/>\n<meta name=\"robots\" content=\"index, follow, max-snippet:-1, max-image-preview:large, max-video-preview:-1\" \/>\n<link rel=\"canonical\" href=\"https:\/\/www.johannagullichsen.com\/sv\/produkt\/tyg-savoy\/\" \/>\n<meta property=\"og:locale\" content=\"sv_SE\" \/>\n<meta property=\"og:type\" content=\"article\" \/>\n<meta property=\"og:title\" content=\"Tyg Savoy\" \/>\n<meta property=\"og:description\" content=\"Linnetyg Savoy smyger in en ton av elegans i vardagen. Ett brett f\u00e4rgspektra, passar utm\u00e4rkt till dukning och som k\u00f6kshandduk. 100% lin.\" \/>\n<meta property=\"og:url\" content=\"https:\/\/www.johannagullichsen.com\/sv\/produkt\/tyg-savoy\/\" \/>\n<meta property=\"og:site_name\" content=\"Johanna Gullichsen\" \/>\n<meta property=\"article:modified_time\" content=\"2022-10-15T08:25:57+00:00\" \/>\n<meta property=\"og:image\" content=\"https:\/\/www.johannagullichsen.com\/wp-content\/uploads\/2020\/10\/Johanna-Gullichsen-Savoy-Black-and-medium-flkax-w.jpg\" \/>\n\t<meta property=\"og:image:width\" content=\"1600\" \/>\n\t<meta property=\"og:image:height\" content=\"1200\" \/>\n\t<meta property=\"og:image:type\" content=\"image\/jpeg\" \/>\n<meta name=\"twitter:card\" content=\"summary_large_image\" \/>\n<meta name=\"twitter:label1\" content=\"Ber\u00e4knad l\u00e4stid\" \/>\n\t<meta name=\"twitter:data1\" content=\"1 minut\" \/>\n<script type=\"application\/ld+json\" class=\"yoast-schema-graph\">{\"@context\":\"https:\\\/\\\/schema.org\",\"@graph\":[{\"@type\":\"WebPage\",\"@id\":\"https:\\\/\\\/www.johannagullichsen.com\\\/sv\\\/produkt\\\/tyg-savoy\\\/\",\"url\":\"https:\\\/\\\/www.johannagullichsen.com\\\/sv\\\/produkt\\\/tyg-savoy\\\/\",\"name\":\"Tyg Savoy - Johanna Gullichsen\",\"isPartOf\":{\"@id\":\"https:\\\/\\\/www.johannagullichsen.com\\\/sv\\\/#website\"},\"primaryImageOfPage\":{\"@id\":\"https:\\\/\\\/www.johannagullichsen.com\\\/sv\\\/produkt\\\/tyg-savoy\\\/#primaryimage\"},\"image\":{\"@id\":\"https:\\\/\\\/www.johannagullichsen.com\\\/sv\\\/produkt\\\/tyg-savoy\\\/#primaryimage\"},\"thumbnailUrl\":\"https:\\\/\\\/www.johannagullichsen.com\\\/wp-content\\\/uploads\\\/2020\\\/05\\\/Savoy_Mediumflax_0164.jpg\",\"datePublished\":\"2020-10-30T08:31:07+00:00\",\"dateModified\":\"2022-10-15T08:25:57+00:00\",\"description\":\"Linnetyg Savoy smyger in en ton av elegans i vardagen. Ett brett f\u00e4rgspektra, passar utm\u00e4rkt till dukning och som k\u00f6kshandduk. 100% lin.\",\"breadcrumb\":{\"@id\":\"https:\\\/\\\/www.johannagullichsen.com\\\/sv\\\/produkt\\\/tyg-savoy\\\/#breadcrumb\"},\"inLanguage\":\"sv-SE\",\"potentialAction\":[{\"@type\":\"ReadAction\",\"target\":[\"https:\\\/\\\/www.johannagullichsen.com\\\/sv\\\/produkt\\\/tyg-savoy\\\/\"]}]},{\"@type\":\"ImageObject\",\"inLanguage\":\"sv-SE\",\"@id\":\"https:\\\/\\\/www.johannagullichsen.com\\\/sv\\\/produkt\\\/tyg-savoy\\\/#primaryimage\",\"url\":\"https:\\\/\\\/www.johannagullichsen.com\\\/wp-content\\\/uploads\\\/2020\\\/05\\\/Savoy_Mediumflax_0164.jpg\",\"contentUrl\":\"https:\\\/\\\/www.johannagullichsen.com\\\/wp-content\\\/uploads\\\/2020\\\/05\\\/Savoy_Mediumflax_0164.jpg\",\"width\":1600,\"height\":1176},{\"@type\":\"BreadcrumbList\",\"@id\":\"https:\\\/\\\/www.johannagullichsen.com\\\/sv\\\/produkt\\\/tyg-savoy\\\/#breadcrumb\",\"itemListElement\":[{\"@type\":\"ListItem\",\"position\":1,\"name\":\"Home\",\"item\":\"https:\\\/\\\/www.johannagullichsen.com\\\/sv\\\/\"},{\"@type\":\"ListItem\",\"position\":2,\"name\":\"Webbutik &#8211; Produkter\",\"item\":\"https:\\\/\\\/www.johannagullichsen.com\\\/sv\\\/produkter\\\/\"},{\"@type\":\"ListItem\",\"position\":3,\"name\":\"Tyg Savoy\"}]},{\"@type\":\"WebSite\",\"@id\":\"https:\\\/\\\/www.johannagullichsen.com\\\/sv\\\/#website\",\"url\":\"https:\\\/\\\/www.johannagullichsen.com\\\/sv\\\/\",\"name\":\"Johanna Gullichsen\",\"description\":\"\",\"potentialAction\":[{\"@type\":\"SearchAction\",\"target\":{\"@type\":\"EntryPoint\",\"urlTemplate\":\"https:\\\/\\\/www.johannagullichsen.com\\\/sv\\\/?s={search_term_string}\"},\"query-input\":{\"@type\":\"PropertyValueSpecification\",\"valueRequired\":true,\"valueName\":\"search_term_string\"}}],\"inLanguage\":\"sv-SE\"}]}<\/script>\n<!-- \/ Yoast SEO Premium plugin. -->","yoast_head_json":{"title":"Tyg Savoy - Johanna Gullichsen","description":"Linnetyg Savoy smyger in en ton av elegans i vardagen. Ett brett f\u00e4rgspektra, passar utm\u00e4rkt till dukning och som k\u00f6kshandduk. 100% lin.","robots":{"index":"index","follow":"follow","max-snippet":"max-snippet:-1","max-image-preview":"max-image-preview:large","max-video-preview":"max-video-preview:-1"},"canonical":"https:\/\/www.johannagullichsen.com\/sv\/produkt\/tyg-savoy\/","og_locale":"sv_SE","og_type":"article","og_title":"Tyg Savoy","og_description":"Linnetyg Savoy smyger in en ton av elegans i vardagen. Ett brett f\u00e4rgspektra, passar utm\u00e4rkt till dukning och som k\u00f6kshandduk. 100% lin.","og_url":"https:\/\/www.johannagullichsen.com\/sv\/produkt\/tyg-savoy\/","og_site_name":"Johanna Gullichsen","article_modified_time":"2022-10-15T08:25:57+00:00","og_image":[{"width":1600,"height":1200,"url":"https:\/\/www.johannagullichsen.com\/wp-content\/uploads\/2020\/10\/Johanna-Gullichsen-Savoy-Black-and-medium-flkax-w.jpg","type":"image\/jpeg"}],"twitter_card":"summary_large_image","twitter_misc":{"Ber\u00e4knad l\u00e4stid":"1 minut"},"schema":{"@context":"https:\/\/schema.org","@graph":[{"@type":"WebPage","@id":"https:\/\/www.johannagullichsen.com\/sv\/produkt\/tyg-savoy\/","url":"https:\/\/www.johannagullichsen.com\/sv\/produkt\/tyg-savoy\/","name":"Tyg Savoy - Johanna Gullichsen","isPartOf":{"@id":"https:\/\/www.johannagullichsen.com\/sv\/#website"},"primaryImageOfPage":{"@id":"https:\/\/www.johannagullichsen.com\/sv\/produkt\/tyg-savoy\/#primaryimage"},"image":{"@id":"https:\/\/www.johannagullichsen.com\/sv\/produkt\/tyg-savoy\/#primaryimage"},"thumbnailUrl":"https:\/\/www.johannagullichsen.com\/wp-content\/uploads\/2020\/05\/Savoy_Mediumflax_0164.jpg","datePublished":"2020-10-30T08:31:07+00:00","dateModified":"2022-10-15T08:25:57+00:00","description":"Linnetyg Savoy smyger in en ton av elegans i vardagen. Ett brett f\u00e4rgspektra, passar utm\u00e4rkt till dukning och som k\u00f6kshandduk. 100% lin.","breadcrumb":{"@id":"https:\/\/www.johannagullichsen.com\/sv\/produkt\/tyg-savoy\/#breadcrumb"},"inLanguage":"sv-SE","potentialAction":[{"@type":"ReadAction","target":["https:\/\/www.johannagullichsen.com\/sv\/produkt\/tyg-savoy\/"]}]},{"@type":"ImageObject","inLanguage":"sv-SE","@id":"https:\/\/www.johannagullichsen.com\/sv\/produkt\/tyg-savoy\/#primaryimage","url":"https:\/\/www.johannagullichsen.com\/wp-content\/uploads\/2020\/05\/Savoy_Mediumflax_0164.jpg","contentUrl":"https:\/\/www.johannagullichsen.com\/wp-content\/uploads\/2020\/05\/Savoy_Mediumflax_0164.jpg","width":1600,"height":1176},{"@type":"BreadcrumbList","@id":"https:\/\/www.johannagullichsen.com\/sv\/produkt\/tyg-savoy\/#breadcrumb","itemListElement":[{"@type":"ListItem","position":1,"name":"Home","item":"https:\/\/www.johannagullichsen.com\/sv\/"},{"@type":"ListItem","position":2,"name":"Webbutik &#8211; Produkter","item":"https:\/\/www.johannagullichsen.com\/sv\/produkter\/"},{"@type":"ListItem","position":3,"name":"Tyg Savoy"}]},{"@type":"WebSite","@id":"https:\/\/www.johannagullichsen.com\/sv\/#website","url":"https:\/\/www.johannagullichsen.com\/sv\/","name":"Johanna Gullichsen","description":"","potentialAction":[{"@type":"SearchAction","target":{"@type":"EntryPoint","urlTemplate":"https:\/\/www.johannagullichsen.com\/sv\/?s={search_term_string}"},"query-input":{"@type":"PropertyValueSpecification","valueRequired":true,"valueName":"search_term_string"}}],"inLanguage":"sv-SE"}]}},"_links":{"self":[{"href":"https:\/\/www.johannagullichsen.com\/sv\/wp-json\/wp\/v2\/product\/9017","targetHints":{"allow":["GET"]}}],"collection":[{"href":"https:\/\/www.johannagullichsen.com\/sv\/wp-json\/wp\/v2\/product"}],"about":[{"href":"https:\/\/www.johannagullichsen.com\/sv\/wp-json\/wp\/v2\/types\/product"}],"wp:featuredmedia":[{"embeddable":true,"href":"https:\/\/www.johannagullichsen.com\/sv\/wp-json\/wp\/v2\/media\/5436"}],"wp:attachment":[{"href":"https:\/\/www.johannagullichsen.com\/sv\/wp-json\/wp\/v2\/media?parent=9017"}],"wp:term":[{"taxonomy":"product_brand","embeddable":true,"href":"https:\/\/www.johannagullichsen.com\/sv\/wp-json\/wp\/v2\/product_brand?post=9017"},{"taxonomy":"product_cat","embeddable":true,"href":"https:\/\/www.johannagullichsen.com\/sv\/wp-json\/wp\/v2\/product_cat?post=9017"},{"taxonomy":"product_tag","embeddable":true,"href":"https:\/\/www.johannagullichsen.com\/sv\/wp-json\/wp\/v2\/product_tag?post=9017"}],"curies":[{"name":"wp","href":"https:\/\/api.w.org\/{rel}","templated":true}]}}